{"id":5051,"date":"2025-12-15T11:12:33","date_gmt":"2025-12-15T11:12:33","guid":{"rendered":"https:\/\/hotel-villadvor.hr\/eu-projekti\/"},"modified":"2026-01-04T14:46:33","modified_gmt":"2026-01-04T14:46:33","slug":"eu-projekti","status":"publish","type":"page","link":"https:\/\/hotel-villadvor.hr\/de\/eu-projekti\/","title":{"rendered":"EU Projekti"},"content":{"rendered":"\n<h2 class=\"wp-block-heading\">Nova razvojna stepenica hotela Villa Dvor<\/h2>\n\n<figure class=\"wp-block-table\"><table class=\"has-fixed-layout\"><tbody><tr><td>Naziv projekta:<\/td><td>Nova razvojna stepenica hotela Villa Dvor<\/td><\/tr><tr><td>Naziv korisnika:<\/td><td>UO Hotel Villa Dvor, Mosorska cesta 13, 21310 Omi\u0161<\/td><\/tr><tr><td>Ukupna vrijednos projekta:<\/td><td>250.270,00 HRK<\/td><\/tr><tr><td>Ukupni prihvatljivi tro\u0161kovi projekta:<\/td><td>250.270,00 HRK<\/td><\/tr><tr><td>Dodijeljena bespovratna sredstva:<\/td><td>212.000,00 HRK<\/td><\/tr><tr><td>Projekt je sufinanciran iz:<\/td><td>Europski fond za regionalni razvoj<\/td><\/tr><tr><td>Razdoblje provedbe projekta:<\/td><td>07.10.2017. &#8211; 07.01. 2019.<\/td><\/tr><tr><td>Op\u0107i cilj projekta:<\/td><td>Pove\u0107anje broja stranih gostiju s ve\u0107om kupovnom mo\u0107i, pove\u0107ana promocija destinacije na globalnom tr\u017ei\u0161tu, pove\u0107anje broja gostiju u pred i po sezoni, pove\u0107anje prihoda, pove\u0107anje prihoda od izvoza i stvaranje odr\u017eivosti turizma.<\/td><\/tr><tr><td>Specifi\u010dni cilj projekta:<\/td><td>Ja\u010danje konkurentnosti i pove\u0107anje izvoza usluga malog i obiteljskog hgotela Villa Dvor na inozemna tr\u017ei\u0161ta kroz nastup i prezentiranje na me\u0111unarodnim sajmovima<\/td><\/tr><tr><td>O\u010dekivani rezultati i u\u010dinci projekta u drugoj godini nakon zavr\u0161etka projekta:<\/td><td>&#8211; pove\u0107anje prihoda od prodaje za 10,36% u 2020. godini<br\/>&#8211; pove\u0107anje prihoda od izvoza za 11,20% u 2020. godini<br\/>&#8211; pove\u0107anje uspje\u0161nosti me\u0111unarodnog poslovanja kroz sklapanje 5 ugovora o izvozu<br\/>&#8211; pove\u0107anje popunjenosti hotela u predsezoni i posezoni za 7%, kao i ukupne zauzetosti hotela<br\/>&#8211; pove\u0107anje broja inozemnih posjetitelja  <\/td><\/tr><tr><td>Kontakt osoba:<\/td><td>Ante \u0106urlin, info@hotel-villadvor.hr<\/td><\/tr><\/tbody><\/table><\/figure>\n\n<p><br\/>Vi\u0161e informacija o samom projektu zainteresirani mogu dobiti na e-mail adresi info@hotel-villadvor.hr, kontakt osoba Ante \u0106urlin. Vi\u0161e informacija o strukturnim fondovima dostupno je na internetskoj stranici Ministarstva regionalnoga razvoja i fondova Europske unije Strukturni fondovi Sadr\u017eaj materijala isklju\u010diva je odgovornost poduze\u0107a UO Hotel Villa Dvor. Projekt je sufinancirala EU iz Europskog fonda za regionalni razvoj.  <\/p>\n\n<div style=\"height:39px\" aria-hidden=\"true\" class=\"wp-block-spacer\"><\/div>\n\n<h2 class=\"wp-block-heading\">Odr\u017eivi razvoj hotela Villa Dvor<\/h2>\n\n<figure class=\"wp-block-table\"><table class=\"has-fixed-layout\"><tbody><tr><td>Naziv projekta:<\/td><td>Odr\u017eivi razvoj hotela Villa Dvor<\/td><\/tr><tr><td>Naziv korisnika:<\/td><td>UO Hotel Villa Dvor, Mosorska cesta 13, 21310 Omi\u0161<\/td><\/tr><tr><td>Ukupna vrijednos projekta:<\/td><td>362.040,00 HRK<\/td><\/tr><tr><td>Dodijeljena bespovratna sredstva:<\/td><td>286.713,57 HRK<\/td><\/tr><tr><td>Projekt je sufinanciran iz:<\/td><td>Europski fond za regionalni razvoj<\/td><\/tr><tr><td>Razdoblje provedbe projekta:<\/td><td>01.03.2019. &#8211; 31.01. 2021.<\/td><\/tr><tr><td>Op\u0107i cilj projekta:<\/td><td>Pove\u0107anje broja stranih gostiju s ve\u0107om kupovnom mo\u0107i, pove\u0107ana promocija destinacije na globalnom tr\u017ei\u0161tu, pove\u0107anje broja gostiju u pred i po sezoni, pove\u0107anje prihoda, pove\u0107anje prihoda od izvoza i stvaranje odr\u017eivosti turizma.<\/td><\/tr><tr><td>Specifi\u010dni cilj projekta:<\/td><td>Ja\u010danje konkurentnosti i pove\u0107anje izvoza usluga malog i obiteljskog hotela Villa Dvor na inozemna tr\u017ei\u0161ta kroz nastup i prezentiranje na me\u0111unarodnim sajmovima<\/td><\/tr><tr><td>O\u010dekivani rezultati i u\u010dinci projekta u drugoj godini nakon zavr\u0161etka projekta:<\/td><td>&#8211; pove\u0107anje prihoda od prodaje<br\/>&#8211; pove\u0107anje prihoda od izvoza<br\/>&#8211; pove\u0107anje uspje\u0161nosti me\u0111unarodnog poslovanja kroz sklapanje novih ugovora o izvozu<br\/>&#8211; pove\u0107anje popunjenosti hotela u predsezoni i posezoni, kao i ukupne zauzetosti hotela<br\/>&#8211; pove\u0107anje broja inozemnih posjetitelja<\/td><\/tr><tr><td>Kontakt osoba:<\/td><td>Ante \u0106urlin, info@hotel-villadvor.hr<\/td><\/tr><\/tbody><\/table><\/figure>\n\n<p><br\/>Vi\u0161e informacija o samom projektu zainteresirani mogu dobiti na e-mail adresi info@hotel-villadvor.hr, kontakt osoba Ante \u0106urlin. Vi\u0161e informacija o strukturnim fondovima dostupno je na internetskoj stranici Ministarstva regionalnoga razvoja i fondova Europske unije Strukturni fondovi Sadr\u017eaj materijala isklju\u010diva je odgovornost poduze\u0107a UO Hotel Villa Dvor. Projekt je sufinancirala EU iz Europskog fonda za regionalni razvoj.  <\/p>\n","protected":false},"excerpt":{"rendered":"<p>Nova razvojna stepenica hotela Villa Dvor Naziv projekta: Nova razvojna stepenica hotela Villa Dvor Naziv korisnika: UO Hotel Villa Dvor, Mosorska cesta 13, 21310 Omi\u0161 Ukupna vrijednos projekta: 250.270,00 HRK Ukupni prihvatljivi tro\u0161kovi projekta: 250.270,00 HRK Dodijeljena bespovratna sredstva: 212.000,00 HRK Projekt je sufinanciran iz: Europski fond za regionalni razvoj Razdoblje provedbe projekta: 07.10.2017. &#8211; [&hellip;]<\/p>\n","protected":false},"author":1,"featured_media":0,"parent":0,"menu_order":0,"comment_status":"closed","ping_status":"closed","template":"","meta":{"footnotes":""},"class_list":["post-5051","page","type-page","status-publish","hentry"],"yoast_head":"<!-- This site is optimized with the Yoast SEO plugin v27.0 - https:\/\/yoast.com\/product\/yoast-seo-wordpress\/ -->\n<title>EU Projekti - Hotel Villa Dvor - Omis - Croatia<\/title>\n<meta name=\"robots\" content=\"index, follow, max-snippet:-1, max-image-preview:large, max-video-preview:-1\" \/>\n<link rel=\"canonical\" href=\"https:\/\/hotel-villadvor.hr\/de\/eu-projekti\/\" \/>\n<meta property=\"og:locale\" content=\"de_DE\" \/>\n<meta property=\"og:type\" content=\"article\" \/>\n<meta property=\"og:title\" content=\"EU Projekti - Hotel Villa Dvor - Omis - Croatia\" \/>\n<meta property=\"og:description\" content=\"Nova razvojna stepenica hotela Villa Dvor Naziv projekta: Nova razvojna stepenica hotela Villa Dvor Naziv korisnika: UO Hotel Villa Dvor, Mosorska cesta 13, 21310 Omi\u0161 Ukupna vrijednos projekta: 250.270,00 HRK Ukupni prihvatljivi tro\u0161kovi projekta: 250.270,00 HRK Dodijeljena bespovratna sredstva: 212.000,00 HRK Projekt je sufinanciran iz: Europski fond za regionalni razvoj Razdoblje provedbe projekta: 07.10.2017. &#8211; [&hellip;]\" \/>\n<meta property=\"og:url\" content=\"https:\/\/hotel-villadvor.hr\/de\/eu-projekti\/\" \/>\n<meta property=\"og:site_name\" content=\"Hotel Villa Dvor - Omis - Croatia\" \/>\n<meta property=\"article:publisher\" content=\"https:\/\/www.facebook.com\/hotelvilladvor\" \/>\n<meta property=\"article:modified_time\" content=\"2026-01-04T14:46:33+00:00\" \/>\n<meta name=\"twitter:card\" content=\"summary_large_image\" \/>\n<script type=\"application\/ld+json\" class=\"yoast-schema-graph\">{\"@context\":\"https:\/\/schema.org\",\"@graph\":[{\"@type\":\"WebPage\",\"@id\":\"https:\/\/hotel-villadvor.hr\/de\/eu-projekti\/\",\"url\":\"https:\/\/hotel-villadvor.hr\/de\/eu-projekti\/\",\"name\":\"EU Projekti - Hotel Villa Dvor - Omis - Croatia\",\"isPartOf\":{\"@id\":\"https:\/\/hotel-villadvor.hr\/de\/#website\"},\"datePublished\":\"2025-12-15T11:12:33+00:00\",\"dateModified\":\"2026-01-04T14:46:33+00:00\",\"breadcrumb\":{\"@id\":\"https:\/\/hotel-villadvor.hr\/de\/eu-projekti\/#breadcrumb\"},\"inLanguage\":\"de\",\"potentialAction\":[{\"@type\":\"ReadAction\",\"target\":[\"https:\/\/hotel-villadvor.hr\/de\/eu-projekti\/\"]}]},{\"@type\":\"BreadcrumbList\",\"@id\":\"https:\/\/hotel-villadvor.hr\/de\/eu-projekti\/#breadcrumb\",\"itemListElement\":[{\"@type\":\"ListItem\",\"position\":1,\"name\":\"Home\",\"item\":\"https:\/\/hotel-villadvor.hr\/de\/\"},{\"@type\":\"ListItem\",\"position\":2,\"name\":\"EU Projekti\"}]},{\"@type\":\"WebSite\",\"@id\":\"https:\/\/hotel-villadvor.hr\/de\/#website\",\"url\":\"https:\/\/hotel-villadvor.hr\/de\/\",\"name\":\"Hotel Villa Dvor - Omis - Croatia\",\"description\":\"\",\"potentialAction\":[{\"@type\":\"SearchAction\",\"target\":{\"@type\":\"EntryPoint\",\"urlTemplate\":\"https:\/\/hotel-villadvor.hr\/de\/?s={search_term_string}\"},\"query-input\":{\"@type\":\"PropertyValueSpecification\",\"valueRequired\":true,\"valueName\":\"search_term_string\"}}],\"inLanguage\":\"de\"}]}<\/script>\n<!-- \/ Yoast SEO plugin. -->","yoast_head_json":{"title":"EU Projekti - Hotel Villa Dvor - Omis - Croatia","robots":{"index":"index","follow":"follow","max-snippet":"max-snippet:-1","max-image-preview":"max-image-preview:large","max-video-preview":"max-video-preview:-1"},"canonical":"https:\/\/hotel-villadvor.hr\/de\/eu-projekti\/","og_locale":"de_DE","og_type":"article","og_title":"EU Projekti - Hotel Villa Dvor - Omis - Croatia","og_description":"Nova razvojna stepenica hotela Villa Dvor Naziv projekta: Nova razvojna stepenica hotela Villa Dvor Naziv korisnika: UO Hotel Villa Dvor, Mosorska cesta 13, 21310 Omi\u0161 Ukupna vrijednos projekta: 250.270,00 HRK Ukupni prihvatljivi tro\u0161kovi projekta: 250.270,00 HRK Dodijeljena bespovratna sredstva: 212.000,00 HRK Projekt je sufinanciran iz: Europski fond za regionalni razvoj Razdoblje provedbe projekta: 07.10.2017. &#8211; [&hellip;]","og_url":"https:\/\/hotel-villadvor.hr\/de\/eu-projekti\/","og_site_name":"Hotel Villa Dvor - Omis - Croatia","article_publisher":"https:\/\/www.facebook.com\/hotelvilladvor","article_modified_time":"2026-01-04T14:46:33+00:00","twitter_card":"summary_large_image","schema":{"@context":"https:\/\/schema.org","@graph":[{"@type":"WebPage","@id":"https:\/\/hotel-villadvor.hr\/de\/eu-projekti\/","url":"https:\/\/hotel-villadvor.hr\/de\/eu-projekti\/","name":"EU Projekti - Hotel Villa Dvor - Omis - Croatia","isPartOf":{"@id":"https:\/\/hotel-villadvor.hr\/de\/#website"},"datePublished":"2025-12-15T11:12:33+00:00","dateModified":"2026-01-04T14:46:33+00:00","breadcrumb":{"@id":"https:\/\/hotel-villadvor.hr\/de\/eu-projekti\/#breadcrumb"},"inLanguage":"de","potentialAction":[{"@type":"ReadAction","target":["https:\/\/hotel-villadvor.hr\/de\/eu-projekti\/"]}]},{"@type":"BreadcrumbList","@id":"https:\/\/hotel-villadvor.hr\/de\/eu-projekti\/#breadcrumb","itemListElement":[{"@type":"ListItem","position":1,"name":"Home","item":"https:\/\/hotel-villadvor.hr\/de\/"},{"@type":"ListItem","position":2,"name":"EU Projekti"}]},{"@type":"WebSite","@id":"https:\/\/hotel-villadvor.hr\/de\/#website","url":"https:\/\/hotel-villadvor.hr\/de\/","name":"Hotel Villa Dvor - Omis - Croatia","description":"","potentialAction":[{"@type":"SearchAction","target":{"@type":"EntryPoint","urlTemplate":"https:\/\/hotel-villadvor.hr\/de\/?s={search_term_string}"},"query-input":{"@type":"PropertyValueSpecification","valueRequired":true,"valueName":"search_term_string"}}],"inLanguage":"de"}]}},"_links":{"self":[{"href":"https:\/\/hotel-villadvor.hr\/de\/wp-json\/wp\/v2\/pages\/5051","targetHints":{"allow":["GET"]}}],"collection":[{"href":"https:\/\/hotel-villadvor.hr\/de\/wp-json\/wp\/v2\/pages"}],"about":[{"href":"https:\/\/hotel-villadvor.hr\/de\/wp-json\/wp\/v2\/types\/page"}],"author":[{"embeddable":true,"href":"https:\/\/hotel-villadvor.hr\/de\/wp-json\/wp\/v2\/users\/1"}],"replies":[{"embeddable":true,"href":"https:\/\/hotel-villadvor.hr\/de\/wp-json\/wp\/v2\/comments?post=5051"}],"version-history":[{"count":0,"href":"https:\/\/hotel-villadvor.hr\/de\/wp-json\/wp\/v2\/pages\/5051\/revisions"}],"wp:attachment":[{"href":"https:\/\/hotel-villadvor.hr\/de\/wp-json\/wp\/v2\/media?parent=5051"}],"curies":[{"name":"wp","href":"https:\/\/api.w.org\/{rel}","templated":true}]}}