{"id":5128,"date":"2025-12-15T10:17:33","date_gmt":"2025-12-15T10:17:33","guid":{"rendered":"https:\/\/hotel-villadvor.hr\/ausfluege\/"},"modified":"2026-01-04T14:45:28","modified_gmt":"2026-01-04T14:45:28","slug":"ausfluege","status":"publish","type":"page","link":"https:\/\/hotel-villadvor.hr\/de\/ausfluege\/","title":{"rendered":"Ausfl\u00fcge"},"content":{"rendered":"\t\t<div data-elementor-type=\"wp-page\" data-elementor-id=\"5128\" class=\"elementor elementor-5128 elementor-4047\">\n\t\t\t\t<div class=\"elementor-element elementor-element-9b3a7f7 e-flex e-con-boxed e-con e-parent\" data-id=\"9b3a7f7\" data-element_type=\"container\" data-e-type=\"container\">\n\t\t\t\t\t<div class=\"e-con-inner\">\n\t\t\t\t<div class=\"elementor-element elementor-element-68b623f elementor-widget elementor-widget-image-gallery\" data-id=\"68b623f\" data-element_type=\"widget\" data-e-type=\"widget\" data-widget_type=\"image-gallery.default\">\n\t\t\t\t\t\t\t<div class=\"elementor-image-gallery\">\n\t\t\t<div id='gallery-1' class='gallery galleryid-5128 gallery-columns-3 gallery-size-eagle_booking_image_size_370_485'><figure class='gallery-item'>\n\t\t\t<div class='gallery-icon landscape'>\n\t\t\t\t<img fetchpriority=\"high\" decoding=\"async\" width=\"360\" height=\"240\" src=\"https:\/\/hotel-villadvor.hr\/wp-content\/uploads\/wine-tours.jpg\" class=\"attachment-eagle_booking_image_size_370_485 size-eagle_booking_image_size_370_485\" alt=\"\" aria-describedby=\"gallery-1-5095\" srcset=\"https:\/\/hotel-villadvor.hr\/wp-content\/uploads\/wine-tours.jpg 360w, https:\/\/hotel-villadvor.hr\/wp-content\/uploads\/wine-tours-300x200.jpg 300w, https:\/\/hotel-villadvor.hr\/wp-content\/uploads\/wine-tours-80x53.jpg 80w\" sizes=\"(max-width: 360px) 100vw, 360px\" \/>\n\t\t\t<\/div>\n\t\t\t\t<figcaption class='wp-caption-text gallery-caption' id='gallery-1-5095'>\n\t\t\t\tWeintouren\n\t\t\t\t<\/figcaption><\/figure><figure class='gallery-item'>\n\t\t\t<div class='gallery-icon landscape'>\n\t\t\t\t<img decoding=\"async\" width=\"360\" height=\"240\" src=\"https:\/\/hotel-villadvor.hr\/wp-content\/uploads\/Vranjaca_cave.jpg\" class=\"attachment-eagle_booking_image_size_370_485 size-eagle_booking_image_size_370_485\" alt=\"\" aria-describedby=\"gallery-1-5096\" srcset=\"https:\/\/hotel-villadvor.hr\/wp-content\/uploads\/Vranjaca_cave.jpg 360w, https:\/\/hotel-villadvor.hr\/wp-content\/uploads\/Vranjaca_cave-300x200.jpg 300w, https:\/\/hotel-villadvor.hr\/wp-content\/uploads\/Vranjaca_cave-80x53.jpg 80w\" sizes=\"(max-width: 360px) 100vw, 360px\" \/>\n\t\t\t<\/div>\n\t\t\t\t<figcaption class='wp-caption-text gallery-caption' id='gallery-1-5096'>\n\t\t\t\tVranjaca-H\u00f6hle\n\t\t\t\t<\/figcaption><\/figure><figure class='gallery-item'>\n\t\t\t<div class='gallery-icon landscape'>\n\t\t\t\t<img decoding=\"async\" width=\"360\" height=\"240\" src=\"https:\/\/hotel-villadvor.hr\/wp-content\/uploads\/split.jpg\" class=\"attachment-eagle_booking_image_size_370_485 size-eagle_booking_image_size_370_485\" alt=\"\" aria-describedby=\"gallery-1-5097\" srcset=\"https:\/\/hotel-villadvor.hr\/wp-content\/uploads\/split.jpg 360w, https:\/\/hotel-villadvor.hr\/wp-content\/uploads\/split-300x200.jpg 300w, https:\/\/hotel-villadvor.hr\/wp-content\/uploads\/split-80x53.jpg 80w\" sizes=\"(max-width: 360px) 100vw, 360px\" \/>\n\t\t\t<\/div>\n\t\t\t\t<figcaption class='wp-caption-text gallery-caption' id='gallery-1-5097'>\n\t\t\t\tSplit\n\t\t\t\t<\/figcaption><\/figure><figure class='gallery-item'>\n\t\t\t<div class='gallery-icon landscape'>\n\t\t\t\t<img loading=\"lazy\" decoding=\"async\" width=\"360\" height=\"202\" src=\"https:\/\/hotel-villadvor.hr\/wp-content\/uploads\/trogir.jpg\" class=\"attachment-eagle_booking_image_size_370_485 size-eagle_booking_image_size_370_485\" alt=\"\" aria-describedby=\"gallery-1-5098\" srcset=\"https:\/\/hotel-villadvor.hr\/wp-content\/uploads\/trogir.jpg 360w, https:\/\/hotel-villadvor.hr\/wp-content\/uploads\/trogir-300x168.jpg 300w, https:\/\/hotel-villadvor.hr\/wp-content\/uploads\/trogir-80x45.jpg 80w\" sizes=\"(max-width: 360px) 100vw, 360px\" \/>\n\t\t\t<\/div>\n\t\t\t\t<figcaption class='wp-caption-text gallery-caption' id='gallery-1-5098'>\n\t\t\t\tTrogir\n\t\t\t\t<\/figcaption><\/figure><figure class='gallery-item'>\n\t\t\t<div class='gallery-icon landscape'>\n\t\t\t\t<img loading=\"lazy\" decoding=\"async\" width=\"360\" height=\"203\" src=\"https:\/\/hotel-villadvor.hr\/wp-content\/uploads\/Salona.jpg\" class=\"attachment-eagle_booking_image_size_370_485 size-eagle_booking_image_size_370_485\" alt=\"\" aria-describedby=\"gallery-1-5099\" srcset=\"https:\/\/hotel-villadvor.hr\/wp-content\/uploads\/Salona.jpg 360w, https:\/\/hotel-villadvor.hr\/wp-content\/uploads\/Salona-300x169.jpg 300w, https:\/\/hotel-villadvor.hr\/wp-content\/uploads\/Salona-80x45.jpg 80w\" sizes=\"(max-width: 360px) 100vw, 360px\" \/>\n\t\t\t<\/div>\n\t\t\t\t<figcaption class='wp-caption-text gallery-caption' id='gallery-1-5099'>\n\t\t\t\tSalona\n\t\t\t\t<\/figcaption><\/figure><figure class='gallery-item'>\n\t\t\t<div class='gallery-icon landscape'>\n\t\t\t\t<img loading=\"lazy\" decoding=\"async\" width=\"360\" height=\"203\" src=\"https:\/\/hotel-villadvor.hr\/wp-content\/uploads\/Sinj.jpg\" class=\"attachment-eagle_booking_image_size_370_485 size-eagle_booking_image_size_370_485\" alt=\"\" aria-describedby=\"gallery-1-5100\" srcset=\"https:\/\/hotel-villadvor.hr\/wp-content\/uploads\/Sinj.jpg 360w, https:\/\/hotel-villadvor.hr\/wp-content\/uploads\/Sinj-300x169.jpg 300w, https:\/\/hotel-villadvor.hr\/wp-content\/uploads\/Sinj-80x45.jpg 80w\" sizes=\"(max-width: 360px) 100vw, 360px\" \/>\n\t\t\t<\/div>\n\t\t\t\t<figcaption class='wp-caption-text gallery-caption' id='gallery-1-5100'>\n\t\t\t\tSinj\n\t\t\t\t<\/figcaption><\/figure><figure class='gallery-item'>\n\t\t\t<div class='gallery-icon landscape'>\n\t\t\t\t<img loading=\"lazy\" decoding=\"async\" width=\"360\" height=\"240\" src=\"https:\/\/hotel-villadvor.hr\/wp-content\/uploads\/republic_of_poljica.jpg\" class=\"attachment-eagle_booking_image_size_370_485 size-eagle_booking_image_size_370_485\" alt=\"\" aria-describedby=\"gallery-1-5101\" srcset=\"https:\/\/hotel-villadvor.hr\/wp-content\/uploads\/republic_of_poljica.jpg 360w, https:\/\/hotel-villadvor.hr\/wp-content\/uploads\/republic_of_poljica-300x200.jpg 300w, https:\/\/hotel-villadvor.hr\/wp-content\/uploads\/republic_of_poljica-80x53.jpg 80w\" sizes=\"(max-width: 360px) 100vw, 360px\" \/>\n\t\t\t<\/div>\n\t\t\t\t<figcaption class='wp-caption-text gallery-caption' id='gallery-1-5101'>\n\t\t\t\tRepublik Poljica\n\t\t\t\t<\/figcaption><\/figure><figure class='gallery-item'>\n\t\t\t<div class='gallery-icon landscape'>\n\t\t\t\t<img loading=\"lazy\" decoding=\"async\" width=\"360\" height=\"240\" src=\"https:\/\/hotel-villadvor.hr\/wp-content\/uploads\/Np-Plitvice.jpg\" class=\"attachment-eagle_booking_image_size_370_485 size-eagle_booking_image_size_370_485\" alt=\"\" aria-describedby=\"gallery-1-5102\" srcset=\"https:\/\/hotel-villadvor.hr\/wp-content\/uploads\/Np-Plitvice.jpg 360w, https:\/\/hotel-villadvor.hr\/wp-content\/uploads\/Np-Plitvice-300x200.jpg 300w, https:\/\/hotel-villadvor.hr\/wp-content\/uploads\/Np-Plitvice-80x53.jpg 80w\" sizes=\"(max-width: 360px) 100vw, 360px\" \/>\n\t\t\t<\/div>\n\t\t\t\t<figcaption class='wp-caption-text gallery-caption' id='gallery-1-5102'>\n\t\t\t\tNP Plitvicer Seen\n\t\t\t\t<\/figcaption><\/figure><figure class='gallery-item'>\n\t\t\t<div class='gallery-icon landscape'>\n\t\t\t\t<img loading=\"lazy\" decoding=\"async\" width=\"360\" height=\"240\" src=\"https:\/\/hotel-villadvor.hr\/wp-content\/uploads\/NP-Krka.jpg\" class=\"attachment-eagle_booking_image_size_370_485 size-eagle_booking_image_size_370_485\" alt=\"\" aria-describedby=\"gallery-1-5103\" srcset=\"https:\/\/hotel-villadvor.hr\/wp-content\/uploads\/NP-Krka.jpg 360w, https:\/\/hotel-villadvor.hr\/wp-content\/uploads\/NP-Krka-300x200.jpg 300w, https:\/\/hotel-villadvor.hr\/wp-content\/uploads\/NP-Krka-80x53.jpg 80w\" sizes=\"(max-width: 360px) 100vw, 360px\" \/>\n\t\t\t<\/div>\n\t\t\t\t<figcaption class='wp-caption-text gallery-caption' id='gallery-1-5103'>\n\t\t\t\tNP Krka\n\t\t\t\t<\/figcaption><\/figure><figure class='gallery-item'>\n\t\t\t<div class='gallery-icon landscape'>\n\t\t\t\t<img loading=\"lazy\" decoding=\"async\" width=\"360\" height=\"172\" src=\"https:\/\/hotel-villadvor.hr\/wp-content\/uploads\/omis.jpg\" class=\"attachment-eagle_booking_image_size_370_485 size-eagle_booking_image_size_370_485\" alt=\"\" aria-describedby=\"gallery-1-5104\" srcset=\"https:\/\/hotel-villadvor.hr\/wp-content\/uploads\/omis.jpg 360w, https:\/\/hotel-villadvor.hr\/wp-content\/uploads\/omis-300x143.jpg 300w, https:\/\/hotel-villadvor.hr\/wp-content\/uploads\/omis-80x38.jpg 80w\" sizes=\"(max-width: 360px) 100vw, 360px\" \/>\n\t\t\t<\/div>\n\t\t\t\t<figcaption class='wp-caption-text gallery-caption' id='gallery-1-5104'>\n\t\t\t\tOmi\u0161\n\t\t\t\t<\/figcaption><\/figure><figure class='gallery-item'>\n\t\t\t<div class='gallery-icon landscape'>\n\t\t\t\t<img loading=\"lazy\" decoding=\"async\" width=\"360\" height=\"162\" src=\"https:\/\/hotel-villadvor.hr\/wp-content\/uploads\/Dubrovnik.jpg\" class=\"attachment-eagle_booking_image_size_370_485 size-eagle_booking_image_size_370_485\" alt=\"\" aria-describedby=\"gallery-1-5105\" srcset=\"https:\/\/hotel-villadvor.hr\/wp-content\/uploads\/Dubrovnik.jpg 360w, https:\/\/hotel-villadvor.hr\/wp-content\/uploads\/Dubrovnik-300x135.jpg 300w, https:\/\/hotel-villadvor.hr\/wp-content\/uploads\/Dubrovnik-80x36.jpg 80w\" sizes=\"(max-width: 360px) 100vw, 360px\" \/>\n\t\t\t<\/div>\n\t\t\t\t<figcaption class='wp-caption-text gallery-caption' id='gallery-1-5105'>\n\t\t\t\tDubrovnik\n\t\t\t\t<\/figcaption><\/figure><figure class='gallery-item'>\n\t\t\t<div class='gallery-icon landscape'>\n\t\t\t\t<img loading=\"lazy\" decoding=\"async\" width=\"360\" height=\"192\" src=\"https:\/\/hotel-villadvor.hr\/wp-content\/uploads\/Mostar.jpg\" class=\"attachment-eagle_booking_image_size_370_485 size-eagle_booking_image_size_370_485\" alt=\"\" aria-describedby=\"gallery-1-5106\" srcset=\"https:\/\/hotel-villadvor.hr\/wp-content\/uploads\/Mostar.jpg 360w, https:\/\/hotel-villadvor.hr\/wp-content\/uploads\/Mostar-300x160.jpg 300w, https:\/\/hotel-villadvor.hr\/wp-content\/uploads\/Mostar-80x43.jpg 80w\" sizes=\"(max-width: 360px) 100vw, 360px\" \/>\n\t\t\t<\/div>\n\t\t\t\t<figcaption class='wp-caption-text gallery-caption' id='gallery-1-5106'>\n\t\t\t\tMostar\n\t\t\t\t<\/figcaption><\/figure><figure class='gallery-item'>\n\t\t\t<div class='gallery-icon landscape'>\n\t\t\t\t<img loading=\"lazy\" decoding=\"async\" width=\"360\" height=\"270\" src=\"https:\/\/hotel-villadvor.hr\/wp-content\/uploads\/skywalk_biokovo.jpg\" class=\"attachment-eagle_booking_image_size_370_485 size-eagle_booking_image_size_370_485\" alt=\"\" aria-describedby=\"gallery-1-5107\" srcset=\"https:\/\/hotel-villadvor.hr\/wp-content\/uploads\/skywalk_biokovo.jpg 360w, https:\/\/hotel-villadvor.hr\/wp-content\/uploads\/skywalk_biokovo-300x225.jpg 300w, https:\/\/hotel-villadvor.hr\/wp-content\/uploads\/skywalk_biokovo-80x60.jpg 80w\" sizes=\"(max-width: 360px) 100vw, 360px\" \/>\n\t\t\t<\/div>\n\t\t\t\t<figcaption class='wp-caption-text gallery-caption' id='gallery-1-5107'>\n\t\t\t\tSkywalk Biokovo\n\t\t\t\t<\/figcaption><\/figure><figure class='gallery-item'>\n\t\t\t<div class='gallery-icon landscape'>\n\t\t\t\t<img loading=\"lazy\" decoding=\"async\" width=\"360\" height=\"240\" src=\"https:\/\/hotel-villadvor.hr\/wp-content\/uploads\/brac.jpg\" class=\"attachment-eagle_booking_image_size_370_485 size-eagle_booking_image_size_370_485\" alt=\"\" aria-describedby=\"gallery-1-5108\" srcset=\"https:\/\/hotel-villadvor.hr\/wp-content\/uploads\/brac.jpg 360w, https:\/\/hotel-villadvor.hr\/wp-content\/uploads\/brac-300x200.jpg 300w, https:\/\/hotel-villadvor.hr\/wp-content\/uploads\/brac-80x53.jpg 80w\" sizes=\"(max-width: 360px) 100vw, 360px\" \/>\n\t\t\t<\/div>\n\t\t\t\t<figcaption class='wp-caption-text gallery-caption' id='gallery-1-5108'>\n\t\t\t\tBol &#8211; Bra\u010d\n\t\t\t\t<\/figcaption><\/figure><figure class='gallery-item'>\n\t\t\t<div class='gallery-icon landscape'>\n\t\t\t\t<img loading=\"lazy\" decoding=\"async\" width=\"360\" height=\"256\" src=\"https:\/\/hotel-villadvor.hr\/wp-content\/uploads\/Culinary-experience.jpg\" class=\"attachment-eagle_booking_image_size_370_485 size-eagle_booking_image_size_370_485\" alt=\"\" aria-describedby=\"gallery-1-5109\" srcset=\"https:\/\/hotel-villadvor.hr\/wp-content\/uploads\/Culinary-experience.jpg 360w, https:\/\/hotel-villadvor.hr\/wp-content\/uploads\/Culinary-experience-300x213.jpg 300w, https:\/\/hotel-villadvor.hr\/wp-content\/uploads\/Culinary-experience-80x57.jpg 80w\" sizes=\"(max-width: 360px) 100vw, 360px\" \/>\n\t\t\t<\/div>\n\t\t\t\t<figcaption class='wp-caption-text gallery-caption' id='gallery-1-5109'>\n\t\t\t\tKulinarische Erfahrung\n\t\t\t\t<\/figcaption><\/figure><figure class='gallery-item'>\n\t\t\t<div class='gallery-icon landscape'>\n\t\t\t\t<img loading=\"lazy\" decoding=\"async\" width=\"360\" height=\"239\" src=\"https:\/\/hotel-villadvor.hr\/wp-content\/uploads\/Imotski.jpg\" class=\"attachment-eagle_booking_image_size_370_485 size-eagle_booking_image_size_370_485\" alt=\"\" aria-describedby=\"gallery-1-5110\" srcset=\"https:\/\/hotel-villadvor.hr\/wp-content\/uploads\/Imotski.jpg 360w, https:\/\/hotel-villadvor.hr\/wp-content\/uploads\/Imotski-300x199.jpg 300w, https:\/\/hotel-villadvor.hr\/wp-content\/uploads\/Imotski-80x53.jpg 80w\" sizes=\"(max-width: 360px) 100vw, 360px\" \/>\n\t\t\t<\/div>\n\t\t\t\t<figcaption class='wp-caption-text gallery-caption' id='gallery-1-5110'>\n\t\t\t\tImotski\n\t\t\t\t<\/figcaption><\/figure><figure class='gallery-item'>\n\t\t\t<div class='gallery-icon landscape'>\n\t\t\t\t<img loading=\"lazy\" decoding=\"async\" width=\"360\" height=\"355\" src=\"https:\/\/hotel-villadvor.hr\/wp-content\/uploads\/Medugorje.jpg\" class=\"attachment-eagle_booking_image_size_370_485 size-eagle_booking_image_size_370_485\" alt=\"\" aria-describedby=\"gallery-1-5111\" srcset=\"https:\/\/hotel-villadvor.hr\/wp-content\/uploads\/Medugorje.jpg 360w, https:\/\/hotel-villadvor.hr\/wp-content\/uploads\/Medugorje-300x296.jpg 300w, https:\/\/hotel-villadvor.hr\/wp-content\/uploads\/Medugorje-80x80.jpg 80w\" sizes=\"(max-width: 360px) 100vw, 360px\" \/>\n\t\t\t<\/div>\n\t\t\t\t<figcaption class='wp-caption-text gallery-caption' id='gallery-1-5111'>\n\t\t\t\tMe\u0111ugorje\n\t\t\t\t<\/figcaption><\/figure><figure class='gallery-item'>\n\t\t\t<div class='gallery-icon portrait'>\n\t\t\t\t<img loading=\"lazy\" decoding=\"async\" width=\"360\" height=\"485\" src=\"https:\/\/hotel-villadvor.hr\/wp-content\/uploads\/Canyon-of-river-Cetina-360x485.jpg\" class=\"attachment-eagle_booking_image_size_370_485 size-eagle_booking_image_size_370_485\" alt=\"\" aria-describedby=\"gallery-1-5112\" \/>\n\t\t\t<\/div>\n\t\t\t\t<figcaption class='wp-caption-text gallery-caption' id='gallery-1-5112'>\n\t\t\t\tSchlucht des Flusses Cetina\n\t\t\t\t<\/figcaption><\/figure>\n\t\t<\/div>\n\t\t<\/div>\n\t\t\t\t\t\t<\/div>\n\t\t\t\t\t<\/div>\n\t\t\t\t<\/div>\n\t\t\t\t<\/div>\n\t\t","protected":false},"excerpt":{"rendered":"<p>Wine tours Vranja\u010da cave Split Trogir Salona Sinj Republic of Poljica NP Plitvice lakes NP Krka Omi\u0161 Dubrovnik Mostar Skywalk Biokovo Bol &#8211; Bra\u010d Culinary experience Imotski Me\u0111ugorje Canyon of river Cetina<\/p>\n","protected":false},"author":1,"featured_media":0,"parent":0,"menu_order":0,"comment_status":"closed","ping_status":"closed","template":"","meta":{"footnotes":""},"class_list":["post-5128","page","type-page","status-publish","hentry"],"yoast_head":"<!-- This site is optimized with the Yoast SEO plugin v27.4 - https:\/\/yoast.com\/product\/yoast-seo-wordpress\/ -->\n<title>Ausfl\u00fcge - Hotel Villa Dvor - Omis - Croatia<\/title>\n<meta name=\"robots\" content=\"index, follow, max-snippet:-1, max-image-preview:large, max-video-preview:-1\" \/>\n<link rel=\"canonical\" href=\"https:\/\/hotel-villadvor.hr\/de\/ausfluege\/\" \/>\n<meta property=\"og:locale\" content=\"de_DE\" \/>\n<meta property=\"og:type\" content=\"article\" \/>\n<meta property=\"og:title\" content=\"Ausfl\u00fcge - Hotel Villa Dvor - Omis - Croatia\" \/>\n<meta property=\"og:description\" content=\"Wine tours Vranja\u010da cave Split Trogir Salona Sinj Republic of Poljica NP Plitvice lakes NP Krka Omi\u0161 Dubrovnik Mostar Skywalk Biokovo Bol &#8211; Bra\u010d Culinary experience Imotski Me\u0111ugorje Canyon of river Cetina\" \/>\n<meta property=\"og:url\" content=\"https:\/\/hotel-villadvor.hr\/de\/ausfluege\/\" \/>\n<meta property=\"og:site_name\" content=\"Hotel Villa Dvor - Omis - Croatia\" \/>\n<meta property=\"article:publisher\" content=\"https:\/\/www.facebook.com\/hotelvilladvor\" \/>\n<meta property=\"article:modified_time\" content=\"2026-01-04T14:45:28+00:00\" \/>\n<meta property=\"og:image\" content=\"https:\/\/hotel-villadvor.hr\/wp-content\/uploads\/wine-tours.jpg\" \/>\n<meta name=\"twitter:card\" content=\"summary_large_image\" \/>\n<meta name=\"twitter:label1\" content=\"Gesch\u00e4tzte Lesezeit\" \/>\n\t<meta name=\"twitter:data1\" content=\"4\u00a0Minuten\" \/>\n<script type=\"application\/ld+json\" class=\"yoast-schema-graph\">{\"@context\":\"https:\\\/\\\/schema.org\",\"@graph\":[{\"@type\":\"WebPage\",\"@id\":\"https:\\\/\\\/hotel-villadvor.hr\\\/de\\\/ausfluege\\\/\",\"url\":\"https:\\\/\\\/hotel-villadvor.hr\\\/de\\\/ausfluege\\\/\",\"name\":\"Ausfl\u00fcge - Hotel Villa Dvor - Omis - Croatia\",\"isPartOf\":{\"@id\":\"https:\\\/\\\/hotel-villadvor.hr\\\/de\\\/#website\"},\"primaryImageOfPage\":{\"@id\":\"https:\\\/\\\/hotel-villadvor.hr\\\/de\\\/ausfluege\\\/#primaryimage\"},\"image\":{\"@id\":\"https:\\\/\\\/hotel-villadvor.hr\\\/de\\\/ausfluege\\\/#primaryimage\"},\"thumbnailUrl\":\"https:\\\/\\\/hotel-villadvor.hr\\\/wp-content\\\/uploads\\\/wine-tours.jpg\",\"datePublished\":\"2025-12-15T10:17:33+00:00\",\"dateModified\":\"2026-01-04T14:45:28+00:00\",\"breadcrumb\":{\"@id\":\"https:\\\/\\\/hotel-villadvor.hr\\\/de\\\/ausfluege\\\/#breadcrumb\"},\"inLanguage\":\"de\",\"potentialAction\":[{\"@type\":\"ReadAction\",\"target\":[\"https:\\\/\\\/hotel-villadvor.hr\\\/de\\\/ausfluege\\\/\"]}]},{\"@type\":\"ImageObject\",\"inLanguage\":\"de\",\"@id\":\"https:\\\/\\\/hotel-villadvor.hr\\\/de\\\/ausfluege\\\/#primaryimage\",\"url\":\"https:\\\/\\\/hotel-villadvor.hr\\\/wp-content\\\/uploads\\\/wine-tours.jpg\",\"contentUrl\":\"https:\\\/\\\/hotel-villadvor.hr\\\/wp-content\\\/uploads\\\/wine-tours.jpg\"},{\"@type\":\"BreadcrumbList\",\"@id\":\"https:\\\/\\\/hotel-villadvor.hr\\\/de\\\/ausfluege\\\/#breadcrumb\",\"itemListElement\":[{\"@type\":\"ListItem\",\"position\":1,\"name\":\"Home\",\"item\":\"https:\\\/\\\/hotel-villadvor.hr\\\/de\\\/\"},{\"@type\":\"ListItem\",\"position\":2,\"name\":\"Ausfl\u00fcge\"}]},{\"@type\":\"WebSite\",\"@id\":\"https:\\\/\\\/hotel-villadvor.hr\\\/de\\\/#website\",\"url\":\"https:\\\/\\\/hotel-villadvor.hr\\\/de\\\/\",\"name\":\"Hotel Villa Dvor - Omis - Croatia\",\"description\":\"\",\"potentialAction\":[{\"@type\":\"SearchAction\",\"target\":{\"@type\":\"EntryPoint\",\"urlTemplate\":\"https:\\\/\\\/hotel-villadvor.hr\\\/de\\\/?s={search_term_string}\"},\"query-input\":{\"@type\":\"PropertyValueSpecification\",\"valueRequired\":true,\"valueName\":\"search_term_string\"}}],\"inLanguage\":\"de\"}]}<\/script>\n<!-- \/ Yoast SEO plugin. -->","yoast_head_json":{"title":"Ausfl\u00fcge - Hotel Villa Dvor - Omis - Croatia","robots":{"index":"index","follow":"follow","max-snippet":"max-snippet:-1","max-image-preview":"max-image-preview:large","max-video-preview":"max-video-preview:-1"},"canonical":"https:\/\/hotel-villadvor.hr\/de\/ausfluege\/","og_locale":"de_DE","og_type":"article","og_title":"Ausfl\u00fcge - Hotel Villa Dvor - Omis - Croatia","og_description":"Wine tours Vranja\u010da cave Split Trogir Salona Sinj Republic of Poljica NP Plitvice lakes NP Krka Omi\u0161 Dubrovnik Mostar Skywalk Biokovo Bol &#8211; Bra\u010d Culinary experience Imotski Me\u0111ugorje Canyon of river Cetina","og_url":"https:\/\/hotel-villadvor.hr\/de\/ausfluege\/","og_site_name":"Hotel Villa Dvor - Omis - Croatia","article_publisher":"https:\/\/www.facebook.com\/hotelvilladvor","article_modified_time":"2026-01-04T14:45:28+00:00","og_image":[{"url":"https:\/\/hotel-villadvor.hr\/wp-content\/uploads\/wine-tours.jpg","type":"","width":"","height":""}],"twitter_card":"summary_large_image","twitter_misc":{"Gesch\u00e4tzte Lesezeit":"4\u00a0Minuten"},"schema":{"@context":"https:\/\/schema.org","@graph":[{"@type":"WebPage","@id":"https:\/\/hotel-villadvor.hr\/de\/ausfluege\/","url":"https:\/\/hotel-villadvor.hr\/de\/ausfluege\/","name":"Ausfl\u00fcge - Hotel Villa Dvor - Omis - Croatia","isPartOf":{"@id":"https:\/\/hotel-villadvor.hr\/de\/#website"},"primaryImageOfPage":{"@id":"https:\/\/hotel-villadvor.hr\/de\/ausfluege\/#primaryimage"},"image":{"@id":"https:\/\/hotel-villadvor.hr\/de\/ausfluege\/#primaryimage"},"thumbnailUrl":"https:\/\/hotel-villadvor.hr\/wp-content\/uploads\/wine-tours.jpg","datePublished":"2025-12-15T10:17:33+00:00","dateModified":"2026-01-04T14:45:28+00:00","breadcrumb":{"@id":"https:\/\/hotel-villadvor.hr\/de\/ausfluege\/#breadcrumb"},"inLanguage":"de","potentialAction":[{"@type":"ReadAction","target":["https:\/\/hotel-villadvor.hr\/de\/ausfluege\/"]}]},{"@type":"ImageObject","inLanguage":"de","@id":"https:\/\/hotel-villadvor.hr\/de\/ausfluege\/#primaryimage","url":"https:\/\/hotel-villadvor.hr\/wp-content\/uploads\/wine-tours.jpg","contentUrl":"https:\/\/hotel-villadvor.hr\/wp-content\/uploads\/wine-tours.jpg"},{"@type":"BreadcrumbList","@id":"https:\/\/hotel-villadvor.hr\/de\/ausfluege\/#breadcrumb","itemListElement":[{"@type":"ListItem","position":1,"name":"Home","item":"https:\/\/hotel-villadvor.hr\/de\/"},{"@type":"ListItem","position":2,"name":"Ausfl\u00fcge"}]},{"@type":"WebSite","@id":"https:\/\/hotel-villadvor.hr\/de\/#website","url":"https:\/\/hotel-villadvor.hr\/de\/","name":"Hotel Villa Dvor - Omis - Croatia","description":"","potentialAction":[{"@type":"SearchAction","target":{"@type":"EntryPoint","urlTemplate":"https:\/\/hotel-villadvor.hr\/de\/?s={search_term_string}"},"query-input":{"@type":"PropertyValueSpecification","valueRequired":true,"valueName":"search_term_string"}}],"inLanguage":"de"}]}},"_links":{"self":[{"href":"https:\/\/hotel-villadvor.hr\/de\/wp-json\/wp\/v2\/pages\/5128","targetHints":{"allow":["GET"]}}],"collection":[{"href":"https:\/\/hotel-villadvor.hr\/de\/wp-json\/wp\/v2\/pages"}],"about":[{"href":"https:\/\/hotel-villadvor.hr\/de\/wp-json\/wp\/v2\/types\/page"}],"author":[{"embeddable":true,"href":"https:\/\/hotel-villadvor.hr\/de\/wp-json\/wp\/v2\/users\/1"}],"replies":[{"embeddable":true,"href":"https:\/\/hotel-villadvor.hr\/de\/wp-json\/wp\/v2\/comments?post=5128"}],"version-history":[{"count":0,"href":"https:\/\/hotel-villadvor.hr\/de\/wp-json\/wp\/v2\/pages\/5128\/revisions"}],"wp:attachment":[{"href":"https:\/\/hotel-villadvor.hr\/de\/wp-json\/wp\/v2\/media?parent=5128"}],"curies":[{"name":"wp","href":"https:\/\/api.w.org\/{rel}","templated":true}]}}