{"id":5462,"date":"2025-12-15T11:02:37","date_gmt":"2025-12-15T11:02:37","guid":{"rendered":"https:\/\/hotel-villadvor.hr\/hotel-villa-dvor-umweltfreundliches-hotel\/"},"modified":"2026-01-09T10:34:05","modified_gmt":"2026-01-09T10:34:05","slug":"hotel-villa-dvor-umweltfreundliches-hotel","status":"publish","type":"page","link":"https:\/\/hotel-villadvor.hr\/de\/hotel-villa-dvor-umweltfreundliches-hotel\/","title":{"rendered":"Hotel Villa Dvor \u2013 Umweltfreundliches Hotel"},"content":{"rendered":"\n<h2 class=\"wp-block-heading\">Kompostierung von Bio- und K\u00fcchenabf\u00e4llen und Produktion von Humus<\/h2>\n\n<p>Hotel Villa Dvor hat eine eigene Komostanlage gebaut, um die Umweltqualit\u00e4t zu verbessern und die Kosten des Biom\u00fclls zu sparen (gr\u00fcne Pflanzenteile, Grasschnitt, Laub, Zweige, Kartonverpackungen, Papier, gesamte Abf\u00e4lle aus der K\u00fcche). Hier wird auf eine nat\u00fcrliche Weise durch den Trockenbau Luft eingelassen und mit Hilfe einer Spirale durchgemischt, damit es zur richtigen Fementation kommt. Die j\u00e4hrliche Menge der Abf\u00e4lle, die zur Kompostierung geht, ist rund 5000 Liter. Glas- und PET-Verpackungen, die mit Pfand ausgezeichnet sind, werden zur\u00fcckgegeben und der Rest geht auf den Recyclinghof. Dar\u00fcber hinaus wird das Alt\u00f6l aus der K\u00fcche auch rezykliert. Die nach der Fermentation erhaltene Masse wird auf einer Wurmkompostierung weiter verarbeitet. Mit Hilfe der kalifornischen W\u00fcrmer bekommt man sehr guten Humus. Durch diese Verarbeitung bekommt man etwa 2000 Liter erstklassigen Humus. Dieser Humus wird dann in unserem eigenen Garten bei der Produktion von Gem\u00fcse f\u00fcr die Bed\u00fcrfnisse des Hotels gebraucht.      <\/p>\n\n<figure class=\"wp-block-gallery has-nested-images columns-4 is-cropped wp-block-gallery-1 is-layout-flex wp-block-gallery-is-layout-flex\">\n<figure class=\"wp-block-image size-medium\"><img fetchpriority=\"high\" decoding=\"async\" width=\"300\" height=\"200\" data-id=\"4113\" src=\"https:\/\/hotel-villadvor.hr\/wp-content\/uploads\/eco-garden-1-300x200.jpg\" alt=\"\" class=\"wp-image-4113\" srcset=\"https:\/\/hotel-villadvor.hr\/wp-content\/uploads\/eco-garden-1-300x200.jpg 300w, https:\/\/hotel-villadvor.hr\/wp-content\/uploads\/eco-garden-1-1024x683.jpg 1024w, https:\/\/hotel-villadvor.hr\/wp-content\/uploads\/eco-garden-1-768x512.jpg 768w, https:\/\/hotel-villadvor.hr\/wp-content\/uploads\/eco-garden-1-80x53.jpg 80w, https:\/\/hotel-villadvor.hr\/wp-content\/uploads\/eco-garden-1-600x400.jpg 600w, https:\/\/hotel-villadvor.hr\/wp-content\/uploads\/eco-garden-1.jpg 1200w\" sizes=\"(max-width: 300px) 100vw, 300px\" \/><\/figure>\n\n\n\n<figure class=\"wp-block-image size-large\"><img decoding=\"async\" width=\"1024\" height=\"683\" data-id=\"4115\" src=\"https:\/\/hotel-villadvor.hr\/wp-content\/uploads\/eco-garden-3-1024x683.jpg\" alt=\"\" class=\"wp-image-4115\" srcset=\"https:\/\/hotel-villadvor.hr\/wp-content\/uploads\/eco-garden-3-1024x683.jpg 1024w, https:\/\/hotel-villadvor.hr\/wp-content\/uploads\/eco-garden-3-300x200.jpg 300w, https:\/\/hotel-villadvor.hr\/wp-content\/uploads\/eco-garden-3-768x512.jpg 768w, https:\/\/hotel-villadvor.hr\/wp-content\/uploads\/eco-garden-3-80x53.jpg 80w, https:\/\/hotel-villadvor.hr\/wp-content\/uploads\/eco-garden-3-600x400.jpg 600w, https:\/\/hotel-villadvor.hr\/wp-content\/uploads\/eco-garden-3.jpg 1200w\" sizes=\"(max-width: 1024px) 100vw, 1024px\" \/><\/figure>\n\n\n\n<figure class=\"wp-block-image size-large\"><img decoding=\"async\" width=\"1024\" height=\"683\" data-id=\"4114\" src=\"https:\/\/hotel-villadvor.hr\/wp-content\/uploads\/eco-garden-2-1024x683.jpg\" alt=\"\" class=\"wp-image-4114\" srcset=\"https:\/\/hotel-villadvor.hr\/wp-content\/uploads\/eco-garden-2-1024x683.jpg 1024w, https:\/\/hotel-villadvor.hr\/wp-content\/uploads\/eco-garden-2-300x200.jpg 300w, https:\/\/hotel-villadvor.hr\/wp-content\/uploads\/eco-garden-2-768x512.jpg 768w, https:\/\/hotel-villadvor.hr\/wp-content\/uploads\/eco-garden-2-80x53.jpg 80w, https:\/\/hotel-villadvor.hr\/wp-content\/uploads\/eco-garden-2-600x400.jpg 600w, https:\/\/hotel-villadvor.hr\/wp-content\/uploads\/eco-garden-2.jpg 1200w\" sizes=\"(max-width: 1024px) 100vw, 1024px\" \/><\/figure>\n\n\n\n<figure class=\"wp-block-image size-large\"><img loading=\"lazy\" decoding=\"async\" width=\"1024\" height=\"683\" data-id=\"4116\" src=\"https:\/\/hotel-villadvor.hr\/wp-content\/uploads\/eco-garden-4-1024x683.jpg\" alt=\"\" class=\"wp-image-4116\" srcset=\"https:\/\/hotel-villadvor.hr\/wp-content\/uploads\/eco-garden-4-1024x683.jpg 1024w, https:\/\/hotel-villadvor.hr\/wp-content\/uploads\/eco-garden-4-300x200.jpg 300w, https:\/\/hotel-villadvor.hr\/wp-content\/uploads\/eco-garden-4-768x512.jpg 768w, https:\/\/hotel-villadvor.hr\/wp-content\/uploads\/eco-garden-4-80x53.jpg 80w, https:\/\/hotel-villadvor.hr\/wp-content\/uploads\/eco-garden-4-600x400.jpg 600w, https:\/\/hotel-villadvor.hr\/wp-content\/uploads\/eco-garden-4.jpg 1200w\" sizes=\"(max-width: 1024px) 100vw, 1024px\" \/><\/figure>\n<\/figure>\n\n<div style=\"height:39px\" aria-hidden=\"true\" class=\"wp-block-spacer\"><\/div>\n\n<h2 class=\"wp-block-heading\">Energieentnahme aus dem Fluss Cetina<\/h2>\n\n<p>Zum Heizen und K\u00fchlen des Hotels, und den Verbrauch des hei\u00dfen Wassers, wurde in Zusammenarbeit mit der Fakult\u00e4t f\u00fcr Maschinenbau in Split eine W\u00e4rmepumpe Wasser &#8211; Wasser entwickelt und hergestellt. Diese W\u00e4rmepumpe besteht aus zwei getrennten Kreisen. Einer wird f\u00fcr Warmwasser verwendet, wenn das K\u00fchlsystem nicht arbeiten. Der zweite Kreis wird f\u00fcr die Heizung und K\u00fchlung des Hotels verwendet. Wenn das K\u00fchlsystem arbeitet dann wird die Abw\u00e4rme rekuperiert und f\u00fcr das Warmwasser gebraucht. Dieses System erzeugt autonom notwendige W\u00e4rmeenergie f\u00fcr die Bed\u00fcrfnisse des Hotels. Der Koeffizient der verbrauchten und erzeugten Energie liegt etwa bei 1: 5. Alle Zimmer im Hotel einschlie\u00dflich der Flure haben eine autonome Temperaturkontrolle, wobei der Verbrauch von W\u00e4rmeenergie optimiert wird. Alle Glasscheiben haben thermische Leistungen, die Fassade der Terrasse und das Dach des Hotels sind zus\u00e4tzlich isoliert, wobei Energieverluste reduziert werden.            <\/p>\n\n<div style=\"height:39px\" aria-hidden=\"true\" class=\"wp-block-spacer\"><\/div>\n\n<h2 class=\"wp-block-heading\">Trinkwasserverbrauch<\/h2>\n\n<p>Damit das Tinkwasser rational verbraucht wirt, haben wir in allen Toiletten eingebaute Sp\u00fclkasten mit zwei Bef\u00fcllventilen von 3 oder 6 Liter Wasser. In allen \u00f6ffentlichenToiletten sind Wasserh\u00e4hne mit Sensor eingebaut, und in allen Badezimmern sind thermostatische Wassermischer eingebaut, bei denen Sie selbst die Temperatur bestimmen. Dar\u00fcberhinaus haben alle Wasserh\u00e4hne eingebaute Strahlregler, beziehungsweise Ger\u00e4te, die das Wasser mit Luft vermischen, wobei bis zu 50% weniger Trinkwasser verbraucht wird und das Wasser f\u00fchls sich angenehm auf der Haut. Shampoos und Seifen in Zimmern und gemeinsamen Toiletten sind PH neutral und haben einen \u00d6ko-Zertifikat. Waschmittel, die f\u00fcr die W\u00e4sche und Geschirr gebraucht werden sind biologisch abbaubar. Das Trinkwasser wird auch beim Pflegen der Umgebung des Hotels gespart. Alle Pflanzen in der Umgebung des Hotels sind autochthone Pflanzenarten (Salbei, Heidekraut, Lavendel, Rosmarin, Pfriemenginster, Oliven, und andere Arten der Staudengew\u00e4chse), die an die lokalen klimatischen Bedingungen gew\u00f6hnt sind (Kargstgebiet, unausreichendes Wasser in den Sommmermonaten und starke Winde in den Wintermonaten) und wodurch der Wasserverbrauch f\u00fcr die Bew\u00e4sserung der Pflanzen reduziert wird und der Humus selbst macht sie haltbar und widerstandsf\u00e4hig.      <\/p>\n\n<div style=\"height:39px\" aria-hidden=\"true\" class=\"wp-block-spacer\"><\/div>\n\n<h2 class=\"wp-block-heading\">Energieeinsparung<\/h2>\n\n<p>Energieeinspraung wird nicht nur bei Heizung durchgef\u00fchrt sondern auch bei der Beleuchtung . Im Hotel haben wir alle Energiesparlampen eingebaut. Im Hotel werden LED-Lampen gebraucht, die bis zu 7 Mal weniger Strom verbrauchen als die einfachen Sparlampen. Um die CO2-Emissionen zu reduziren und die Nutzung erneuerbarer Energiequellen zu f\u00f6rdern, hat das Hotel ein photovoltaisches (Solar) Kraftwerk von 24kW realisiert. Neben dem photovoltaischen Kraftwerk von 24 kW hat das Hotel zus\u00e4tzlich drei Solarkollektoren von 5 kW f\u00fcr Warmwasser installiert. Im Hotel ist ein Prototyp eines Aufzugs eingebaut. Wnn die Gewichtsdifferenz der Kabinen und Gewichte \u00fcber 130 kg ist, es h\u00e4ngt ab ob der Aufzug herauf oder herunter f\u00e4hrt, wird 3,9 kW Strom erzeugt, der sofort in den Netzwerk geht.     <\/p>\n\n<figure class=\"wp-block-gallery has-nested-images columns-4 is-cropped wp-block-gallery-2 is-layout-flex wp-block-gallery-is-layout-flex\">\n<figure class=\"wp-block-image size-medium\"><img loading=\"lazy\" decoding=\"async\" width=\"300\" height=\"200\" data-id=\"4118\" src=\"https:\/\/hotel-villadvor.hr\/wp-content\/uploads\/eco-solar-1-300x200.jpg\" alt=\"\" class=\"wp-image-4118\" srcset=\"https:\/\/hotel-villadvor.hr\/wp-content\/uploads\/eco-solar-1-300x200.jpg 300w, https:\/\/hotel-villadvor.hr\/wp-content\/uploads\/eco-solar-1-1024x683.jpg 1024w, https:\/\/hotel-villadvor.hr\/wp-content\/uploads\/eco-solar-1-768x512.jpg 768w, https:\/\/hotel-villadvor.hr\/wp-content\/uploads\/eco-solar-1-80x53.jpg 80w, https:\/\/hotel-villadvor.hr\/wp-content\/uploads\/eco-solar-1-600x400.jpg 600w, https:\/\/hotel-villadvor.hr\/wp-content\/uploads\/eco-solar-1.jpg 1200w\" sizes=\"(max-width: 300px) 100vw, 300px\" \/><\/figure>\n\n\n\n<figure class=\"wp-block-image size-medium\"><img loading=\"lazy\" decoding=\"async\" width=\"300\" height=\"200\" data-id=\"4119\" src=\"https:\/\/hotel-villadvor.hr\/wp-content\/uploads\/eco-solar-2-300x200.jpg\" alt=\"\" class=\"wp-image-4119\" srcset=\"https:\/\/hotel-villadvor.hr\/wp-content\/uploads\/eco-solar-2-300x200.jpg 300w, https:\/\/hotel-villadvor.hr\/wp-content\/uploads\/eco-solar-2-1024x683.jpg 1024w, https:\/\/hotel-villadvor.hr\/wp-content\/uploads\/eco-solar-2-768x512.jpg 768w, https:\/\/hotel-villadvor.hr\/wp-content\/uploads\/eco-solar-2-80x53.jpg 80w, https:\/\/hotel-villadvor.hr\/wp-content\/uploads\/eco-solar-2-600x400.jpg 600w, https:\/\/hotel-villadvor.hr\/wp-content\/uploads\/eco-solar-2.jpg 1200w\" sizes=\"(max-width: 300px) 100vw, 300px\" \/><\/figure>\n\n\n\n<figure class=\"wp-block-image size-medium\"><img loading=\"lazy\" decoding=\"async\" width=\"300\" height=\"200\" data-id=\"4120\" src=\"https:\/\/hotel-villadvor.hr\/wp-content\/uploads\/eco-solar-3-300x200.jpg\" alt=\"\" class=\"wp-image-4120\" srcset=\"https:\/\/hotel-villadvor.hr\/wp-content\/uploads\/eco-solar-3-300x200.jpg 300w, https:\/\/hotel-villadvor.hr\/wp-content\/uploads\/eco-solar-3-1024x683.jpg 1024w, https:\/\/hotel-villadvor.hr\/wp-content\/uploads\/eco-solar-3-768x512.jpg 768w, https:\/\/hotel-villadvor.hr\/wp-content\/uploads\/eco-solar-3-80x53.jpg 80w, https:\/\/hotel-villadvor.hr\/wp-content\/uploads\/eco-solar-3-600x400.jpg 600w, https:\/\/hotel-villadvor.hr\/wp-content\/uploads\/eco-solar-3.jpg 1200w\" sizes=\"(max-width: 300px) 100vw, 300px\" \/><\/figure>\n\n\n\n<figure class=\"wp-block-image size-medium\"><img loading=\"lazy\" decoding=\"async\" width=\"300\" height=\"200\" data-id=\"4117\" src=\"https:\/\/hotel-villadvor.hr\/wp-content\/uploads\/eco-ev-carger-2-300x200.jpg\" alt=\"\" class=\"wp-image-4117\" srcset=\"https:\/\/hotel-villadvor.hr\/wp-content\/uploads\/eco-ev-carger-2-300x200.jpg 300w, https:\/\/hotel-villadvor.hr\/wp-content\/uploads\/eco-ev-carger-2-1024x683.jpg 1024w, https:\/\/hotel-villadvor.hr\/wp-content\/uploads\/eco-ev-carger-2-768x512.jpg 768w, https:\/\/hotel-villadvor.hr\/wp-content\/uploads\/eco-ev-carger-2-80x53.jpg 80w, https:\/\/hotel-villadvor.hr\/wp-content\/uploads\/eco-ev-carger-2-600x400.jpg 600w, https:\/\/hotel-villadvor.hr\/wp-content\/uploads\/eco-ev-carger-2.jpg 1200w\" sizes=\"(max-width: 300px) 100vw, 300px\" \/><\/figure>\n<\/figure>\n","protected":false},"excerpt":{"rendered":"<p>Kompostierung von Bio- und K\u00fcchenabf\u00e4llen und Produktion von Humus Hotel Villa Dvor hat eine eigene Komostanlage gebaut, um die Umweltqualit\u00e4t zu verbessern und die Kosten des Biom\u00fclls zu sparen (gr\u00fcne Pflanzenteile, Grasschnitt, Laub, Zweige, Kartonverpackungen, Papier, gesamte Abf\u00e4lle aus der K\u00fcche). Hier wird auf eine nat\u00fcrliche Weise durch den Trockenbau Luft eingelassen und mit Hilfe [&hellip;]<\/p>\n","protected":false},"author":1,"featured_media":0,"parent":0,"menu_order":0,"comment_status":"closed","ping_status":"closed","template":"","meta":{"footnotes":""},"class_list":["post-5462","page","type-page","status-publish","hentry"],"yoast_head":"<!-- This site is optimized with the Yoast SEO plugin v27.4 - https:\/\/yoast.com\/product\/yoast-seo-wordpress\/ -->\n<title>Hotel Villa Dvor \u2013 Umweltfreundliches Hotel - Hotel Villa Dvor - Omis - Croatia<\/title>\n<meta name=\"description\" content=\"\u00dcbernachten Sie in unserem zertifizierten \u00d6ko-Hotel in Omi\u0161, Kroatien. Entdecken Sie unser Engagement f\u00fcr Nachhaltigkeit \u2026\" \/>\n<meta name=\"robots\" content=\"index, follow, max-snippet:-1, max-image-preview:large, max-video-preview:-1\" \/>\n<link rel=\"canonical\" href=\"https:\/\/hotel-villadvor.hr\/de\/hotel-villa-dvor-umweltfreundliches-hotel\/\" \/>\n<meta property=\"og:locale\" content=\"de_DE\" \/>\n<meta property=\"og:type\" content=\"article\" \/>\n<meta property=\"og:title\" content=\"Hotel Villa Dvor \u2013 Umweltfreundliches Hotel - Hotel Villa Dvor - Omis - Croatia\" \/>\n<meta property=\"og:description\" content=\"\u00dcbernachten Sie in unserem zertifizierten \u00d6ko-Hotel in Omi\u0161, Kroatien. Entdecken Sie unser Engagement f\u00fcr Nachhaltigkeit \u2026\" \/>\n<meta property=\"og:url\" content=\"https:\/\/hotel-villadvor.hr\/de\/hotel-villa-dvor-umweltfreundliches-hotel\/\" \/>\n<meta property=\"og:site_name\" content=\"Hotel Villa Dvor - Omis - Croatia\" \/>\n<meta property=\"article:publisher\" content=\"https:\/\/www.facebook.com\/hotelvilladvor\" \/>\n<meta property=\"article:modified_time\" content=\"2026-01-09T10:34:05+00:00\" \/>\n<meta property=\"og:image\" content=\"https:\/\/hotel-villadvor.hr\/wp-content\/uploads\/eco-garden-1-300x200.jpg\" \/>\n<meta name=\"twitter:card\" content=\"summary_large_image\" \/>\n<meta name=\"twitter:label1\" content=\"Gesch\u00e4tzte Lesezeit\" \/>\n\t<meta name=\"twitter:data1\" content=\"5\u00a0Minuten\" \/>\n<script type=\"application\/ld+json\" class=\"yoast-schema-graph\">{\"@context\":\"https:\\\/\\\/schema.org\",\"@graph\":[{\"@type\":\"WebPage\",\"@id\":\"https:\\\/\\\/hotel-villadvor.hr\\\/de\\\/hotel-villa-dvor-umweltfreundliches-hotel\\\/\",\"url\":\"https:\\\/\\\/hotel-villadvor.hr\\\/de\\\/hotel-villa-dvor-umweltfreundliches-hotel\\\/\",\"name\":\"Hotel Villa Dvor \u2013 Umweltfreundliches Hotel - Hotel Villa Dvor - Omis - Croatia\",\"isPartOf\":{\"@id\":\"https:\\\/\\\/hotel-villadvor.hr\\\/de\\\/#website\"},\"primaryImageOfPage\":{\"@id\":\"https:\\\/\\\/hotel-villadvor.hr\\\/de\\\/hotel-villa-dvor-umweltfreundliches-hotel\\\/#primaryimage\"},\"image\":{\"@id\":\"https:\\\/\\\/hotel-villadvor.hr\\\/de\\\/hotel-villa-dvor-umweltfreundliches-hotel\\\/#primaryimage\"},\"thumbnailUrl\":\"https:\\\/\\\/hotel-villadvor.hr\\\/wp-content\\\/uploads\\\/eco-garden-1-300x200.jpg\",\"datePublished\":\"2025-12-15T11:02:37+00:00\",\"dateModified\":\"2026-01-09T10:34:05+00:00\",\"description\":\"\u00dcbernachten Sie in unserem zertifizierten \u00d6ko-Hotel in Omi\u0161, Kroatien. Entdecken Sie unser Engagement f\u00fcr Nachhaltigkeit \u2026\",\"breadcrumb\":{\"@id\":\"https:\\\/\\\/hotel-villadvor.hr\\\/de\\\/hotel-villa-dvor-umweltfreundliches-hotel\\\/#breadcrumb\"},\"inLanguage\":\"de\",\"potentialAction\":[{\"@type\":\"ReadAction\",\"target\":[\"https:\\\/\\\/hotel-villadvor.hr\\\/de\\\/hotel-villa-dvor-umweltfreundliches-hotel\\\/\"]}]},{\"@type\":\"ImageObject\",\"inLanguage\":\"de\",\"@id\":\"https:\\\/\\\/hotel-villadvor.hr\\\/de\\\/hotel-villa-dvor-umweltfreundliches-hotel\\\/#primaryimage\",\"url\":\"https:\\\/\\\/hotel-villadvor.hr\\\/wp-content\\\/uploads\\\/eco-garden-1-300x200.jpg\",\"contentUrl\":\"https:\\\/\\\/hotel-villadvor.hr\\\/wp-content\\\/uploads\\\/eco-garden-1-300x200.jpg\"},{\"@type\":\"BreadcrumbList\",\"@id\":\"https:\\\/\\\/hotel-villadvor.hr\\\/de\\\/hotel-villa-dvor-umweltfreundliches-hotel\\\/#breadcrumb\",\"itemListElement\":[{\"@type\":\"ListItem\",\"position\":1,\"name\":\"Home\",\"item\":\"https:\\\/\\\/hotel-villadvor.hr\\\/de\\\/\"},{\"@type\":\"ListItem\",\"position\":2,\"name\":\"Hotel Villa Dvor \u2013 Umweltfreundliches Hotel\"}]},{\"@type\":\"WebSite\",\"@id\":\"https:\\\/\\\/hotel-villadvor.hr\\\/de\\\/#website\",\"url\":\"https:\\\/\\\/hotel-villadvor.hr\\\/de\\\/\",\"name\":\"Hotel Villa Dvor - Omis - Croatia\",\"description\":\"\",\"potentialAction\":[{\"@type\":\"SearchAction\",\"target\":{\"@type\":\"EntryPoint\",\"urlTemplate\":\"https:\\\/\\\/hotel-villadvor.hr\\\/de\\\/?s={search_term_string}\"},\"query-input\":{\"@type\":\"PropertyValueSpecification\",\"valueRequired\":true,\"valueName\":\"search_term_string\"}}],\"inLanguage\":\"de\"}]}<\/script>\n<!-- \/ Yoast SEO plugin. -->","yoast_head_json":{"title":"Hotel Villa Dvor \u2013 Umweltfreundliches Hotel - Hotel Villa Dvor - Omis - Croatia","description":"\u00dcbernachten Sie in unserem zertifizierten \u00d6ko-Hotel in Omi\u0161, Kroatien. Entdecken Sie unser Engagement f\u00fcr Nachhaltigkeit \u2026","robots":{"index":"index","follow":"follow","max-snippet":"max-snippet:-1","max-image-preview":"max-image-preview:large","max-video-preview":"max-video-preview:-1"},"canonical":"https:\/\/hotel-villadvor.hr\/de\/hotel-villa-dvor-umweltfreundliches-hotel\/","og_locale":"de_DE","og_type":"article","og_title":"Hotel Villa Dvor \u2013 Umweltfreundliches Hotel - Hotel Villa Dvor - Omis - Croatia","og_description":"\u00dcbernachten Sie in unserem zertifizierten \u00d6ko-Hotel in Omi\u0161, Kroatien. Entdecken Sie unser Engagement f\u00fcr Nachhaltigkeit \u2026","og_url":"https:\/\/hotel-villadvor.hr\/de\/hotel-villa-dvor-umweltfreundliches-hotel\/","og_site_name":"Hotel Villa Dvor - Omis - Croatia","article_publisher":"https:\/\/www.facebook.com\/hotelvilladvor","article_modified_time":"2026-01-09T10:34:05+00:00","og_image":[{"url":"https:\/\/hotel-villadvor.hr\/wp-content\/uploads\/eco-garden-1-300x200.jpg","type":"","width":"","height":""}],"twitter_card":"summary_large_image","twitter_misc":{"Gesch\u00e4tzte Lesezeit":"5\u00a0Minuten"},"schema":{"@context":"https:\/\/schema.org","@graph":[{"@type":"WebPage","@id":"https:\/\/hotel-villadvor.hr\/de\/hotel-villa-dvor-umweltfreundliches-hotel\/","url":"https:\/\/hotel-villadvor.hr\/de\/hotel-villa-dvor-umweltfreundliches-hotel\/","name":"Hotel Villa Dvor \u2013 Umweltfreundliches Hotel - Hotel Villa Dvor - Omis - Croatia","isPartOf":{"@id":"https:\/\/hotel-villadvor.hr\/de\/#website"},"primaryImageOfPage":{"@id":"https:\/\/hotel-villadvor.hr\/de\/hotel-villa-dvor-umweltfreundliches-hotel\/#primaryimage"},"image":{"@id":"https:\/\/hotel-villadvor.hr\/de\/hotel-villa-dvor-umweltfreundliches-hotel\/#primaryimage"},"thumbnailUrl":"https:\/\/hotel-villadvor.hr\/wp-content\/uploads\/eco-garden-1-300x200.jpg","datePublished":"2025-12-15T11:02:37+00:00","dateModified":"2026-01-09T10:34:05+00:00","description":"\u00dcbernachten Sie in unserem zertifizierten \u00d6ko-Hotel in Omi\u0161, Kroatien. Entdecken Sie unser Engagement f\u00fcr Nachhaltigkeit \u2026","breadcrumb":{"@id":"https:\/\/hotel-villadvor.hr\/de\/hotel-villa-dvor-umweltfreundliches-hotel\/#breadcrumb"},"inLanguage":"de","potentialAction":[{"@type":"ReadAction","target":["https:\/\/hotel-villadvor.hr\/de\/hotel-villa-dvor-umweltfreundliches-hotel\/"]}]},{"@type":"ImageObject","inLanguage":"de","@id":"https:\/\/hotel-villadvor.hr\/de\/hotel-villa-dvor-umweltfreundliches-hotel\/#primaryimage","url":"https:\/\/hotel-villadvor.hr\/wp-content\/uploads\/eco-garden-1-300x200.jpg","contentUrl":"https:\/\/hotel-villadvor.hr\/wp-content\/uploads\/eco-garden-1-300x200.jpg"},{"@type":"BreadcrumbList","@id":"https:\/\/hotel-villadvor.hr\/de\/hotel-villa-dvor-umweltfreundliches-hotel\/#breadcrumb","itemListElement":[{"@type":"ListItem","position":1,"name":"Home","item":"https:\/\/hotel-villadvor.hr\/de\/"},{"@type":"ListItem","position":2,"name":"Hotel Villa Dvor \u2013 Umweltfreundliches Hotel"}]},{"@type":"WebSite","@id":"https:\/\/hotel-villadvor.hr\/de\/#website","url":"https:\/\/hotel-villadvor.hr\/de\/","name":"Hotel Villa Dvor - Omis - Croatia","description":"","potentialAction":[{"@type":"SearchAction","target":{"@type":"EntryPoint","urlTemplate":"https:\/\/hotel-villadvor.hr\/de\/?s={search_term_string}"},"query-input":{"@type":"PropertyValueSpecification","valueRequired":true,"valueName":"search_term_string"}}],"inLanguage":"de"}]}},"_links":{"self":[{"href":"https:\/\/hotel-villadvor.hr\/de\/wp-json\/wp\/v2\/pages\/5462","targetHints":{"allow":["GET"]}}],"collection":[{"href":"https:\/\/hotel-villadvor.hr\/de\/wp-json\/wp\/v2\/pages"}],"about":[{"href":"https:\/\/hotel-villadvor.hr\/de\/wp-json\/wp\/v2\/types\/page"}],"author":[{"embeddable":true,"href":"https:\/\/hotel-villadvor.hr\/de\/wp-json\/wp\/v2\/users\/1"}],"replies":[{"embeddable":true,"href":"https:\/\/hotel-villadvor.hr\/de\/wp-json\/wp\/v2\/comments?post=5462"}],"version-history":[{"count":0,"href":"https:\/\/hotel-villadvor.hr\/de\/wp-json\/wp\/v2\/pages\/5462\/revisions"}],"wp:attachment":[{"href":"https:\/\/hotel-villadvor.hr\/de\/wp-json\/wp\/v2\/media?parent=5462"}],"curies":[{"name":"wp","href":"https:\/\/api.w.org\/{rel}","templated":true}]}}