{"id":5569,"date":"2025-12-05T16:45:11","date_gmt":"2025-12-05T16:45:11","guid":{"rendered":"https:\/\/hotel-villadvor.hr\/bestpreisgarantie-und-treueprogramm\/"},"modified":"2026-01-09T10:23:22","modified_gmt":"2026-01-09T10:23:22","slug":"bestpreisgarantie-und-treueprogramm","status":"publish","type":"page","link":"https:\/\/hotel-villadvor.hr\/de\/bestpreisgarantie-und-treueprogramm\/","title":{"rendered":"Bestpreisgarantie und Treueprogramm"},"content":{"rendered":"\n<h4 class=\"wp-block-heading\">Hotel Villa Dvor \u2013 Bestpreisgarantie<\/h4>\n\n<p>Im Hotel Villa Dvor m\u00f6chten wir, dass Sie mit vollstem Vertrauen Ihre Buchung durchf\u00fchren und garantieren Ihnen deshalb den niedrigsten On-line Preis.&#13;\nSollten Sie einen niedrigeren als den Preis, den das Hotel oder das Hotel-Buchungssystem direkt bietet (einschl. den Loyalty Rabatt), \u00fcber dritte Buchungskan\u00e4le vor der Reservation oder innerhalb von 24 Stunden ab Buchungsbest\u00e4tigung durch den Direktkanal des Hotels finden, senden Sie uns einen Beweis (Foto des besseren Angebots mit dem Link zur Webseite, wo Sie dieses Angebot gefunden haben), dass sie besseres Angebot gefunden haben auf die E-Mail: info@hotel-villadvor.hr mit dem Titel: Bestpreisgarantie. Wir werden Ihren Antrag \u00fcberpr\u00fcfen und Sie innerhalb von 24 Stunden kontaktieren.&#13;\nSollte sich Ihr Antrag als zutreffend zeigen, wird das Hotel die Dienstleistung zum genannten Preis anbieten und extra 5% Rabatt zum gleichen Preis gew\u00e4hren.   <\/p>\n\n<p>Stand: der gesendete Preis muss f\u00fcr das gleiche Hotel, den gleichen Zeitraum (Datum), gleichen Zimmertyp, gleiche Bedingungen und gleiche Dienstleistungen gelten.<\/p>\n\n<p>Aus der Bestpreisgarantie sind folgende Preise ausgeschlossen:<br\/>&#8211; Vereinbarte Gruppenpreise<br\/>&#8211; Preise, die durch Versteigerungen oder \u00e4hnliche Vorgehensweisen bekommen wurden<br\/>&#8211; Werbecampagnen<br\/>&#8211; Besondere Angebote \u2013 Preise, die nicht \u00f6ffentlich sind<\/p>\n\n<h4 class=\"wp-block-heading\" id=\"loaylty\">Treueprogramm<\/h4>\n\n<p>Werden Sie zum Mitglied in unserem Loyalty Programm und erhalten Beg\u00fcnstigungen f\u00fcr gebuchte Dienstleistungen im Hotel Villa Dvor.<\/p>\n\n<p>Wie k\u00f6nnen Sie Mitglied in unserem Loyalty Programm werden:<br\/>1. Falls Sie bereits mindestens eine Nacht bei uns verbracht haben \u2013 sei es durch eine Direktbuchung, einen Spontanbesuch oder \u00fcber ein Reiseb\u00fcro \u2013, kontaktieren Sie uns bitte unter info@hotel-villadvor.hr, damit wir Sie in unsere Mitgliederliste aufnehmen und Sie sofort von den Vorteilen unseres Treueprogramms profitieren k\u00f6nnen.  <\/p>\n\n<p>  2. If you are making your first reservation at our hotel, after your stay and check-out, you will automatically be on our loyalty members&#8217; list and receive all necessary information on how to make future reservations with your loyalty benefits and discounts<\/p>\n\n<p>Wenn Sie Ihre erste Buchung in unserem Hotel vornehmen, werden Sie nach Ihrem Aufenthalt und Check-out automatisch in unsere Treueprogramm-Liste aufgenommen und erhalten alle notwendigen Informationen, wie Sie zuk\u00fcnftige Buchungen mit Ihren Treuevorteilen und Rabatten vornehmen k\u00f6nnen.  <\/p>\n\n<p><strong>TREUEPROGRAMM HOTEL VILLA DVOR<\/strong><\/p>\n\n<figure class=\"wp-block-table\"><table class=\"has-fixed-layout\"><tbody><tr><td><strong>Bedingungen<\/strong><\/td><td><strong>Erster Aufenthalt<\/strong><\/td><td><strong>Zweiter und jeder andere Aufenthalt<\/strong><\/td><\/tr><tr><td>8% Rabatt auf Ihre Reservierung*<\/td><td><\/td><td>JA<\/td><\/tr><tr><td>5% discount on hotel packages*<\/td><td><\/td><td>JA<\/td><\/tr><tr><td>Kostenlose Stornierungsfrist<\/td><td>5 Tage vor Anreise<\/td><td>5 Tage vor Anreise<\/td><\/tr><tr><td>Stornierungsbetrag nach freier Frist<\/td><td>70% des Gesamtbetrags Ihrer Reservierung<\/td><td>70% des Gesamtbetrags Ihrer Reservierung<\/td><\/tr><tr><td>Wartelistenpriorit\u00e4t<\/td><td><\/td><td>JA<\/td><\/tr><tr><td>Exklusive Angebote nur f\u00fcr Mitglieder<\/td><td><\/td><td>JA<\/td><\/tr><tr><td>M\u00f6glichkeit der Buchung Ihres Lieblingszimmers**<\/td><td><\/td><td>JA<\/td><\/tr><\/tbody><\/table><\/figure>\n\n<p>* Auf Ubernachtung mit Fr\u00fchstuck Preise<br\/>** Je nach Verf\u00fcgbarkeit<\/p>\n\n<p>Vielen Dank!<br\/>Familie \u0106urlin<\/p>\n","protected":false},"excerpt":{"rendered":"<p>Hotel Villa Dvor \u2013 Bestpreisgarantie Im Hotel Villa Dvor m\u00f6chten wir, dass Sie mit vollstem Vertrauen Ihre Buchung durchf\u00fchren und garantieren Ihnen deshalb den niedrigsten On-line Preis.&#13; Sollten Sie einen niedrigeren als den Preis, den das Hotel oder das Hotel-Buchungssystem direkt bietet (einschl. den Loyalty Rabatt), \u00fcber dritte Buchungskan\u00e4le vor der Reservation oder innerhalb von [&hellip;]<\/p>\n","protected":false},"author":1,"featured_media":0,"parent":0,"menu_order":0,"comment_status":"closed","ping_status":"closed","template":"","meta":{"footnotes":""},"class_list":["post-5569","page","type-page","status-publish","hentry"],"yoast_head":"<!-- This site is optimized with the Yoast SEO plugin v27.4 - https:\/\/yoast.com\/product\/yoast-seo-wordpress\/ -->\n<title>Bestpreisgarantie und Treueprogramm - Hotel Villa Dvor - Omis - Croatia<\/title>\n<meta name=\"description\" content=\"Buchen Sie direkt im Hotel Villa Dvor und profitieren Sie von unserer Bestpreisgarantie und den Vorteilen unseres Treueprogramms. Sichern Sie sich das g\u00fcnstigste Hotelzimmer!\" \/>\n<meta name=\"robots\" content=\"index, follow, max-snippet:-1, max-image-preview:large, max-video-preview:-1\" \/>\n<link rel=\"canonical\" href=\"https:\/\/hotel-villadvor.hr\/de\/bestpreisgarantie-und-treueprogramm\/\" \/>\n<meta property=\"og:locale\" content=\"de_DE\" \/>\n<meta property=\"og:type\" content=\"article\" \/>\n<meta property=\"og:title\" content=\"Bestpreisgarantie und Treueprogramm - Hotel Villa Dvor - Omis - Croatia\" \/>\n<meta property=\"og:description\" content=\"Buchen Sie direkt im Hotel Villa Dvor und profitieren Sie von unserer Bestpreisgarantie und den Vorteilen unseres Treueprogramms. Sichern Sie sich das g\u00fcnstigste Hotelzimmer!\" \/>\n<meta property=\"og:url\" content=\"https:\/\/hotel-villadvor.hr\/de\/bestpreisgarantie-und-treueprogramm\/\" \/>\n<meta property=\"og:site_name\" content=\"Hotel Villa Dvor - Omis - Croatia\" \/>\n<meta property=\"article:publisher\" content=\"https:\/\/www.facebook.com\/hotelvilladvor\" \/>\n<meta property=\"article:modified_time\" content=\"2026-01-09T10:23:22+00:00\" \/>\n<meta name=\"twitter:card\" content=\"summary_large_image\" \/>\n<meta name=\"twitter:label1\" content=\"Gesch\u00e4tzte Lesezeit\" \/>\n\t<meta name=\"twitter:data1\" content=\"2\u00a0Minuten\" \/>\n<script type=\"application\/ld+json\" class=\"yoast-schema-graph\">{\"@context\":\"https:\\\/\\\/schema.org\",\"@graph\":[{\"@type\":\"WebPage\",\"@id\":\"https:\\\/\\\/hotel-villadvor.hr\\\/de\\\/bestpreisgarantie-und-treueprogramm\\\/\",\"url\":\"https:\\\/\\\/hotel-villadvor.hr\\\/de\\\/bestpreisgarantie-und-treueprogramm\\\/\",\"name\":\"Bestpreisgarantie und Treueprogramm - Hotel Villa Dvor - Omis - Croatia\",\"isPartOf\":{\"@id\":\"https:\\\/\\\/hotel-villadvor.hr\\\/de\\\/#website\"},\"datePublished\":\"2025-12-05T16:45:11+00:00\",\"dateModified\":\"2026-01-09T10:23:22+00:00\",\"description\":\"Buchen Sie direkt im Hotel Villa Dvor und profitieren Sie von unserer Bestpreisgarantie und den Vorteilen unseres Treueprogramms. Sichern Sie sich das g\u00fcnstigste Hotelzimmer!\",\"breadcrumb\":{\"@id\":\"https:\\\/\\\/hotel-villadvor.hr\\\/de\\\/bestpreisgarantie-und-treueprogramm\\\/#breadcrumb\"},\"inLanguage\":\"de\",\"potentialAction\":[{\"@type\":\"ReadAction\",\"target\":[\"https:\\\/\\\/hotel-villadvor.hr\\\/de\\\/bestpreisgarantie-und-treueprogramm\\\/\"]}]},{\"@type\":\"BreadcrumbList\",\"@id\":\"https:\\\/\\\/hotel-villadvor.hr\\\/de\\\/bestpreisgarantie-und-treueprogramm\\\/#breadcrumb\",\"itemListElement\":[{\"@type\":\"ListItem\",\"position\":1,\"name\":\"Home\",\"item\":\"https:\\\/\\\/hotel-villadvor.hr\\\/de\\\/\"},{\"@type\":\"ListItem\",\"position\":2,\"name\":\"Bestpreisgarantie und Treueprogramm\"}]},{\"@type\":\"WebSite\",\"@id\":\"https:\\\/\\\/hotel-villadvor.hr\\\/de\\\/#website\",\"url\":\"https:\\\/\\\/hotel-villadvor.hr\\\/de\\\/\",\"name\":\"Hotel Villa Dvor - Omis - Croatia\",\"description\":\"\",\"potentialAction\":[{\"@type\":\"SearchAction\",\"target\":{\"@type\":\"EntryPoint\",\"urlTemplate\":\"https:\\\/\\\/hotel-villadvor.hr\\\/de\\\/?s={search_term_string}\"},\"query-input\":{\"@type\":\"PropertyValueSpecification\",\"valueRequired\":true,\"valueName\":\"search_term_string\"}}],\"inLanguage\":\"de\"}]}<\/script>\n<!-- \/ Yoast SEO plugin. -->","yoast_head_json":{"title":"Bestpreisgarantie und Treueprogramm - Hotel Villa Dvor - Omis - Croatia","description":"Buchen Sie direkt im Hotel Villa Dvor und profitieren Sie von unserer Bestpreisgarantie und den Vorteilen unseres Treueprogramms. Sichern Sie sich das g\u00fcnstigste Hotelzimmer!","robots":{"index":"index","follow":"follow","max-snippet":"max-snippet:-1","max-image-preview":"max-image-preview:large","max-video-preview":"max-video-preview:-1"},"canonical":"https:\/\/hotel-villadvor.hr\/de\/bestpreisgarantie-und-treueprogramm\/","og_locale":"de_DE","og_type":"article","og_title":"Bestpreisgarantie und Treueprogramm - Hotel Villa Dvor - Omis - Croatia","og_description":"Buchen Sie direkt im Hotel Villa Dvor und profitieren Sie von unserer Bestpreisgarantie und den Vorteilen unseres Treueprogramms. Sichern Sie sich das g\u00fcnstigste Hotelzimmer!","og_url":"https:\/\/hotel-villadvor.hr\/de\/bestpreisgarantie-und-treueprogramm\/","og_site_name":"Hotel Villa Dvor - Omis - Croatia","article_publisher":"https:\/\/www.facebook.com\/hotelvilladvor","article_modified_time":"2026-01-09T10:23:22+00:00","twitter_card":"summary_large_image","twitter_misc":{"Gesch\u00e4tzte Lesezeit":"2\u00a0Minuten"},"schema":{"@context":"https:\/\/schema.org","@graph":[{"@type":"WebPage","@id":"https:\/\/hotel-villadvor.hr\/de\/bestpreisgarantie-und-treueprogramm\/","url":"https:\/\/hotel-villadvor.hr\/de\/bestpreisgarantie-und-treueprogramm\/","name":"Bestpreisgarantie und Treueprogramm - Hotel Villa Dvor - Omis - Croatia","isPartOf":{"@id":"https:\/\/hotel-villadvor.hr\/de\/#website"},"datePublished":"2025-12-05T16:45:11+00:00","dateModified":"2026-01-09T10:23:22+00:00","description":"Buchen Sie direkt im Hotel Villa Dvor und profitieren Sie von unserer Bestpreisgarantie und den Vorteilen unseres Treueprogramms. Sichern Sie sich das g\u00fcnstigste Hotelzimmer!","breadcrumb":{"@id":"https:\/\/hotel-villadvor.hr\/de\/bestpreisgarantie-und-treueprogramm\/#breadcrumb"},"inLanguage":"de","potentialAction":[{"@type":"ReadAction","target":["https:\/\/hotel-villadvor.hr\/de\/bestpreisgarantie-und-treueprogramm\/"]}]},{"@type":"BreadcrumbList","@id":"https:\/\/hotel-villadvor.hr\/de\/bestpreisgarantie-und-treueprogramm\/#breadcrumb","itemListElement":[{"@type":"ListItem","position":1,"name":"Home","item":"https:\/\/hotel-villadvor.hr\/de\/"},{"@type":"ListItem","position":2,"name":"Bestpreisgarantie und Treueprogramm"}]},{"@type":"WebSite","@id":"https:\/\/hotel-villadvor.hr\/de\/#website","url":"https:\/\/hotel-villadvor.hr\/de\/","name":"Hotel Villa Dvor - Omis - Croatia","description":"","potentialAction":[{"@type":"SearchAction","target":{"@type":"EntryPoint","urlTemplate":"https:\/\/hotel-villadvor.hr\/de\/?s={search_term_string}"},"query-input":{"@type":"PropertyValueSpecification","valueRequired":true,"valueName":"search_term_string"}}],"inLanguage":"de"}]}},"_links":{"self":[{"href":"https:\/\/hotel-villadvor.hr\/de\/wp-json\/wp\/v2\/pages\/5569","targetHints":{"allow":["GET"]}}],"collection":[{"href":"https:\/\/hotel-villadvor.hr\/de\/wp-json\/wp\/v2\/pages"}],"about":[{"href":"https:\/\/hotel-villadvor.hr\/de\/wp-json\/wp\/v2\/types\/page"}],"author":[{"embeddable":true,"href":"https:\/\/hotel-villadvor.hr\/de\/wp-json\/wp\/v2\/users\/1"}],"replies":[{"embeddable":true,"href":"https:\/\/hotel-villadvor.hr\/de\/wp-json\/wp\/v2\/comments?post=5569"}],"version-history":[{"count":0,"href":"https:\/\/hotel-villadvor.hr\/de\/wp-json\/wp\/v2\/pages\/5569\/revisions"}],"wp:attachment":[{"href":"https:\/\/hotel-villadvor.hr\/de\/wp-json\/wp\/v2\/media?parent=5569"}],"curies":[{"name":"wp","href":"https:\/\/api.w.org\/{rel}","templated":true}]}}