{"id":5599,"date":"2025-12-05T16:29:04","date_gmt":"2025-12-05T16:29:04","guid":{"rendered":"https:\/\/hotel-villadvor.hr\/hotel-villa-dvor-datenschutzbestimmungen\/"},"modified":"2026-01-04T14:50:22","modified_gmt":"2026-01-04T14:50:22","slug":"hotel-villa-dvor-datenschutzbestimmungen","status":"publish","type":"page","link":"https:\/\/hotel-villadvor.hr\/de\/hotel-villa-dvor-datenschutzbestimmungen\/","title":{"rendered":"HOTEL VILLA DVOR &#8211; DATENSCHUTZBESTIMMUNGEN"},"content":{"rendered":"\n<p>Das Gastsgewerbe Hotel \u201eVilla Dvor\u201c respektiert Ihre Privatsph\u00e4re. In diesem Dokument m\u00f6chten wir Ihnen klare und transparente Informationen dar\u00fcber geben, welche personenbezogenen Daten wir sammeln, wie wir sie verwenden und auf welcher Rechtsgrundlage wir die personenbezogenen Daten verarbeiten.<\/p>\n\n<p>VERARBEITUNGSLEITER:<br\/>1) Der Verantwortliche f\u00fcr die Datenverarbeitung ist: <br\/>Gastgewerbe Hotel\u201cVilla Dvor\u201c, Mosorska cesta 13, 21310 Omi\u0161, OIB: 31719661267<br\/>2) Der Datenschutzbeauftragte ist:<br\/>Ante \u0106urlin, +385 21 863 444<br\/>E-Mail: info@hotel-villadvor.hr<\/p>\n\n<p>METHODE DER DATENERFASSUNG:<br\/>Wir erheben Ihre personenbezogenen Daten auf direkte und indirekte Weise.<br\/>Direkt:<br\/>\u2022 wenn Sie eine Unterkunft reservieren, senden Sie uns eine Anfrage oder \u00fcbermitteln uns Ihre personenbezogenen Daten auf eine andere Art und Weise;<br\/>\u2022 bei der Anmeldung ( Check-in) und bei der Abmeldung (Check-out);<br\/>\u2022 wenn Sie eine Zahlung leisten;<br\/>\u2022 wenn Sie weitere W\u00fcnsche oder Beschwerden haben;<br\/>\u2022 wenn Sie mit uns \u00fcber soziale Netzwerke oder per E-Mail kommunizieren;<br\/>\u2022 w\u00e4hrend Ihres Aufenthaltes oder durch Nutzung unserer Dienstleistungen (Restaurant);<br\/>\u2022 wenn Sie einen Tisch in unserem Restaurant reservieren und uns Ihre Vorlieben, wie auch Allergien mitteilen;<br\/>\u2022 wenn Sie an einem Gewinnspiel, Wettbewerb, einer Werbekampagne oder an einer Umfrage teilnehmen;<br\/>\u2022 wenn Sie Kommentare zu Ihrem Aufenthalt hinterlassen;<br\/>\u2022 wenn Sie uns Ihre Kontaktdaten hinterlassen;<br\/>\u2022 wenn Sie unserem Treueprogramm beitreten;<\/p>\n\n<p>Indirekt:<br\/>Wir erheben Ihre personenbezogenen Daten auf indirekte Weise, wenn diese von einer anderen juristischen oder nat\u00fcrlichen Person an uns \u00fcbermittelt wird, wie z.B. in folgenden F\u00e4llen:<br\/>\u2022 wenn eine Dritte Person f\u00fcr Sie eine Reservierung vornimmt;<br\/>\u2022 wenn uns Informationen \u00fcber Sie von unseren Gesch\u00e4ftspartnern, unserer Agentur oder durch unseren Vermittler zur Verf\u00fcgung gestellt werden, \u00fcber die Sie eine Reservierung in unserem Hotel gebucht haben (z.B. Reiserb\u00fcro, Reservierungsplattform);<br\/>\u2022 m\u00f6glicherweise erhalten wir auch Informationen \u00fcber Sie von Werbedienstleistern;<\/p>\n\n<p><br\/>ARTEN DER PERSONENBEZOGENER DATEN DIE WIR SAMMELN:<br\/>\u2022 Ihre personenbezogenen Daten, die Sie oder dritte Personen uns bei der Buchung oder Anfrage zu unseren Dienstleistungen zur Verf\u00fcgung stellen: Name, Nachname, Staatsangeh\u00f6rigkeit, Land und Wohnadresse, E-Mail Adresse, Telefonnummer, Geburtsdatum, Alter, besondere Anforderungen und Gewohnheiten, Informationen zu Ihrer Begleitung; F\u00fcr die Reservierung erforderliche Daten: Kreditkartennummer, Gesundheitsdaten- f\u00fcr die Ben\u00f6tigung bestimmter Ern\u00e4hrungs- und Di\u00e4t- Vorgaben, einer Notwendigkeit eines Arztes, Daten im Zusammenhang mit der Nutzung des Internets: IP-Adresse, Websitebesuche, Daten aus sozialen Netzwerken oder \u00e4hnliches, Daten bez\u00fcglich der Nutzung von Internet-Browsern.<br\/>\u2022 Vorbereitung f\u00fcr Ihre Ankunft: Vor- und Nachname, E-Mail Adresse, Anreise- und Abreisedatum, Abholung. Datenangaben sind freiwillig.<br\/>\u2022 Anmeldung ( check- in) und Abmeldung (check-out) des Gastes: Vor- und Nachname, Geburtsdatum, Geschlecht, Personalausweisnummer, Geburtsland, Staatsangeh\u00f6rigkeit, Visumnummer- fals der Gast einer Visumregelung unterliegt, Ort und Anreise in die Republik Kroatien, Anreise- und Abreisedatum.<br\/>\u2022 Nutzung von Hoteldienstleistungen: Daten \u00fcber den Verbrauch des Gastes w\u00e4hrend seines Aufenthaltes im Hotel, Daten \u00fcber die Art der erbrachten Leistungen, sowie der Preis der gleichen ( entweder vom Hotel erbracht oder als Zusatzleistung unserer Partner f\u00fcr Sie).<br\/>Es werden auch Daten zu Sonderw\u00fcnschen des Gastes erfasst, damit das Hotel die erforderliche Qualit\u00e4tsdienstleistung erbringen kann. <br\/>\u2022 Qualit\u00e4ts\u00fcberwachung und Verbesserung der Hotelleistung: Vor- und Nachname, Zimmernummer, Aufenthaltsdauer im Hotel, Bewertung einer bestimmten Dienstleistungsart, Kommentare. <br\/>Diese Datenerhebung ist freiwillig.<br\/>Sie k\u00f6nnen jederzeit w\u00e4hlen welche personenbezogenen Daten Sie mit uns teilen m\u00f6chten.<br\/>Wenn Sie sich entscheiden bestimmte Daten nicht mit uns teilen zu wollen, akzeptieren wir Ihre Entscheidung. Bitte beachten Sie jedoch, dass dies Auswirkungen auf die Qualit\u00e4t der Informationen haben kann, die wir Ihnen zur Verf\u00fcgung stellen. Dies gilt jedoch nicht , soweit die Verarbeitung bestimmter personenbezogener Daten zur Erf\u00fcllung gesetzlicher Verpflichtungen erforderlich ist.   <\/p>\n\n<p><strong>ZWECK DER ERHEBUNG PERSONENBEZOGENER DATEN:<\/strong><\/p>\n\n<p>\u2022 Erf\u00fcllung vertraglicher Verpflichtungen- wenn die Verarbeitung eines Vertragsverh\u00e4ltnisses, d.h. die Durchf\u00fchrung einer Reservierung, erforderlich ist. <br\/>\u2022 Bessere Vorbereitung f\u00fcr Ihre Ankunft- vor Ihrer Anreise sammeln und verarbeiten wir Informationen, indem Sie vor Ihrer Anreise freiwillig eine E-Mail ausf\u00fcllen und uns senden, damit wir uns auf die beste Weise auf Ihre Ankunft vorbereiten k\u00f6nnen in Ihnen somit den bestm\u00f6glichsten und qualitativ hochwertigsten Service bieten k\u00f6nnen.<br\/>\u2022 Befriedigung berechtigter Interessen- wenn es erforderlich ist, verarbeiten wir personenbezogene Daten ausserhalb des konkreten Vertragsverh\u00e4ltnisses und zur Befriedigung Ihrer berechtigten Interessen. Ein solches berechtigtes Interesse kann z.B. Direktmarketing oder Aufnahmen von \u00f6ffentlichen Bereichen des Hotels sein. <br\/>\u2022 Zur Erf\u00fcllung Ihrer W\u00fcnsche und um Ihnen die Aus\u00fcbung Ihrer Rechte zu erm\u00f6glichen.<br\/>\u2022 Einhaltung gesetzlicher Verpflichtungen: wir erheben auch einige Daten bei der Registrierung in unserem Objekt, um somit unseren gesetzlichen Verpflichtungen nachzukommen, indem wir Ihre Daten im eVisitor-System, in \u00dcbereinstimmung mit den Vorschrifften \u00fcber die F\u00fchrung der Touristenliste, in Form und Inhaltes des touristischen Antragsformular an die Tourismusgemeinschaft, dem Gesetz \u00fcber die Kurtaxe, wie auch f\u00fcr die Bed\u00fcrfnisse des Innenministeriums, gem\u00e4ss dem Ausl\u00e4ndergesetz.<br\/>\u2022 Zum Zweck der endg\u00fcltigen Berechnung und Ausstellung der Rechnung f\u00fcr die erhaltene Dienstleistung.<br\/>\u2022 Zur Feststellung der Zufriedenheit f\u00fcr die erhaltene Dienstleistung. <\/p>\n\n<p><br\/>DIREKTMARKETING:<br\/>Unter Direktmarketing versteht man den regelm\u00e4ssigen Versand personalisierter Mitteilungen des Unternehmens an Ihre E-Mail Adresse, um Ihnen Angebote sowie Neuigkeiten des Hotels vorzustellen. Bei jeder dieser Mitteilungen weisen wir Sie auf die M\u00f6glichkeit zu einer einfachen Abmeldung hin ( Klick auf den angegebenen Link), indem Sie uns bitten, Sie nicht mehr auf diese Weise zu kontaktieren.<\/p>\n\n<p>VIDEO\u00dcBERWACHUNG:<br\/>Um das Eigentum zu sch\u00fctzen, f\u00fchrt das Hotel eine Video\u00fcberwachung der \u00f6ffentlichen Bereiche und des Parkplatzes des Hotels durch.<\/p>\n\n<p><br\/>SPEICHERDAUER DER PERSONENBEZOGENER DATEN:<br\/>Wir bewahren die Daten solange auf, wie es f\u00fcr den Zweck, f\u00fcr den sie verwendet werden, erforderlich sind, aber auch um im Einklang mit den gesetzlichen Verpflichtungen zu handeln. Die aufgrund Ihrer Einwillingung erhobenen und verarbeiteten personenbezogenen Daten, werden nach Widerruf der Einwillingung unverz\u00fcglicg gel\u00f6scht, sofern keine andere Rechtsgrundlage f\u00fcr eine weitere Verarbeitung oder Speicherung der Daten besteht.<br\/>Daten die wir aufgrund unserer berechtigten Interessen verarbeiten, bewahren wir f\u00fcr den Zeitraum auf, der zur Erreichung des Verarbeitungszwecks erforderlich ist.<\/p>\n\n<p>WEBSITE:<br\/>Um das Surfen auf unseren Internetseiten zu erleichtern, verwenden wir Cookies. Cookies sind kleine Dateien, die Internetbrowser auf ihrem Computer speichern, wenn sie bestimmte Websites aufrufen, um zus\u00e4tzliche Funktionen dieser Seite zu erm\u00f6glichen. Die Betrachtung unserer Seiten ist auch ohne den Einsatz von Cookies m\u00f6glich, sofern Ihr Internetbrowser darauf eingestellt ist.  <\/p>\n\n<p>TEILUNG PERSONENBEZOGENER DATEN:<br\/>In bestimmten F\u00e4llen geben wir Ihre Daten an andere Empf\u00e4nger weiter:<br\/>\u2022 um bestimmte zus\u00e4tzliche externe Dienstleistungen zu buchen, die Sie unter Ihrem Namen bei uns buchen m\u00f6chten;<br\/>\u2022 an alle \u00fcbergeordneten staatlichen Stellen auf deren Verlangen, sofern hierzu eine gesetzliche Verpflichtung besteht ( Gericht, Finanzverwaltung, Ministerien,\u2026);<br\/>\u2022 mit IT-Dienstleistern mit denen wir Datenverarbeitungsvertr\u00e4ge abgeschlossen haben und deren Systeme wir in unserem Unternehmen nutzen: Milenij ( Empfangssystem zur Gesch\u00e4ftsverwaltung), Tecnes Milano ( Reservierungssystem), Erlebnishotel ( CRM-System).<\/p>\n\n<p>IHRE RECHTE BEZ\u00dcGLICH DER VERARBEITUNG PERSONENBEZOGENER DATEN:<br\/>Abh\u00e4ngig von der Rechtsgrundlage und der Art der Verarbeitung, k\u00f6nnen Sie folgende Rechte aus\u00fcben: <br\/>\u2022 das Recht auf Ihre personenbezogenen Daten zuzugreifen;<br\/>\u2022 das Recht, die Verarbeitung Ihrer personenbezogener Daten einzuschr\u00e4nken;<br\/>\u2022 das Recht, falsche Daten zu korrigieren;<br\/>\u2022 das Recht, unvollst\u00e4ndige Daten zu erg\u00e4nzen;<br\/>\u2022 das Recht, Daten zu l\u00f6schen (sofern wir keine gesetzliche Verpflichtung oder keinen berechtigten Grund haben, Ihre personenbezogenen Daten aufzubewahren);<br\/>\u2022 das Recht auf \u00dcbertragung an andere Dienstleister;<br\/>\u2022 das Recht, auf Widerruf der Einwillingung;<br\/>\u2022 das Recht auf Beschwerde (Sie k\u00f6nnen eine Beschwerde bei der Aufsichtsbeh\u00f6rde einreichen: Agentur f\u00fcr den Schutz personenbezogener Daten, Selska cesta 136, Zagreb, azop@azop.hr).<\/p>\n\n<p>Durch die Inanspruchname der Dienstleistungen des Gastronomieunternehmens Hotel \u201cVilla Dvor\u201c, erkl\u00e4ren Sie sich mit dem gesammten Inhalt der aktuellen Datenschutzerkl\u00e4rung einverstanden.<br\/>Das Gastronomieunternehmen Hotel \u201cVilla Dvor\u201c beh\u00e4lt sich das Recht vor, die Datenschutzrichtlinie zu \u00e4ndern und diese dann auf unserer Website zu ver\u00f6ffentlichen.<\/p>\n","protected":false},"excerpt":{"rendered":"<p>Das Gastsgewerbe Hotel \u201eVilla Dvor\u201c respektiert Ihre Privatsph\u00e4re. In diesem Dokument m\u00f6chten wir Ihnen klare und transparente Informationen dar\u00fcber geben, welche personenbezogenen Daten wir sammeln, wie wir sie verwenden und auf welcher Rechtsgrundlage wir die personenbezogenen Daten verarbeiten. VERARBEITUNGSLEITER:1) Der Verantwortliche f\u00fcr die Datenverarbeitung ist: Gastgewerbe Hotel\u201cVilla Dvor\u201c, Mosorska cesta 13, 21310 Omi\u0161, OIB: 317196612672) [&hellip;]<\/p>\n","protected":false},"author":1,"featured_media":0,"parent":0,"menu_order":0,"comment_status":"closed","ping_status":"closed","template":"","meta":{"footnotes":""},"class_list":["post-5599","page","type-page","status-publish","hentry"],"yoast_head":"<!-- This site is optimized with the Yoast SEO plugin v27.4 - https:\/\/yoast.com\/product\/yoast-seo-wordpress\/ -->\n<title>HOTEL VILLA DVOR - DATENSCHUTZBESTIMMUNGEN - Hotel Villa Dvor - Omis - Croatia<\/title>\n<meta name=\"robots\" content=\"index, follow, max-snippet:-1, max-image-preview:large, max-video-preview:-1\" \/>\n<link rel=\"canonical\" href=\"https:\/\/hotel-villadvor.hr\/de\/hotel-villa-dvor-datenschutzbestimmungen\/\" \/>\n<meta property=\"og:locale\" content=\"de_DE\" \/>\n<meta property=\"og:type\" content=\"article\" \/>\n<meta property=\"og:title\" content=\"HOTEL VILLA DVOR - DATENSCHUTZBESTIMMUNGEN - Hotel Villa Dvor - Omis - Croatia\" \/>\n<meta property=\"og:description\" content=\"Das Gastsgewerbe Hotel \u201eVilla Dvor\u201c respektiert Ihre Privatsph\u00e4re. In diesem Dokument m\u00f6chten wir Ihnen klare und transparente Informationen dar\u00fcber geben, welche personenbezogenen Daten wir sammeln, wie wir sie verwenden und auf welcher Rechtsgrundlage wir die personenbezogenen Daten verarbeiten. VERARBEITUNGSLEITER:1) Der Verantwortliche f\u00fcr die Datenverarbeitung ist: Gastgewerbe Hotel\u201cVilla Dvor\u201c, Mosorska cesta 13, 21310 Omi\u0161, OIB: 317196612672) [&hellip;]\" \/>\n<meta property=\"og:url\" content=\"https:\/\/hotel-villadvor.hr\/de\/hotel-villa-dvor-datenschutzbestimmungen\/\" \/>\n<meta property=\"og:site_name\" content=\"Hotel Villa Dvor - Omis - Croatia\" \/>\n<meta property=\"article:publisher\" content=\"https:\/\/www.facebook.com\/hotelvilladvor\" \/>\n<meta property=\"article:modified_time\" content=\"2026-01-04T14:50:22+00:00\" \/>\n<meta name=\"twitter:card\" content=\"summary_large_image\" \/>\n<meta name=\"twitter:label1\" content=\"Gesch\u00e4tzte Lesezeit\" \/>\n\t<meta name=\"twitter:data1\" content=\"6\u00a0Minuten\" \/>\n<script type=\"application\/ld+json\" class=\"yoast-schema-graph\">{\"@context\":\"https:\\\/\\\/schema.org\",\"@graph\":[{\"@type\":\"WebPage\",\"@id\":\"https:\\\/\\\/hotel-villadvor.hr\\\/de\\\/hotel-villa-dvor-datenschutzbestimmungen\\\/\",\"url\":\"https:\\\/\\\/hotel-villadvor.hr\\\/de\\\/hotel-villa-dvor-datenschutzbestimmungen\\\/\",\"name\":\"HOTEL VILLA DVOR - DATENSCHUTZBESTIMMUNGEN - Hotel Villa Dvor - Omis - Croatia\",\"isPartOf\":{\"@id\":\"https:\\\/\\\/hotel-villadvor.hr\\\/de\\\/#website\"},\"datePublished\":\"2025-12-05T16:29:04+00:00\",\"dateModified\":\"2026-01-04T14:50:22+00:00\",\"breadcrumb\":{\"@id\":\"https:\\\/\\\/hotel-villadvor.hr\\\/de\\\/hotel-villa-dvor-datenschutzbestimmungen\\\/#breadcrumb\"},\"inLanguage\":\"de\",\"potentialAction\":[{\"@type\":\"ReadAction\",\"target\":[\"https:\\\/\\\/hotel-villadvor.hr\\\/de\\\/hotel-villa-dvor-datenschutzbestimmungen\\\/\"]}]},{\"@type\":\"BreadcrumbList\",\"@id\":\"https:\\\/\\\/hotel-villadvor.hr\\\/de\\\/hotel-villa-dvor-datenschutzbestimmungen\\\/#breadcrumb\",\"itemListElement\":[{\"@type\":\"ListItem\",\"position\":1,\"name\":\"Home\",\"item\":\"https:\\\/\\\/hotel-villadvor.hr\\\/de\\\/\"},{\"@type\":\"ListItem\",\"position\":2,\"name\":\"HOTEL VILLA DVOR &#8211; DATENSCHUTZBESTIMMUNGEN\"}]},{\"@type\":\"WebSite\",\"@id\":\"https:\\\/\\\/hotel-villadvor.hr\\\/de\\\/#website\",\"url\":\"https:\\\/\\\/hotel-villadvor.hr\\\/de\\\/\",\"name\":\"Hotel Villa Dvor - Omis - Croatia\",\"description\":\"\",\"potentialAction\":[{\"@type\":\"SearchAction\",\"target\":{\"@type\":\"EntryPoint\",\"urlTemplate\":\"https:\\\/\\\/hotel-villadvor.hr\\\/de\\\/?s={search_term_string}\"},\"query-input\":{\"@type\":\"PropertyValueSpecification\",\"valueRequired\":true,\"valueName\":\"search_term_string\"}}],\"inLanguage\":\"de\"}]}<\/script>\n<!-- \/ Yoast SEO plugin. -->","yoast_head_json":{"title":"HOTEL VILLA DVOR - DATENSCHUTZBESTIMMUNGEN - Hotel Villa Dvor - Omis - Croatia","robots":{"index":"index","follow":"follow","max-snippet":"max-snippet:-1","max-image-preview":"max-image-preview:large","max-video-preview":"max-video-preview:-1"},"canonical":"https:\/\/hotel-villadvor.hr\/de\/hotel-villa-dvor-datenschutzbestimmungen\/","og_locale":"de_DE","og_type":"article","og_title":"HOTEL VILLA DVOR - DATENSCHUTZBESTIMMUNGEN - Hotel Villa Dvor - Omis - Croatia","og_description":"Das Gastsgewerbe Hotel \u201eVilla Dvor\u201c respektiert Ihre Privatsph\u00e4re. In diesem Dokument m\u00f6chten wir Ihnen klare und transparente Informationen dar\u00fcber geben, welche personenbezogenen Daten wir sammeln, wie wir sie verwenden und auf welcher Rechtsgrundlage wir die personenbezogenen Daten verarbeiten. VERARBEITUNGSLEITER:1) Der Verantwortliche f\u00fcr die Datenverarbeitung ist: Gastgewerbe Hotel\u201cVilla Dvor\u201c, Mosorska cesta 13, 21310 Omi\u0161, OIB: 317196612672) [&hellip;]","og_url":"https:\/\/hotel-villadvor.hr\/de\/hotel-villa-dvor-datenschutzbestimmungen\/","og_site_name":"Hotel Villa Dvor - Omis - Croatia","article_publisher":"https:\/\/www.facebook.com\/hotelvilladvor","article_modified_time":"2026-01-04T14:50:22+00:00","twitter_card":"summary_large_image","twitter_misc":{"Gesch\u00e4tzte Lesezeit":"6\u00a0Minuten"},"schema":{"@context":"https:\/\/schema.org","@graph":[{"@type":"WebPage","@id":"https:\/\/hotel-villadvor.hr\/de\/hotel-villa-dvor-datenschutzbestimmungen\/","url":"https:\/\/hotel-villadvor.hr\/de\/hotel-villa-dvor-datenschutzbestimmungen\/","name":"HOTEL VILLA DVOR - DATENSCHUTZBESTIMMUNGEN - Hotel Villa Dvor - Omis - Croatia","isPartOf":{"@id":"https:\/\/hotel-villadvor.hr\/de\/#website"},"datePublished":"2025-12-05T16:29:04+00:00","dateModified":"2026-01-04T14:50:22+00:00","breadcrumb":{"@id":"https:\/\/hotel-villadvor.hr\/de\/hotel-villa-dvor-datenschutzbestimmungen\/#breadcrumb"},"inLanguage":"de","potentialAction":[{"@type":"ReadAction","target":["https:\/\/hotel-villadvor.hr\/de\/hotel-villa-dvor-datenschutzbestimmungen\/"]}]},{"@type":"BreadcrumbList","@id":"https:\/\/hotel-villadvor.hr\/de\/hotel-villa-dvor-datenschutzbestimmungen\/#breadcrumb","itemListElement":[{"@type":"ListItem","position":1,"name":"Home","item":"https:\/\/hotel-villadvor.hr\/de\/"},{"@type":"ListItem","position":2,"name":"HOTEL VILLA DVOR &#8211; DATENSCHUTZBESTIMMUNGEN"}]},{"@type":"WebSite","@id":"https:\/\/hotel-villadvor.hr\/de\/#website","url":"https:\/\/hotel-villadvor.hr\/de\/","name":"Hotel Villa Dvor - Omis - Croatia","description":"","potentialAction":[{"@type":"SearchAction","target":{"@type":"EntryPoint","urlTemplate":"https:\/\/hotel-villadvor.hr\/de\/?s={search_term_string}"},"query-input":{"@type":"PropertyValueSpecification","valueRequired":true,"valueName":"search_term_string"}}],"inLanguage":"de"}]}},"_links":{"self":[{"href":"https:\/\/hotel-villadvor.hr\/de\/wp-json\/wp\/v2\/pages\/5599","targetHints":{"allow":["GET"]}}],"collection":[{"href":"https:\/\/hotel-villadvor.hr\/de\/wp-json\/wp\/v2\/pages"}],"about":[{"href":"https:\/\/hotel-villadvor.hr\/de\/wp-json\/wp\/v2\/types\/page"}],"author":[{"embeddable":true,"href":"https:\/\/hotel-villadvor.hr\/de\/wp-json\/wp\/v2\/users\/1"}],"replies":[{"embeddable":true,"href":"https:\/\/hotel-villadvor.hr\/de\/wp-json\/wp\/v2\/comments?post=5599"}],"version-history":[{"count":0,"href":"https:\/\/hotel-villadvor.hr\/de\/wp-json\/wp\/v2\/pages\/5599\/revisions"}],"wp:attachment":[{"href":"https:\/\/hotel-villadvor.hr\/de\/wp-json\/wp\/v2\/media?parent=5599"}],"curies":[{"name":"wp","href":"https:\/\/api.w.org\/{rel}","templated":true}]}}