{"id":5508,"date":"2025-12-15T10:43:05","date_gmt":"2025-12-15T10:43:05","guid":{"rendered":"https:\/\/hotel-villadvor.hr\/bienvenue-a-lhotel-villa-dvor-bike-hike\/"},"modified":"2026-01-09T10:45:46","modified_gmt":"2026-01-09T10:45:46","slug":"bienvenue-a-lhotel-villa-dvor-bike-hike","status":"publish","type":"page","link":"https:\/\/hotel-villadvor.hr\/fr\/bienvenue-a-lhotel-villa-dvor-bike-hike\/","title":{"rendered":"Bienvenue \u00e0 l&#8217;h\u00f4tel Villa Dvor Bike &amp; Hike"},"content":{"rendered":"\n<h2 class=\"wp-block-heading\">H\u00d4TEL RANDONN\u00c9E<\/h2>\n\n<p>Conqu\u00e9rez le magnifique paysage montagneux juste \u00e0 l&#8217;ext\u00e9rieur de l&#8217;h\u00f4tel Villa Dvor. Omi\u0161 et ses environs sont des destinations parfaites pour ceux qui aiment les vacances actives et la randonn\u00e9e, avec un r\u00e9seau de sentiers et de chemins facilement accessibles. Profitez d&#8217;un monde naturel diversifi\u00e9 et fascinant qui combine roche et eau, un m\u00e9lange unique de mer, rivi\u00e8re et montagne. Explorez le pittoresque canyon de la rivi\u00e8re Cetina et la majestueuse diversit\u00e9 des montagnes d\u2019Imber, Mosor et Dinara.<br\/>Par des sentiers cach\u00e9s, des escaliers en pierre et des chemins p\u00e9destres, vous pouvez voyager \u00e0 travers une riche histoire o\u00f9 le paysage inconnu raconte ses histoires secr\u00e8tes. D\u00e9couvrez et explorez de magnifiques endroits, respirez l&#8217;odeur de la nature et purifiez vos poumons avec de l\u2019air frais. Quelle que soit votre d\u00e9cision, une r\u00e9compense fantastique vous attend au sommet \u2013 une vue incroyable et de l\u2019air pur.      <br\/>Se promener pour le plaisir, une autre facette de votre s\u00e9jour \u00e0 l&#8217;h\u00f4tel Villa Dvor&#8230;<\/p>\n\n<p>Demandez une carte de randonn\u00e9e avec les sentiers balis\u00e9s \u00e0 la r\u00e9ception. Notre personnel se fera un plaisir de vous fournir des informations suppl\u00e9mentaires et des conseils sur les sentiers de randonn\u00e9e. <\/p>\n\n<p>Si vous le souhaitez, vous pouvez engager un guide priv\u00e9 de montagne. Pour plus d\u2019informations, veuillez contacter notre personnel \u00e0 la r\u00e9ception. <\/p>\n\n<figure class=\"wp-block-gallery has-nested-images columns-4 is-cropped wp-block-gallery-1 is-layout-flex wp-block-gallery-is-layout-flex\">\n<figure class=\"wp-block-image size-medium\"><img fetchpriority=\"high\" decoding=\"async\" width=\"300\" height=\"200\" data-id=\"4106\" src=\"https:\/\/hotel-villadvor.hr\/wp-content\/uploads\/3-5-300x200.jpg\" alt=\"\" class=\"wp-image-4106\" srcset=\"https:\/\/hotel-villadvor.hr\/wp-content\/uploads\/3-5-300x200.jpg 300w, https:\/\/hotel-villadvor.hr\/wp-content\/uploads\/3-5-1024x683.jpg 1024w, https:\/\/hotel-villadvor.hr\/wp-content\/uploads\/3-5-768x512.jpg 768w, https:\/\/hotel-villadvor.hr\/wp-content\/uploads\/3-5-80x53.jpg 80w, https:\/\/hotel-villadvor.hr\/wp-content\/uploads\/3-5-600x400.jpg 600w, https:\/\/hotel-villadvor.hr\/wp-content\/uploads\/3-5.jpg 1200w\" sizes=\"(max-width: 300px) 100vw, 300px\" \/><\/figure>\n\n\n\n<figure class=\"wp-block-image size-medium\"><img decoding=\"async\" width=\"300\" height=\"200\" data-id=\"4104\" src=\"https:\/\/hotel-villadvor.hr\/wp-content\/uploads\/1-5-300x200.jpg\" alt=\"\" class=\"wp-image-4104\" srcset=\"https:\/\/hotel-villadvor.hr\/wp-content\/uploads\/1-5-300x200.jpg 300w, https:\/\/hotel-villadvor.hr\/wp-content\/uploads\/1-5-1024x683.jpg 1024w, https:\/\/hotel-villadvor.hr\/wp-content\/uploads\/1-5-768x512.jpg 768w, https:\/\/hotel-villadvor.hr\/wp-content\/uploads\/1-5-80x53.jpg 80w, https:\/\/hotel-villadvor.hr\/wp-content\/uploads\/1-5-600x400.jpg 600w, https:\/\/hotel-villadvor.hr\/wp-content\/uploads\/1-5.jpg 1200w\" sizes=\"(max-width: 300px) 100vw, 300px\" \/><\/figure>\n\n\n\n<figure class=\"wp-block-image size-medium\"><img decoding=\"async\" width=\"300\" height=\"200\" data-id=\"4105\" src=\"https:\/\/hotel-villadvor.hr\/wp-content\/uploads\/2-5-300x200.jpg\" alt=\"\" class=\"wp-image-4105\" srcset=\"https:\/\/hotel-villadvor.hr\/wp-content\/uploads\/2-5-300x200.jpg 300w, https:\/\/hotel-villadvor.hr\/wp-content\/uploads\/2-5-1024x683.jpg 1024w, https:\/\/hotel-villadvor.hr\/wp-content\/uploads\/2-5-768x512.jpg 768w, https:\/\/hotel-villadvor.hr\/wp-content\/uploads\/2-5-80x53.jpg 80w, https:\/\/hotel-villadvor.hr\/wp-content\/uploads\/2-5-600x400.jpg 600w, https:\/\/hotel-villadvor.hr\/wp-content\/uploads\/2-5.jpg 1200w\" sizes=\"(max-width: 300px) 100vw, 300px\" \/><\/figure>\n\n\n\n<figure class=\"wp-block-image size-medium\"><img loading=\"lazy\" decoding=\"async\" width=\"300\" height=\"200\" data-id=\"4107\" src=\"https:\/\/hotel-villadvor.hr\/wp-content\/uploads\/8-3-300x200.jpg\" alt=\"\" class=\"wp-image-4107\" srcset=\"https:\/\/hotel-villadvor.hr\/wp-content\/uploads\/8-3-300x200.jpg 300w, https:\/\/hotel-villadvor.hr\/wp-content\/uploads\/8-3-1024x683.jpg 1024w, https:\/\/hotel-villadvor.hr\/wp-content\/uploads\/8-3-768x512.jpg 768w, https:\/\/hotel-villadvor.hr\/wp-content\/uploads\/8-3-80x53.jpg 80w, https:\/\/hotel-villadvor.hr\/wp-content\/uploads\/8-3-600x400.jpg 600w, https:\/\/hotel-villadvor.hr\/wp-content\/uploads\/8-3.jpg 1200w\" sizes=\"(max-width: 300px) 100vw, 300px\" \/><\/figure>\n<\/figure>\n\n<div style=\"height:61px\" aria-hidden=\"true\" class=\"wp-block-spacer\"><\/div>\n\n<h2 class=\"wp-block-heading\">H\u00d4TEL V\u00c9LO<\/h2>\n\n<p>L\u2019h\u00f4tel Villa Dvor est l\u2019un des premiers h\u00f4tels BIKE de la r\u00e9gion centrale de la Dalmatie, offrant une infrastructure compl\u00e8te pour les cyclistes r\u00e9cr\u00e9atifs mais aussi professionnels.<br\/>Fini les v\u00e9los sales, les interruptions pr\u00e9matur\u00e9es des vacances \u00e0 cause de pannes techniques ou le manque d\u2019informations sur les possibilit\u00e9s de cyclisme \u00e0 Omi\u0161 ! L\u2019h\u00f4tel Villa Dvor a mis en place toute l\u2019infrastructure n\u00e9cessaire pour faciliter votre s\u00e9jour si vous \u00eates \u00e0 la recherche de vacances parfaites \u00e0 deux roues.  <strong>Services offerts par l&#8217;H\u00f4tel Villa Dvor :<\/strong><\/p>\n\n<ul class=\"wp-block-list\">\n<li>Salle s\u00e9curis\u00e9e pour les v\u00e9los avec vid\u00e9o surveillance<\/li>\n\n\n\n<li>Kit d&#8217;outils pour r\u00e9parations (atelier pour r\u00e9parations simples de v\u00e9los)<\/li>\n\n\n\n<li>Lavage de v\u00e9los (lavage autonome disponible)<\/li>\n\n\n\n<li>Location de v\u00e9los \u2013 recommandations pour les fournisseurs locaux de location<\/li>\n\n\n\n<li>Carte de service v\u00e9lo (liste des num\u00e9ros de t\u00e9l\u00e9phone importants)<\/li>\n\n\n\n<li>Pack d\u00e9jeuner pour cyclistes<\/li>\n\n\n\n<li>Station de recharge pour v\u00e9los \u00e9lectriques<\/li>\n\n\n\n<li>Espace s\u00e9curis\u00e9 pour le stockage des bagages et de l&#8217;\u00e9quipement<\/li>\n\n\n\n<li>Transfert h\u00f4telier des personnes et des bagages<\/li>\n\n\n\n<li>Utilisation du jacuzzi (sans frais suppl\u00e9mentaires)<\/li>\n\n\n\n<li>Services de massage (avec suppl\u00e9ment)<\/li>\n\n\n\n<li>Internet Wi-Fi gratuit<\/li>\n\n\n\n<li>Pr\u00e9visions m\u00e9t\u00e9orologiques (mise \u00e0 jour quotidienne des pr\u00e9visions m\u00e9t\u00e9o)<\/li>\n\n\n\n<li>Installations sportives suppl\u00e9mentaires (autres offres sportives)<\/li>\n\n\n\n<li>Informations sur les itin\u00e9raires cyclistes possibles avec une carte de la r\u00e9gion locale<\/li>\n\n\n\n<li>Visites guid\u00e9es avec des guides locaux (avec suppl\u00e9ment)<\/li>\n<\/ul>\n\n<figure class=\"wp-block-gallery has-nested-images columns-4 is-cropped wp-block-gallery-2 is-layout-flex wp-block-gallery-is-layout-flex\">\n<figure class=\"wp-block-image size-medium\"><img loading=\"lazy\" decoding=\"async\" width=\"300\" height=\"200\" data-id=\"4099\" src=\"https:\/\/hotel-villadvor.hr\/wp-content\/uploads\/2-4-300x200.jpg\" alt=\"\" class=\"wp-image-4099\" srcset=\"https:\/\/hotel-villadvor.hr\/wp-content\/uploads\/2-4-300x200.jpg 300w, https:\/\/hotel-villadvor.hr\/wp-content\/uploads\/2-4-1024x683.jpg 1024w, https:\/\/hotel-villadvor.hr\/wp-content\/uploads\/2-4-768x512.jpg 768w, https:\/\/hotel-villadvor.hr\/wp-content\/uploads\/2-4-80x53.jpg 80w, https:\/\/hotel-villadvor.hr\/wp-content\/uploads\/2-4-600x400.jpg 600w, https:\/\/hotel-villadvor.hr\/wp-content\/uploads\/2-4.jpg 1200w\" sizes=\"(max-width: 300px) 100vw, 300px\" \/><\/figure>\n\n\n\n<figure class=\"wp-block-image size-medium\"><img loading=\"lazy\" decoding=\"async\" width=\"300\" height=\"200\" data-id=\"4100\" src=\"https:\/\/hotel-villadvor.hr\/wp-content\/uploads\/3-4-300x200.jpg\" alt=\"\" class=\"wp-image-4100\" srcset=\"https:\/\/hotel-villadvor.hr\/wp-content\/uploads\/3-4-300x200.jpg 300w, https:\/\/hotel-villadvor.hr\/wp-content\/uploads\/3-4-1024x683.jpg 1024w, https:\/\/hotel-villadvor.hr\/wp-content\/uploads\/3-4-768x512.jpg 768w, https:\/\/hotel-villadvor.hr\/wp-content\/uploads\/3-4-80x53.jpg 80w, https:\/\/hotel-villadvor.hr\/wp-content\/uploads\/3-4-600x400.jpg 600w, https:\/\/hotel-villadvor.hr\/wp-content\/uploads\/3-4.jpg 1200w\" sizes=\"(max-width: 300px) 100vw, 300px\" \/><\/figure>\n\n\n\n<figure class=\"wp-block-image size-medium\"><img loading=\"lazy\" decoding=\"async\" width=\"300\" height=\"200\" data-id=\"4101\" src=\"https:\/\/hotel-villadvor.hr\/wp-content\/uploads\/10-3-300x200.jpg\" alt=\"\" class=\"wp-image-4101\" srcset=\"https:\/\/hotel-villadvor.hr\/wp-content\/uploads\/10-3-300x200.jpg 300w, https:\/\/hotel-villadvor.hr\/wp-content\/uploads\/10-3-1024x683.jpg 1024w, https:\/\/hotel-villadvor.hr\/wp-content\/uploads\/10-3-768x512.jpg 768w, https:\/\/hotel-villadvor.hr\/wp-content\/uploads\/10-3-80x53.jpg 80w, https:\/\/hotel-villadvor.hr\/wp-content\/uploads\/10-3-600x400.jpg 600w, https:\/\/hotel-villadvor.hr\/wp-content\/uploads\/10-3.jpg 1200w\" sizes=\"(max-width: 300px) 100vw, 300px\" \/><\/figure>\n\n\n\n<figure class=\"wp-block-image size-medium\"><img loading=\"lazy\" decoding=\"async\" width=\"300\" height=\"200\" data-id=\"4098\" src=\"https:\/\/hotel-villadvor.hr\/wp-content\/uploads\/1-4-300x200.jpg\" alt=\"\" class=\"wp-image-4098\" srcset=\"https:\/\/hotel-villadvor.hr\/wp-content\/uploads\/1-4-300x200.jpg 300w, https:\/\/hotel-villadvor.hr\/wp-content\/uploads\/1-4-1024x683.jpg 1024w, https:\/\/hotel-villadvor.hr\/wp-content\/uploads\/1-4-768x512.jpg 768w, https:\/\/hotel-villadvor.hr\/wp-content\/uploads\/1-4-80x53.jpg 80w, https:\/\/hotel-villadvor.hr\/wp-content\/uploads\/1-4-600x400.jpg 600w, https:\/\/hotel-villadvor.hr\/wp-content\/uploads\/1-4.jpg 1200w\" sizes=\"(max-width: 300px) 100vw, 300px\" \/><\/figure>\n<\/figure>\n\n<p><\/p>\n","protected":false},"excerpt":{"rendered":"<p>H\u00d4TEL RANDONN\u00c9E Conqu\u00e9rez le magnifique paysage montagneux juste \u00e0 l&#8217;ext\u00e9rieur de l&#8217;h\u00f4tel Villa Dvor. Omi\u0161 et ses environs sont des destinations parfaites pour ceux qui aiment les vacances actives et la randonn\u00e9e, avec un r\u00e9seau de sentiers et de chemins facilement accessibles. Profitez d&#8217;un monde naturel diversifi\u00e9 et fascinant qui combine roche et eau, un [&hellip;]<\/p>\n","protected":false},"author":1,"featured_media":0,"parent":0,"menu_order":0,"comment_status":"closed","ping_status":"closed","template":"","meta":{"footnotes":""},"class_list":["post-5508","page","type-page","status-publish","hentry"],"yoast_head":"<!-- This site is optimized with the Yoast SEO plugin v27.4 - https:\/\/yoast.com\/product\/yoast-seo-wordpress\/ -->\n<title>Bienvenue \u00e0 l&#039;h\u00f4tel Villa Dvor Bike &amp; Hike - Hotel Villa Dvor - Omis - Croatia<\/title>\n<meta name=\"description\" content=\"L&#039;H\u00f4tel Villa Dvor est un h\u00f4tel certifi\u00e9 pour les cyclistes et un point de d\u00e9part id\u00e9al pour explorer les nombreux sentiers de montagne d&#039;Omi\u0161. R\u00e9servez vos vacances actives !\" \/>\n<meta name=\"robots\" content=\"index, follow, max-snippet:-1, max-image-preview:large, max-video-preview:-1\" \/>\n<link rel=\"canonical\" href=\"https:\/\/hotel-villadvor.hr\/fr\/bienvenue-a-lhotel-villa-dvor-bike-hike\/\" \/>\n<meta property=\"og:locale\" content=\"fr_FR\" \/>\n<meta property=\"og:type\" content=\"article\" \/>\n<meta property=\"og:title\" content=\"Bienvenue \u00e0 l&#039;h\u00f4tel Villa Dvor Bike &amp; Hike - Hotel Villa Dvor - Omis - Croatia\" \/>\n<meta property=\"og:description\" content=\"L&#039;H\u00f4tel Villa Dvor est un h\u00f4tel certifi\u00e9 pour les cyclistes et un point de d\u00e9part id\u00e9al pour explorer les nombreux sentiers de montagne d&#039;Omi\u0161. R\u00e9servez vos vacances actives !\" \/>\n<meta property=\"og:url\" content=\"https:\/\/hotel-villadvor.hr\/fr\/bienvenue-a-lhotel-villa-dvor-bike-hike\/\" \/>\n<meta property=\"og:site_name\" content=\"Hotel Villa Dvor - Omis - Croatia\" \/>\n<meta property=\"article:publisher\" content=\"https:\/\/www.facebook.com\/hotelvilladvor\" \/>\n<meta property=\"article:modified_time\" content=\"2026-01-09T10:45:46+00:00\" \/>\n<meta property=\"og:image\" content=\"https:\/\/hotel-villadvor.hr\/wp-content\/uploads\/1-5-300x200.jpg\" \/>\n<meta name=\"twitter:card\" content=\"summary_large_image\" \/>\n<meta name=\"twitter:label1\" content=\"Dur\u00e9e de lecture estim\u00e9e\" \/>\n\t<meta name=\"twitter:data1\" content=\"4 minutes\" \/>\n<script type=\"application\/ld+json\" class=\"yoast-schema-graph\">{\"@context\":\"https:\\\/\\\/schema.org\",\"@graph\":[{\"@type\":\"WebPage\",\"@id\":\"https:\\\/\\\/hotel-villadvor.hr\\\/fr\\\/bienvenue-a-lhotel-villa-dvor-bike-hike\\\/\",\"url\":\"https:\\\/\\\/hotel-villadvor.hr\\\/fr\\\/bienvenue-a-lhotel-villa-dvor-bike-hike\\\/\",\"name\":\"Bienvenue \u00e0 l'h\u00f4tel Villa Dvor Bike &amp; Hike - Hotel Villa Dvor - Omis - Croatia\",\"isPartOf\":{\"@id\":\"https:\\\/\\\/hotel-villadvor.hr\\\/fr\\\/#website\"},\"primaryImageOfPage\":{\"@id\":\"https:\\\/\\\/hotel-villadvor.hr\\\/fr\\\/bienvenue-a-lhotel-villa-dvor-bike-hike\\\/#primaryimage\"},\"image\":{\"@id\":\"https:\\\/\\\/hotel-villadvor.hr\\\/fr\\\/bienvenue-a-lhotel-villa-dvor-bike-hike\\\/#primaryimage\"},\"thumbnailUrl\":\"https:\\\/\\\/hotel-villadvor.hr\\\/wp-content\\\/uploads\\\/1-5-300x200.jpg\",\"datePublished\":\"2025-12-15T10:43:05+00:00\",\"dateModified\":\"2026-01-09T10:45:46+00:00\",\"description\":\"L'H\u00f4tel Villa Dvor est un h\u00f4tel certifi\u00e9 pour les cyclistes et un point de d\u00e9part id\u00e9al pour explorer les nombreux sentiers de montagne d'Omi\u0161. R\u00e9servez vos vacances actives !\",\"breadcrumb\":{\"@id\":\"https:\\\/\\\/hotel-villadvor.hr\\\/fr\\\/bienvenue-a-lhotel-villa-dvor-bike-hike\\\/#breadcrumb\"},\"inLanguage\":\"fr-FR\",\"potentialAction\":[{\"@type\":\"ReadAction\",\"target\":[\"https:\\\/\\\/hotel-villadvor.hr\\\/fr\\\/bienvenue-a-lhotel-villa-dvor-bike-hike\\\/\"]}]},{\"@type\":\"ImageObject\",\"inLanguage\":\"fr-FR\",\"@id\":\"https:\\\/\\\/hotel-villadvor.hr\\\/fr\\\/bienvenue-a-lhotel-villa-dvor-bike-hike\\\/#primaryimage\",\"url\":\"https:\\\/\\\/hotel-villadvor.hr\\\/wp-content\\\/uploads\\\/1-5-300x200.jpg\",\"contentUrl\":\"https:\\\/\\\/hotel-villadvor.hr\\\/wp-content\\\/uploads\\\/1-5-300x200.jpg\"},{\"@type\":\"BreadcrumbList\",\"@id\":\"https:\\\/\\\/hotel-villadvor.hr\\\/fr\\\/bienvenue-a-lhotel-villa-dvor-bike-hike\\\/#breadcrumb\",\"itemListElement\":[{\"@type\":\"ListItem\",\"position\":1,\"name\":\"Home\",\"item\":\"https:\\\/\\\/hotel-villadvor.hr\\\/fr\\\/\"},{\"@type\":\"ListItem\",\"position\":2,\"name\":\"Bienvenue \u00e0 l&#8217;h\u00f4tel Villa Dvor Bike &amp; Hike\"}]},{\"@type\":\"WebSite\",\"@id\":\"https:\\\/\\\/hotel-villadvor.hr\\\/fr\\\/#website\",\"url\":\"https:\\\/\\\/hotel-villadvor.hr\\\/fr\\\/\",\"name\":\"Hotel Villa Dvor - Omis - Croatia\",\"description\":\"\",\"potentialAction\":[{\"@type\":\"SearchAction\",\"target\":{\"@type\":\"EntryPoint\",\"urlTemplate\":\"https:\\\/\\\/hotel-villadvor.hr\\\/fr\\\/?s={search_term_string}\"},\"query-input\":{\"@type\":\"PropertyValueSpecification\",\"valueRequired\":true,\"valueName\":\"search_term_string\"}}],\"inLanguage\":\"fr-FR\"}]}<\/script>\n<!-- \/ Yoast SEO plugin. -->","yoast_head_json":{"title":"Bienvenue \u00e0 l'h\u00f4tel Villa Dvor Bike &amp; Hike - Hotel Villa Dvor - Omis - Croatia","description":"L'H\u00f4tel Villa Dvor est un h\u00f4tel certifi\u00e9 pour les cyclistes et un point de d\u00e9part id\u00e9al pour explorer les nombreux sentiers de montagne d'Omi\u0161. R\u00e9servez vos vacances actives !","robots":{"index":"index","follow":"follow","max-snippet":"max-snippet:-1","max-image-preview":"max-image-preview:large","max-video-preview":"max-video-preview:-1"},"canonical":"https:\/\/hotel-villadvor.hr\/fr\/bienvenue-a-lhotel-villa-dvor-bike-hike\/","og_locale":"fr_FR","og_type":"article","og_title":"Bienvenue \u00e0 l'h\u00f4tel Villa Dvor Bike &amp; Hike - Hotel Villa Dvor - Omis - Croatia","og_description":"L'H\u00f4tel Villa Dvor est un h\u00f4tel certifi\u00e9 pour les cyclistes et un point de d\u00e9part id\u00e9al pour explorer les nombreux sentiers de montagne d'Omi\u0161. R\u00e9servez vos vacances actives !","og_url":"https:\/\/hotel-villadvor.hr\/fr\/bienvenue-a-lhotel-villa-dvor-bike-hike\/","og_site_name":"Hotel Villa Dvor - Omis - Croatia","article_publisher":"https:\/\/www.facebook.com\/hotelvilladvor","article_modified_time":"2026-01-09T10:45:46+00:00","og_image":[{"url":"https:\/\/hotel-villadvor.hr\/wp-content\/uploads\/1-5-300x200.jpg","type":"","width":"","height":""}],"twitter_card":"summary_large_image","twitter_misc":{"Dur\u00e9e de lecture estim\u00e9e":"4 minutes"},"schema":{"@context":"https:\/\/schema.org","@graph":[{"@type":"WebPage","@id":"https:\/\/hotel-villadvor.hr\/fr\/bienvenue-a-lhotel-villa-dvor-bike-hike\/","url":"https:\/\/hotel-villadvor.hr\/fr\/bienvenue-a-lhotel-villa-dvor-bike-hike\/","name":"Bienvenue \u00e0 l'h\u00f4tel Villa Dvor Bike &amp; Hike - Hotel Villa Dvor - Omis - Croatia","isPartOf":{"@id":"https:\/\/hotel-villadvor.hr\/fr\/#website"},"primaryImageOfPage":{"@id":"https:\/\/hotel-villadvor.hr\/fr\/bienvenue-a-lhotel-villa-dvor-bike-hike\/#primaryimage"},"image":{"@id":"https:\/\/hotel-villadvor.hr\/fr\/bienvenue-a-lhotel-villa-dvor-bike-hike\/#primaryimage"},"thumbnailUrl":"https:\/\/hotel-villadvor.hr\/wp-content\/uploads\/1-5-300x200.jpg","datePublished":"2025-12-15T10:43:05+00:00","dateModified":"2026-01-09T10:45:46+00:00","description":"L'H\u00f4tel Villa Dvor est un h\u00f4tel certifi\u00e9 pour les cyclistes et un point de d\u00e9part id\u00e9al pour explorer les nombreux sentiers de montagne d'Omi\u0161. R\u00e9servez vos vacances actives !","breadcrumb":{"@id":"https:\/\/hotel-villadvor.hr\/fr\/bienvenue-a-lhotel-villa-dvor-bike-hike\/#breadcrumb"},"inLanguage":"fr-FR","potentialAction":[{"@type":"ReadAction","target":["https:\/\/hotel-villadvor.hr\/fr\/bienvenue-a-lhotel-villa-dvor-bike-hike\/"]}]},{"@type":"ImageObject","inLanguage":"fr-FR","@id":"https:\/\/hotel-villadvor.hr\/fr\/bienvenue-a-lhotel-villa-dvor-bike-hike\/#primaryimage","url":"https:\/\/hotel-villadvor.hr\/wp-content\/uploads\/1-5-300x200.jpg","contentUrl":"https:\/\/hotel-villadvor.hr\/wp-content\/uploads\/1-5-300x200.jpg"},{"@type":"BreadcrumbList","@id":"https:\/\/hotel-villadvor.hr\/fr\/bienvenue-a-lhotel-villa-dvor-bike-hike\/#breadcrumb","itemListElement":[{"@type":"ListItem","position":1,"name":"Home","item":"https:\/\/hotel-villadvor.hr\/fr\/"},{"@type":"ListItem","position":2,"name":"Bienvenue \u00e0 l&#8217;h\u00f4tel Villa Dvor Bike &amp; Hike"}]},{"@type":"WebSite","@id":"https:\/\/hotel-villadvor.hr\/fr\/#website","url":"https:\/\/hotel-villadvor.hr\/fr\/","name":"Hotel Villa Dvor - Omis - Croatia","description":"","potentialAction":[{"@type":"SearchAction","target":{"@type":"EntryPoint","urlTemplate":"https:\/\/hotel-villadvor.hr\/fr\/?s={search_term_string}"},"query-input":{"@type":"PropertyValueSpecification","valueRequired":true,"valueName":"search_term_string"}}],"inLanguage":"fr-FR"}]}},"_links":{"self":[{"href":"https:\/\/hotel-villadvor.hr\/fr\/wp-json\/wp\/v2\/pages\/5508","targetHints":{"allow":["GET"]}}],"collection":[{"href":"https:\/\/hotel-villadvor.hr\/fr\/wp-json\/wp\/v2\/pages"}],"about":[{"href":"https:\/\/hotel-villadvor.hr\/fr\/wp-json\/wp\/v2\/types\/page"}],"author":[{"embeddable":true,"href":"https:\/\/hotel-villadvor.hr\/fr\/wp-json\/wp\/v2\/users\/1"}],"replies":[{"embeddable":true,"href":"https:\/\/hotel-villadvor.hr\/fr\/wp-json\/wp\/v2\/comments?post=5508"}],"version-history":[{"count":0,"href":"https:\/\/hotel-villadvor.hr\/fr\/wp-json\/wp\/v2\/pages\/5508\/revisions"}],"wp:attachment":[{"href":"https:\/\/hotel-villadvor.hr\/fr\/wp-json\/wp\/v2\/media?parent=5508"}],"curies":[{"name":"wp","href":"https:\/\/api.w.org\/{rel}","templated":true}]}}