{"id":5573,"date":"2025-12-05T16:45:11","date_gmt":"2025-12-05T16:45:11","guid":{"rendered":"https:\/\/hotel-villadvor.hr\/garantie-du-meilleur-prix-et-programme-de-fidelite\/"},"modified":"2026-01-09T10:21:17","modified_gmt":"2026-01-09T10:21:17","slug":"garantie-du-meilleur-prix-et-programme-de-fidelite","status":"publish","type":"page","link":"https:\/\/hotel-villadvor.hr\/fr\/garantie-du-meilleur-prix-et-programme-de-fidelite\/","title":{"rendered":"Garantie du meilleur prix et programme de fid\u00e9lit\u00e9"},"content":{"rendered":"\n<h4 class=\"wp-block-heading\">H\u00f4tel Villa Dvor &#8211; Garantie du meilleur prix<\/h4>\n\n<p>\u00c0 la Villa Dvor, nous souhaitons que vous r\u00e9serviez en toute s\u00e9r\u00e9nit\u00e9. C&#8217;est pourquoi nous vous garantissons le prix le plus bas disponible en ligne. Si vous trouvez un prix inf\u00e9rieur \u00e0 celui propos\u00e9 directement par l&#8217;h\u00f4tel ou son service de r\u00e9servation en ligne (y compris les r\u00e9ductions fid\u00e9lit\u00e9), sur une plateforme de r\u00e9servation tierce, avant de r\u00e9server ou dans les 24 heures suivant la confirmation de votre r\u00e9servation aupr\u00e8s de l&#8217;h\u00f4tel, veuillez nous envoyer une preuve (une capture d&#8217;\u00e9cran de l&#8217;offre plus avantageuse avec le lien du site web o\u00f9 vous l&#8217;avez trouv\u00e9e) \u00e0 l&#8217;adresse e-mail info@hotel-villadvor.hr avec pour objet : \u00ab Garantie Meilleurs Prix \u00bb. Nous examinerons votre demande et vous contacterons sous 24 heures. Si votre r\u00e9clamation est justifi\u00e9e, l&#8217;h\u00f4tel s&#8217;alignera sur le prix initial et vous accordera une r\u00e9duction suppl\u00e9mentaire de 5 %.   <\/p>\n\n<p>Condition : Le prix le plus bas indiqu\u00e9 doit \u00eatre valable pour le m\u00eame h\u00f4tel, aux m\u00eames dates, pour le m\u00eame type de chambre, selon les m\u00eames conditions de vente et pour le m\u00eame service.<\/p>\n\n<p>Les tarifs suivants sont exclus de la garantie du meilleur prix :<br\/>&#8211; prix n\u00e9goci\u00e9s pour les groupes<br\/>&#8211; prix obtenus par ench\u00e8res ou proc\u00e9dures similaires<br\/>&#8211; campagnes publicitaires<br\/>&#8211; offres sp\u00e9ciales<br\/>&#8211; prix non publics<\/p>\n\n<h4 class=\"wp-block-heading\" id=\"loaylty\">Programme de fid\u00e9lit\u00e9<\/h4>\n\n<p>Devenez membre de notre programme de fid\u00e9lit\u00e9 et b\u00e9n\u00e9ficiez d&#8217;avantages sur les services r\u00e9serv\u00e9s \u00e0 l&#8217;h\u00f4tel Villa Dvor.<\/p>\n\n<p>Comment devenir membre de notre programme de fid\u00e9lit\u00e9 :<br\/>1. Si vous avez d\u00e9j\u00e0 s\u00e9journ\u00e9 chez nous au moins une nuit, que ce soit par r\u00e9servation directe, sans r\u00e9servation ou via une agence, veuillez nous contacter \u00e0 l\u2019adresse info@hotel-villadvor.hr afin que nous puissions vous ajouter \u00e0 notre liste de membres et vous permettre de b\u00e9n\u00e9ficier imm\u00e9diatement des avantages de notre programme de fid\u00e9lit\u00e9.  <\/p>\n\n<p>  2. If you are making your first reservation at our hotel, after your stay and check-out, you will automatically be on our loyalty members&#8217; list and receive all necessary information on how to make future reservations with your loyalty benefits and discounts<\/p>\n\n<p>Si vous effectuez votre premi\u00e8re r\u00e9servation dans notre h\u00f4tel, apr\u00e8s votre s\u00e9jour et votre d\u00e9part, vous serez automatiquement inscrit \u00e0 notre programme de fid\u00e9lit\u00e9 et recevrez toutes les informations n\u00e9cessaires pour effectuer vos prochaines r\u00e9servations en b\u00e9n\u00e9ficiant de vos avantages et r\u00e9ductions fid\u00e9lit\u00e9.  <\/p>\n\n<p><strong>PROGRAMME DE FID\u00c9LIT\u00c9 H\u00d4TEL VILLA DVOR<\/strong><\/p>\n\n<figure class=\"wp-block-table\"><table class=\"has-fixed-layout\"><tbody><tr><td><strong>Conditions<\/strong><\/td><td><strong>Premier s\u00e9jour<\/strong><\/td><td><strong>Deuxi\u00e8me s\u00e9jour et tous les autres s\u00e9jours<\/strong><\/td><\/tr><tr><td>8 % de r\u00e9duction sur votre r\u00e9servation*<\/td><td><\/td><td>OUI<\/td><\/tr><tr><td>5 % de r\u00e9duction sur les forfaits h\u00f4teliers*<\/td><td><\/td><td>OUI<\/td><\/tr><tr><td>Date limite de la politique d&#8217;annulation gratuite<\/td><td>5 jours avant l&#8217;arriv\u00e9e<\/td><td>5 jours avant l&#8217;arriv\u00e9e<\/td><\/tr><tr><td>Montant de l&#8217;annulation apr\u00e8s la date limite gratuite<\/td><td>70 % du montant total de votre r\u00e9servation<\/td><td>70 % du montant total de votre r\u00e9servation<\/td><\/tr><tr><td>Priorit\u00e9 sur la liste d&#8217;attente<\/td><td><\/td><td>OUI<\/td><\/tr><tr><td>Offres exclusives r\u00e9serv\u00e9es aux membres<\/td><td><\/td><td>OUI<\/td><\/tr><tr><td>Possibilit\u00e9 de r\u00e9server votre chambre pr\u00e9f\u00e9r\u00e9e**<\/td><td><\/td><td>OUI<\/td><\/tr><\/tbody><\/table><\/figure>\n\n<p>* Tarifs Bed &amp; Breakfast<br\/>** Sous r\u00e9serve de disponibilit\u00e9<\/p>\n\n<p>Merci!<br\/>Famille \u0106urlin<\/p>\n","protected":false},"excerpt":{"rendered":"<p>H\u00f4tel Villa Dvor &#8211; Garantie du meilleur prix \u00c0 la Villa Dvor, nous souhaitons que vous r\u00e9serviez en toute s\u00e9r\u00e9nit\u00e9. C&#8217;est pourquoi nous vous garantissons le prix le plus bas disponible en ligne. Si vous trouvez un prix inf\u00e9rieur \u00e0 celui propos\u00e9 directement par l&#8217;h\u00f4tel ou son service de r\u00e9servation en ligne (y compris les [&hellip;]<\/p>\n","protected":false},"author":1,"featured_media":0,"parent":0,"menu_order":0,"comment_status":"closed","ping_status":"closed","template":"","meta":{"footnotes":""},"class_list":["post-5573","page","type-page","status-publish","hentry"],"yoast_head":"<!-- This site is optimized with the Yoast SEO plugin v27.4 - https:\/\/yoast.com\/product\/yoast-seo-wordpress\/ -->\n<title>Garantie du meilleur prix et programme de fid\u00e9lit\u00e9 - Hotel Villa Dvor - Omis - Croatia<\/title>\n<meta name=\"description\" content=\"R\u00e9servez directement aupr\u00e8s de l&#039;H\u00f4tel Villa Dvor pour b\u00e9n\u00e9ficier de notre Garantie du Meilleur Prix et acc\u00e9der aux avantages de notre Programme de Fid\u00e9lit\u00e9. Profitez du tarif le plus bas pour votre chambre d&#039;h\u00f4tel\u00a0!\" \/>\n<meta name=\"robots\" content=\"index, follow, max-snippet:-1, max-image-preview:large, max-video-preview:-1\" \/>\n<link rel=\"canonical\" href=\"https:\/\/hotel-villadvor.hr\/fr\/garantie-du-meilleur-prix-et-programme-de-fidelite\/\" \/>\n<meta property=\"og:locale\" content=\"fr_FR\" \/>\n<meta property=\"og:type\" content=\"article\" \/>\n<meta property=\"og:title\" content=\"Garantie du meilleur prix et programme de fid\u00e9lit\u00e9 - Hotel Villa Dvor - Omis - Croatia\" \/>\n<meta property=\"og:description\" content=\"R\u00e9servez directement aupr\u00e8s de l&#039;H\u00f4tel Villa Dvor pour b\u00e9n\u00e9ficier de notre Garantie du Meilleur Prix et acc\u00e9der aux avantages de notre Programme de Fid\u00e9lit\u00e9. Profitez du tarif le plus bas pour votre chambre d&#039;h\u00f4tel\u00a0!\" \/>\n<meta property=\"og:url\" content=\"https:\/\/hotel-villadvor.hr\/fr\/garantie-du-meilleur-prix-et-programme-de-fidelite\/\" \/>\n<meta property=\"og:site_name\" content=\"Hotel Villa Dvor - Omis - Croatia\" \/>\n<meta property=\"article:publisher\" content=\"https:\/\/www.facebook.com\/hotelvilladvor\" \/>\n<meta property=\"article:modified_time\" content=\"2026-01-09T10:21:17+00:00\" \/>\n<meta name=\"twitter:card\" content=\"summary_large_image\" \/>\n<meta name=\"twitter:label1\" content=\"Dur\u00e9e de lecture estim\u00e9e\" \/>\n\t<meta name=\"twitter:data1\" content=\"3 minutes\" \/>\n<script type=\"application\/ld+json\" class=\"yoast-schema-graph\">{\"@context\":\"https:\\\/\\\/schema.org\",\"@graph\":[{\"@type\":\"WebPage\",\"@id\":\"https:\\\/\\\/hotel-villadvor.hr\\\/fr\\\/garantie-du-meilleur-prix-et-programme-de-fidelite\\\/\",\"url\":\"https:\\\/\\\/hotel-villadvor.hr\\\/fr\\\/garantie-du-meilleur-prix-et-programme-de-fidelite\\\/\",\"name\":\"Garantie du meilleur prix et programme de fid\u00e9lit\u00e9 - Hotel Villa Dvor - Omis - Croatia\",\"isPartOf\":{\"@id\":\"https:\\\/\\\/hotel-villadvor.hr\\\/fr\\\/#website\"},\"datePublished\":\"2025-12-05T16:45:11+00:00\",\"dateModified\":\"2026-01-09T10:21:17+00:00\",\"description\":\"R\u00e9servez directement aupr\u00e8s de l'H\u00f4tel Villa Dvor pour b\u00e9n\u00e9ficier de notre Garantie du Meilleur Prix et acc\u00e9der aux avantages de notre Programme de Fid\u00e9lit\u00e9. Profitez du tarif le plus bas pour votre chambre d'h\u00f4tel\u00a0!\",\"breadcrumb\":{\"@id\":\"https:\\\/\\\/hotel-villadvor.hr\\\/fr\\\/garantie-du-meilleur-prix-et-programme-de-fidelite\\\/#breadcrumb\"},\"inLanguage\":\"fr-FR\",\"potentialAction\":[{\"@type\":\"ReadAction\",\"target\":[\"https:\\\/\\\/hotel-villadvor.hr\\\/fr\\\/garantie-du-meilleur-prix-et-programme-de-fidelite\\\/\"]}]},{\"@type\":\"BreadcrumbList\",\"@id\":\"https:\\\/\\\/hotel-villadvor.hr\\\/fr\\\/garantie-du-meilleur-prix-et-programme-de-fidelite\\\/#breadcrumb\",\"itemListElement\":[{\"@type\":\"ListItem\",\"position\":1,\"name\":\"Home\",\"item\":\"https:\\\/\\\/hotel-villadvor.hr\\\/fr\\\/\"},{\"@type\":\"ListItem\",\"position\":2,\"name\":\"Garantie du meilleur prix et programme de fid\u00e9lit\u00e9\"}]},{\"@type\":\"WebSite\",\"@id\":\"https:\\\/\\\/hotel-villadvor.hr\\\/fr\\\/#website\",\"url\":\"https:\\\/\\\/hotel-villadvor.hr\\\/fr\\\/\",\"name\":\"Hotel Villa Dvor - Omis - Croatia\",\"description\":\"\",\"potentialAction\":[{\"@type\":\"SearchAction\",\"target\":{\"@type\":\"EntryPoint\",\"urlTemplate\":\"https:\\\/\\\/hotel-villadvor.hr\\\/fr\\\/?s={search_term_string}\"},\"query-input\":{\"@type\":\"PropertyValueSpecification\",\"valueRequired\":true,\"valueName\":\"search_term_string\"}}],\"inLanguage\":\"fr-FR\"}]}<\/script>\n<!-- \/ Yoast SEO plugin. -->","yoast_head_json":{"title":"Garantie du meilleur prix et programme de fid\u00e9lit\u00e9 - Hotel Villa Dvor - Omis - Croatia","description":"R\u00e9servez directement aupr\u00e8s de l'H\u00f4tel Villa Dvor pour b\u00e9n\u00e9ficier de notre Garantie du Meilleur Prix et acc\u00e9der aux avantages de notre Programme de Fid\u00e9lit\u00e9. Profitez du tarif le plus bas pour votre chambre d'h\u00f4tel\u00a0!","robots":{"index":"index","follow":"follow","max-snippet":"max-snippet:-1","max-image-preview":"max-image-preview:large","max-video-preview":"max-video-preview:-1"},"canonical":"https:\/\/hotel-villadvor.hr\/fr\/garantie-du-meilleur-prix-et-programme-de-fidelite\/","og_locale":"fr_FR","og_type":"article","og_title":"Garantie du meilleur prix et programme de fid\u00e9lit\u00e9 - Hotel Villa Dvor - Omis - Croatia","og_description":"R\u00e9servez directement aupr\u00e8s de l'H\u00f4tel Villa Dvor pour b\u00e9n\u00e9ficier de notre Garantie du Meilleur Prix et acc\u00e9der aux avantages de notre Programme de Fid\u00e9lit\u00e9. Profitez du tarif le plus bas pour votre chambre d'h\u00f4tel\u00a0!","og_url":"https:\/\/hotel-villadvor.hr\/fr\/garantie-du-meilleur-prix-et-programme-de-fidelite\/","og_site_name":"Hotel Villa Dvor - Omis - Croatia","article_publisher":"https:\/\/www.facebook.com\/hotelvilladvor","article_modified_time":"2026-01-09T10:21:17+00:00","twitter_card":"summary_large_image","twitter_misc":{"Dur\u00e9e de lecture estim\u00e9e":"3 minutes"},"schema":{"@context":"https:\/\/schema.org","@graph":[{"@type":"WebPage","@id":"https:\/\/hotel-villadvor.hr\/fr\/garantie-du-meilleur-prix-et-programme-de-fidelite\/","url":"https:\/\/hotel-villadvor.hr\/fr\/garantie-du-meilleur-prix-et-programme-de-fidelite\/","name":"Garantie du meilleur prix et programme de fid\u00e9lit\u00e9 - Hotel Villa Dvor - Omis - Croatia","isPartOf":{"@id":"https:\/\/hotel-villadvor.hr\/fr\/#website"},"datePublished":"2025-12-05T16:45:11+00:00","dateModified":"2026-01-09T10:21:17+00:00","description":"R\u00e9servez directement aupr\u00e8s de l'H\u00f4tel Villa Dvor pour b\u00e9n\u00e9ficier de notre Garantie du Meilleur Prix et acc\u00e9der aux avantages de notre Programme de Fid\u00e9lit\u00e9. Profitez du tarif le plus bas pour votre chambre d'h\u00f4tel\u00a0!","breadcrumb":{"@id":"https:\/\/hotel-villadvor.hr\/fr\/garantie-du-meilleur-prix-et-programme-de-fidelite\/#breadcrumb"},"inLanguage":"fr-FR","potentialAction":[{"@type":"ReadAction","target":["https:\/\/hotel-villadvor.hr\/fr\/garantie-du-meilleur-prix-et-programme-de-fidelite\/"]}]},{"@type":"BreadcrumbList","@id":"https:\/\/hotel-villadvor.hr\/fr\/garantie-du-meilleur-prix-et-programme-de-fidelite\/#breadcrumb","itemListElement":[{"@type":"ListItem","position":1,"name":"Home","item":"https:\/\/hotel-villadvor.hr\/fr\/"},{"@type":"ListItem","position":2,"name":"Garantie du meilleur prix et programme de fid\u00e9lit\u00e9"}]},{"@type":"WebSite","@id":"https:\/\/hotel-villadvor.hr\/fr\/#website","url":"https:\/\/hotel-villadvor.hr\/fr\/","name":"Hotel Villa Dvor - Omis - Croatia","description":"","potentialAction":[{"@type":"SearchAction","target":{"@type":"EntryPoint","urlTemplate":"https:\/\/hotel-villadvor.hr\/fr\/?s={search_term_string}"},"query-input":{"@type":"PropertyValueSpecification","valueRequired":true,"valueName":"search_term_string"}}],"inLanguage":"fr-FR"}]}},"_links":{"self":[{"href":"https:\/\/hotel-villadvor.hr\/fr\/wp-json\/wp\/v2\/pages\/5573","targetHints":{"allow":["GET"]}}],"collection":[{"href":"https:\/\/hotel-villadvor.hr\/fr\/wp-json\/wp\/v2\/pages"}],"about":[{"href":"https:\/\/hotel-villadvor.hr\/fr\/wp-json\/wp\/v2\/types\/page"}],"author":[{"embeddable":true,"href":"https:\/\/hotel-villadvor.hr\/fr\/wp-json\/wp\/v2\/users\/1"}],"replies":[{"embeddable":true,"href":"https:\/\/hotel-villadvor.hr\/fr\/wp-json\/wp\/v2\/comments?post=5573"}],"version-history":[{"count":0,"href":"https:\/\/hotel-villadvor.hr\/fr\/wp-json\/wp\/v2\/pages\/5573\/revisions"}],"wp:attachment":[{"href":"https:\/\/hotel-villadvor.hr\/fr\/wp-json\/wp\/v2\/media?parent=5573"}],"curies":[{"name":"wp","href":"https:\/\/api.w.org\/{rel}","templated":true}]}}