{"id":4309,"date":"2025-11-29T08:26:13","date_gmt":"2025-11-29T08:26:13","guid":{"rendered":"https:\/\/hotel-villadvor.hr\/special-offers\/"},"modified":"2026-01-15T15:25:52","modified_gmt":"2026-01-15T15:25:52","slug":"special-offers","status":"publish","type":"page","link":"https:\/\/hotel-villadvor.hr\/hr\/special-offers\/","title":{"rendered":"Posebne ponude"},"content":{"rendered":"\t\t<div data-elementor-type=\"wp-page\" data-elementor-id=\"4309\" class=\"elementor elementor-4309 elementor-3431\">\n\t\t\t\t<div class=\"elementor-element elementor-element-e8aea45 e-flex e-con-boxed e-con e-parent\" data-id=\"e8aea45\" data-element_type=\"container\" data-e-type=\"container\">\n\t\t\t\t\t<div class=\"e-con-inner\">\n\t\t\t\t<div class=\"elementor-element elementor-element-df8bdf7 elementor-widget elementor-widget-eth_news\" data-id=\"df8bdf7\" data-element_type=\"widget\" data-e-type=\"widget\" data-widget_type=\"eth_news.default\">\n\t\t\t\t<div class=\"elementor-widget-container\">\n\t\t\t\t\t\r\n\t<div class=\"himara-news style-1\">\r\n\r\n        <div class=\"row row-cols-lg-2 row-cols-md- row-cols-sm-\">\r\n\r\n\t        \t          \r\n\t\t<\/div>\r\n\r\n\t<\/div>\r\n\r\n\r\n\t\t\t\t\t<\/div>\n\t\t\t\t<\/div>\n\t\t\t\t\t<\/div>\n\t\t\t\t<\/div>\n\t\t<div class=\"elementor-element elementor-element-d06c0cb e-flex e-con-boxed e-con e-parent\" data-id=\"d06c0cb\" data-element_type=\"container\" data-e-type=\"container\">\n\t\t\t\t\t<div class=\"e-con-inner\">\n\t\t\t\t<div class=\"elementor-element elementor-element-ed2720f elementor-widget elementor-widget-text-editor\" data-id=\"ed2720f\" data-element_type=\"widget\" data-e-type=\"widget\" data-widget_type=\"text-editor.default\">\n\t\t\t\t\t\t\t\t\t<h4>Po\u0161aljite zahtjev za posebnu ponudu ili nam recite \u0161to vam se svi\u0111a, a mi \u0107emo vam izraditi ponudu.<\/h4>\t\t\t\t\t\t\t\t<\/div>\n\t\t\t\t\t<\/div>\n\t\t\t\t<\/div>\n\t\t<div class=\"elementor-element elementor-element-dd54487 e-flex e-con-boxed e-con e-parent\" data-id=\"dd54487\" data-element_type=\"container\" data-e-type=\"container\">\n\t\t\t\t\t<div class=\"e-con-inner\">\n\t\t<div class=\"elementor-element elementor-element-3c1ec15 e-con-full e-flex e-con e-child\" data-id=\"3c1ec15\" data-element_type=\"container\" data-e-type=\"container\">\n\t\t\t\t<div class=\"elementor-element elementor-element-1190e23 elementor-widget elementor-widget-text-editor\" data-id=\"1190e23\" data-element_type=\"widget\" data-e-type=\"widget\" data-widget_type=\"text-editor.default\">\n\t\t\t\t\t\t\t\t\t\n<div class=\"wpcf7 no-js\" id=\"wpcf7-f6417-o1\" lang=\"hr\" dir=\"ltr\" data-wpcf7-id=\"6417\">\n<div class=\"screen-reader-response\"><p role=\"status\" aria-live=\"polite\" aria-atomic=\"true\"><\/p> <ul><\/ul><\/div>\n<form action=\"\/hr\/wp-json\/wp\/v2\/pages\/4309#wpcf7-f6417-o1\" method=\"post\" class=\"wpcf7-form init\" aria-label=\"Kontakt obrazac\" novalidate=\"novalidate\" data-status=\"init\">\n<fieldset class=\"hidden-fields-container\"><input type=\"hidden\" name=\"_wpcf7\" value=\"6417\" \/><input type=\"hidden\" name=\"_wpcf7_version\" value=\"6.1.5\" \/><input type=\"hidden\" name=\"_wpcf7_locale\" value=\"hr\" \/><input type=\"hidden\" name=\"_wpcf7_unit_tag\" value=\"wpcf7-f6417-o1\" \/><input type=\"hidden\" name=\"_wpcf7_container_post\" value=\"0\" \/><input type=\"hidden\" name=\"_wpcf7_posted_data_hash\" value=\"\" \/><input type=\"hidden\" name=\"_wpcf7_recaptcha_response\" value=\"\" \/>\n<\/fieldset>\n<p><label> Va\u0161e ime i prezime*<br \/>\n<span class=\"wpcf7-form-control-wrap\" data-name=\"your-name\"><input size=\"40\" maxlength=\"400\" class=\"wpcf7-form-control wpcf7-text wpcf7-validates-as-required form-control\" autocomplete=\"name\" aria-required=\"true\" aria-invalid=\"false\" value=\"\" type=\"text\" name=\"your-name\" \/><\/span> <\/label>\n<\/p>\n<p><label> Email: *<br \/>\n<span class=\"wpcf7-form-control-wrap\" data-name=\"your-email\"><input size=\"40\" maxlength=\"400\" class=\"wpcf7-form-control wpcf7-email wpcf7-validates-as-required wpcf7-text wpcf7-validates-as-email form-control\" autocomplete=\"email\" aria-required=\"true\" aria-invalid=\"false\" value=\"\" type=\"email\" name=\"your-email\" \/><\/span> <\/label>\n<\/p>\n<p><label> Telefon: *<br \/>\n<span class=\"wpcf7-form-control-wrap\" data-name=\"your-tel\"><input size=\"40\" maxlength=\"400\" class=\"wpcf7-form-control wpcf7-tel wpcf7-validates-as-required wpcf7-text wpcf7-validates-as-tel form-control\" aria-required=\"true\" aria-invalid=\"false\" value=\"\" type=\"tel\" name=\"your-tel\" \/><\/span> <\/label>\n<\/p>\n<p><label> Datum dolaska: *<br \/>\n<span class=\"wpcf7-form-control-wrap\" data-name=\"date-from\"><input class=\"wpcf7-form-control wpcf7-date wpcf7-validates-as-required wpcf7-validates-as-date form-control\" aria-required=\"true\" aria-invalid=\"false\" value=\"\" type=\"date\" name=\"date-from\" \/><\/span> <\/label>\n<\/p>\n<p><label> Datum odlaska: *<br \/>\n<span class=\"wpcf7-form-control-wrap\" data-name=\"date-to\"><input class=\"wpcf7-form-control wpcf7-date wpcf7-validates-as-required wpcf7-validates-as-date form-control\" aria-required=\"true\" aria-invalid=\"false\" value=\"\" type=\"date\" name=\"date-to\" \/><\/span> <\/label>\n<\/p>\n<p><label> Broj osoba: *<br \/>\n<span class=\"wpcf7-form-control-wrap\" data-name=\"person\"><input class=\"wpcf7-form-control wpcf7-number wpcf7-validates-as-required wpcf7-validates-as-number form-control\" min=\"1\" aria-required=\"true\" aria-invalid=\"false\" value=\"\" type=\"number\" name=\"person\" \/><\/span><\/label>\n<\/p>\n<p><label> Broj soba: *<br \/>\n<span class=\"wpcf7-form-control-wrap\" data-name=\"rooms_no\"><input class=\"wpcf7-form-control wpcf7-number wpcf7-validates-as-required wpcf7-validates-as-number form-control\" min=\"1\" aria-required=\"true\" aria-invalid=\"false\" value=\"\" type=\"number\" name=\"rooms_no\" \/><\/span><\/label>\n<\/p>\n<p><label> Odaberite posebnu ponudu::<br \/>\n<span class=\"wpcf7-form-control-wrap\" data-name=\"special_offer\"><select class=\"wpcf7-form-control wpcf7-select form-control\" aria-invalid=\"false\" name=\"special_offer\"><option value=\"Trenutno nemamo posebnih ponuda\">Trenutno nemamo posebnih ponuda<\/option><\/select><\/span><\/label>\n<\/p>\n<p>Ako \u017eelite, recite nam \u0161to vam se svi\u0111a i mi \u0107emo vam pripremiti posebnu ponudu:<br \/>\nAvanture:<br \/>\n<span class=\"wpcf7-form-control-wrap\" data-name=\"activities_\"><span class=\"wpcf7-form-control wpcf7-checkbox\"><span class=\"wpcf7-list-item first\"><label><input type=\"checkbox\" name=\"activities_[]\" value=\"Rafting\" \/><span class=\"wpcf7-list-item-label\">Rafting<\/span><\/label><\/span><span class=\"wpcf7-list-item\"><label><input type=\"checkbox\" name=\"activities_[]\" value=\"Zip line\" \/><span class=\"wpcf7-list-item-label\">Zip line<\/span><\/label><\/span><span class=\"wpcf7-list-item\"><label><input type=\"checkbox\" name=\"activities_[]\" value=\"Kayaking\" \/><span class=\"wpcf7-list-item-label\">Kayaking<\/span><\/label><\/span><span class=\"wpcf7-list-item\"><label><input type=\"checkbox\" name=\"activities_[]\" value=\"Biking\" \/><span class=\"wpcf7-list-item-label\">Biking<\/span><\/label><\/span><span class=\"wpcf7-list-item\"><label><input type=\"checkbox\" name=\"activities_[]\" value=\"ATV QUAD Ture\" \/><span class=\"wpcf7-list-item-label\">ATV QUAD Ture<\/span><\/label><\/span><span class=\"wpcf7-list-item\"><label><input type=\"checkbox\" name=\"activities_[]\" value=\"Sea kayaking\" \/><span class=\"wpcf7-list-item-label\">Sea kayaking<\/span><\/label><\/span><span class=\"wpcf7-list-item\"><label><input type=\"checkbox\" name=\"activities_[]\" value=\"Rock climbing\" \/><span class=\"wpcf7-list-item-label\">Rock climbing<\/span><\/label><\/span><span class=\"wpcf7-list-item\"><label><input type=\"checkbox\" name=\"activities_[]\" value=\"Planinarenje\" \/><span class=\"wpcf7-list-item-label\">Planinarenje<\/span><\/label><\/span><span class=\"wpcf7-list-item\"><label><input type=\"checkbox\" name=\"activities_[]\" value=\"Canyoning basic level\" \/><span class=\"wpcf7-list-item-label\">Canyoning basic level<\/span><\/label><\/span><span class=\"wpcf7-list-item\"><label><input type=\"checkbox\" name=\"activities_[]\" value=\"Canyoning advanced level\" \/><span class=\"wpcf7-list-item-label\">Canyoning advanced level<\/span><\/label><\/span><span class=\"wpcf7-list-item\"><label><input type=\"checkbox\" name=\"activities_[]\" value=\"River fishing\" \/><span class=\"wpcf7-list-item-label\">River fishing<\/span><\/label><\/span><span class=\"wpcf7-list-item\"><label><input type=\"checkbox\" name=\"activities_[]\" value=\"Big game fishing\" \/><span class=\"wpcf7-list-item-label\">Big game fishing<\/span><\/label><\/span><span class=\"wpcf7-list-item\"><label><input type=\"checkbox\" name=\"activities_[]\" value=\"Ronjenje discovery\" \/><span class=\"wpcf7-list-item-label\">Ronjenje discovery<\/span><\/label><\/span><span class=\"wpcf7-list-item\"><label><input type=\"checkbox\" name=\"activities_[]\" value=\"Ronjenje lincensed\" \/><span class=\"wpcf7-list-item-label\">Ronjenje lincensed<\/span><\/label><\/span><span class=\"wpcf7-list-item\"><label><input type=\"checkbox\" name=\"activities_[]\" value=\"Canoe Safari\" \/><span class=\"wpcf7-list-item-label\">Canoe Safari<\/span><\/label><\/span><span class=\"wpcf7-list-item last\"><label><input type=\"checkbox\" name=\"activities_[]\" value=\"Jahanje\" \/><span class=\"wpcf7-list-item-label\">Jahanje<\/span><\/label><\/span><\/span><\/span>\n<\/p>\n<p>Izleti<br \/>\n<span class=\"wpcf7-form-control-wrap\" data-name=\"excursions_\"><span class=\"wpcf7-form-control wpcf7-checkbox\"><span class=\"wpcf7-list-item first\"><label><input type=\"checkbox\" name=\"excursions_[]\" value=\"Vinske ture\" \/><span class=\"wpcf7-list-item-label\">Vinske ture<\/span><\/label><\/span><span class=\"wpcf7-list-item\"><label><input type=\"checkbox\" name=\"excursions_[]\" value=\"\u0160pilja Vranja\u010da\" \/><span class=\"wpcf7-list-item-label\">\u0160pilja Vranja\u010da<\/span><\/label><\/span><span class=\"wpcf7-list-item\"><label><input type=\"checkbox\" name=\"excursions_[]\" value=\"Split\" \/><span class=\"wpcf7-list-item-label\">Split<\/span><\/label><\/span><span class=\"wpcf7-list-item\"><label><input type=\"checkbox\" name=\"excursions_[]\" value=\"Trogir\" \/><span class=\"wpcf7-list-item-label\">Trogir<\/span><\/label><\/span><span class=\"wpcf7-list-item\"><label><input type=\"checkbox\" name=\"excursions_[]\" value=\"Salona\" \/><span class=\"wpcf7-list-item-label\">Salona<\/span><\/label><\/span><span class=\"wpcf7-list-item\"><label><input type=\"checkbox\" name=\"excursions_[]\" value=\"Sinj\" \/><span class=\"wpcf7-list-item-label\">Sinj<\/span><\/label><\/span><span class=\"wpcf7-list-item\"><label><input type=\"checkbox\" name=\"excursions_[]\" value=\"\u0160pilja Vranja\u010da\" \/><span class=\"wpcf7-list-item-label\">\u0160pilja Vranja\u010da<\/span><\/label><\/span><span class=\"wpcf7-list-item\"><label><input type=\"checkbox\" name=\"excursions_[]\" value=\"NP Plitvi\u010dka jezera\" \/><span class=\"wpcf7-list-item-label\">NP Plitvi\u010dka jezera<\/span><\/label><\/span><span class=\"wpcf7-list-item\"><label><input type=\"checkbox\" name=\"excursions_[]\" value=\"NP Krka\" \/><span class=\"wpcf7-list-item-label\">NP Krka<\/span><\/label><\/span><span class=\"wpcf7-list-item\"><label><input type=\"checkbox\" name=\"excursions_[]\" value=\"Omi\u0161\" \/><span class=\"wpcf7-list-item-label\">Omi\u0161<\/span><\/label><\/span><span class=\"wpcf7-list-item\"><label><input type=\"checkbox\" name=\"excursions_[]\" value=\"Dubrovnik\" \/><span class=\"wpcf7-list-item-label\">Dubrovnik<\/span><\/label><\/span><span class=\"wpcf7-list-item\"><label><input type=\"checkbox\" name=\"excursions_[]\" value=\"Mostar\" \/><span class=\"wpcf7-list-item-label\">Mostar<\/span><\/label><\/span><span class=\"wpcf7-list-item\"><label><input type=\"checkbox\" name=\"excursions_[]\" value=\"Skywalk Biokovo\" \/><span class=\"wpcf7-list-item-label\">Skywalk Biokovo<\/span><\/label><\/span><span class=\"wpcf7-list-item\"><label><input type=\"checkbox\" name=\"excursions_[]\" value=\"Bra\u010d\" \/><span class=\"wpcf7-list-item-label\">Bra\u010d<\/span><\/label><\/span><span class=\"wpcf7-list-item\"><label><input type=\"checkbox\" name=\"excursions_[]\" value=\"Kulinarsko iskustvo\" \/><span class=\"wpcf7-list-item-label\">Kulinarsko iskustvo<\/span><\/label><\/span><span class=\"wpcf7-list-item\"><label><input type=\"checkbox\" name=\"excursions_[]\" value=\"Imotski\" \/><span class=\"wpcf7-list-item-label\">Imotski<\/span><\/label><\/span><span class=\"wpcf7-list-item\"><label><input type=\"checkbox\" name=\"excursions_[]\" value=\"Me\u0111ugorje\" \/><span class=\"wpcf7-list-item-label\">Me\u0111ugorje<\/span><\/label><\/span><span class=\"wpcf7-list-item last\"><label><input type=\"checkbox\" name=\"excursions_[]\" value=\"Kanjon rijeke Cetine\" \/><span class=\"wpcf7-list-item-label\">Kanjon rijeke Cetine<\/span><\/label><\/span><\/span><\/span>\n<\/p>\n<p><label> Dodatna poruka:<br \/>\n<span class=\"wpcf7-form-control-wrap\" data-name=\"your-message\"><textarea cols=\"40\" rows=\"10\" maxlength=\"2000\" class=\"wpcf7-form-control wpcf7-textarea form-control\" aria-invalid=\"false\" name=\"your-message\"><\/textarea><\/span> <\/label>\n<\/p>\n<p><input class=\"wpcf7-form-control wpcf7-submit has-spinner btn\" type=\"submit\" value=\"Po\u0161aljite svoju upit\" \/>\n<\/p><div class=\"wpcf7-response-output\" aria-hidden=\"true\"><\/div>\n<\/form>\n<\/div>\n\t\t\t\t\t\t\t\t<\/div>\n\t\t\t\t<\/div>\n\t\t<div class=\"elementor-element elementor-element-267ea58 e-con-full e-flex e-con e-child\" data-id=\"267ea58\" data-element_type=\"container\" data-e-type=\"container\">\n\t\t\t\t<\/div>\n\t\t\t\t\t<\/div>\n\t\t\t\t<\/div>\n\t\t\t\t<\/div>\n\t\t","protected":false},"excerpt":{"rendered":"<p>Po\u0161aljite zahtjev za posebnu ponudu ili nam recite \u0161to vam se svi\u0111a, a mi \u0107emo vam izraditi ponudu.<\/p>\n","protected":false},"author":1,"featured_media":0,"parent":0,"menu_order":0,"comment_status":"closed","ping_status":"closed","template":"","meta":{"footnotes":""},"class_list":["post-4309","page","type-page","status-publish","hentry"],"yoast_head":"<!-- This site is optimized with the Yoast SEO plugin v27.0 - https:\/\/yoast.com\/product\/yoast-seo-wordpress\/ -->\n<title>Posebne ponude - Hotel Villa Dvor - Omis - Croatia<\/title>\n<meta name=\"description\" content=\"Ne propustite najbolje ponude u hotelu Villa Dvor u Omi\u0161u. Pogledajte ekskluzivne popuste i pakete ovdje. Rezervirajte odmah!\" \/>\n<meta name=\"robots\" content=\"index, follow, max-snippet:-1, max-image-preview:large, max-video-preview:-1\" \/>\n<link rel=\"canonical\" href=\"https:\/\/hotel-villadvor.hr\/hr\/special-offers\/\" \/>\n<meta property=\"og:locale\" content=\"hr_HR\" \/>\n<meta property=\"og:type\" content=\"article\" \/>\n<meta property=\"og:title\" content=\"Posebne ponude - Hotel Villa Dvor - Omis - Croatia\" \/>\n<meta property=\"og:description\" content=\"Ne propustite najbolje ponude u hotelu Villa Dvor u Omi\u0161u. Pogledajte ekskluzivne popuste i pakete ovdje. Rezervirajte odmah!\" \/>\n<meta property=\"og:url\" content=\"https:\/\/hotel-villadvor.hr\/hr\/special-offers\/\" \/>\n<meta property=\"og:site_name\" content=\"Hotel Villa Dvor - Omis - Croatia\" \/>\n<meta property=\"article:publisher\" content=\"https:\/\/www.facebook.com\/hotelvilladvor\" \/>\n<meta property=\"article:modified_time\" content=\"2026-01-15T15:25:52+00:00\" \/>\n<meta name=\"twitter:card\" content=\"summary_large_image\" \/>\n<meta name=\"twitter:label1\" content=\"Procijenjeno vrijeme \u010ditanja\" \/>\n\t<meta name=\"twitter:data1\" content=\"1 minuta\" \/>\n<script type=\"application\/ld+json\" class=\"yoast-schema-graph\">{\"@context\":\"https:\/\/schema.org\",\"@graph\":[{\"@type\":\"WebPage\",\"@id\":\"https:\/\/hotel-villadvor.hr\/hr\/special-offers\/\",\"url\":\"https:\/\/hotel-villadvor.hr\/hr\/special-offers\/\",\"name\":\"Posebne ponude - Hotel Villa Dvor - Omis - Croatia\",\"isPartOf\":{\"@id\":\"https:\/\/hotel-villadvor.hr\/hr\/#website\"},\"datePublished\":\"2025-11-29T08:26:13+00:00\",\"dateModified\":\"2026-01-15T15:25:52+00:00\",\"description\":\"Ne propustite najbolje ponude u hotelu Villa Dvor u Omi\u0161u. Pogledajte ekskluzivne popuste i pakete ovdje. Rezervirajte odmah!\",\"breadcrumb\":{\"@id\":\"https:\/\/hotel-villadvor.hr\/hr\/special-offers\/#breadcrumb\"},\"inLanguage\":\"hr\",\"potentialAction\":[{\"@type\":\"ReadAction\",\"target\":[\"https:\/\/hotel-villadvor.hr\/hr\/special-offers\/\"]}]},{\"@type\":\"BreadcrumbList\",\"@id\":\"https:\/\/hotel-villadvor.hr\/hr\/special-offers\/#breadcrumb\",\"itemListElement\":[{\"@type\":\"ListItem\",\"position\":1,\"name\":\"Home\",\"item\":\"https:\/\/hotel-villadvor.hr\/hr\/\"},{\"@type\":\"ListItem\",\"position\":2,\"name\":\"Posebne ponude\"}]},{\"@type\":\"WebSite\",\"@id\":\"https:\/\/hotel-villadvor.hr\/hr\/#website\",\"url\":\"https:\/\/hotel-villadvor.hr\/hr\/\",\"name\":\"Hotel Villa Dvor - Omis - Croatia\",\"description\":\"\",\"potentialAction\":[{\"@type\":\"SearchAction\",\"target\":{\"@type\":\"EntryPoint\",\"urlTemplate\":\"https:\/\/hotel-villadvor.hr\/hr\/?s={search_term_string}\"},\"query-input\":{\"@type\":\"PropertyValueSpecification\",\"valueRequired\":true,\"valueName\":\"search_term_string\"}}],\"inLanguage\":\"hr\"}]}<\/script>\n<!-- \/ Yoast SEO plugin. -->","yoast_head_json":{"title":"Posebne ponude - Hotel Villa Dvor - Omis - Croatia","description":"Ne propustite najbolje ponude u hotelu Villa Dvor u Omi\u0161u. Pogledajte ekskluzivne popuste i pakete ovdje. Rezervirajte odmah!","robots":{"index":"index","follow":"follow","max-snippet":"max-snippet:-1","max-image-preview":"max-image-preview:large","max-video-preview":"max-video-preview:-1"},"canonical":"https:\/\/hotel-villadvor.hr\/hr\/special-offers\/","og_locale":"hr_HR","og_type":"article","og_title":"Posebne ponude - Hotel Villa Dvor - Omis - Croatia","og_description":"Ne propustite najbolje ponude u hotelu Villa Dvor u Omi\u0161u. Pogledajte ekskluzivne popuste i pakete ovdje. Rezervirajte odmah!","og_url":"https:\/\/hotel-villadvor.hr\/hr\/special-offers\/","og_site_name":"Hotel Villa Dvor - Omis - Croatia","article_publisher":"https:\/\/www.facebook.com\/hotelvilladvor","article_modified_time":"2026-01-15T15:25:52+00:00","twitter_card":"summary_large_image","twitter_misc":{"Procijenjeno vrijeme \u010ditanja":"1 minuta"},"schema":{"@context":"https:\/\/schema.org","@graph":[{"@type":"WebPage","@id":"https:\/\/hotel-villadvor.hr\/hr\/special-offers\/","url":"https:\/\/hotel-villadvor.hr\/hr\/special-offers\/","name":"Posebne ponude - Hotel Villa Dvor - Omis - Croatia","isPartOf":{"@id":"https:\/\/hotel-villadvor.hr\/hr\/#website"},"datePublished":"2025-11-29T08:26:13+00:00","dateModified":"2026-01-15T15:25:52+00:00","description":"Ne propustite najbolje ponude u hotelu Villa Dvor u Omi\u0161u. Pogledajte ekskluzivne popuste i pakete ovdje. Rezervirajte odmah!","breadcrumb":{"@id":"https:\/\/hotel-villadvor.hr\/hr\/special-offers\/#breadcrumb"},"inLanguage":"hr","potentialAction":[{"@type":"ReadAction","target":["https:\/\/hotel-villadvor.hr\/hr\/special-offers\/"]}]},{"@type":"BreadcrumbList","@id":"https:\/\/hotel-villadvor.hr\/hr\/special-offers\/#breadcrumb","itemListElement":[{"@type":"ListItem","position":1,"name":"Home","item":"https:\/\/hotel-villadvor.hr\/hr\/"},{"@type":"ListItem","position":2,"name":"Posebne ponude"}]},{"@type":"WebSite","@id":"https:\/\/hotel-villadvor.hr\/hr\/#website","url":"https:\/\/hotel-villadvor.hr\/hr\/","name":"Hotel Villa Dvor - Omis - Croatia","description":"","potentialAction":[{"@type":"SearchAction","target":{"@type":"EntryPoint","urlTemplate":"https:\/\/hotel-villadvor.hr\/hr\/?s={search_term_string}"},"query-input":{"@type":"PropertyValueSpecification","valueRequired":true,"valueName":"search_term_string"}}],"inLanguage":"hr"}]}},"_links":{"self":[{"href":"https:\/\/hotel-villadvor.hr\/hr\/wp-json\/wp\/v2\/pages\/4309","targetHints":{"allow":["GET"]}}],"collection":[{"href":"https:\/\/hotel-villadvor.hr\/hr\/wp-json\/wp\/v2\/pages"}],"about":[{"href":"https:\/\/hotel-villadvor.hr\/hr\/wp-json\/wp\/v2\/types\/page"}],"author":[{"embeddable":true,"href":"https:\/\/hotel-villadvor.hr\/hr\/wp-json\/wp\/v2\/users\/1"}],"replies":[{"embeddable":true,"href":"https:\/\/hotel-villadvor.hr\/hr\/wp-json\/wp\/v2\/comments?post=4309"}],"version-history":[{"count":0,"href":"https:\/\/hotel-villadvor.hr\/hr\/wp-json\/wp\/v2\/pages\/4309\/revisions"}],"wp:attachment":[{"href":"https:\/\/hotel-villadvor.hr\/hr\/wp-json\/wp\/v2\/media?parent=4309"}],"curies":[{"name":"wp","href":"https:\/\/api.w.org\/{rel}","templated":true}]}}