{"id":4311,"date":"2025-12-05T16:47:34","date_gmt":"2025-12-05T16:47:34","guid":{"rendered":"https:\/\/hotel-villadvor.hr\/karijere\/"},"modified":"2026-01-03T15:55:09","modified_gmt":"2026-01-03T15:55:09","slug":"karijere","status":"publish","type":"page","link":"https:\/\/hotel-villadvor.hr\/hr\/karijere\/","title":{"rendered":"KARIJERE"},"content":{"rendered":"\n<p>Slobodno nam se obratite slanjem otvorene molbe za bilo koje radno mijesto na Email: <a href=\"mailto:info@hotel-villadvor.hr\">info@hotel-villadvor.hr<\/a>.<\/p>\n\n<h2 class=\"wp-block-heading\">OTVORENI NATJE\u010cAJI:<\/h2>\n\n<h3 class=\"wp-block-heading\">SOBARICA (M\/\u017d)<\/h3>\n\n<p>Hotel Villa Dvor tra\u017ei sobaricu\/ra za rad u hotelu. Prijavite se na na\u0161 natje\u010daj i postanite dio na\u0161eg tima! <\/p>\n\n<p><strong>Vrsta zaposlenja:<\/strong> na odre\u0111eno, sezonski s mogu\u0107no\u0161\u0107u stalnog zaposlenja<\/p>\n\n<p><strong>Pogodnosti koje pru\u017eamo:<\/strong><br\/>&#8211; pla\u0107en putni tro\u0161ak za zaposlenike koji imaju prebivali\u0161te izvan mjesta rada<br\/>&#8211; mogu\u0107nost primanja tijekom cijele godine<br\/>&#8211; osigurana marenda<\/p>\n\n<p><strong>Va\u0161a zadu\u017eenja i odgovornosti:<\/strong><br\/>&#8211; \u010di\u0161\u0107enje i pospremanje smje\u0161tajnih jedinica<br\/>&#8211; \u010di\u0161\u0107enje ostalih prostora hotela prema rasporedu rada<\/p>\n\n<p><strong>O\u010dekivana primanja: prema dogovoru<\/strong><\/p>\n\n<p><strong>Uvjeti rada:<\/strong><br\/>&#8211; Rad na puno radno vrijeme, do 8 sati dnevno<br\/>&#8211; slobodan dan u tjednu<br\/>&#8211; rad samo u jutarnjim smjenama, rad vikendom i praznicima<\/p>\n\n<p><strong>Radno iskustvo:<\/strong> nije va\u017eno<\/p>\n\n<p><strong>Planirani po\u010detak rada:<\/strong> o\u017eujak 2026.<\/p>\n\n<p>Prijavu izvr\u0161ite slanjem molbe na Email: <a href=\"mailto:info@hotel-villadvor.hr?subject=Sobarica\">info@hotel-villadvor.hr<\/a>, kontaktom na telefon: +385 98 188 2501 ili posjetom na lokaciju Hotela Villa Dvor, Mosorska cesta 13, 21310 Omi\u0161.<\/p>\n\n<p><\/p>\n","protected":false},"excerpt":{"rendered":"<p>Slobodno nam se obratite slanjem otvorene molbe za bilo koje radno mijesto na Email: info@hotel-villadvor.hr. OTVORENI NATJE\u010cAJI: SOBARICA (M\/\u017d) Hotel Villa Dvor tra\u017ei sobaricu\/ra za rad u hotelu. Prijavite se na na\u0161 natje\u010daj i postanite dio na\u0161eg tima! Vrsta zaposlenja: na odre\u0111eno, sezonski s mogu\u0107no\u0161\u0107u stalnog zaposlenja Pogodnosti koje pru\u017eamo:&#8211; pla\u0107en putni tro\u0161ak za zaposlenike [&hellip;]<\/p>\n","protected":false},"author":1,"featured_media":0,"parent":0,"menu_order":0,"comment_status":"closed","ping_status":"closed","template":"","meta":{"footnotes":""},"class_list":["post-4311","page","type-page","status-publish","hentry"],"yoast_head":"<!-- This site is optimized with the Yoast SEO plugin v27.4 - https:\/\/yoast.com\/product\/yoast-seo-wordpress\/ -->\n<title>KARIJERE - Hotel Villa Dvor - Omis - Croatia<\/title>\n<meta name=\"robots\" content=\"index, follow, max-snippet:-1, max-image-preview:large, max-video-preview:-1\" \/>\n<link rel=\"canonical\" href=\"https:\/\/hotel-villadvor.hr\/hr\/karijere\/\" \/>\n<meta property=\"og:locale\" content=\"hr_HR\" \/>\n<meta property=\"og:type\" content=\"article\" \/>\n<meta property=\"og:title\" content=\"KARIJERE - Hotel Villa Dvor - Omis - Croatia\" \/>\n<meta property=\"og:description\" content=\"Slobodno nam se obratite slanjem otvorene molbe za bilo koje radno mijesto na Email: info@hotel-villadvor.hr. OTVORENI NATJE\u010cAJI: SOBARICA (M\/\u017d) Hotel Villa Dvor tra\u017ei sobaricu\/ra za rad u hotelu. Prijavite se na na\u0161 natje\u010daj i postanite dio na\u0161eg tima! Vrsta zaposlenja: na odre\u0111eno, sezonski s mogu\u0107no\u0161\u0107u stalnog zaposlenja Pogodnosti koje pru\u017eamo:&#8211; pla\u0107en putni tro\u0161ak za zaposlenike [&hellip;]\" \/>\n<meta property=\"og:url\" content=\"https:\/\/hotel-villadvor.hr\/hr\/karijere\/\" \/>\n<meta property=\"og:site_name\" content=\"Hotel Villa Dvor - Omis - Croatia\" \/>\n<meta property=\"article:publisher\" content=\"https:\/\/www.facebook.com\/hotelvilladvor\" \/>\n<meta property=\"article:modified_time\" content=\"2026-01-03T15:55:09+00:00\" \/>\n<meta name=\"twitter:card\" content=\"summary_large_image\" \/>\n<script type=\"application\/ld+json\" class=\"yoast-schema-graph\">{\"@context\":\"https:\\\/\\\/schema.org\",\"@graph\":[{\"@type\":\"WebPage\",\"@id\":\"https:\\\/\\\/hotel-villadvor.hr\\\/hr\\\/karijere\\\/\",\"url\":\"https:\\\/\\\/hotel-villadvor.hr\\\/hr\\\/karijere\\\/\",\"name\":\"KARIJERE - Hotel Villa Dvor - Omis - Croatia\",\"isPartOf\":{\"@id\":\"https:\\\/\\\/hotel-villadvor.hr\\\/hr\\\/#website\"},\"datePublished\":\"2025-12-05T16:47:34+00:00\",\"dateModified\":\"2026-01-03T15:55:09+00:00\",\"breadcrumb\":{\"@id\":\"https:\\\/\\\/hotel-villadvor.hr\\\/hr\\\/karijere\\\/#breadcrumb\"},\"inLanguage\":\"hr\",\"potentialAction\":[{\"@type\":\"ReadAction\",\"target\":[\"https:\\\/\\\/hotel-villadvor.hr\\\/hr\\\/karijere\\\/\"]}]},{\"@type\":\"BreadcrumbList\",\"@id\":\"https:\\\/\\\/hotel-villadvor.hr\\\/hr\\\/karijere\\\/#breadcrumb\",\"itemListElement\":[{\"@type\":\"ListItem\",\"position\":1,\"name\":\"Home\",\"item\":\"https:\\\/\\\/hotel-villadvor.hr\\\/hr\\\/\"},{\"@type\":\"ListItem\",\"position\":2,\"name\":\"KARIJERE\"}]},{\"@type\":\"WebSite\",\"@id\":\"https:\\\/\\\/hotel-villadvor.hr\\\/hr\\\/#website\",\"url\":\"https:\\\/\\\/hotel-villadvor.hr\\\/hr\\\/\",\"name\":\"Hotel Villa Dvor - Omis - Croatia\",\"description\":\"\",\"potentialAction\":[{\"@type\":\"SearchAction\",\"target\":{\"@type\":\"EntryPoint\",\"urlTemplate\":\"https:\\\/\\\/hotel-villadvor.hr\\\/hr\\\/?s={search_term_string}\"},\"query-input\":{\"@type\":\"PropertyValueSpecification\",\"valueRequired\":true,\"valueName\":\"search_term_string\"}}],\"inLanguage\":\"hr\"}]}<\/script>\n<!-- \/ Yoast SEO plugin. -->","yoast_head_json":{"title":"KARIJERE - Hotel Villa Dvor - Omis - Croatia","robots":{"index":"index","follow":"follow","max-snippet":"max-snippet:-1","max-image-preview":"max-image-preview:large","max-video-preview":"max-video-preview:-1"},"canonical":"https:\/\/hotel-villadvor.hr\/hr\/karijere\/","og_locale":"hr_HR","og_type":"article","og_title":"KARIJERE - Hotel Villa Dvor - Omis - Croatia","og_description":"Slobodno nam se obratite slanjem otvorene molbe za bilo koje radno mijesto na Email: info@hotel-villadvor.hr. OTVORENI NATJE\u010cAJI: SOBARICA (M\/\u017d) Hotel Villa Dvor tra\u017ei sobaricu\/ra za rad u hotelu. Prijavite se na na\u0161 natje\u010daj i postanite dio na\u0161eg tima! Vrsta zaposlenja: na odre\u0111eno, sezonski s mogu\u0107no\u0161\u0107u stalnog zaposlenja Pogodnosti koje pru\u017eamo:&#8211; pla\u0107en putni tro\u0161ak za zaposlenike [&hellip;]","og_url":"https:\/\/hotel-villadvor.hr\/hr\/karijere\/","og_site_name":"Hotel Villa Dvor - Omis - Croatia","article_publisher":"https:\/\/www.facebook.com\/hotelvilladvor","article_modified_time":"2026-01-03T15:55:09+00:00","twitter_card":"summary_large_image","schema":{"@context":"https:\/\/schema.org","@graph":[{"@type":"WebPage","@id":"https:\/\/hotel-villadvor.hr\/hr\/karijere\/","url":"https:\/\/hotel-villadvor.hr\/hr\/karijere\/","name":"KARIJERE - Hotel Villa Dvor - Omis - Croatia","isPartOf":{"@id":"https:\/\/hotel-villadvor.hr\/hr\/#website"},"datePublished":"2025-12-05T16:47:34+00:00","dateModified":"2026-01-03T15:55:09+00:00","breadcrumb":{"@id":"https:\/\/hotel-villadvor.hr\/hr\/karijere\/#breadcrumb"},"inLanguage":"hr","potentialAction":[{"@type":"ReadAction","target":["https:\/\/hotel-villadvor.hr\/hr\/karijere\/"]}]},{"@type":"BreadcrumbList","@id":"https:\/\/hotel-villadvor.hr\/hr\/karijere\/#breadcrumb","itemListElement":[{"@type":"ListItem","position":1,"name":"Home","item":"https:\/\/hotel-villadvor.hr\/hr\/"},{"@type":"ListItem","position":2,"name":"KARIJERE"}]},{"@type":"WebSite","@id":"https:\/\/hotel-villadvor.hr\/hr\/#website","url":"https:\/\/hotel-villadvor.hr\/hr\/","name":"Hotel Villa Dvor - Omis - Croatia","description":"","potentialAction":[{"@type":"SearchAction","target":{"@type":"EntryPoint","urlTemplate":"https:\/\/hotel-villadvor.hr\/hr\/?s={search_term_string}"},"query-input":{"@type":"PropertyValueSpecification","valueRequired":true,"valueName":"search_term_string"}}],"inLanguage":"hr"}]}},"_links":{"self":[{"href":"https:\/\/hotel-villadvor.hr\/hr\/wp-json\/wp\/v2\/pages\/4311","targetHints":{"allow":["GET"]}}],"collection":[{"href":"https:\/\/hotel-villadvor.hr\/hr\/wp-json\/wp\/v2\/pages"}],"about":[{"href":"https:\/\/hotel-villadvor.hr\/hr\/wp-json\/wp\/v2\/types\/page"}],"author":[{"embeddable":true,"href":"https:\/\/hotel-villadvor.hr\/hr\/wp-json\/wp\/v2\/users\/1"}],"replies":[{"embeddable":true,"href":"https:\/\/hotel-villadvor.hr\/hr\/wp-json\/wp\/v2\/comments?post=4311"}],"version-history":[{"count":0,"href":"https:\/\/hotel-villadvor.hr\/hr\/wp-json\/wp\/v2\/pages\/4311\/revisions"}],"wp:attachment":[{"href":"https:\/\/hotel-villadvor.hr\/hr\/wp-json\/wp\/v2\/media?parent=4311"}],"curies":[{"name":"wp","href":"https:\/\/api.w.org\/{rel}","templated":true}]}}