{"id":4314,"date":"2025-12-15T11:12:33","date_gmt":"2025-12-15T11:12:33","guid":{"rendered":"https:\/\/hotel-villadvor.hr\/eu-projekti\/"},"modified":"2026-04-20T13:59:57","modified_gmt":"2026-04-20T13:59:57","slug":"eu-projekti","status":"publish","type":"page","link":"https:\/\/hotel-villadvor.hr\/hr\/eu-projekti\/","title":{"rendered":"EU Projekti"},"content":{"rendered":"<div class=\"wp-block-image\">\n<figure class=\"aligncenter size-full\"><img fetchpriority=\"high\" decoding=\"async\" width=\"711\" height=\"488\" src=\"https:\/\/hotel-villadvor.hr\/wp-content\/uploads\/Naukovanje.jpg\" alt=\"\" class=\"wp-image-6501\" srcset=\"https:\/\/hotel-villadvor.hr\/wp-content\/uploads\/Naukovanje.jpg 711w, https:\/\/hotel-villadvor.hr\/wp-content\/uploads\/Naukovanje-300x206.jpg 300w, https:\/\/hotel-villadvor.hr\/wp-content\/uploads\/Naukovanje-80x55.jpg 80w\" sizes=\"(max-width: 711px) 100vw, 711px\" \/><\/figure>\n<\/div>\n\n\n<div style=\"height:100px\" aria-hidden=\"true\" class=\"wp-block-spacer\"><\/div>\n\n\n\n<hr class=\"wp-block-separator has-alpha-channel-opacity\"\/>\n\n\n\n<h2 class=\"wp-block-heading\">Internacionalizacija hotela Villa Dvor<\/h2>\n\n\n\n<figure class=\"wp-block-table\"><table class=\"has-fixed-layout\"><tbody><tr><td>Naziv projekta:<\/td><td>Internacionalizacija hotela Villa Dvor<\/td><\/tr><tr><td>Naziv korisnika:<\/td><td>UO Hotel Villa Dvor, Mosorska cesta 13, 21310 Omi\u0161<\/td><\/tr><tr><td>Ukupna vrijednos projekta:<\/td><td>107.002,88 \u20ac<\/td><\/tr><tr><td>Ukupni prihvatljivi tro\u0161kovi projekta:<\/td><td>103.364,88 \u20ac<\/td><\/tr><tr><td>Dodijeljena bespovratna sredstva:<\/td><td>77.006,83\u20ac<\/td><\/tr><tr><td>Projekt je sufinanciran iz:<\/td><td>Program Konkurentnost i kohezija 2021-2027<\/td><\/tr><tr><td>Razdoblje provedbe projekta:<\/td><td>01.01.2026. &#8211; 01.01.2028.<\/td><\/tr><tr><td>Op\u0107i cilj projekta:<\/td><td>Ja\u010danje konkuretnosti hotela i pove\u0107anje izvoza usluga kroz sudjelovanje na vode\u0107im me\u0111unarodnim turisti\u010dkim sajmovima<\/td><\/tr><tr><td>O\u010dekivani rezultati i u\u010dinci projekta u drugoj godini nakon zavr\u0161etka projekta:<\/td><td>\u2013 pove\u0107anje prihoda od prodaje za 6% u 2030. godini<br>\u2013 pove\u0107anje prihoda od izvoza za 6% u 2030. godini<br>\u2013 pove\u0107anje uspje\u0161nosti me\u0111unarodnog poslovanja kroz sklapanje 5 ugovora o izvozu<br>\u2013 pove\u0107anje popunjenosti hotela u predsezoni i posezoni&nbsp;<br>\u2013 pozicioniranje hotela kao prepoznatjivog od\u017eivog i autenti\u010dnog brenda na me\u0111unarodnim tr\u017ei\u0161tima<\/td><\/tr><tr><td>Kontakt osoba:<\/td><td>Ante \u0106urlin, info@hotel-villadvor.hr<\/td><\/tr><\/tbody><\/table><\/figure>\n\n\n\n<p><br>Vi\u0161e informacija o samom projektu zainteresirani mogu dobiti na e-mail adresi&nbsp;<a href=\"mailto:info@hotel-villadvor.hr\" target=\"_blank\" rel=\"noreferrer noopener\">info@hotel-villadvor.hr<\/a>, kontakt osoba Ante \u0106urlin. Vi\u0161e informacija o kohezijskim fondovima dostupno je na internetskoj stranici Ministarstva regionalnoga razvoja i fondova Europske unije. Sadr\u017eaj materijala isklju\u010diva je odgovornost poduze\u0107a UO Hotel Villa Dvor. Projekt je sufinancirala EU iz Program Konkurentnost i kohezija 2021-2027.<\/p>\n\n\n\n<div style=\"height:39px\" aria-hidden=\"true\" class=\"wp-block-spacer\"><\/div>\n\n\n\n<h2 class=\"wp-block-heading\">Odr\u017eivi razvoj hotela Villa Dvor<\/h2>\n\n\n\n<figure class=\"wp-block-table\"><table class=\"has-fixed-layout\"><tbody><tr><td>Naziv projekta:<\/td><td>Odr\u017eivi razvoj hotela Villa Dvor<\/td><\/tr><tr><td>Naziv korisnika:<\/td><td>UO Hotel Villa Dvor, Mosorska cesta 13, 21310 Omi\u0161<\/td><\/tr><tr><td>Ukupna vrijednos projekta:<\/td><td>362.040,00 HRK<\/td><\/tr><tr><td>Dodijeljena bespovratna sredstva:<\/td><td>286.713,57 HRK<\/td><\/tr><tr><td>Projekt je sufinanciran iz:<\/td><td>Europski fond za regionalni razvoj<\/td><\/tr><tr><td>Razdoblje provedbe projekta:<\/td><td>01.03.2019. &#8211; 31.01. 2021.<\/td><\/tr><tr><td>Op\u0107i cilj projekta:<\/td><td>Pove\u0107anje broja stranih gostiju s ve\u0107om kupovnom mo\u0107i, pove\u0107ana promocija destinacije na globalnom tr\u017ei\u0161tu, pove\u0107anje broja gostiju u pred i po sezoni, pove\u0107anje prihoda, pove\u0107anje prihoda od izvoza i stvaranje odr\u017eivosti turizma.<\/td><\/tr><tr><td>Specifi\u010dni cilj projekta:<\/td><td>Ja\u010danje konkurentnosti i pove\u0107anje izvoza usluga malog i obiteljskog hotela Villa Dvor na inozemna tr\u017ei\u0161ta kroz nastup i prezentiranje na me\u0111unarodnim sajmovima<\/td><\/tr><tr><td>O\u010dekivani rezultati i u\u010dinci projekta u drugoj godini nakon zavr\u0161etka projekta:<\/td><td>&#8211; pove\u0107anje prihoda od prodaje<br>&#8211; pove\u0107anje prihoda od izvoza<br>&#8211; pove\u0107anje uspje\u0161nosti me\u0111unarodnog poslovanja kroz sklapanje novih ugovora o izvozu<br>&#8211; pove\u0107anje popunjenosti hotela u predsezoni i posezoni, kao i ukupne zauzetosti hotela<br>&#8211; pove\u0107anje broja inozemnih posjetitelja<\/td><\/tr><tr><td>Kontakt osoba:<\/td><td>Ante \u0106urlin, info@hotel-villadvor.hr<\/td><\/tr><\/tbody><\/table><\/figure>\n\n\n\n<p><br>Vi\u0161e informacija o samom projektu zainteresirani mogu dobiti na e-mail adresi info@hotel-villadvor.hr, kontakt osoba Ante \u0106urlin. Vi\u0161e informacija o strukturnim fondovima dostupno je na internetskoj stranici Ministarstva regionalnoga razvoja i fondova Europske unije Strukturni fondovi Sadr\u017eaj materijala isklju\u010diva je odgovornost poduze\u0107a UO Hotel Villa Dvor. Projekt je sufinancirala EU iz Europskog fonda za regionalni razvoj.<\/p>\n\n\n\n<p><\/p>\n","protected":false},"excerpt":{"rendered":"<p>Internacionalizacija hotela Villa Dvor Naziv projekta: Internacionalizacija hotela Villa Dvor Naziv korisnika: UO Hotel Villa Dvor, Mosorska cesta 13, 21310 Omi\u0161 Ukupna vrijednos projekta: 107.002,88 \u20ac Ukupni prihvatljivi tro\u0161kovi projekta: 103.364,88 \u20ac Dodijeljena bespovratna sredstva: 77.006,83\u20ac Projekt je sufinanciran iz: Program Konkurentnost i kohezija 2021-2027 Razdoblje provedbe projekta: 01.01.2026. &#8211; 01.01.2028. Op\u0107i cilj projekta: Ja\u010danje [&hellip;]<\/p>\n","protected":false},"author":1,"featured_media":0,"parent":0,"menu_order":0,"comment_status":"closed","ping_status":"closed","template":"","meta":{"footnotes":""},"class_list":["post-4314","page","type-page","status-publish","hentry"],"yoast_head":"<!-- This site is optimized with the Yoast SEO plugin v27.4 - https:\/\/yoast.com\/product\/yoast-seo-wordpress\/ -->\n<title>EU Projekti - Hotel Villa Dvor - Omis - Croatia<\/title>\n<meta name=\"robots\" content=\"index, follow, max-snippet:-1, max-image-preview:large, max-video-preview:-1\" \/>\n<link rel=\"canonical\" href=\"https:\/\/hotel-villadvor.hr\/hr\/eu-projekti\/\" \/>\n<meta property=\"og:locale\" content=\"hr_HR\" \/>\n<meta property=\"og:type\" content=\"article\" \/>\n<meta property=\"og:title\" content=\"EU Projekti - Hotel Villa Dvor - Omis - Croatia\" \/>\n<meta property=\"og:description\" content=\"Internacionalizacija hotela Villa Dvor Naziv projekta: Internacionalizacija hotela Villa Dvor Naziv korisnika: UO Hotel Villa Dvor, Mosorska cesta 13, 21310 Omi\u0161 Ukupna vrijednos projekta: 107.002,88 \u20ac Ukupni prihvatljivi tro\u0161kovi projekta: 103.364,88 \u20ac Dodijeljena bespovratna sredstva: 77.006,83\u20ac Projekt je sufinanciran iz: Program Konkurentnost i kohezija 2021-2027 Razdoblje provedbe projekta: 01.01.2026. &#8211; 01.01.2028. Op\u0107i cilj projekta: Ja\u010danje [&hellip;]\" \/>\n<meta property=\"og:url\" content=\"https:\/\/hotel-villadvor.hr\/hr\/eu-projekti\/\" \/>\n<meta property=\"og:site_name\" content=\"Hotel Villa Dvor - Omis - Croatia\" \/>\n<meta property=\"article:publisher\" content=\"https:\/\/www.facebook.com\/hotelvilladvor\" \/>\n<meta property=\"article:modified_time\" content=\"2026-04-20T13:59:57+00:00\" \/>\n<meta property=\"og:image\" content=\"https:\/\/hotel-villadvor.hr\/wp-content\/uploads\/Naukovanje.jpg\" \/>\n\t<meta property=\"og:image:width\" content=\"711\" \/>\n\t<meta property=\"og:image:height\" content=\"488\" \/>\n\t<meta property=\"og:image:type\" content=\"image\/jpeg\" \/>\n<meta name=\"twitter:card\" content=\"summary_large_image\" \/>\n<meta name=\"twitter:label1\" content=\"Procijenjeno vrijeme \u010ditanja\" \/>\n\t<meta name=\"twitter:data1\" content=\"2 minute\" \/>\n<script type=\"application\/ld+json\" class=\"yoast-schema-graph\">{\"@context\":\"https:\\\/\\\/schema.org\",\"@graph\":[{\"@type\":\"WebPage\",\"@id\":\"https:\\\/\\\/hotel-villadvor.hr\\\/hr\\\/eu-projekti\\\/\",\"url\":\"https:\\\/\\\/hotel-villadvor.hr\\\/hr\\\/eu-projekti\\\/\",\"name\":\"EU Projekti - Hotel Villa Dvor - Omis - Croatia\",\"isPartOf\":{\"@id\":\"https:\\\/\\\/hotel-villadvor.hr\\\/hr\\\/#website\"},\"primaryImageOfPage\":{\"@id\":\"https:\\\/\\\/hotel-villadvor.hr\\\/hr\\\/eu-projekti\\\/#primaryimage\"},\"image\":{\"@id\":\"https:\\\/\\\/hotel-villadvor.hr\\\/hr\\\/eu-projekti\\\/#primaryimage\"},\"thumbnailUrl\":\"https:\\\/\\\/hotel-villadvor.hr\\\/wp-content\\\/uploads\\\/Naukovanje.jpg\",\"datePublished\":\"2025-12-15T11:12:33+00:00\",\"dateModified\":\"2026-04-20T13:59:57+00:00\",\"breadcrumb\":{\"@id\":\"https:\\\/\\\/hotel-villadvor.hr\\\/hr\\\/eu-projekti\\\/#breadcrumb\"},\"inLanguage\":\"hr\",\"potentialAction\":[{\"@type\":\"ReadAction\",\"target\":[\"https:\\\/\\\/hotel-villadvor.hr\\\/hr\\\/eu-projekti\\\/\"]}]},{\"@type\":\"ImageObject\",\"inLanguage\":\"hr\",\"@id\":\"https:\\\/\\\/hotel-villadvor.hr\\\/hr\\\/eu-projekti\\\/#primaryimage\",\"url\":\"https:\\\/\\\/hotel-villadvor.hr\\\/wp-content\\\/uploads\\\/Naukovanje.jpg\",\"contentUrl\":\"https:\\\/\\\/hotel-villadvor.hr\\\/wp-content\\\/uploads\\\/Naukovanje.jpg\"},{\"@type\":\"BreadcrumbList\",\"@id\":\"https:\\\/\\\/hotel-villadvor.hr\\\/hr\\\/eu-projekti\\\/#breadcrumb\",\"itemListElement\":[{\"@type\":\"ListItem\",\"position\":1,\"name\":\"Home\",\"item\":\"https:\\\/\\\/hotel-villadvor.hr\\\/hr\\\/\"},{\"@type\":\"ListItem\",\"position\":2,\"name\":\"EU Projekti\"}]},{\"@type\":\"WebSite\",\"@id\":\"https:\\\/\\\/hotel-villadvor.hr\\\/hr\\\/#website\",\"url\":\"https:\\\/\\\/hotel-villadvor.hr\\\/hr\\\/\",\"name\":\"Hotel Villa Dvor - Omis - Croatia\",\"description\":\"\",\"potentialAction\":[{\"@type\":\"SearchAction\",\"target\":{\"@type\":\"EntryPoint\",\"urlTemplate\":\"https:\\\/\\\/hotel-villadvor.hr\\\/hr\\\/?s={search_term_string}\"},\"query-input\":{\"@type\":\"PropertyValueSpecification\",\"valueRequired\":true,\"valueName\":\"search_term_string\"}}],\"inLanguage\":\"hr\"}]}<\/script>\n<!-- \/ Yoast SEO plugin. -->","yoast_head_json":{"title":"EU Projekti - Hotel Villa Dvor - Omis - Croatia","robots":{"index":"index","follow":"follow","max-snippet":"max-snippet:-1","max-image-preview":"max-image-preview:large","max-video-preview":"max-video-preview:-1"},"canonical":"https:\/\/hotel-villadvor.hr\/hr\/eu-projekti\/","og_locale":"hr_HR","og_type":"article","og_title":"EU Projekti - Hotel Villa Dvor - Omis - Croatia","og_description":"Internacionalizacija hotela Villa Dvor Naziv projekta: Internacionalizacija hotela Villa Dvor Naziv korisnika: UO Hotel Villa Dvor, Mosorska cesta 13, 21310 Omi\u0161 Ukupna vrijednos projekta: 107.002,88 \u20ac Ukupni prihvatljivi tro\u0161kovi projekta: 103.364,88 \u20ac Dodijeljena bespovratna sredstva: 77.006,83\u20ac Projekt je sufinanciran iz: Program Konkurentnost i kohezija 2021-2027 Razdoblje provedbe projekta: 01.01.2026. &#8211; 01.01.2028. Op\u0107i cilj projekta: Ja\u010danje [&hellip;]","og_url":"https:\/\/hotel-villadvor.hr\/hr\/eu-projekti\/","og_site_name":"Hotel Villa Dvor - Omis - Croatia","article_publisher":"https:\/\/www.facebook.com\/hotelvilladvor","article_modified_time":"2026-04-20T13:59:57+00:00","og_image":[{"width":711,"height":488,"url":"https:\/\/hotel-villadvor.hr\/wp-content\/uploads\/Naukovanje.jpg","type":"image\/jpeg"}],"twitter_card":"summary_large_image","twitter_misc":{"Procijenjeno vrijeme \u010ditanja":"2 minute"},"schema":{"@context":"https:\/\/schema.org","@graph":[{"@type":"WebPage","@id":"https:\/\/hotel-villadvor.hr\/hr\/eu-projekti\/","url":"https:\/\/hotel-villadvor.hr\/hr\/eu-projekti\/","name":"EU Projekti - Hotel Villa Dvor - Omis - Croatia","isPartOf":{"@id":"https:\/\/hotel-villadvor.hr\/hr\/#website"},"primaryImageOfPage":{"@id":"https:\/\/hotel-villadvor.hr\/hr\/eu-projekti\/#primaryimage"},"image":{"@id":"https:\/\/hotel-villadvor.hr\/hr\/eu-projekti\/#primaryimage"},"thumbnailUrl":"https:\/\/hotel-villadvor.hr\/wp-content\/uploads\/Naukovanje.jpg","datePublished":"2025-12-15T11:12:33+00:00","dateModified":"2026-04-20T13:59:57+00:00","breadcrumb":{"@id":"https:\/\/hotel-villadvor.hr\/hr\/eu-projekti\/#breadcrumb"},"inLanguage":"hr","potentialAction":[{"@type":"ReadAction","target":["https:\/\/hotel-villadvor.hr\/hr\/eu-projekti\/"]}]},{"@type":"ImageObject","inLanguage":"hr","@id":"https:\/\/hotel-villadvor.hr\/hr\/eu-projekti\/#primaryimage","url":"https:\/\/hotel-villadvor.hr\/wp-content\/uploads\/Naukovanje.jpg","contentUrl":"https:\/\/hotel-villadvor.hr\/wp-content\/uploads\/Naukovanje.jpg"},{"@type":"BreadcrumbList","@id":"https:\/\/hotel-villadvor.hr\/hr\/eu-projekti\/#breadcrumb","itemListElement":[{"@type":"ListItem","position":1,"name":"Home","item":"https:\/\/hotel-villadvor.hr\/hr\/"},{"@type":"ListItem","position":2,"name":"EU Projekti"}]},{"@type":"WebSite","@id":"https:\/\/hotel-villadvor.hr\/hr\/#website","url":"https:\/\/hotel-villadvor.hr\/hr\/","name":"Hotel Villa Dvor - Omis - Croatia","description":"","potentialAction":[{"@type":"SearchAction","target":{"@type":"EntryPoint","urlTemplate":"https:\/\/hotel-villadvor.hr\/hr\/?s={search_term_string}"},"query-input":{"@type":"PropertyValueSpecification","valueRequired":true,"valueName":"search_term_string"}}],"inLanguage":"hr"}]}},"_links":{"self":[{"href":"https:\/\/hotel-villadvor.hr\/hr\/wp-json\/wp\/v2\/pages\/4314","targetHints":{"allow":["GET"]}}],"collection":[{"href":"https:\/\/hotel-villadvor.hr\/hr\/wp-json\/wp\/v2\/pages"}],"about":[{"href":"https:\/\/hotel-villadvor.hr\/hr\/wp-json\/wp\/v2\/types\/page"}],"author":[{"embeddable":true,"href":"https:\/\/hotel-villadvor.hr\/hr\/wp-json\/wp\/v2\/users\/1"}],"replies":[{"embeddable":true,"href":"https:\/\/hotel-villadvor.hr\/hr\/wp-json\/wp\/v2\/comments?post=4314"}],"version-history":[{"count":2,"href":"https:\/\/hotel-villadvor.hr\/hr\/wp-json\/wp\/v2\/pages\/4314\/revisions"}],"predecessor-version":[{"id":6506,"href":"https:\/\/hotel-villadvor.hr\/hr\/wp-json\/wp\/v2\/pages\/4314\/revisions\/6506"}],"wp:attachment":[{"href":"https:\/\/hotel-villadvor.hr\/hr\/wp-json\/wp\/v2\/media?parent=4314"}],"curies":[{"name":"wp","href":"https:\/\/api.w.org\/{rel}","templated":true}]}}