{"id":5343,"date":"2022-04-26T13:37:06","date_gmt":"2022-04-26T13:37:06","guid":{"rendered":"https:\/\/hotel-villadvor.hr\/gastronmija\/"},"modified":"2026-01-09T11:16:44","modified_gmt":"2026-01-09T11:16:44","slug":"restoran","status":"publish","type":"page","link":"https:\/\/hotel-villadvor.hr\/hr\/restoran\/","title":{"rendered":"Restoran"},"content":{"rendered":"\t\t<div data-elementor-type=\"wp-page\" data-elementor-id=\"5343\" class=\"elementor elementor-5343 elementor-194\">\n\t\t\t\t\t\t<section class=\"elementor-section elementor-top-section elementor-element elementor-element-7df6051b elementor-section-full_width elementor-section-stretched elementor-section-height-default elementor-section-height-default\" data-id=\"7df6051b\" data-element_type=\"section\" data-e-type=\"section\" data-settings=\"{&quot;stretch_section&quot;:&quot;section-stretched&quot;}\">\n\t\t\t\t\t\t<div class=\"elementor-container elementor-column-gap-default\">\n\t\t\t\t\t<div class=\"elementor-column elementor-col-100 elementor-top-column elementor-element elementor-element-218bc924\" data-id=\"218bc924\" data-element_type=\"column\" data-e-type=\"column\">\n\t\t\t<div class=\"elementor-widget-wrap elementor-element-populated\">\n\t\t\t\t\t\t<div class=\"elementor-element elementor-element-3900a58a elementor-widget elementor-widget-slider_revolution\" data-id=\"3900a58a\" data-element_type=\"widget\" data-e-type=\"widget\" data-widget_type=\"slider_revolution.default\">\n\t\t\t\t\t\n\t\t<div class=\"wp-block-themepunch-revslider\">\n\t\t\t\t<p class=\"rs-p-wp-fix\"><\/p>\n\t\t\t\t<sr7-module data-alias=\"restaurant\" data-id=\"2\" id=\"SR7_2_1\" class=\"rs-ov-hidden\" data-version=\"6.7.18\">\n\t\t\t\t\t<sr7-adjuster><\/sr7-adjuster>\n\t\t\t\t\t<sr7-content>\n\t\t\t\t\t\t<sr7-slide id=\"SR7_2_1-4\" data-key=\"4\">\n\t\t\t\t\t\t\t<sr7-bg id=\"SR7_2_1-4-3\" class=\"sr7-layer\"><noscript><img decoding=\"async\" src=\"https:\/\/hotel-villadvor.hr\/wp-content\/uploads\/header_bg_4.jpg\" alt=\"\" title=\"Restaurant knez\"><\/noscript><\/sr7-bg>\n\t\t\t\t\t\t\t<sr7-txt id=\"SR7_2_1-4-2\" class=\"sr7-layer\">WELCOME TO RESTAURANT KNEZ<\/sr7-txt>\n\t\t\t\t\t\t<\/sr7-slide>\n\t\t\t\t\t\t<sr7-slide id=\"SR7_2_1-11\" data-key=\"11\">\n\t\t\t\t\t\t\t<sr7-bg id=\"SR7_2_1-11-3\" class=\"sr7-layer\"><noscript><img decoding=\"async\" src=\"https:\/\/hotel-villadvor.hr\/wp-content\/uploads\/restaurant-knez.jpg\" alt=\"\" title=\"restaurant-knez\"><\/noscript><\/sr7-bg>\n\t\t\t\t\t\t\t<sr7-txt id=\"SR7_2_1-11-2\" class=\"sr7-layer\">WELCOME TO RESTAURANT KNEZ<\/sr7-txt>\n\t\t\t\t\t\t<\/sr7-slide>\n\t\t\t\t\t\t<sr7-slide id=\"SR7_2_1-8\" data-key=\"8\">\n\t\t\t\t\t\t<\/sr7-slide>\n\t\t\t\t\t<\/sr7-content>\n\t\t\t\t\t<image_lists style=\"display:none\">\n\t\t\t\t\t\t<img data-src=\"\/\/hotel-villadvor.hr\/wp-content\/uploads\/header_bg_4.jpg\" data-libid=\"3942\" data-lib=\"medialibrary\" title=\"Restaurant knez\" width=\"0\" height=\"0\" data-dbsrc=\"Ly9ob3RlbC12aWxsYWR2b3IuaHIvd3AtY29udGVudC91cGxvYWRzL2hlYWRlcl9iZ180LmpwZw==\"\/>\n\t\t\t\t\t\t<img data-src=\"\/\/hotel-villadvor.hr\/wp-content\/uploads\/restaurant-knez.jpg\" data-libid=\"3930\" data-lib=\"medialibrary\" title=\"restaurant-knez\" width=\"0\" height=\"0\" data-dbsrc=\"Ly9ob3RlbC12aWxsYWR2b3IuaHIvd3AtY29udGVudC91cGxvYWRzL3Jlc3RhdXJhbnQta25lei5qcGc=\"\/>\n\t\t\t\t\t<\/image_lists>\n\t\t\t\t<\/sr7-module>\n\t\t\t\t<script>\n\t\t\t\t\tSR7.PMH ??={}; SR7.PMH[\"SR7_2_1\"] = {cn:0,state:false,fn: function() { if (_tpt!==undefined && _tpt.prepareModuleHeight !== undefined) {  _tpt.prepareModuleHeight({id:\"SR7_2_1\",el:[800,800,800,800,640],type:'standard',shdw:'0',gh:[800,800,800,800,640],gw:[1170,1170,1170,1170,480],vpt:['-200px&#039;,&#039;-200px&#039;,&#039;-200px&#039;,&#039;-200px&#039;,&#039;-200px'],size:{fullWidth:false, fullHeight:false},mh:'0',onh:0,onw:0,bg:{color:'{\"type\":\"solid\",\"orig\":\"#111111\",\"string\":\"rgba(17, 17, 17, 1)\"}'},plType:'0',plColor:'#FFFFFF'});   SR7.PMH[\"SR7_2_1\"].state=true;} else if((SR7.PMH[\"SR7_2_1\"].cn++)<100)\tsetTimeout( SR7.PMH[\"SR7_2_1\"].fn,19);}};SR7.PMH[\"SR7_2_1\" ].fn();\n\t\t\t\t<\/script>\n<\/div>\n\n\t\t\t\t\t\t<\/div>\n\t\t\t\t\t<\/div>\n\t\t<\/div>\n\t\t\t\t\t<\/div>\n\t\t<\/section>\n\t\t\t\t<section class=\"elementor-section elementor-top-section elementor-element elementor-element-a335698 elementor-section-boxed elementor-section-height-default elementor-section-height-default\" data-id=\"a335698\" data-element_type=\"section\" data-e-type=\"section\">\n\t\t\t\t\t\t<div class=\"elementor-container elementor-column-gap-default\">\n\t\t\t\t\t<div class=\"elementor-column elementor-col-100 elementor-top-column elementor-element elementor-element-89e7458\" data-id=\"89e7458\" data-element_type=\"column\" data-e-type=\"column\">\n\t\t\t<div class=\"elementor-widget-wrap elementor-element-populated\">\n\t\t\t\t\t\t<div class=\"elementor-element elementor-element-08128c4 elementor-widget elementor-widget-heading\" data-id=\"08128c4\" data-element_type=\"widget\" data-e-type=\"widget\" data-widget_type=\"heading.default\">\n\t\t\t\t\t<h2 class=\"elementor-heading-title elementor-size-default\">Na\u0161 restoran KNEZ<\/h2>\t\t\t\t<\/div>\n\t\t\t\t<div class=\"elementor-element elementor-element-d99ac0b elementor-widget elementor-widget-text-editor\" data-id=\"d99ac0b\" data-element_type=\"widget\" data-e-type=\"widget\" data-widget_type=\"text-editor.default\">\n\t\t\t\t\t\t\t\t\t<p>U na\u0161oj kuhinji mo\u017eete probati originalne polji\u010dke specijalitete pripremljene od ekolo\u0161ki uzgojenih namirnica i po tradicionalnoj recepturi starijoj od 400 godina.<\/p><p>Elegantni restoran \u201cKnez\u201d i terasa hotela sa spektakularnim pogledom na kanjon rijeke Cetine, stari grad Omi\u0161, te more i otok Bra\u010d uz nadasve \u0161irok izbor gastronomskih specijaliteta koji uklju\u010duju lokalne specijalitete iz Poljica pripremljene od ekolo\u0161ki uzgojenih namirnica i po tradicionalnoj recepturi starijoj od 400 godina, uz na\u0161e ljubazno osoblje \u0107e u\u010diniti Va\u0161e iskustvo nezaboravnim.Jamstvo kvalitete je na\u0161 \u0161ef kuhinje i vlasnik hotela Petar \u0106urlin. Ljubitelji dobrih vina mogu u\u017eivati uz vina ku\u0107e, proizvedenih od strane obitelji \u0106urlin, ili pak birana dalmatinska vina vrhunske kvalitete. U\u017eivati u hrani mo\u017eete svugdje. Ali u\u017eivati u hrani na terasi hotela Villa Dvor to je posebni do\u017eivljaj. To je bajka.  <\/p><p>Hotel je od 02.11.2010. vlasnik eko certifikata \u201e Prijatelj okoli\u0161a\u201c. <\/p><p>Za vi\u0161e informacija o na\u0161em restoranu, molimo Vas da posjetite web stranicu restorana: <a href=\"http:\/\/restaurant-knez.com.hr\">restaurant-knez.com.hr<\/a><\/p><p>\u0160krta zemlja stolje\u0107ima stvara svoje blago,<br>Kao ljubav \u0161to u srcu sidi<br>malo rodi, malo daje,<br>al \u0161to daje sto put vi\u0161e vridi!!!<br>P. \u0106urlin <\/p>\t\t\t\t\t\t\t\t<\/div>\n\t\t\t\t\t<\/div>\n\t\t<\/div>\n\t\t\t\t\t<\/div>\n\t\t<\/section>\n\t\t\t\t<section class=\"elementor-section elementor-top-section elementor-element elementor-element-3b9731c elementor-section-content-space-around elementor-section-boxed elementor-section-height-default elementor-section-height-default\" data-id=\"3b9731c\" data-element_type=\"section\" data-e-type=\"section\">\n\t\t\t\t\t\t<div class=\"elementor-container elementor-column-gap-no\">\n\t\t\t\t\t<div class=\"elementor-column elementor-col-100 elementor-top-column elementor-element elementor-element-b720e26\" data-id=\"b720e26\" data-element_type=\"column\" data-e-type=\"column\">\n\t\t\t<div class=\"elementor-widget-wrap elementor-element-populated\">\n\t\t\t\t\t\t<div class=\"elementor-element elementor-element-9b2b882 gallery-spacing-custom elementor-widget elementor-widget-image-gallery\" data-id=\"9b2b882\" data-element_type=\"widget\" data-e-type=\"widget\" data-widget_type=\"image-gallery.default\">\n\t\t\t\t\t\t\t<div class=\"elementor-image-gallery\">\n\t\t\t<div id='gallery-1' class='gallery galleryid-5343 gallery-columns-4 gallery-size-eagle_booking_image_size_370_485'><figure class='gallery-item'>\n\t\t\t<div class='gallery-icon landscape'>\n\t\t\t\t<a data-elementor-open-lightbox=\"yes\" data-elementor-lightbox-slideshow=\"9b2b882\" data-elementor-lightbox-title=\"restaurant-knez\" data-e-action-hash=\"#elementor-action%3Aaction%3Dlightbox%26settings%3DeyJpZCI6NTMzNSwidXJsIjoiaHR0cHM6XC9cL2hvdGVsLXZpbGxhZHZvci5oclwvd3AtY29udGVudFwvdXBsb2Fkc1wvcmVzdGF1cmFudC1rbmV6LmpwZyIsInNsaWRlc2hvdyI6IjliMmI4ODIifQ%3D%3D\" href='https:\/\/hotel-villadvor.hr\/wp-content\/uploads\/restaurant-knez.jpg'><img fetchpriority=\"high\" decoding=\"async\" width=\"370\" height=\"485\" src=\"https:\/\/hotel-villadvor.hr\/wp-content\/uploads\/restaurant-knez-370x485.jpg\" class=\"attachment-eagle_booking_image_size_370_485 size-eagle_booking_image_size_370_485\" alt=\"\" \/><\/a>\n\t\t\t<\/div><\/figure><figure class='gallery-item'>\n\t\t\t<div class='gallery-icon portrait'>\n\t\t\t\t<a data-elementor-open-lightbox=\"yes\" data-elementor-lightbox-slideshow=\"9b2b882\" data-elementor-lightbox-title=\"IMG-20250625-2\" data-e-action-hash=\"#elementor-action%3Aaction%3Dlightbox%26settings%3DeyJpZCI6NTMzNiwidXJsIjoiaHR0cHM6XC9cL2hvdGVsLXZpbGxhZHZvci5oclwvd3AtY29udGVudFwvdXBsb2Fkc1wvSU1HLTIwMjUwNjI1LTIuanBnIiwic2xpZGVzaG93IjoiOWIyYjg4MiJ9\" href='https:\/\/hotel-villadvor.hr\/wp-content\/uploads\/IMG-20250625-2.jpg'><img loading=\"lazy\" decoding=\"async\" width=\"370\" height=\"485\" src=\"https:\/\/hotel-villadvor.hr\/wp-content\/uploads\/IMG-20250625-2-370x485.jpg\" class=\"attachment-eagle_booking_image_size_370_485 size-eagle_booking_image_size_370_485\" alt=\"\" \/><\/a>\n\t\t\t<\/div><\/figure><figure class='gallery-item'>\n\t\t\t<div class='gallery-icon landscape'>\n\t\t\t\t<a data-elementor-open-lightbox=\"yes\" data-elementor-lightbox-slideshow=\"9b2b882\" data-elementor-lightbox-title=\"20230521_131858-scaled\" data-e-action-hash=\"#elementor-action%3Aaction%3Dlightbox%26settings%3DeyJpZCI6NTMzNywidXJsIjoiaHR0cHM6XC9cL2hvdGVsLXZpbGxhZHZvci5oclwvd3AtY29udGVudFwvdXBsb2Fkc1wvMjAyMzA1MjFfMTMxODU4LXNjYWxlZC0xLmpwZyIsInNsaWRlc2hvdyI6IjliMmI4ODIifQ%3D%3D\" href='https:\/\/hotel-villadvor.hr\/wp-content\/uploads\/20230521_131858-scaled-1.jpg'><img loading=\"lazy\" decoding=\"async\" width=\"370\" height=\"485\" src=\"https:\/\/hotel-villadvor.hr\/wp-content\/uploads\/20230521_131858-scaled-1-370x485.jpg\" class=\"attachment-eagle_booking_image_size_370_485 size-eagle_booking_image_size_370_485\" alt=\"\" \/><\/a>\n\t\t\t<\/div><\/figure><figure class='gallery-item'>\n\t\t\t<div class='gallery-icon landscape'>\n\t\t\t\t<a data-elementor-open-lightbox=\"yes\" data-elementor-lightbox-slideshow=\"9b2b882\" data-elementor-lightbox-title=\"header_bg\" data-e-action-hash=\"#elementor-action%3Aaction%3Dlightbox%26settings%3DeyJpZCI6NTMzOCwidXJsIjoiaHR0cHM6XC9cL2hvdGVsLXZpbGxhZHZvci5oclwvd3AtY29udGVudFwvdXBsb2Fkc1wvaGVhZGVyX2JnLmpwZyIsInNsaWRlc2hvdyI6IjliMmI4ODIifQ%3D%3D\" href='https:\/\/hotel-villadvor.hr\/wp-content\/uploads\/header_bg.jpg'><img loading=\"lazy\" decoding=\"async\" width=\"370\" height=\"485\" src=\"https:\/\/hotel-villadvor.hr\/wp-content\/uploads\/header_bg-370x485.jpg\" class=\"attachment-eagle_booking_image_size_370_485 size-eagle_booking_image_size_370_485\" alt=\"\" \/><\/a>\n\t\t\t<\/div><\/figure><figure class='gallery-item'>\n\t\t\t<div class='gallery-icon portrait'>\n\t\t\t\t<a data-elementor-open-lightbox=\"yes\" data-elementor-lightbox-slideshow=\"9b2b882\" data-elementor-lightbox-title=\"IMG-20250625\" data-e-action-hash=\"#elementor-action%3Aaction%3Dlightbox%26settings%3DeyJpZCI6NTMzOSwidXJsIjoiaHR0cHM6XC9cL2hvdGVsLXZpbGxhZHZvci5oclwvd3AtY29udGVudFwvdXBsb2Fkc1wvSU1HLTIwMjUwNjI1LmpwZyIsInNsaWRlc2hvdyI6IjliMmI4ODIifQ%3D%3D\" href='https:\/\/hotel-villadvor.hr\/wp-content\/uploads\/IMG-20250625.jpg'><img loading=\"lazy\" decoding=\"async\" width=\"370\" height=\"485\" src=\"https:\/\/hotel-villadvor.hr\/wp-content\/uploads\/IMG-20250625-370x485.jpg\" class=\"attachment-eagle_booking_image_size_370_485 size-eagle_booking_image_size_370_485\" alt=\"\" srcset=\"https:\/\/hotel-villadvor.hr\/wp-content\/uploads\/IMG-20250625-370x485.jpg 370w, https:\/\/hotel-villadvor.hr\/wp-content\/uploads\/IMG-20250625-60x80.jpg 60w\" sizes=\"(max-width: 370px) 100vw, 370px\" \/><\/a>\n\t\t\t<\/div><\/figure><figure class='gallery-item'>\n\t\t\t<div class='gallery-icon landscape'>\n\t\t\t\t<a data-elementor-open-lightbox=\"yes\" data-elementor-lightbox-slideshow=\"9b2b882\" data-elementor-lightbox-title=\"IMG-20250625-1\" data-e-action-hash=\"#elementor-action%3Aaction%3Dlightbox%26settings%3DeyJpZCI6NTM0MCwidXJsIjoiaHR0cHM6XC9cL2hvdGVsLXZpbGxhZHZvci5oclwvd3AtY29udGVudFwvdXBsb2Fkc1wvSU1HLTIwMjUwNjI1LTEuanBnIiwic2xpZGVzaG93IjoiOWIyYjg4MiJ9\" href='https:\/\/hotel-villadvor.hr\/wp-content\/uploads\/IMG-20250625-1.jpg'><img loading=\"lazy\" decoding=\"async\" width=\"370\" height=\"485\" src=\"https:\/\/hotel-villadvor.hr\/wp-content\/uploads\/IMG-20250625-1-370x485.jpg\" class=\"attachment-eagle_booking_image_size_370_485 size-eagle_booking_image_size_370_485\" alt=\"\" \/><\/a>\n\t\t\t<\/div><\/figure><figure class='gallery-item'>\n\t\t\t<div class='gallery-icon landscape'>\n\t\t\t\t<a data-elementor-open-lightbox=\"yes\" data-elementor-lightbox-slideshow=\"9b2b882\" data-elementor-lightbox-title=\"20240628\" data-e-action-hash=\"#elementor-action%3Aaction%3Dlightbox%26settings%3DeyJpZCI6NTM0MSwidXJsIjoiaHR0cHM6XC9cL2hvdGVsLXZpbGxhZHZvci5oclwvd3AtY29udGVudFwvdXBsb2Fkc1wvMjAyNDA2MjgtMS5qcGciLCJzbGlkZXNob3ciOiI5YjJiODgyIn0%3D\" href='https:\/\/hotel-villadvor.hr\/wp-content\/uploads\/20240628-1.jpg'><img loading=\"lazy\" decoding=\"async\" width=\"370\" height=\"485\" src=\"https:\/\/hotel-villadvor.hr\/wp-content\/uploads\/20240628-1-370x485.jpg\" class=\"attachment-eagle_booking_image_size_370_485 size-eagle_booking_image_size_370_485\" alt=\"\" \/><\/a>\n\t\t\t<\/div><\/figure><figure class='gallery-item'>\n\t\t\t<div class='gallery-icon landscape'>\n\t\t\t\t<a data-elementor-open-lightbox=\"yes\" data-elementor-lightbox-slideshow=\"9b2b882\" data-elementor-lightbox-title=\"peka\" data-e-action-hash=\"#elementor-action%3Aaction%3Dlightbox%26settings%3DeyJpZCI6NTM0MiwidXJsIjoiaHR0cHM6XC9cL2hvdGVsLXZpbGxhZHZvci5oclwvd3AtY29udGVudFwvdXBsb2Fkc1wvcGVrYS5qcGciLCJzbGlkZXNob3ciOiI5YjJiODgyIn0%3D\" href='https:\/\/hotel-villadvor.hr\/wp-content\/uploads\/peka.jpg'><img loading=\"lazy\" decoding=\"async\" width=\"370\" height=\"485\" src=\"https:\/\/hotel-villadvor.hr\/wp-content\/uploads\/peka-370x485.jpg\" class=\"attachment-eagle_booking_image_size_370_485 size-eagle_booking_image_size_370_485\" alt=\"\" \/><\/a>\n\t\t\t<\/div><\/figure>\n\t\t<\/div>\n\t\t<\/div>\n\t\t\t\t\t\t<\/div>\n\t\t\t\t\t<\/div>\n\t\t<\/div>\n\t\t\t\t\t<\/div>\n\t\t<\/section>\n\t\t\t\t<\/div>\n\t\t","protected":false},"excerpt":{"rendered":"<p>Na\u0161 restoran KNEZ U na\u0161oj kuhinji mo\u017eete probati originalne polji\u010dke specijalitete pripremljene od ekolo\u0161ki uzgojenih namirnica i po tradicionalnoj recepturi starijoj od 400 godina. Elegantni restoran \u201cKnez\u201d i terasa hotela sa spektakularnim pogledom na kanjon rijeke Cetine, stari grad Omi\u0161, te more i otok Bra\u010d uz nadasve \u0161irok izbor gastronomskih specijaliteta koji uklju\u010duju lokalne specijalitete [&hellip;]<\/p>\n","protected":false},"author":1,"featured_media":0,"parent":0,"menu_order":0,"comment_status":"closed","ping_status":"closed","template":"","meta":{"footnotes":""},"class_list":["post-5343","page","type-page","status-publish","hentry"],"yoast_head":"<!-- This site is optimized with the Yoast SEO plugin v27.4 - https:\/\/yoast.com\/product\/yoast-seo-wordpress\/ -->\n<title>Restoran - Hotel Villa Dvor - Omis - Croatia<\/title>\n<meta name=\"robots\" content=\"index, follow, max-snippet:-1, max-image-preview:large, max-video-preview:-1\" \/>\n<link rel=\"canonical\" href=\"https:\/\/hotel-villadvor.hr\/hr\/restoran\/\" \/>\n<meta property=\"og:locale\" content=\"hr_HR\" \/>\n<meta property=\"og:type\" content=\"article\" \/>\n<meta property=\"og:title\" content=\"Restoran - Hotel Villa Dvor - Omis - Croatia\" \/>\n<meta property=\"og:description\" content=\"Na\u0161 restoran KNEZ U na\u0161oj kuhinji mo\u017eete probati originalne polji\u010dke specijalitete pripremljene od ekolo\u0161ki uzgojenih namirnica i po tradicionalnoj recepturi starijoj od 400 godina. Elegantni restoran \u201cKnez\u201d i terasa hotela sa spektakularnim pogledom na kanjon rijeke Cetine, stari grad Omi\u0161, te more i otok Bra\u010d uz nadasve \u0161irok izbor gastronomskih specijaliteta koji uklju\u010duju lokalne specijalitete [&hellip;]\" \/>\n<meta property=\"og:url\" content=\"https:\/\/hotel-villadvor.hr\/hr\/restoran\/\" \/>\n<meta property=\"og:site_name\" content=\"Hotel Villa Dvor - Omis - Croatia\" \/>\n<meta property=\"article:publisher\" content=\"https:\/\/www.facebook.com\/hotelvilladvor\" \/>\n<meta property=\"article:modified_time\" content=\"2026-01-09T11:16:44+00:00\" \/>\n<meta property=\"og:image\" content=\"https:\/\/hotel-villadvor.hr\/wp-content\/uploads\/restaurant-knez-370x485.jpg\" \/>\n<meta name=\"twitter:card\" content=\"summary_large_image\" \/>\n<meta name=\"twitter:label1\" content=\"Procijenjeno vrijeme \u010ditanja\" \/>\n\t<meta name=\"twitter:data1\" content=\"3 minute\" \/>\n<script type=\"application\/ld+json\" class=\"yoast-schema-graph\">{\"@context\":\"https:\\\/\\\/schema.org\",\"@graph\":[{\"@type\":\"WebPage\",\"@id\":\"https:\\\/\\\/hotel-villadvor.hr\\\/hr\\\/restoran\\\/\",\"url\":\"https:\\\/\\\/hotel-villadvor.hr\\\/hr\\\/restoran\\\/\",\"name\":\"Restoran - Hotel Villa Dvor - Omis - Croatia\",\"isPartOf\":{\"@id\":\"https:\\\/\\\/hotel-villadvor.hr\\\/hr\\\/#website\"},\"primaryImageOfPage\":{\"@id\":\"https:\\\/\\\/hotel-villadvor.hr\\\/hr\\\/restoran\\\/#primaryimage\"},\"image\":{\"@id\":\"https:\\\/\\\/hotel-villadvor.hr\\\/hr\\\/restoran\\\/#primaryimage\"},\"thumbnailUrl\":\"https:\\\/\\\/hotel-villadvor.hr\\\/wp-content\\\/uploads\\\/restaurant-knez-370x485.jpg\",\"datePublished\":\"2022-04-26T13:37:06+00:00\",\"dateModified\":\"2026-01-09T11:16:44+00:00\",\"breadcrumb\":{\"@id\":\"https:\\\/\\\/hotel-villadvor.hr\\\/hr\\\/restoran\\\/#breadcrumb\"},\"inLanguage\":\"hr\",\"potentialAction\":[{\"@type\":\"ReadAction\",\"target\":[\"https:\\\/\\\/hotel-villadvor.hr\\\/hr\\\/restoran\\\/\"]}]},{\"@type\":\"ImageObject\",\"inLanguage\":\"hr\",\"@id\":\"https:\\\/\\\/hotel-villadvor.hr\\\/hr\\\/restoran\\\/#primaryimage\",\"url\":\"https:\\\/\\\/hotel-villadvor.hr\\\/wp-content\\\/uploads\\\/restaurant-knez-370x485.jpg\",\"contentUrl\":\"https:\\\/\\\/hotel-villadvor.hr\\\/wp-content\\\/uploads\\\/restaurant-knez-370x485.jpg\"},{\"@type\":\"BreadcrumbList\",\"@id\":\"https:\\\/\\\/hotel-villadvor.hr\\\/hr\\\/restoran\\\/#breadcrumb\",\"itemListElement\":[{\"@type\":\"ListItem\",\"position\":1,\"name\":\"Home\",\"item\":\"https:\\\/\\\/hotel-villadvor.hr\\\/hr\\\/\"},{\"@type\":\"ListItem\",\"position\":2,\"name\":\"Restoran\"}]},{\"@type\":\"WebSite\",\"@id\":\"https:\\\/\\\/hotel-villadvor.hr\\\/hr\\\/#website\",\"url\":\"https:\\\/\\\/hotel-villadvor.hr\\\/hr\\\/\",\"name\":\"Hotel Villa Dvor - Omis - Croatia\",\"description\":\"\",\"potentialAction\":[{\"@type\":\"SearchAction\",\"target\":{\"@type\":\"EntryPoint\",\"urlTemplate\":\"https:\\\/\\\/hotel-villadvor.hr\\\/hr\\\/?s={search_term_string}\"},\"query-input\":{\"@type\":\"PropertyValueSpecification\",\"valueRequired\":true,\"valueName\":\"search_term_string\"}}],\"inLanguage\":\"hr\"}]}<\/script>\n<!-- \/ Yoast SEO plugin. -->","yoast_head_json":{"title":"Restoran - Hotel Villa Dvor - Omis - Croatia","robots":{"index":"index","follow":"follow","max-snippet":"max-snippet:-1","max-image-preview":"max-image-preview:large","max-video-preview":"max-video-preview:-1"},"canonical":"https:\/\/hotel-villadvor.hr\/hr\/restoran\/","og_locale":"hr_HR","og_type":"article","og_title":"Restoran - Hotel Villa Dvor - Omis - Croatia","og_description":"Na\u0161 restoran KNEZ U na\u0161oj kuhinji mo\u017eete probati originalne polji\u010dke specijalitete pripremljene od ekolo\u0161ki uzgojenih namirnica i po tradicionalnoj recepturi starijoj od 400 godina. Elegantni restoran \u201cKnez\u201d i terasa hotela sa spektakularnim pogledom na kanjon rijeke Cetine, stari grad Omi\u0161, te more i otok Bra\u010d uz nadasve \u0161irok izbor gastronomskih specijaliteta koji uklju\u010duju lokalne specijalitete [&hellip;]","og_url":"https:\/\/hotel-villadvor.hr\/hr\/restoran\/","og_site_name":"Hotel Villa Dvor - Omis - Croatia","article_publisher":"https:\/\/www.facebook.com\/hotelvilladvor","article_modified_time":"2026-01-09T11:16:44+00:00","og_image":[{"url":"https:\/\/hotel-villadvor.hr\/wp-content\/uploads\/restaurant-knez-370x485.jpg","type":"","width":"","height":""}],"twitter_card":"summary_large_image","twitter_misc":{"Procijenjeno vrijeme \u010ditanja":"3 minute"},"schema":{"@context":"https:\/\/schema.org","@graph":[{"@type":"WebPage","@id":"https:\/\/hotel-villadvor.hr\/hr\/restoran\/","url":"https:\/\/hotel-villadvor.hr\/hr\/restoran\/","name":"Restoran - Hotel Villa Dvor - Omis - Croatia","isPartOf":{"@id":"https:\/\/hotel-villadvor.hr\/hr\/#website"},"primaryImageOfPage":{"@id":"https:\/\/hotel-villadvor.hr\/hr\/restoran\/#primaryimage"},"image":{"@id":"https:\/\/hotel-villadvor.hr\/hr\/restoran\/#primaryimage"},"thumbnailUrl":"https:\/\/hotel-villadvor.hr\/wp-content\/uploads\/restaurant-knez-370x485.jpg","datePublished":"2022-04-26T13:37:06+00:00","dateModified":"2026-01-09T11:16:44+00:00","breadcrumb":{"@id":"https:\/\/hotel-villadvor.hr\/hr\/restoran\/#breadcrumb"},"inLanguage":"hr","potentialAction":[{"@type":"ReadAction","target":["https:\/\/hotel-villadvor.hr\/hr\/restoran\/"]}]},{"@type":"ImageObject","inLanguage":"hr","@id":"https:\/\/hotel-villadvor.hr\/hr\/restoran\/#primaryimage","url":"https:\/\/hotel-villadvor.hr\/wp-content\/uploads\/restaurant-knez-370x485.jpg","contentUrl":"https:\/\/hotel-villadvor.hr\/wp-content\/uploads\/restaurant-knez-370x485.jpg"},{"@type":"BreadcrumbList","@id":"https:\/\/hotel-villadvor.hr\/hr\/restoran\/#breadcrumb","itemListElement":[{"@type":"ListItem","position":1,"name":"Home","item":"https:\/\/hotel-villadvor.hr\/hr\/"},{"@type":"ListItem","position":2,"name":"Restoran"}]},{"@type":"WebSite","@id":"https:\/\/hotel-villadvor.hr\/hr\/#website","url":"https:\/\/hotel-villadvor.hr\/hr\/","name":"Hotel Villa Dvor - Omis - Croatia","description":"","potentialAction":[{"@type":"SearchAction","target":{"@type":"EntryPoint","urlTemplate":"https:\/\/hotel-villadvor.hr\/hr\/?s={search_term_string}"},"query-input":{"@type":"PropertyValueSpecification","valueRequired":true,"valueName":"search_term_string"}}],"inLanguage":"hr"}]}},"_links":{"self":[{"href":"https:\/\/hotel-villadvor.hr\/hr\/wp-json\/wp\/v2\/pages\/5343","targetHints":{"allow":["GET"]}}],"collection":[{"href":"https:\/\/hotel-villadvor.hr\/hr\/wp-json\/wp\/v2\/pages"}],"about":[{"href":"https:\/\/hotel-villadvor.hr\/hr\/wp-json\/wp\/v2\/types\/page"}],"author":[{"embeddable":true,"href":"https:\/\/hotel-villadvor.hr\/hr\/wp-json\/wp\/v2\/users\/1"}],"replies":[{"embeddable":true,"href":"https:\/\/hotel-villadvor.hr\/hr\/wp-json\/wp\/v2\/comments?post=5343"}],"version-history":[{"count":0,"href":"https:\/\/hotel-villadvor.hr\/hr\/wp-json\/wp\/v2\/pages\/5343\/revisions"}],"wp:attachment":[{"href":"https:\/\/hotel-villadvor.hr\/hr\/wp-json\/wp\/v2\/media?parent=5343"}],"curies":[{"name":"wp","href":"https:\/\/api.w.org\/{rel}","templated":true}]}}