{"id":5439,"date":"2025-12-15T11:02:37","date_gmt":"2025-12-15T11:02:37","guid":{"rendered":"https:\/\/hotel-villadvor.hr\/hotel-villa-dvor-eko-hotel\/"},"modified":"2026-01-09T10:33:10","modified_gmt":"2026-01-09T10:33:10","slug":"hotel-villa-dvor-eko-hotel","status":"publish","type":"page","link":"https:\/\/hotel-villadvor.hr\/hr\/hotel-villa-dvor-eko-hotel\/","title":{"rendered":"Hotel Villa Dvor Eko Hotel"},"content":{"rendered":"\n<h2 class=\"wp-block-heading\">Kompostiranje komunalnog i kuhinjskog bio razgradivog otpada, te proizvodnja humusa<\/h2>\n\n<p>Hotel Villa Dvor da bi pobolj\u0161ao kvalitetu okoli\u0161a i smanjio tro\u0161kove za zbrinjavanje komunalnog i biorazgradivog otpada (zeleni dijelovi biljaka, poko\u0161ena trava, li\u0161\u0107e, gran\u010dice, ambala\u017eni karton, papir, ukupni otpad iz kuhinje) izgradio je vlastitu kompostanu u koju se prirodnim putem kroz suhozid dovodi zrak, a uz pomo\u0107 spiralne mije\u0161alice smjesa se povremeno mije\u0161a radi pravilne fermentacije . Godi\u0161nja koli\u010dina komunalnog otpada koji ide u kompostanu kre\u0107e se oko 5000 litara. Sva staklena i pet ambala\u017ea ide u povrat ako je zara\u010dunata povratna naknada, a ostatak ide u recikla\u017eu. Pored toga i otpadno ulje iz kuhinje ide u recikla\u017eu. Dobivena smjesa nakon fermentacije prebacuje se na doradu u glistnjak gdje se uz pomo\u0107 kalifornijskih glista kompost prera\u0111uje u vrhunski humus. Ovom operacijom dobiva se oko 2000 litara prvoklasnog humusa . Ovako dobivenim humusom oplemenjuje se tlo i isti se koristi kao prehrana u vlastitom vrtu kod proizvodnje povr\u0107a za potrebe hotela.      <\/p>\n\n<figure class=\"wp-block-gallery has-nested-images columns-4 is-cropped wp-block-gallery-1 is-layout-flex wp-block-gallery-is-layout-flex\">\n<figure class=\"wp-block-image size-large\"><img fetchpriority=\"high\" decoding=\"async\" width=\"1024\" height=\"683\" data-id=\"4115\" src=\"https:\/\/hotel-villadvor.hr\/wp-content\/uploads\/eco-garden-3-1024x683.jpg\" alt=\"\" class=\"wp-image-4115\" srcset=\"https:\/\/hotel-villadvor.hr\/wp-content\/uploads\/eco-garden-3-1024x683.jpg 1024w, https:\/\/hotel-villadvor.hr\/wp-content\/uploads\/eco-garden-3-300x200.jpg 300w, https:\/\/hotel-villadvor.hr\/wp-content\/uploads\/eco-garden-3-768x512.jpg 768w, https:\/\/hotel-villadvor.hr\/wp-content\/uploads\/eco-garden-3-80x53.jpg 80w, https:\/\/hotel-villadvor.hr\/wp-content\/uploads\/eco-garden-3-600x400.jpg 600w, https:\/\/hotel-villadvor.hr\/wp-content\/uploads\/eco-garden-3.jpg 1200w\" sizes=\"(max-width: 1024px) 100vw, 1024px\" \/><\/figure>\n\n\n\n<figure class=\"wp-block-image size-large\"><img decoding=\"async\" width=\"1024\" height=\"683\" data-id=\"4116\" src=\"https:\/\/hotel-villadvor.hr\/wp-content\/uploads\/eco-garden-4-1024x683.jpg\" alt=\"\" class=\"wp-image-4116\" srcset=\"https:\/\/hotel-villadvor.hr\/wp-content\/uploads\/eco-garden-4-1024x683.jpg 1024w, https:\/\/hotel-villadvor.hr\/wp-content\/uploads\/eco-garden-4-300x200.jpg 300w, https:\/\/hotel-villadvor.hr\/wp-content\/uploads\/eco-garden-4-768x512.jpg 768w, https:\/\/hotel-villadvor.hr\/wp-content\/uploads\/eco-garden-4-80x53.jpg 80w, https:\/\/hotel-villadvor.hr\/wp-content\/uploads\/eco-garden-4-600x400.jpg 600w, https:\/\/hotel-villadvor.hr\/wp-content\/uploads\/eco-garden-4.jpg 1200w\" sizes=\"(max-width: 1024px) 100vw, 1024px\" \/><\/figure>\n\n\n\n<figure class=\"wp-block-image size-medium\"><img decoding=\"async\" width=\"300\" height=\"200\" data-id=\"4113\" src=\"https:\/\/hotel-villadvor.hr\/wp-content\/uploads\/eco-garden-1-300x200.jpg\" alt=\"\" class=\"wp-image-4113\" srcset=\"https:\/\/hotel-villadvor.hr\/wp-content\/uploads\/eco-garden-1-300x200.jpg 300w, https:\/\/hotel-villadvor.hr\/wp-content\/uploads\/eco-garden-1-1024x683.jpg 1024w, https:\/\/hotel-villadvor.hr\/wp-content\/uploads\/eco-garden-1-768x512.jpg 768w, https:\/\/hotel-villadvor.hr\/wp-content\/uploads\/eco-garden-1-80x53.jpg 80w, https:\/\/hotel-villadvor.hr\/wp-content\/uploads\/eco-garden-1-600x400.jpg 600w, https:\/\/hotel-villadvor.hr\/wp-content\/uploads\/eco-garden-1.jpg 1200w\" sizes=\"(max-width: 300px) 100vw, 300px\" \/><\/figure>\n\n\n\n<figure class=\"wp-block-image size-large\"><img loading=\"lazy\" decoding=\"async\" width=\"1024\" height=\"683\" data-id=\"4114\" src=\"https:\/\/hotel-villadvor.hr\/wp-content\/uploads\/eco-garden-2-1024x683.jpg\" alt=\"\" class=\"wp-image-4114\" srcset=\"https:\/\/hotel-villadvor.hr\/wp-content\/uploads\/eco-garden-2-1024x683.jpg 1024w, https:\/\/hotel-villadvor.hr\/wp-content\/uploads\/eco-garden-2-300x200.jpg 300w, https:\/\/hotel-villadvor.hr\/wp-content\/uploads\/eco-garden-2-768x512.jpg 768w, https:\/\/hotel-villadvor.hr\/wp-content\/uploads\/eco-garden-2-80x53.jpg 80w, https:\/\/hotel-villadvor.hr\/wp-content\/uploads\/eco-garden-2-600x400.jpg 600w, https:\/\/hotel-villadvor.hr\/wp-content\/uploads\/eco-garden-2.jpg 1200w\" sizes=\"(max-width: 1024px) 100vw, 1024px\" \/><\/figure>\n<\/figure>\n\n<div style=\"height:39px\" aria-hidden=\"true\" class=\"wp-block-spacer\"><\/div>\n\n<h2 class=\"wp-block-heading\">Dobivanje toplinske energije iz rijeke Cetine<\/h2>\n\n<p>Za grijanje i hla\u0111enje hotela, te pripremu potro\u0161ne tople vode, uz suradnju sa Strojarskim fakultetom u Splitu konstruirana je i izra\u0111ena dizalica topline voda &#8211; voda. Dizalica topline sastoji se od dva odvojena kruga. Jedan slu\u017ei za pripremu potro\u0161ne tople vode kada ne radi sustav za hla\u0111enje. Drugi krug se koristi za grijanje i hla\u0111enje prostora hotela. Kada radi sustav hla\u0111enja onda se otpadna toplina rekuperira i koristi za zagrijavanje potro\u0161ne tople vode. Ovaj sustav autonomno proizvodi svu potrebnu toplinsku energiju za potrebe hotela. Koeficijent utro\u0161ene i dobivene energije kre\u0107e se oko 1:5. Sve prostorije u hotelu uklju\u010duju\u0107i i hodnike imaju autonomnu regulaciju temperature \u010dime se dodatno racionalizira potro\u0161nja toplinske energije. Sva stakla su termo izvedbe, a fasada terase i krov hotela su dodatno izolirane \u010dime se dodatno smanjuju gubitci energije.            <\/p>\n\n<div style=\"height:39px\" aria-hidden=\"true\" class=\"wp-block-spacer\"><\/div>\n\n<h2 class=\"wp-block-heading\">Potro\u0161nja pitke vode<\/h2>\n\n<p>Kako bi se racionalno tro\u0161ila pitka voda u svim sanitarnim \u010dvorovima ugra\u0111eni su vodokotli\u0107i sa dvozonskim ispiranjem 3 ili 6 litara vode u jednom ispiranju. U javnim sanitarnim \u010dvorovima ugra\u0111ene su slavine na senzor, a u svim kupatilima ugra\u0111ene su termostatske mije\u0161alice kojima zadajete temperaturu vode za kupanje. Pored toga sve slavine imaju ugra\u0111ene perlatore, odnosno ure\u0111aji koji mije\u0161aju vodu i zrak, pri \u010demu se tro\u0161i do 50% manje pitke vode, a sam osje\u0107aj je znatno ve\u0107i jer se dobiva mekani mlaz i izda\u0161na koli\u010dina. \u0160amponi i sapuni u sobama i zajedni\u010dkim sanitarijama su pH neutralni te imaju Eco certifikat, a deterd\u017eenti koji se koriste u pranju rublja i posu\u0111a biolo\u0161ki su razgradivi. U\u0161tedu pitke vode ostvaruje se i u odr\u017eavanju okoli\u0161a hotela. Sve biljke u okoli\u0161u hotela su autohtone biljne vrste (kadulja, vrijesak,lavanda, ru\u017emarin,brnistra, masline, razli\u010dite vrste trajnica) koje su puno otpornije na lokalne klimatske uvjete (kr\u0161ko podru\u010dje, nedostatak vode u ljetnim mjesecima, bura u zimskom periodu) te se time znatno smanjuje potro\u0161nja vode za zalijevanje, a prehrana humusom \u010dini ih izdr\u017eljivijim i otpornijim.      <\/p>\n\n<div style=\"height:39px\" aria-hidden=\"true\" class=\"wp-block-spacer\"><\/div>\n\n<h2 class=\"wp-block-heading\">U\u0161teda elektri\u010dne energije<\/h2>\n\n<p>U\u0161teda elektri\u010dne energije osim energije za grijanje provodi se i na rasvjeti. U hotelu su ugra\u0111ene sva rasvjetna tijela koja koriste \u0161tedne \u017earulje. U hotelu se koriste led \u017earulje koje su u potro\u0161nji elektri\u010dne energije i do 7 puta manje od plinskih \u0161tednih \u017earulja. U cilju smanjivanja emisije CO2 i kori\u0161tenja obnovljivih izvora energije hotel je realizirao projekt fotonaponske (solarne) elektrane snage 24kW. Uz fotonaponsku elektranu od 24kW hotel je instalirao tri solarna kolektora ukupne snage 5 kW za dogrijavanje tople vode. U hotel je ugra\u0111en prototip dizala koji u re\u017eimu rada, kada je razlika te\u017eine kabine i utega vi\u0161e od 130 kg ovisno dali se lift spu\u0161ta ili di\u017ee, proizvodi 3,9 kW elektri\u010dne energije koju pu\u0161ta u mre\u017eu.     <\/p>\n\n<figure class=\"wp-block-gallery has-nested-images columns-4 is-cropped wp-block-gallery-2 is-layout-flex wp-block-gallery-is-layout-flex\">\n<figure class=\"wp-block-image size-medium\"><img loading=\"lazy\" decoding=\"async\" width=\"300\" height=\"200\" data-id=\"4117\" src=\"https:\/\/hotel-villadvor.hr\/wp-content\/uploads\/eco-ev-carger-2-300x200.jpg\" alt=\"\" class=\"wp-image-4117\" srcset=\"https:\/\/hotel-villadvor.hr\/wp-content\/uploads\/eco-ev-carger-2-300x200.jpg 300w, https:\/\/hotel-villadvor.hr\/wp-content\/uploads\/eco-ev-carger-2-1024x683.jpg 1024w, https:\/\/hotel-villadvor.hr\/wp-content\/uploads\/eco-ev-carger-2-768x512.jpg 768w, https:\/\/hotel-villadvor.hr\/wp-content\/uploads\/eco-ev-carger-2-80x53.jpg 80w, https:\/\/hotel-villadvor.hr\/wp-content\/uploads\/eco-ev-carger-2-600x400.jpg 600w, https:\/\/hotel-villadvor.hr\/wp-content\/uploads\/eco-ev-carger-2.jpg 1200w\" sizes=\"(max-width: 300px) 100vw, 300px\" \/><\/figure>\n\n\n\n<figure class=\"wp-block-image size-medium\"><img loading=\"lazy\" decoding=\"async\" width=\"300\" height=\"200\" data-id=\"4118\" src=\"https:\/\/hotel-villadvor.hr\/wp-content\/uploads\/eco-solar-1-300x200.jpg\" alt=\"\" class=\"wp-image-4118\" srcset=\"https:\/\/hotel-villadvor.hr\/wp-content\/uploads\/eco-solar-1-300x200.jpg 300w, https:\/\/hotel-villadvor.hr\/wp-content\/uploads\/eco-solar-1-1024x683.jpg 1024w, https:\/\/hotel-villadvor.hr\/wp-content\/uploads\/eco-solar-1-768x512.jpg 768w, https:\/\/hotel-villadvor.hr\/wp-content\/uploads\/eco-solar-1-80x53.jpg 80w, https:\/\/hotel-villadvor.hr\/wp-content\/uploads\/eco-solar-1-600x400.jpg 600w, https:\/\/hotel-villadvor.hr\/wp-content\/uploads\/eco-solar-1.jpg 1200w\" sizes=\"(max-width: 300px) 100vw, 300px\" \/><\/figure>\n\n\n\n<figure class=\"wp-block-image size-medium\"><img loading=\"lazy\" decoding=\"async\" width=\"300\" height=\"200\" data-id=\"4119\" src=\"https:\/\/hotel-villadvor.hr\/wp-content\/uploads\/eco-solar-2-300x200.jpg\" alt=\"\" class=\"wp-image-4119\" srcset=\"https:\/\/hotel-villadvor.hr\/wp-content\/uploads\/eco-solar-2-300x200.jpg 300w, https:\/\/hotel-villadvor.hr\/wp-content\/uploads\/eco-solar-2-1024x683.jpg 1024w, https:\/\/hotel-villadvor.hr\/wp-content\/uploads\/eco-solar-2-768x512.jpg 768w, https:\/\/hotel-villadvor.hr\/wp-content\/uploads\/eco-solar-2-80x53.jpg 80w, https:\/\/hotel-villadvor.hr\/wp-content\/uploads\/eco-solar-2-600x400.jpg 600w, https:\/\/hotel-villadvor.hr\/wp-content\/uploads\/eco-solar-2.jpg 1200w\" sizes=\"(max-width: 300px) 100vw, 300px\" \/><\/figure>\n\n\n\n<figure class=\"wp-block-image size-medium\"><img loading=\"lazy\" decoding=\"async\" width=\"300\" height=\"200\" data-id=\"4120\" src=\"https:\/\/hotel-villadvor.hr\/wp-content\/uploads\/eco-solar-3-300x200.jpg\" alt=\"\" class=\"wp-image-4120\" srcset=\"https:\/\/hotel-villadvor.hr\/wp-content\/uploads\/eco-solar-3-300x200.jpg 300w, https:\/\/hotel-villadvor.hr\/wp-content\/uploads\/eco-solar-3-1024x683.jpg 1024w, https:\/\/hotel-villadvor.hr\/wp-content\/uploads\/eco-solar-3-768x512.jpg 768w, https:\/\/hotel-villadvor.hr\/wp-content\/uploads\/eco-solar-3-80x53.jpg 80w, https:\/\/hotel-villadvor.hr\/wp-content\/uploads\/eco-solar-3-600x400.jpg 600w, https:\/\/hotel-villadvor.hr\/wp-content\/uploads\/eco-solar-3.jpg 1200w\" sizes=\"(max-width: 300px) 100vw, 300px\" \/><\/figure>\n<\/figure>\n","protected":false},"excerpt":{"rendered":"<p>Kompostiranje komunalnog i kuhinjskog bio razgradivog otpada, te proizvodnja humusa Hotel Villa Dvor da bi pobolj\u0161ao kvalitetu okoli\u0161a i smanjio tro\u0161kove za zbrinjavanje komunalnog i biorazgradivog otpada (zeleni dijelovi biljaka, poko\u0161ena trava, li\u0161\u0107e, gran\u010dice, ambala\u017eni karton, papir, ukupni otpad iz kuhinje) izgradio je vlastitu kompostanu u koju se prirodnim putem kroz suhozid dovodi zrak, a [&hellip;]<\/p>\n","protected":false},"author":1,"featured_media":0,"parent":0,"menu_order":0,"comment_status":"closed","ping_status":"closed","template":"","meta":{"footnotes":""},"class_list":["post-5439","page","type-page","status-publish","hentry"],"yoast_head":"<!-- This site is optimized with the Yoast SEO plugin v27.4 - https:\/\/yoast.com\/product\/yoast-seo-wordpress\/ -->\n<title>Hotel Villa Dvor Eko Hotel - Hotel Villa Dvor - Omis - Croatia<\/title>\n<meta name=\"description\" content=\"Odmorite se u na\u0161em certificiranom ekolo\u0161ki prihvatljivom hotelu u Omi\u0161u, Hrvatska. Otkrijte na\u0161u predanost odr\u017eivosti...\" \/>\n<meta name=\"robots\" content=\"index, follow, max-snippet:-1, max-image-preview:large, max-video-preview:-1\" \/>\n<link rel=\"canonical\" href=\"https:\/\/hotel-villadvor.hr\/hr\/hotel-villa-dvor-eko-hotel\/\" \/>\n<meta property=\"og:locale\" content=\"hr_HR\" \/>\n<meta property=\"og:type\" content=\"article\" \/>\n<meta property=\"og:title\" content=\"Hotel Villa Dvor Eko Hotel - Hotel Villa Dvor - Omis - Croatia\" \/>\n<meta property=\"og:description\" content=\"Odmorite se u na\u0161em certificiranom ekolo\u0161ki prihvatljivom hotelu u Omi\u0161u, Hrvatska. Otkrijte na\u0161u predanost odr\u017eivosti...\" \/>\n<meta property=\"og:url\" content=\"https:\/\/hotel-villadvor.hr\/hr\/hotel-villa-dvor-eko-hotel\/\" \/>\n<meta property=\"og:site_name\" content=\"Hotel Villa Dvor - Omis - Croatia\" \/>\n<meta property=\"article:publisher\" content=\"https:\/\/www.facebook.com\/hotelvilladvor\" \/>\n<meta property=\"article:modified_time\" content=\"2026-01-09T10:33:10+00:00\" \/>\n<meta property=\"og:image\" content=\"https:\/\/hotel-villadvor.hr\/wp-content\/uploads\/eco-garden-1-300x200.jpg\" \/>\n<meta name=\"twitter:card\" content=\"summary_large_image\" \/>\n<script type=\"application\/ld+json\" class=\"yoast-schema-graph\">{\"@context\":\"https:\\\/\\\/schema.org\",\"@graph\":[{\"@type\":\"WebPage\",\"@id\":\"https:\\\/\\\/hotel-villadvor.hr\\\/hr\\\/hotel-villa-dvor-eko-hotel\\\/\",\"url\":\"https:\\\/\\\/hotel-villadvor.hr\\\/hr\\\/hotel-villa-dvor-eko-hotel\\\/\",\"name\":\"Hotel Villa Dvor Eko Hotel - Hotel Villa Dvor - Omis - Croatia\",\"isPartOf\":{\"@id\":\"https:\\\/\\\/hotel-villadvor.hr\\\/hr\\\/#website\"},\"primaryImageOfPage\":{\"@id\":\"https:\\\/\\\/hotel-villadvor.hr\\\/hr\\\/hotel-villa-dvor-eko-hotel\\\/#primaryimage\"},\"image\":{\"@id\":\"https:\\\/\\\/hotel-villadvor.hr\\\/hr\\\/hotel-villa-dvor-eko-hotel\\\/#primaryimage\"},\"thumbnailUrl\":\"https:\\\/\\\/hotel-villadvor.hr\\\/wp-content\\\/uploads\\\/eco-garden-1-300x200.jpg\",\"datePublished\":\"2025-12-15T11:02:37+00:00\",\"dateModified\":\"2026-01-09T10:33:10+00:00\",\"description\":\"Odmorite se u na\u0161em certificiranom ekolo\u0161ki prihvatljivom hotelu u Omi\u0161u, Hrvatska. Otkrijte na\u0161u predanost odr\u017eivosti...\",\"breadcrumb\":{\"@id\":\"https:\\\/\\\/hotel-villadvor.hr\\\/hr\\\/hotel-villa-dvor-eko-hotel\\\/#breadcrumb\"},\"inLanguage\":\"hr\",\"potentialAction\":[{\"@type\":\"ReadAction\",\"target\":[\"https:\\\/\\\/hotel-villadvor.hr\\\/hr\\\/hotel-villa-dvor-eko-hotel\\\/\"]}]},{\"@type\":\"ImageObject\",\"inLanguage\":\"hr\",\"@id\":\"https:\\\/\\\/hotel-villadvor.hr\\\/hr\\\/hotel-villa-dvor-eko-hotel\\\/#primaryimage\",\"url\":\"https:\\\/\\\/hotel-villadvor.hr\\\/wp-content\\\/uploads\\\/eco-garden-1-300x200.jpg\",\"contentUrl\":\"https:\\\/\\\/hotel-villadvor.hr\\\/wp-content\\\/uploads\\\/eco-garden-1-300x200.jpg\"},{\"@type\":\"BreadcrumbList\",\"@id\":\"https:\\\/\\\/hotel-villadvor.hr\\\/hr\\\/hotel-villa-dvor-eko-hotel\\\/#breadcrumb\",\"itemListElement\":[{\"@type\":\"ListItem\",\"position\":1,\"name\":\"Home\",\"item\":\"https:\\\/\\\/hotel-villadvor.hr\\\/hr\\\/\"},{\"@type\":\"ListItem\",\"position\":2,\"name\":\"Hotel Villa Dvor Eko Hotel\"}]},{\"@type\":\"WebSite\",\"@id\":\"https:\\\/\\\/hotel-villadvor.hr\\\/hr\\\/#website\",\"url\":\"https:\\\/\\\/hotel-villadvor.hr\\\/hr\\\/\",\"name\":\"Hotel Villa Dvor - Omis - Croatia\",\"description\":\"\",\"potentialAction\":[{\"@type\":\"SearchAction\",\"target\":{\"@type\":\"EntryPoint\",\"urlTemplate\":\"https:\\\/\\\/hotel-villadvor.hr\\\/hr\\\/?s={search_term_string}\"},\"query-input\":{\"@type\":\"PropertyValueSpecification\",\"valueRequired\":true,\"valueName\":\"search_term_string\"}}],\"inLanguage\":\"hr\"}]}<\/script>\n<!-- \/ Yoast SEO plugin. -->","yoast_head_json":{"title":"Hotel Villa Dvor Eko Hotel - Hotel Villa Dvor - Omis - Croatia","description":"Odmorite se u na\u0161em certificiranom ekolo\u0161ki prihvatljivom hotelu u Omi\u0161u, Hrvatska. Otkrijte na\u0161u predanost odr\u017eivosti...","robots":{"index":"index","follow":"follow","max-snippet":"max-snippet:-1","max-image-preview":"max-image-preview:large","max-video-preview":"max-video-preview:-1"},"canonical":"https:\/\/hotel-villadvor.hr\/hr\/hotel-villa-dvor-eko-hotel\/","og_locale":"hr_HR","og_type":"article","og_title":"Hotel Villa Dvor Eko Hotel - Hotel Villa Dvor - Omis - Croatia","og_description":"Odmorite se u na\u0161em certificiranom ekolo\u0161ki prihvatljivom hotelu u Omi\u0161u, Hrvatska. Otkrijte na\u0161u predanost odr\u017eivosti...","og_url":"https:\/\/hotel-villadvor.hr\/hr\/hotel-villa-dvor-eko-hotel\/","og_site_name":"Hotel Villa Dvor - Omis - Croatia","article_publisher":"https:\/\/www.facebook.com\/hotelvilladvor","article_modified_time":"2026-01-09T10:33:10+00:00","og_image":[{"url":"https:\/\/hotel-villadvor.hr\/wp-content\/uploads\/eco-garden-1-300x200.jpg","type":"","width":"","height":""}],"twitter_card":"summary_large_image","schema":{"@context":"https:\/\/schema.org","@graph":[{"@type":"WebPage","@id":"https:\/\/hotel-villadvor.hr\/hr\/hotel-villa-dvor-eko-hotel\/","url":"https:\/\/hotel-villadvor.hr\/hr\/hotel-villa-dvor-eko-hotel\/","name":"Hotel Villa Dvor Eko Hotel - Hotel Villa Dvor - Omis - Croatia","isPartOf":{"@id":"https:\/\/hotel-villadvor.hr\/hr\/#website"},"primaryImageOfPage":{"@id":"https:\/\/hotel-villadvor.hr\/hr\/hotel-villa-dvor-eko-hotel\/#primaryimage"},"image":{"@id":"https:\/\/hotel-villadvor.hr\/hr\/hotel-villa-dvor-eko-hotel\/#primaryimage"},"thumbnailUrl":"https:\/\/hotel-villadvor.hr\/wp-content\/uploads\/eco-garden-1-300x200.jpg","datePublished":"2025-12-15T11:02:37+00:00","dateModified":"2026-01-09T10:33:10+00:00","description":"Odmorite se u na\u0161em certificiranom ekolo\u0161ki prihvatljivom hotelu u Omi\u0161u, Hrvatska. Otkrijte na\u0161u predanost odr\u017eivosti...","breadcrumb":{"@id":"https:\/\/hotel-villadvor.hr\/hr\/hotel-villa-dvor-eko-hotel\/#breadcrumb"},"inLanguage":"hr","potentialAction":[{"@type":"ReadAction","target":["https:\/\/hotel-villadvor.hr\/hr\/hotel-villa-dvor-eko-hotel\/"]}]},{"@type":"ImageObject","inLanguage":"hr","@id":"https:\/\/hotel-villadvor.hr\/hr\/hotel-villa-dvor-eko-hotel\/#primaryimage","url":"https:\/\/hotel-villadvor.hr\/wp-content\/uploads\/eco-garden-1-300x200.jpg","contentUrl":"https:\/\/hotel-villadvor.hr\/wp-content\/uploads\/eco-garden-1-300x200.jpg"},{"@type":"BreadcrumbList","@id":"https:\/\/hotel-villadvor.hr\/hr\/hotel-villa-dvor-eko-hotel\/#breadcrumb","itemListElement":[{"@type":"ListItem","position":1,"name":"Home","item":"https:\/\/hotel-villadvor.hr\/hr\/"},{"@type":"ListItem","position":2,"name":"Hotel Villa Dvor Eko Hotel"}]},{"@type":"WebSite","@id":"https:\/\/hotel-villadvor.hr\/hr\/#website","url":"https:\/\/hotel-villadvor.hr\/hr\/","name":"Hotel Villa Dvor - Omis - Croatia","description":"","potentialAction":[{"@type":"SearchAction","target":{"@type":"EntryPoint","urlTemplate":"https:\/\/hotel-villadvor.hr\/hr\/?s={search_term_string}"},"query-input":{"@type":"PropertyValueSpecification","valueRequired":true,"valueName":"search_term_string"}}],"inLanguage":"hr"}]}},"_links":{"self":[{"href":"https:\/\/hotel-villadvor.hr\/hr\/wp-json\/wp\/v2\/pages\/5439","targetHints":{"allow":["GET"]}}],"collection":[{"href":"https:\/\/hotel-villadvor.hr\/hr\/wp-json\/wp\/v2\/pages"}],"about":[{"href":"https:\/\/hotel-villadvor.hr\/hr\/wp-json\/wp\/v2\/types\/page"}],"author":[{"embeddable":true,"href":"https:\/\/hotel-villadvor.hr\/hr\/wp-json\/wp\/v2\/users\/1"}],"replies":[{"embeddable":true,"href":"https:\/\/hotel-villadvor.hr\/hr\/wp-json\/wp\/v2\/comments?post=5439"}],"version-history":[{"count":0,"href":"https:\/\/hotel-villadvor.hr\/hr\/wp-json\/wp\/v2\/pages\/5439\/revisions"}],"wp:attachment":[{"href":"https:\/\/hotel-villadvor.hr\/hr\/wp-json\/wp\/v2\/media?parent=5439"}],"curies":[{"name":"wp","href":"https:\/\/api.w.org\/{rel}","templated":true}]}}