{"id":5566,"date":"2025-12-05T16:45:11","date_gmt":"2025-12-05T16:45:11","guid":{"rendered":"https:\/\/hotel-villadvor.hr\/jamstvo-najbolje-cijene-i-porgram-lojalnosti\/"},"modified":"2026-01-09T11:09:15","modified_gmt":"2026-01-09T11:09:15","slug":"jamstvo-najbolje-cijene-i-porgram-lojalnosti","status":"publish","type":"page","link":"https:\/\/hotel-villadvor.hr\/hr\/jamstvo-najbolje-cijene-i-porgram-lojalnosti\/","title":{"rendered":"Jamstvo najbolje cijene i program vjernosti"},"content":{"rendered":"\n<h4 class=\"wp-block-heading\">Hotel Villa Dvor \u2013 jamstvo najbolje cijene<\/h4>\n\n<p>U hotelu Villa Dvor \u017eelimo da rezervirate s potpunim povjerenjem, tako da jam\u010dimo najni\u017eu dostupnu online cijenu. Ukoliko ste prona\u0161li ni\u017eu cijenu od one ponu\u0111ene direktno od strane hotela ili hotelskog online rezervacijskog servisa ( uklju\u010duju\u0107i i loyaliti popust ), na jednom od kanala rezervacije tre\u0107ih pru\u017eatelja usluga prije rezervacije ili u roku od 24 sata od potvrde Va\u0161e rezervacije preko hotelskog direktnog kanala, po\u0161aljite nam dokaz ( sliku bolje ponude s linkom web stranice gdje ste na\u0161li tu ponudu ) da ste prona\u0161li bolju cijenu na e-mail: info@hotel-villadvor.hr s naslovom: Jamstvo najbolje cijene. Mi \u0107emo provjeriti va\u0161 zahtjev te vas kontaktirati u roku od 24 sata.&#13;\nUkoliko se Va\u0161a tvrdnja poka\u017ee to\u010dnom, hotel \u0107e izjedna\u010dit Va\u0161u dobivenu cijenu i odobrit Vam jo\u0161 dodatnih 5% na tu istu cijenu.   <\/p>\n\n<p>Uvjet: Poslana ni\u017ea cijena mora va\u017eiti za isti hotel, iste datume, isti tip sobe, iste uvjete prodaje i istu uslugu<\/p>\n\n<p>Sljede\u0107e cijene isklju\u010dene su iz jamstva najbolje cijene:<br\/>&#8211; ugovorene cijene za skupine<br\/>&#8211; cijene dobivene aukcijama ili sli\u010dnim postupcima<br\/>&#8211; reklamne akcije<br\/>&#8211; posebne ponude &#8211; cijene koje nisu javne<\/p>\n\n<h4 class=\"wp-block-heading\" id=\"loaylty\">Program vjernosti<\/h4>\n\n<p>Postanite \u010dlanom na\u0161eg programa vjernosti i ostvarite pogodnosti na rezervirane usluge u hotelu Villa Dvor<\/p>\n\n<p>Kako postati \u010dlan na\u0161eg programa vjernosti:<br\/>1. Ako ste ve\u0107 proveli barem jednu no\u0107 kod nas, bilo izravnom rezervacijom, osobnim dolaskom ili putem bilo koje agencije, molimo vas da nas kontaktirate na info@hotel-villadvor.hr kako bismo vas mogli uvrstiti na popis na\u0161ih \u010dlanova i odmah iskoristiti pogodnosti na\u0161eg programa vjernosti.  <\/p>\n\n<p>  2. 2. Ako prvi put radite rezervaciju u na\u0161em hotelu, nakon boravka i odjave iz hotela, automatski \u0107ete biti na popisu na\u0161ih vjernih \u010dlanova i primit \u0107ete sve potrebne informacije o tome kako izvr\u0161iti budu\u0107e rezervacije s va\u0161im pogodnostima i popustima vjernosti.<\/p>\n\n<p>\u010clanovi Kluba pogodnosti ne mogu prenosti svoje pogodnosti na druge osobe. Pogodnosti se odnose samo na osobu \u010dlana koji radi rezervaciju.&#13;\nUkoliko imate pitanja ili vam na\u0161 rezervacijski sustav nije ponudio sni\u017eene cijene, a \u010dlan ste na\u0161eg loyality programa, molimo da nas kontaktirate na info@hotel-villadvor.hr  <\/p>\n\n<p><strong>PROGRAM VJERNOSTI HOTELA VILLA DVOR<\/strong><\/p>\n\n<figure class=\"wp-block-table\"><table class=\"has-fixed-layout\"><tbody><tr><td><strong>Uvjeti<\/strong><\/td><td><strong>Prvi boravak<\/strong><\/td><td><strong>Drugi i svaki sljede\u0107i boravak<\/strong><\/td><\/tr><tr><td>8% popusta na Va\u0161u rezervaciju*<\/td><td><\/td><td>DA<\/td><\/tr><tr><td>5% popusta na hotelske pakete*<\/td><td><\/td><td>DA<\/td><\/tr><tr><td>Besplatni otkazni rok za razervacije<\/td><td>5 dana prije dolaska<\/td><td>5 dana prije dolaska<\/td><\/tr><tr><td>Iznos otkaza nakon roka za besplatni otkaz<\/td><td>70% od iznosa rezervacije<\/td><td>70% od iznosa rezervacije<\/td><\/tr><tr><td>Prioritet na listi \u010dekanja<\/td><td><\/td><td>DA<\/td><\/tr><tr><td>Eskluzivne ponude &#8220;samo za \u010dlanove&#8221;<\/td><td><\/td><td>DA<\/td><\/tr><tr><td>Mogu\u0107nost rezerviranja Va\u0161e omiljene sobe**<\/td><td><\/td><td>DA<\/td><\/tr><\/tbody><\/table><\/figure>\n\n<p>* Na cijene no\u0107enja s doru\u010dkom<br\/>** Podlo\u017eno raspolo\u017eivosti<\/p>\n\n<p>Hvala!<br\/>Obitelj \u0106urlin<\/p>\n","protected":false},"excerpt":{"rendered":"<p>Hotel Villa Dvor \u2013 jamstvo najbolje cijene U hotelu Villa Dvor \u017eelimo da rezervirate s potpunim povjerenjem, tako da jam\u010dimo najni\u017eu dostupnu online cijenu. Ukoliko ste prona\u0161li ni\u017eu cijenu od one ponu\u0111ene direktno od strane hotela ili hotelskog online rezervacijskog servisa ( uklju\u010duju\u0107i i loyaliti popust ), na jednom od kanala rezervacije tre\u0107ih pru\u017eatelja usluga [&hellip;]<\/p>\n","protected":false},"author":1,"featured_media":0,"parent":0,"menu_order":0,"comment_status":"closed","ping_status":"closed","template":"","meta":{"footnotes":""},"class_list":["post-5566","page","type-page","status-publish","hentry"],"yoast_head":"<!-- This site is optimized with the Yoast SEO plugin v27.4 - https:\/\/yoast.com\/product\/yoast-seo-wordpress\/ -->\n<title>Jamstvo najbolje cijene i program vjernosti - Hotel Villa Dvor - Omis - Croatia<\/title>\n<meta name=\"description\" content=\"Rezervirajte izravno u Hotelu Villa Dvor za na\u0161e Jamstvo najbolje cijene i pristupite nagradama na\u0161eg Programa vjernosti. Ostvarite najni\u017eu cijenu hotelske sobe!\" \/>\n<meta name=\"robots\" content=\"index, follow, max-snippet:-1, max-image-preview:large, max-video-preview:-1\" \/>\n<link rel=\"canonical\" href=\"https:\/\/hotel-villadvor.hr\/hr\/jamstvo-najbolje-cijene-i-porgram-lojalnosti\/\" \/>\n<meta property=\"og:locale\" content=\"hr_HR\" \/>\n<meta property=\"og:type\" content=\"article\" \/>\n<meta property=\"og:title\" content=\"Jamstvo najbolje cijene i program vjernosti - Hotel Villa Dvor - Omis - Croatia\" \/>\n<meta property=\"og:description\" content=\"Rezervirajte izravno u Hotelu Villa Dvor za na\u0161e Jamstvo najbolje cijene i pristupite nagradama na\u0161eg Programa vjernosti. Ostvarite najni\u017eu cijenu hotelske sobe!\" \/>\n<meta property=\"og:url\" content=\"https:\/\/hotel-villadvor.hr\/hr\/jamstvo-najbolje-cijene-i-porgram-lojalnosti\/\" \/>\n<meta property=\"og:site_name\" content=\"Hotel Villa Dvor - Omis - Croatia\" \/>\n<meta property=\"article:publisher\" content=\"https:\/\/www.facebook.com\/hotelvilladvor\" \/>\n<meta property=\"article:modified_time\" content=\"2026-01-09T11:09:15+00:00\" \/>\n<meta name=\"twitter:card\" content=\"summary_large_image\" \/>\n<meta name=\"twitter:label1\" content=\"Procijenjeno vrijeme \u010ditanja\" \/>\n\t<meta name=\"twitter:data1\" content=\"2 minute\" \/>\n<script type=\"application\/ld+json\" class=\"yoast-schema-graph\">{\"@context\":\"https:\\\/\\\/schema.org\",\"@graph\":[{\"@type\":\"WebPage\",\"@id\":\"https:\\\/\\\/hotel-villadvor.hr\\\/hr\\\/jamstvo-najbolje-cijene-i-porgram-lojalnosti\\\/\",\"url\":\"https:\\\/\\\/hotel-villadvor.hr\\\/hr\\\/jamstvo-najbolje-cijene-i-porgram-lojalnosti\\\/\",\"name\":\"Jamstvo najbolje cijene i program vjernosti - Hotel Villa Dvor - Omis - Croatia\",\"isPartOf\":{\"@id\":\"https:\\\/\\\/hotel-villadvor.hr\\\/hr\\\/#website\"},\"datePublished\":\"2025-12-05T16:45:11+00:00\",\"dateModified\":\"2026-01-09T11:09:15+00:00\",\"description\":\"Rezervirajte izravno u Hotelu Villa Dvor za na\u0161e Jamstvo najbolje cijene i pristupite nagradama na\u0161eg Programa vjernosti. Ostvarite najni\u017eu cijenu hotelske sobe!\",\"breadcrumb\":{\"@id\":\"https:\\\/\\\/hotel-villadvor.hr\\\/hr\\\/jamstvo-najbolje-cijene-i-porgram-lojalnosti\\\/#breadcrumb\"},\"inLanguage\":\"hr\",\"potentialAction\":[{\"@type\":\"ReadAction\",\"target\":[\"https:\\\/\\\/hotel-villadvor.hr\\\/hr\\\/jamstvo-najbolje-cijene-i-porgram-lojalnosti\\\/\"]}]},{\"@type\":\"BreadcrumbList\",\"@id\":\"https:\\\/\\\/hotel-villadvor.hr\\\/hr\\\/jamstvo-najbolje-cijene-i-porgram-lojalnosti\\\/#breadcrumb\",\"itemListElement\":[{\"@type\":\"ListItem\",\"position\":1,\"name\":\"Home\",\"item\":\"https:\\\/\\\/hotel-villadvor.hr\\\/hr\\\/\"},{\"@type\":\"ListItem\",\"position\":2,\"name\":\"Jamstvo najbolje cijene i program vjernosti\"}]},{\"@type\":\"WebSite\",\"@id\":\"https:\\\/\\\/hotel-villadvor.hr\\\/hr\\\/#website\",\"url\":\"https:\\\/\\\/hotel-villadvor.hr\\\/hr\\\/\",\"name\":\"Hotel Villa Dvor - Omis - Croatia\",\"description\":\"\",\"potentialAction\":[{\"@type\":\"SearchAction\",\"target\":{\"@type\":\"EntryPoint\",\"urlTemplate\":\"https:\\\/\\\/hotel-villadvor.hr\\\/hr\\\/?s={search_term_string}\"},\"query-input\":{\"@type\":\"PropertyValueSpecification\",\"valueRequired\":true,\"valueName\":\"search_term_string\"}}],\"inLanguage\":\"hr\"}]}<\/script>\n<!-- \/ Yoast SEO plugin. -->","yoast_head_json":{"title":"Jamstvo najbolje cijene i program vjernosti - Hotel Villa Dvor - Omis - Croatia","description":"Rezervirajte izravno u Hotelu Villa Dvor za na\u0161e Jamstvo najbolje cijene i pristupite nagradama na\u0161eg Programa vjernosti. Ostvarite najni\u017eu cijenu hotelske sobe!","robots":{"index":"index","follow":"follow","max-snippet":"max-snippet:-1","max-image-preview":"max-image-preview:large","max-video-preview":"max-video-preview:-1"},"canonical":"https:\/\/hotel-villadvor.hr\/hr\/jamstvo-najbolje-cijene-i-porgram-lojalnosti\/","og_locale":"hr_HR","og_type":"article","og_title":"Jamstvo najbolje cijene i program vjernosti - Hotel Villa Dvor - Omis - Croatia","og_description":"Rezervirajte izravno u Hotelu Villa Dvor za na\u0161e Jamstvo najbolje cijene i pristupite nagradama na\u0161eg Programa vjernosti. Ostvarite najni\u017eu cijenu hotelske sobe!","og_url":"https:\/\/hotel-villadvor.hr\/hr\/jamstvo-najbolje-cijene-i-porgram-lojalnosti\/","og_site_name":"Hotel Villa Dvor - Omis - Croatia","article_publisher":"https:\/\/www.facebook.com\/hotelvilladvor","article_modified_time":"2026-01-09T11:09:15+00:00","twitter_card":"summary_large_image","twitter_misc":{"Procijenjeno vrijeme \u010ditanja":"2 minute"},"schema":{"@context":"https:\/\/schema.org","@graph":[{"@type":"WebPage","@id":"https:\/\/hotel-villadvor.hr\/hr\/jamstvo-najbolje-cijene-i-porgram-lojalnosti\/","url":"https:\/\/hotel-villadvor.hr\/hr\/jamstvo-najbolje-cijene-i-porgram-lojalnosti\/","name":"Jamstvo najbolje cijene i program vjernosti - Hotel Villa Dvor - Omis - Croatia","isPartOf":{"@id":"https:\/\/hotel-villadvor.hr\/hr\/#website"},"datePublished":"2025-12-05T16:45:11+00:00","dateModified":"2026-01-09T11:09:15+00:00","description":"Rezervirajte izravno u Hotelu Villa Dvor za na\u0161e Jamstvo najbolje cijene i pristupite nagradama na\u0161eg Programa vjernosti. Ostvarite najni\u017eu cijenu hotelske sobe!","breadcrumb":{"@id":"https:\/\/hotel-villadvor.hr\/hr\/jamstvo-najbolje-cijene-i-porgram-lojalnosti\/#breadcrumb"},"inLanguage":"hr","potentialAction":[{"@type":"ReadAction","target":["https:\/\/hotel-villadvor.hr\/hr\/jamstvo-najbolje-cijene-i-porgram-lojalnosti\/"]}]},{"@type":"BreadcrumbList","@id":"https:\/\/hotel-villadvor.hr\/hr\/jamstvo-najbolje-cijene-i-porgram-lojalnosti\/#breadcrumb","itemListElement":[{"@type":"ListItem","position":1,"name":"Home","item":"https:\/\/hotel-villadvor.hr\/hr\/"},{"@type":"ListItem","position":2,"name":"Jamstvo najbolje cijene i program vjernosti"}]},{"@type":"WebSite","@id":"https:\/\/hotel-villadvor.hr\/hr\/#website","url":"https:\/\/hotel-villadvor.hr\/hr\/","name":"Hotel Villa Dvor - Omis - Croatia","description":"","potentialAction":[{"@type":"SearchAction","target":{"@type":"EntryPoint","urlTemplate":"https:\/\/hotel-villadvor.hr\/hr\/?s={search_term_string}"},"query-input":{"@type":"PropertyValueSpecification","valueRequired":true,"valueName":"search_term_string"}}],"inLanguage":"hr"}]}},"_links":{"self":[{"href":"https:\/\/hotel-villadvor.hr\/hr\/wp-json\/wp\/v2\/pages\/5566","targetHints":{"allow":["GET"]}}],"collection":[{"href":"https:\/\/hotel-villadvor.hr\/hr\/wp-json\/wp\/v2\/pages"}],"about":[{"href":"https:\/\/hotel-villadvor.hr\/hr\/wp-json\/wp\/v2\/types\/page"}],"author":[{"embeddable":true,"href":"https:\/\/hotel-villadvor.hr\/hr\/wp-json\/wp\/v2\/users\/1"}],"replies":[{"embeddable":true,"href":"https:\/\/hotel-villadvor.hr\/hr\/wp-json\/wp\/v2\/comments?post=5566"}],"version-history":[{"count":0,"href":"https:\/\/hotel-villadvor.hr\/hr\/wp-json\/wp\/v2\/pages\/5566\/revisions"}],"wp:attachment":[{"href":"https:\/\/hotel-villadvor.hr\/hr\/wp-json\/wp\/v2\/media?parent=5566"}],"curies":[{"name":"wp","href":"https:\/\/api.w.org\/{rel}","templated":true}]}}