{"id":5373,"date":"2022-04-26T13:37:06","date_gmt":"2022-04-26T13:37:06","guid":{"rendered":"https:\/\/hotel-villadvor.hr\/gasztronomia\/"},"modified":"2026-01-09T11:18:52","modified_gmt":"2026-01-09T11:18:52","slug":"etterem","status":"publish","type":"page","link":"https:\/\/hotel-villadvor.hr\/hu\/etterem\/","title":{"rendered":"\u00c9tterem"},"content":{"rendered":"\t\t<div data-elementor-type=\"wp-page\" data-elementor-id=\"5373\" class=\"elementor elementor-5373 elementor-194\">\n\t\t\t\t\t\t<section class=\"elementor-section elementor-top-section elementor-element elementor-element-7df6051b elementor-section-full_width elementor-section-stretched elementor-section-height-default elementor-section-height-default\" data-id=\"7df6051b\" data-element_type=\"section\" data-e-type=\"section\" data-settings=\"{&quot;stretch_section&quot;:&quot;section-stretched&quot;}\">\n\t\t\t\t\t\t<div class=\"elementor-container elementor-column-gap-default\">\n\t\t\t\t\t<div class=\"elementor-column elementor-col-100 elementor-top-column elementor-element elementor-element-218bc924\" data-id=\"218bc924\" data-element_type=\"column\" data-e-type=\"column\">\n\t\t\t<div class=\"elementor-widget-wrap elementor-element-populated\">\n\t\t\t\t\t\t<div class=\"elementor-element elementor-element-3900a58a elementor-widget elementor-widget-slider_revolution\" data-id=\"3900a58a\" data-element_type=\"widget\" data-e-type=\"widget\" data-widget_type=\"slider_revolution.default\">\n\t\t\t\t\t\n\t\t<div class=\"wp-block-themepunch-revslider\">\n\t\t\t\t<p class=\"rs-p-wp-fix\"><\/p>\n\t\t\t\t<sr7-module data-alias=\"restaurant\" data-id=\"2\" id=\"SR7_2_1\" class=\"rs-ov-hidden\" data-version=\"6.7.18\">\n\t\t\t\t\t<sr7-adjuster><\/sr7-adjuster>\n\t\t\t\t\t<sr7-content>\n\t\t\t\t\t\t<sr7-slide id=\"SR7_2_1-4\" data-key=\"4\">\n\t\t\t\t\t\t\t<sr7-bg id=\"SR7_2_1-4-3\" class=\"sr7-layer\"><noscript><img decoding=\"async\" src=\"https:\/\/hotel-villadvor.hr\/wp-content\/uploads\/header_bg_4.jpg\" alt=\"\" title=\"Restaurant knez\"><\/noscript><\/sr7-bg>\n\t\t\t\t\t\t\t<sr7-txt id=\"SR7_2_1-4-2\" class=\"sr7-layer\">WELCOME TO RESTAURANT KNEZ<\/sr7-txt>\n\t\t\t\t\t\t<\/sr7-slide>\n\t\t\t\t\t\t<sr7-slide id=\"SR7_2_1-11\" data-key=\"11\">\n\t\t\t\t\t\t\t<sr7-bg id=\"SR7_2_1-11-3\" class=\"sr7-layer\"><noscript><img decoding=\"async\" src=\"https:\/\/hotel-villadvor.hr\/wp-content\/uploads\/restaurant-knez.jpg\" alt=\"\" title=\"restaurant-knez\"><\/noscript><\/sr7-bg>\n\t\t\t\t\t\t\t<sr7-txt id=\"SR7_2_1-11-2\" class=\"sr7-layer\">WELCOME TO RESTAURANT KNEZ<\/sr7-txt>\n\t\t\t\t\t\t<\/sr7-slide>\n\t\t\t\t\t\t<sr7-slide id=\"SR7_2_1-8\" data-key=\"8\">\n\t\t\t\t\t\t<\/sr7-slide>\n\t\t\t\t\t<\/sr7-content>\n\t\t\t\t\t<image_lists style=\"display:none\">\n\t\t\t\t\t\t<img data-src=\"\/\/hotel-villadvor.hr\/wp-content\/uploads\/header_bg_4.jpg\" data-libid=\"3942\" data-lib=\"medialibrary\" title=\"Restaurant knez\" width=\"0\" height=\"0\" data-dbsrc=\"Ly9ob3RlbC12aWxsYWR2b3IuaHIvd3AtY29udGVudC91cGxvYWRzL2hlYWRlcl9iZ180LmpwZw==\"\/>\n\t\t\t\t\t\t<img data-src=\"\/\/hotel-villadvor.hr\/wp-content\/uploads\/restaurant-knez.jpg\" data-libid=\"3930\" data-lib=\"medialibrary\" title=\"restaurant-knez\" width=\"0\" height=\"0\" data-dbsrc=\"Ly9ob3RlbC12aWxsYWR2b3IuaHIvd3AtY29udGVudC91cGxvYWRzL3Jlc3RhdXJhbnQta25lei5qcGc=\"\/>\n\t\t\t\t\t<\/image_lists>\n\t\t\t\t<\/sr7-module>\n\t\t\t\t<script>\n\t\t\t\t\tSR7.PMH ??={}; SR7.PMH[\"SR7_2_1\"] = {cn:0,state:false,fn: function() { if (_tpt!==undefined && _tpt.prepareModuleHeight !== undefined) {  _tpt.prepareModuleHeight({id:\"SR7_2_1\",el:[800,800,800,800,640],type:'standard',shdw:'0',gh:[800,800,800,800,640],gw:[1170,1170,1170,1170,480],vpt:['-200px&#039;,&#039;-200px&#039;,&#039;-200px&#039;,&#039;-200px&#039;,&#039;-200px'],size:{fullWidth:false, fullHeight:false},mh:'0',onh:0,onw:0,bg:{color:'{\"type\":\"solid\",\"orig\":\"#111111\",\"string\":\"rgba(17, 17, 17, 1)\"}'},plType:'0',plColor:'#FFFFFF'});   SR7.PMH[\"SR7_2_1\"].state=true;} else if((SR7.PMH[\"SR7_2_1\"].cn++)<100)\tsetTimeout( SR7.PMH[\"SR7_2_1\"].fn,19);}};SR7.PMH[\"SR7_2_1\" ].fn();\n\t\t\t\t<\/script>\n<\/div>\n\n\t\t\t\t\t\t<\/div>\n\t\t\t\t\t<\/div>\n\t\t<\/div>\n\t\t\t\t\t<\/div>\n\t\t<\/section>\n\t\t\t\t<section class=\"elementor-section elementor-top-section elementor-element elementor-element-a335698 elementor-section-boxed elementor-section-height-default elementor-section-height-default\" data-id=\"a335698\" data-element_type=\"section\" data-e-type=\"section\">\n\t\t\t\t\t\t<div class=\"elementor-container elementor-column-gap-default\">\n\t\t\t\t\t<div class=\"elementor-column elementor-col-100 elementor-top-column elementor-element elementor-element-89e7458\" data-id=\"89e7458\" data-element_type=\"column\" data-e-type=\"column\">\n\t\t\t<div class=\"elementor-widget-wrap elementor-element-populated\">\n\t\t\t\t\t\t<div class=\"elementor-element elementor-element-08128c4 elementor-widget elementor-widget-heading\" data-id=\"08128c4\" data-element_type=\"widget\" data-e-type=\"widget\" data-widget_type=\"heading.default\">\n\t\t\t\t\t<h2 class=\"elementor-heading-title elementor-size-default\">KNEZ \u00e9tterm\u00fcnk<\/h2>\t\t\t\t<\/div>\n\t\t\t\t<div class=\"elementor-element elementor-element-d99ac0b elementor-widget elementor-widget-text-editor\" data-id=\"d99ac0b\" data-element_type=\"widget\" data-e-type=\"widget\" data-widget_type=\"text-editor.default\">\n\t\t\t\t\t\t\t\t\t<p>Konyh\u00e1nkban eredeti poljicai specialit\u00e1sokat k\u00f3stolhat, amelyeket \u00f6kol\u00f3giai gazd\u00e1lkod\u00e1sb\u00f3l sz\u00e1rmaz\u00f3 alapanyagokb\u00f3l k\u00e9sz\u00edt\u00fcnk, 400 \u00e9ves hagyom\u00e1nyos receptek alapj\u00e1n.<\/p><p>Eleg\u00e1ns \u201eKnez\u201d \u00e9tterm\u00fcnk \u00e9s a sz\u00e1lloda terasza l\u00e9legzetel\u00e1ll\u00edt\u00f3 kil\u00e1t\u00e1st ny\u00fajt a Cetina foly\u00f3 kanyonj\u00e1ra, Omi\u0161 \u00f3v\u00e1ros\u00e1ra, a tengerre \u00e9s a Bra\u010d-szigetre.<br>Az \u00e9tterem sz\u00e9les gasztron\u00f3miai k\u00edn\u00e1lata helyi, poljicai specialit\u00e1sokat tartalmaz, melyeket gondosan v\u00e1logatott, \u00f6kol\u00f3giai alapanyagokb\u00f3l k\u00e9sz\u00edt\u00fcnk el -vend\u00e9gszeret\u0151 szem\u00e9lyzet\u00fcnk pedig gondoskodik arr\u00f3l, hogy \u00e9lm\u00e9nye felejthetetlen legyen.<br>Min\u0151s\u00e9gi garancia: a sz\u00e1lloda tulajdonosa \u00e9s s\u00e9fje, Petar \u0106urlin.<br>A borok kedvel\u0151i v\u00e1logathatnak a \u0106urlin csal\u00e1d saj\u00e1t termel\u00e9s\u0171 borai k\u00f6z\u00fcl, vagy \u00e9lvezhetik a kiv\u00e1l\u00f3 min\u0151s\u00e9g\u0171 dalm\u00e1t borokat.<br>Enni b\u00e1rhol lehet \u2013 de a Villa Dvor terasz\u00e1n enni egy k\u00fcl\u00f6nleges \u00e9lm\u00e9ny. Ez egy mese.  <\/p><p>A sz\u00e1lloda 2010. november 2. \u00f3ta b\u00fcszk\u00e9n viseli az \u201eA k\u00f6rnyezet bar\u00e1tja\u201d \u00f6ko tan\u00fas\u00edtv\u00e1nyt. <\/p><p>Tov\u00e1bbi inform\u00e1ci\u00f3\u00e9rt \u00e9tterm\u00fcnkr\u0151l k\u00e9rj\u00fck, l\u00e1togassa meg weboldalunkat: <a href=\"http:\/\/restaurant-knez.com.hr\">restaurant-knez.com.hr<\/a><\/p><p>\u201eA fukar f\u00f6ld \u00e9vsz\u00e1zadok \u00f3ta teremti kincs\u00e9t,<br>mint a szerelem, mi a sz\u00edvben lakozik \u2013<br>keveset ad, keveset terem,<br>de amit ad, az sz\u00e1zszor t\u00f6bbet \u00e9r!\u201d<br>P. \u0106urlin <\/p>\t\t\t\t\t\t\t\t<\/div>\n\t\t\t\t\t<\/div>\n\t\t<\/div>\n\t\t\t\t\t<\/div>\n\t\t<\/section>\n\t\t\t\t<section class=\"elementor-section elementor-top-section elementor-element elementor-element-3b9731c elementor-section-content-space-around elementor-section-boxed elementor-section-height-default elementor-section-height-default\" data-id=\"3b9731c\" data-element_type=\"section\" data-e-type=\"section\">\n\t\t\t\t\t\t<div class=\"elementor-container elementor-column-gap-no\">\n\t\t\t\t\t<div class=\"elementor-column elementor-col-100 elementor-top-column elementor-element elementor-element-b720e26\" data-id=\"b720e26\" data-element_type=\"column\" data-e-type=\"column\">\n\t\t\t<div class=\"elementor-widget-wrap elementor-element-populated\">\n\t\t\t\t\t\t<div class=\"elementor-element elementor-element-9b2b882 gallery-spacing-custom elementor-widget elementor-widget-image-gallery\" data-id=\"9b2b882\" data-element_type=\"widget\" data-e-type=\"widget\" data-widget_type=\"image-gallery.default\">\n\t\t\t\t\t\t\t<div class=\"elementor-image-gallery\">\n\t\t\t<div id='gallery-1' class='gallery galleryid-5373 gallery-columns-4 gallery-size-eagle_booking_image_size_370_485'><figure class='gallery-item'>\n\t\t\t<div class='gallery-icon landscape'>\n\t\t\t\t<a data-elementor-open-lightbox=\"yes\" data-elementor-lightbox-slideshow=\"9b2b882\" data-elementor-lightbox-title=\"restaurant-knez\" data-e-action-hash=\"#elementor-action%3Aaction%3Dlightbox%26settings%3DeyJpZCI6NTM2NSwidXJsIjoiaHR0cHM6XC9cL2hvdGVsLXZpbGxhZHZvci5oclwvd3AtY29udGVudFwvdXBsb2Fkc1wvcmVzdGF1cmFudC1rbmV6LmpwZyIsInNsaWRlc2hvdyI6IjliMmI4ODIifQ%3D%3D\" href='https:\/\/hotel-villadvor.hr\/wp-content\/uploads\/restaurant-knez.jpg'><img fetchpriority=\"high\" decoding=\"async\" width=\"370\" height=\"485\" src=\"https:\/\/hotel-villadvor.hr\/wp-content\/uploads\/restaurant-knez-370x485.jpg\" class=\"attachment-eagle_booking_image_size_370_485 size-eagle_booking_image_size_370_485\" alt=\"\" \/><\/a>\n\t\t\t<\/div><\/figure><figure class='gallery-item'>\n\t\t\t<div class='gallery-icon portrait'>\n\t\t\t\t<a data-elementor-open-lightbox=\"yes\" data-elementor-lightbox-slideshow=\"9b2b882\" data-elementor-lightbox-title=\"IMG-20250625-2\" data-e-action-hash=\"#elementor-action%3Aaction%3Dlightbox%26settings%3DeyJpZCI6NTM2NiwidXJsIjoiaHR0cHM6XC9cL2hvdGVsLXZpbGxhZHZvci5oclwvd3AtY29udGVudFwvdXBsb2Fkc1wvSU1HLTIwMjUwNjI1LTIuanBnIiwic2xpZGVzaG93IjoiOWIyYjg4MiJ9\" href='https:\/\/hotel-villadvor.hr\/wp-content\/uploads\/IMG-20250625-2.jpg'><img loading=\"lazy\" decoding=\"async\" width=\"370\" height=\"485\" src=\"https:\/\/hotel-villadvor.hr\/wp-content\/uploads\/IMG-20250625-2-370x485.jpg\" class=\"attachment-eagle_booking_image_size_370_485 size-eagle_booking_image_size_370_485\" alt=\"\" \/><\/a>\n\t\t\t<\/div><\/figure><figure class='gallery-item'>\n\t\t\t<div class='gallery-icon landscape'>\n\t\t\t\t<a data-elementor-open-lightbox=\"yes\" data-elementor-lightbox-slideshow=\"9b2b882\" data-elementor-lightbox-title=\"20230521_131858-scaled\" data-e-action-hash=\"#elementor-action%3Aaction%3Dlightbox%26settings%3DeyJpZCI6NTM2NywidXJsIjoiaHR0cHM6XC9cL2hvdGVsLXZpbGxhZHZvci5oclwvd3AtY29udGVudFwvdXBsb2Fkc1wvMjAyMzA1MjFfMTMxODU4LXNjYWxlZC0xLmpwZyIsInNsaWRlc2hvdyI6IjliMmI4ODIifQ%3D%3D\" href='https:\/\/hotel-villadvor.hr\/wp-content\/uploads\/20230521_131858-scaled-1.jpg'><img loading=\"lazy\" decoding=\"async\" width=\"370\" height=\"485\" src=\"https:\/\/hotel-villadvor.hr\/wp-content\/uploads\/20230521_131858-scaled-1-370x485.jpg\" class=\"attachment-eagle_booking_image_size_370_485 size-eagle_booking_image_size_370_485\" alt=\"\" \/><\/a>\n\t\t\t<\/div><\/figure><figure class='gallery-item'>\n\t\t\t<div class='gallery-icon landscape'>\n\t\t\t\t<a data-elementor-open-lightbox=\"yes\" data-elementor-lightbox-slideshow=\"9b2b882\" data-elementor-lightbox-title=\"header_bg\" data-e-action-hash=\"#elementor-action%3Aaction%3Dlightbox%26settings%3DeyJpZCI6NTM2OCwidXJsIjoiaHR0cHM6XC9cL2hvdGVsLXZpbGxhZHZvci5oclwvd3AtY29udGVudFwvdXBsb2Fkc1wvaGVhZGVyX2JnLmpwZyIsInNsaWRlc2hvdyI6IjliMmI4ODIifQ%3D%3D\" href='https:\/\/hotel-villadvor.hr\/wp-content\/uploads\/header_bg.jpg'><img loading=\"lazy\" decoding=\"async\" width=\"370\" height=\"485\" src=\"https:\/\/hotel-villadvor.hr\/wp-content\/uploads\/header_bg-370x485.jpg\" class=\"attachment-eagle_booking_image_size_370_485 size-eagle_booking_image_size_370_485\" alt=\"\" \/><\/a>\n\t\t\t<\/div><\/figure><figure class='gallery-item'>\n\t\t\t<div class='gallery-icon portrait'>\n\t\t\t\t<a data-elementor-open-lightbox=\"yes\" data-elementor-lightbox-slideshow=\"9b2b882\" data-elementor-lightbox-title=\"IMG-20250625\" data-e-action-hash=\"#elementor-action%3Aaction%3Dlightbox%26settings%3DeyJpZCI6NTM2OSwidXJsIjoiaHR0cHM6XC9cL2hvdGVsLXZpbGxhZHZvci5oclwvd3AtY29udGVudFwvdXBsb2Fkc1wvSU1HLTIwMjUwNjI1LmpwZyIsInNsaWRlc2hvdyI6IjliMmI4ODIifQ%3D%3D\" href='https:\/\/hotel-villadvor.hr\/wp-content\/uploads\/IMG-20250625.jpg'><img loading=\"lazy\" decoding=\"async\" width=\"370\" height=\"485\" src=\"https:\/\/hotel-villadvor.hr\/wp-content\/uploads\/IMG-20250625-370x485.jpg\" class=\"attachment-eagle_booking_image_size_370_485 size-eagle_booking_image_size_370_485\" alt=\"\" srcset=\"https:\/\/hotel-villadvor.hr\/wp-content\/uploads\/IMG-20250625-370x485.jpg 370w, https:\/\/hotel-villadvor.hr\/wp-content\/uploads\/IMG-20250625-60x80.jpg 60w\" sizes=\"(max-width: 370px) 100vw, 370px\" \/><\/a>\n\t\t\t<\/div><\/figure><figure class='gallery-item'>\n\t\t\t<div class='gallery-icon landscape'>\n\t\t\t\t<a data-elementor-open-lightbox=\"yes\" data-elementor-lightbox-slideshow=\"9b2b882\" data-elementor-lightbox-title=\"IMG-20250625-1\" data-e-action-hash=\"#elementor-action%3Aaction%3Dlightbox%26settings%3DeyJpZCI6NTM3MCwidXJsIjoiaHR0cHM6XC9cL2hvdGVsLXZpbGxhZHZvci5oclwvd3AtY29udGVudFwvdXBsb2Fkc1wvSU1HLTIwMjUwNjI1LTEuanBnIiwic2xpZGVzaG93IjoiOWIyYjg4MiJ9\" href='https:\/\/hotel-villadvor.hr\/wp-content\/uploads\/IMG-20250625-1.jpg'><img loading=\"lazy\" decoding=\"async\" width=\"370\" height=\"485\" src=\"https:\/\/hotel-villadvor.hr\/wp-content\/uploads\/IMG-20250625-1-370x485.jpg\" class=\"attachment-eagle_booking_image_size_370_485 size-eagle_booking_image_size_370_485\" alt=\"\" \/><\/a>\n\t\t\t<\/div><\/figure><figure class='gallery-item'>\n\t\t\t<div class='gallery-icon landscape'>\n\t\t\t\t<a data-elementor-open-lightbox=\"yes\" data-elementor-lightbox-slideshow=\"9b2b882\" data-elementor-lightbox-title=\"20240628\" data-e-action-hash=\"#elementor-action%3Aaction%3Dlightbox%26settings%3DeyJpZCI6NTM3MSwidXJsIjoiaHR0cHM6XC9cL2hvdGVsLXZpbGxhZHZvci5oclwvd3AtY29udGVudFwvdXBsb2Fkc1wvMjAyNDA2MjgtMS5qcGciLCJzbGlkZXNob3ciOiI5YjJiODgyIn0%3D\" href='https:\/\/hotel-villadvor.hr\/wp-content\/uploads\/20240628-1.jpg'><img loading=\"lazy\" decoding=\"async\" width=\"370\" height=\"485\" src=\"https:\/\/hotel-villadvor.hr\/wp-content\/uploads\/20240628-1-370x485.jpg\" class=\"attachment-eagle_booking_image_size_370_485 size-eagle_booking_image_size_370_485\" alt=\"\" \/><\/a>\n\t\t\t<\/div><\/figure><figure class='gallery-item'>\n\t\t\t<div class='gallery-icon landscape'>\n\t\t\t\t<a data-elementor-open-lightbox=\"yes\" data-elementor-lightbox-slideshow=\"9b2b882\" data-elementor-lightbox-title=\"peka\" data-e-action-hash=\"#elementor-action%3Aaction%3Dlightbox%26settings%3DeyJpZCI6NTM3MiwidXJsIjoiaHR0cHM6XC9cL2hvdGVsLXZpbGxhZHZvci5oclwvd3AtY29udGVudFwvdXBsb2Fkc1wvcGVrYS5qcGciLCJzbGlkZXNob3ciOiI5YjJiODgyIn0%3D\" href='https:\/\/hotel-villadvor.hr\/wp-content\/uploads\/peka.jpg'><img loading=\"lazy\" decoding=\"async\" width=\"370\" height=\"485\" src=\"https:\/\/hotel-villadvor.hr\/wp-content\/uploads\/peka-370x485.jpg\" class=\"attachment-eagle_booking_image_size_370_485 size-eagle_booking_image_size_370_485\" alt=\"\" \/><\/a>\n\t\t\t<\/div><\/figure>\n\t\t<\/div>\n\t\t<\/div>\n\t\t\t\t\t\t<\/div>\n\t\t\t\t\t<\/div>\n\t\t<\/div>\n\t\t\t\t\t<\/div>\n\t\t<\/section>\n\t\t\t\t<\/div>\n\t\t","protected":false},"excerpt":{"rendered":"<p>KNEZ \u00e9tterm\u00fcnk Konyh\u00e1nkban eredeti poljicai specialit\u00e1sokat k\u00f3stolhat, amelyeket \u00f6kol\u00f3giai gazd\u00e1lkod\u00e1sb\u00f3l sz\u00e1rmaz\u00f3 alapanyagokb\u00f3l k\u00e9sz\u00edt\u00fcnk, 400 \u00e9ves hagyom\u00e1nyos receptek alapj\u00e1n. Eleg\u00e1ns \u201eKnez\u201d \u00e9tterm\u00fcnk \u00e9s a sz\u00e1lloda terasza l\u00e9legzetel\u00e1ll\u00edt\u00f3 kil\u00e1t\u00e1st ny\u00fajt a Cetina foly\u00f3 kanyonj\u00e1ra, Omi\u0161 \u00f3v\u00e1ros\u00e1ra, a tengerre \u00e9s a Bra\u010d-szigetre.Az \u00e9tterem sz\u00e9les gasztron\u00f3miai k\u00edn\u00e1lata helyi, poljicai specialit\u00e1sokat tartalmaz, melyeket gondosan v\u00e1logatott, \u00f6kol\u00f3giai alapanyagokb\u00f3l k\u00e9sz\u00edt\u00fcnk el -vend\u00e9gszeret\u0151 [&hellip;]<\/p>\n","protected":false},"author":1,"featured_media":0,"parent":0,"menu_order":0,"comment_status":"closed","ping_status":"closed","template":"","meta":{"footnotes":""},"class_list":["post-5373","page","type-page","status-publish","hentry"],"yoast_head":"<!-- This site is optimized with the Yoast SEO plugin v27.4 - https:\/\/yoast.com\/product\/yoast-seo-wordpress\/ -->\n<title>\u00c9tterem - Hotel Villa Dvor - Omis - Croatia<\/title>\n<meta name=\"robots\" content=\"index, follow, max-snippet:-1, max-image-preview:large, max-video-preview:-1\" \/>\n<link rel=\"canonical\" href=\"https:\/\/hotel-villadvor.hr\/hu\/etterem\/\" \/>\n<meta property=\"og:locale\" content=\"hu_HU\" \/>\n<meta property=\"og:type\" content=\"article\" \/>\n<meta property=\"og:title\" content=\"\u00c9tterem - Hotel Villa Dvor - Omis - Croatia\" \/>\n<meta property=\"og:description\" content=\"KNEZ \u00e9tterm\u00fcnk Konyh\u00e1nkban eredeti poljicai specialit\u00e1sokat k\u00f3stolhat, amelyeket \u00f6kol\u00f3giai gazd\u00e1lkod\u00e1sb\u00f3l sz\u00e1rmaz\u00f3 alapanyagokb\u00f3l k\u00e9sz\u00edt\u00fcnk, 400 \u00e9ves hagyom\u00e1nyos receptek alapj\u00e1n. Eleg\u00e1ns \u201eKnez\u201d \u00e9tterm\u00fcnk \u00e9s a sz\u00e1lloda terasza l\u00e9legzetel\u00e1ll\u00edt\u00f3 kil\u00e1t\u00e1st ny\u00fajt a Cetina foly\u00f3 kanyonj\u00e1ra, Omi\u0161 \u00f3v\u00e1ros\u00e1ra, a tengerre \u00e9s a Bra\u010d-szigetre.Az \u00e9tterem sz\u00e9les gasztron\u00f3miai k\u00edn\u00e1lata helyi, poljicai specialit\u00e1sokat tartalmaz, melyeket gondosan v\u00e1logatott, \u00f6kol\u00f3giai alapanyagokb\u00f3l k\u00e9sz\u00edt\u00fcnk el -vend\u00e9gszeret\u0151 [&hellip;]\" \/>\n<meta property=\"og:url\" content=\"https:\/\/hotel-villadvor.hr\/hu\/etterem\/\" \/>\n<meta property=\"og:site_name\" content=\"Hotel Villa Dvor - Omis - Croatia\" \/>\n<meta property=\"article:publisher\" content=\"https:\/\/www.facebook.com\/hotelvilladvor\" \/>\n<meta property=\"article:modified_time\" content=\"2026-01-09T11:18:52+00:00\" \/>\n<meta property=\"og:image\" content=\"https:\/\/hotel-villadvor.hr\/wp-content\/uploads\/restaurant-knez-370x485.jpg\" \/>\n<meta name=\"twitter:card\" content=\"summary_large_image\" \/>\n<meta name=\"twitter:label1\" content=\"Becs\u00fclt olvas\u00e1si id\u0151\" \/>\n\t<meta name=\"twitter:data1\" content=\"3 perc\" \/>\n<script type=\"application\/ld+json\" class=\"yoast-schema-graph\">{\"@context\":\"https:\\\/\\\/schema.org\",\"@graph\":[{\"@type\":\"WebPage\",\"@id\":\"https:\\\/\\\/hotel-villadvor.hr\\\/hu\\\/etterem\\\/\",\"url\":\"https:\\\/\\\/hotel-villadvor.hr\\\/hu\\\/etterem\\\/\",\"name\":\"\u00c9tterem - Hotel Villa Dvor - Omis - Croatia\",\"isPartOf\":{\"@id\":\"https:\\\/\\\/hotel-villadvor.hr\\\/hu\\\/#website\"},\"primaryImageOfPage\":{\"@id\":\"https:\\\/\\\/hotel-villadvor.hr\\\/hu\\\/etterem\\\/#primaryimage\"},\"image\":{\"@id\":\"https:\\\/\\\/hotel-villadvor.hr\\\/hu\\\/etterem\\\/#primaryimage\"},\"thumbnailUrl\":\"https:\\\/\\\/hotel-villadvor.hr\\\/wp-content\\\/uploads\\\/restaurant-knez-370x485.jpg\",\"datePublished\":\"2022-04-26T13:37:06+00:00\",\"dateModified\":\"2026-01-09T11:18:52+00:00\",\"breadcrumb\":{\"@id\":\"https:\\\/\\\/hotel-villadvor.hr\\\/hu\\\/etterem\\\/#breadcrumb\"},\"inLanguage\":\"hu\",\"potentialAction\":[{\"@type\":\"ReadAction\",\"target\":[\"https:\\\/\\\/hotel-villadvor.hr\\\/hu\\\/etterem\\\/\"]}]},{\"@type\":\"ImageObject\",\"inLanguage\":\"hu\",\"@id\":\"https:\\\/\\\/hotel-villadvor.hr\\\/hu\\\/etterem\\\/#primaryimage\",\"url\":\"https:\\\/\\\/hotel-villadvor.hr\\\/wp-content\\\/uploads\\\/restaurant-knez-370x485.jpg\",\"contentUrl\":\"https:\\\/\\\/hotel-villadvor.hr\\\/wp-content\\\/uploads\\\/restaurant-knez-370x485.jpg\"},{\"@type\":\"BreadcrumbList\",\"@id\":\"https:\\\/\\\/hotel-villadvor.hr\\\/hu\\\/etterem\\\/#breadcrumb\",\"itemListElement\":[{\"@type\":\"ListItem\",\"position\":1,\"name\":\"Home\",\"item\":\"https:\\\/\\\/hotel-villadvor.hr\\\/hu\\\/\"},{\"@type\":\"ListItem\",\"position\":2,\"name\":\"\u00c9tterem\"}]},{\"@type\":\"WebSite\",\"@id\":\"https:\\\/\\\/hotel-villadvor.hr\\\/hu\\\/#website\",\"url\":\"https:\\\/\\\/hotel-villadvor.hr\\\/hu\\\/\",\"name\":\"Hotel Villa Dvor - Omis - Croatia\",\"description\":\"\",\"potentialAction\":[{\"@type\":\"SearchAction\",\"target\":{\"@type\":\"EntryPoint\",\"urlTemplate\":\"https:\\\/\\\/hotel-villadvor.hr\\\/hu\\\/?s={search_term_string}\"},\"query-input\":{\"@type\":\"PropertyValueSpecification\",\"valueRequired\":true,\"valueName\":\"search_term_string\"}}],\"inLanguage\":\"hu\"}]}<\/script>\n<!-- \/ Yoast SEO plugin. -->","yoast_head_json":{"title":"\u00c9tterem - Hotel Villa Dvor - Omis - Croatia","robots":{"index":"index","follow":"follow","max-snippet":"max-snippet:-1","max-image-preview":"max-image-preview:large","max-video-preview":"max-video-preview:-1"},"canonical":"https:\/\/hotel-villadvor.hr\/hu\/etterem\/","og_locale":"hu_HU","og_type":"article","og_title":"\u00c9tterem - Hotel Villa Dvor - Omis - Croatia","og_description":"KNEZ \u00e9tterm\u00fcnk Konyh\u00e1nkban eredeti poljicai specialit\u00e1sokat k\u00f3stolhat, amelyeket \u00f6kol\u00f3giai gazd\u00e1lkod\u00e1sb\u00f3l sz\u00e1rmaz\u00f3 alapanyagokb\u00f3l k\u00e9sz\u00edt\u00fcnk, 400 \u00e9ves hagyom\u00e1nyos receptek alapj\u00e1n. Eleg\u00e1ns \u201eKnez\u201d \u00e9tterm\u00fcnk \u00e9s a sz\u00e1lloda terasza l\u00e9legzetel\u00e1ll\u00edt\u00f3 kil\u00e1t\u00e1st ny\u00fajt a Cetina foly\u00f3 kanyonj\u00e1ra, Omi\u0161 \u00f3v\u00e1ros\u00e1ra, a tengerre \u00e9s a Bra\u010d-szigetre.Az \u00e9tterem sz\u00e9les gasztron\u00f3miai k\u00edn\u00e1lata helyi, poljicai specialit\u00e1sokat tartalmaz, melyeket gondosan v\u00e1logatott, \u00f6kol\u00f3giai alapanyagokb\u00f3l k\u00e9sz\u00edt\u00fcnk el -vend\u00e9gszeret\u0151 [&hellip;]","og_url":"https:\/\/hotel-villadvor.hr\/hu\/etterem\/","og_site_name":"Hotel Villa Dvor - Omis - Croatia","article_publisher":"https:\/\/www.facebook.com\/hotelvilladvor","article_modified_time":"2026-01-09T11:18:52+00:00","og_image":[{"url":"https:\/\/hotel-villadvor.hr\/wp-content\/uploads\/restaurant-knez-370x485.jpg","type":"","width":"","height":""}],"twitter_card":"summary_large_image","twitter_misc":{"Becs\u00fclt olvas\u00e1si id\u0151":"3 perc"},"schema":{"@context":"https:\/\/schema.org","@graph":[{"@type":"WebPage","@id":"https:\/\/hotel-villadvor.hr\/hu\/etterem\/","url":"https:\/\/hotel-villadvor.hr\/hu\/etterem\/","name":"\u00c9tterem - Hotel Villa Dvor - Omis - Croatia","isPartOf":{"@id":"https:\/\/hotel-villadvor.hr\/hu\/#website"},"primaryImageOfPage":{"@id":"https:\/\/hotel-villadvor.hr\/hu\/etterem\/#primaryimage"},"image":{"@id":"https:\/\/hotel-villadvor.hr\/hu\/etterem\/#primaryimage"},"thumbnailUrl":"https:\/\/hotel-villadvor.hr\/wp-content\/uploads\/restaurant-knez-370x485.jpg","datePublished":"2022-04-26T13:37:06+00:00","dateModified":"2026-01-09T11:18:52+00:00","breadcrumb":{"@id":"https:\/\/hotel-villadvor.hr\/hu\/etterem\/#breadcrumb"},"inLanguage":"hu","potentialAction":[{"@type":"ReadAction","target":["https:\/\/hotel-villadvor.hr\/hu\/etterem\/"]}]},{"@type":"ImageObject","inLanguage":"hu","@id":"https:\/\/hotel-villadvor.hr\/hu\/etterem\/#primaryimage","url":"https:\/\/hotel-villadvor.hr\/wp-content\/uploads\/restaurant-knez-370x485.jpg","contentUrl":"https:\/\/hotel-villadvor.hr\/wp-content\/uploads\/restaurant-knez-370x485.jpg"},{"@type":"BreadcrumbList","@id":"https:\/\/hotel-villadvor.hr\/hu\/etterem\/#breadcrumb","itemListElement":[{"@type":"ListItem","position":1,"name":"Home","item":"https:\/\/hotel-villadvor.hr\/hu\/"},{"@type":"ListItem","position":2,"name":"\u00c9tterem"}]},{"@type":"WebSite","@id":"https:\/\/hotel-villadvor.hr\/hu\/#website","url":"https:\/\/hotel-villadvor.hr\/hu\/","name":"Hotel Villa Dvor - Omis - Croatia","description":"","potentialAction":[{"@type":"SearchAction","target":{"@type":"EntryPoint","urlTemplate":"https:\/\/hotel-villadvor.hr\/hu\/?s={search_term_string}"},"query-input":{"@type":"PropertyValueSpecification","valueRequired":true,"valueName":"search_term_string"}}],"inLanguage":"hu"}]}},"_links":{"self":[{"href":"https:\/\/hotel-villadvor.hr\/hu\/wp-json\/wp\/v2\/pages\/5373","targetHints":{"allow":["GET"]}}],"collection":[{"href":"https:\/\/hotel-villadvor.hr\/hu\/wp-json\/wp\/v2\/pages"}],"about":[{"href":"https:\/\/hotel-villadvor.hr\/hu\/wp-json\/wp\/v2\/types\/page"}],"author":[{"embeddable":true,"href":"https:\/\/hotel-villadvor.hr\/hu\/wp-json\/wp\/v2\/users\/1"}],"replies":[{"embeddable":true,"href":"https:\/\/hotel-villadvor.hr\/hu\/wp-json\/wp\/v2\/comments?post=5373"}],"version-history":[{"count":0,"href":"https:\/\/hotel-villadvor.hr\/hu\/wp-json\/wp\/v2\/pages\/5373\/revisions"}],"wp:attachment":[{"href":"https:\/\/hotel-villadvor.hr\/hu\/wp-json\/wp\/v2\/media?parent=5373"}],"curies":[{"name":"wp","href":"https:\/\/api.w.org\/{rel}","templated":true}]}}