{"id":5528,"date":"2025-12-15T10:43:05","date_gmt":"2025-12-15T10:43:05","guid":{"rendered":"https:\/\/hotel-villadvor.hr\/udvozoljuk-a-hotel-villa-dvor-bike-hike-ben\/"},"modified":"2026-01-09T10:47:25","modified_gmt":"2026-01-09T10:47:25","slug":"udvozoljuk-a-hotel-villa-dvor-bike-hike-ben","status":"publish","type":"page","link":"https:\/\/hotel-villadvor.hr\/hu\/udvozoljuk-a-hotel-villa-dvor-bike-hike-ben\/","title":{"rendered":"\u00dcdv\u00f6z\u00f6lj\u00fck a Hotel Villa Dvor Bike &amp; Hike-ben"},"content":{"rendered":"\n<h2 class=\"wp-block-heading\">HIKE HOTEL<\/h2>\n\n<p>Fedezze fel a leny\u0171g\u00f6z\u0151 hegyi t\u00e1jat k\u00f6zvetlen\u00fcl a Villa Dvor hotel k\u00f6zel\u00e9ben! Omi\u0161 \u00e9s k\u00f6rny\u00e9ke kiv\u00e1l\u00f3 c\u00e9lpont az akt\u00edv pihen\u00e9st \u00e9s t\u00far\u00e1z\u00e1st kedvel\u0151k sz\u00e1m\u00e1ra, gazdag \u00e9s j\u00f3l el\u00e9rhet\u0151 t\u00fara\u00fatvonal-h\u00e1l\u00f3zattal. \u00c9lvezze a v\u00e1ltozatos \u00e9s leny\u0171g\u00f6z\u0151 term\u00e9szeti vil\u00e1got, amely a szikl\u00e1t \u00e9s a vizet, valamint a tengert, foly\u00f3t \u00e9s hegyet egyed\u00fcl\u00e1ll\u00f3 m\u00f3don egyes\u00edti.<br\/>Tekintse meg a fest\u0151i Cetina foly\u00f3 kanyonj\u00e1t \u00e9s a leny\u0171g\u00f6z\u0151 Imber, Mosor \u00e9s Dinara hegyeket.<br\/>Rejtett \u00f6sv\u00e9nyeken, k\u00f6ves l\u00e9pcs\u0151k\u00f6n \u00e9s gyalogutakon j\u00e1rva egy gazdag t\u00f6rt\u00e9nelemmel \u00e1titatott t\u00e1jat fedezhet fel, ahol az ismeretlen vid\u00e9k mes\u00e9li el titkait. Fedezze fel a gy\u00f6ny\u00f6r\u0171 helyeket, l\u00e9legezze be a term\u00e9szet illat\u00e1t, \u00e9s friss leveg\u0151vel tiszt\u00edtsa meg t\u00fcdej\u00e9t. B\u00e1rmit is v\u00e1laszt, a cs\u00facson mindig fantasztikus jutalom v\u00e1r \u2013 p\u00e1ratlan kil\u00e1t\u00e1s \u00e9s tiszta leveg\u0151.      <br\/>A kellemes s\u00e9t\u00e1k a Villa Dvor sz\u00e1llod\u00e1ban t\u00f6lt\u00f6tt id\u0151 egy \u00fajabb r\u00e9sze&#8230;<\/p>\n\n<p>T\u00farat\u00e9rk\u00e9pet a kijel\u00f6lt t\u00fara\u00fatvonalakkal a recepci\u00f3n k\u00e9rhet. Szem\u00e9lyzet\u00fcnk \u00f6r\u00f6mmel ad tov\u00e1bbi inform\u00e1ci\u00f3kat \u00e9s tan\u00e1csokat a t\u00far\u00e1kkal kapcsolatban. <\/p>\n\n<p>Ig\u00e9ny eset\u00e9n b\u00e9relhet priv\u00e1t hegyi vezet\u0151t is. Tov\u00e1bbi inform\u00e1ci\u00f3\u00e9rt forduljon a recepci\u00f3nkhoz. <\/p>\n\n<figure class=\"wp-block-gallery has-nested-images columns-4 is-cropped wp-block-gallery-1 is-layout-flex wp-block-gallery-is-layout-flex\">\n<figure class=\"wp-block-image size-medium\"><img fetchpriority=\"high\" decoding=\"async\" width=\"300\" height=\"200\" data-id=\"4105\" src=\"https:\/\/hotel-villadvor.hr\/wp-content\/uploads\/2-5-300x200.jpg\" alt=\"\" class=\"wp-image-4105\" srcset=\"https:\/\/hotel-villadvor.hr\/wp-content\/uploads\/2-5-300x200.jpg 300w, https:\/\/hotel-villadvor.hr\/wp-content\/uploads\/2-5-1024x683.jpg 1024w, https:\/\/hotel-villadvor.hr\/wp-content\/uploads\/2-5-768x512.jpg 768w, https:\/\/hotel-villadvor.hr\/wp-content\/uploads\/2-5-80x53.jpg 80w, https:\/\/hotel-villadvor.hr\/wp-content\/uploads\/2-5-600x400.jpg 600w, https:\/\/hotel-villadvor.hr\/wp-content\/uploads\/2-5.jpg 1200w\" sizes=\"(max-width: 300px) 100vw, 300px\" \/><\/figure>\n\n\n\n<figure class=\"wp-block-image size-medium\"><img decoding=\"async\" width=\"300\" height=\"200\" data-id=\"4107\" src=\"https:\/\/hotel-villadvor.hr\/wp-content\/uploads\/8-3-300x200.jpg\" alt=\"\" class=\"wp-image-4107\" srcset=\"https:\/\/hotel-villadvor.hr\/wp-content\/uploads\/8-3-300x200.jpg 300w, https:\/\/hotel-villadvor.hr\/wp-content\/uploads\/8-3-1024x683.jpg 1024w, https:\/\/hotel-villadvor.hr\/wp-content\/uploads\/8-3-768x512.jpg 768w, https:\/\/hotel-villadvor.hr\/wp-content\/uploads\/8-3-80x53.jpg 80w, https:\/\/hotel-villadvor.hr\/wp-content\/uploads\/8-3-600x400.jpg 600w, https:\/\/hotel-villadvor.hr\/wp-content\/uploads\/8-3.jpg 1200w\" sizes=\"(max-width: 300px) 100vw, 300px\" \/><\/figure>\n\n\n\n<figure class=\"wp-block-image size-medium\"><img decoding=\"async\" width=\"300\" height=\"200\" data-id=\"4104\" src=\"https:\/\/hotel-villadvor.hr\/wp-content\/uploads\/1-5-300x200.jpg\" alt=\"\" class=\"wp-image-4104\" srcset=\"https:\/\/hotel-villadvor.hr\/wp-content\/uploads\/1-5-300x200.jpg 300w, https:\/\/hotel-villadvor.hr\/wp-content\/uploads\/1-5-1024x683.jpg 1024w, https:\/\/hotel-villadvor.hr\/wp-content\/uploads\/1-5-768x512.jpg 768w, https:\/\/hotel-villadvor.hr\/wp-content\/uploads\/1-5-80x53.jpg 80w, https:\/\/hotel-villadvor.hr\/wp-content\/uploads\/1-5-600x400.jpg 600w, https:\/\/hotel-villadvor.hr\/wp-content\/uploads\/1-5.jpg 1200w\" sizes=\"(max-width: 300px) 100vw, 300px\" \/><\/figure>\n\n\n\n<figure class=\"wp-block-image size-medium\"><img loading=\"lazy\" decoding=\"async\" width=\"300\" height=\"200\" data-id=\"4106\" src=\"https:\/\/hotel-villadvor.hr\/wp-content\/uploads\/3-5-300x200.jpg\" alt=\"\" class=\"wp-image-4106\" srcset=\"https:\/\/hotel-villadvor.hr\/wp-content\/uploads\/3-5-300x200.jpg 300w, https:\/\/hotel-villadvor.hr\/wp-content\/uploads\/3-5-1024x683.jpg 1024w, https:\/\/hotel-villadvor.hr\/wp-content\/uploads\/3-5-768x512.jpg 768w, https:\/\/hotel-villadvor.hr\/wp-content\/uploads\/3-5-80x53.jpg 80w, https:\/\/hotel-villadvor.hr\/wp-content\/uploads\/3-5-600x400.jpg 600w, https:\/\/hotel-villadvor.hr\/wp-content\/uploads\/3-5.jpg 1200w\" sizes=\"(max-width: 300px) 100vw, 300px\" \/><\/figure>\n<\/figure>\n\n<div style=\"height:61px\" aria-hidden=\"true\" class=\"wp-block-spacer\"><\/div>\n\n<h2 class=\"wp-block-heading\">BIKE HOTEL<\/h2>\n\n<p>A Villa Dvor Hotel az els\u0151 BIKE hotelek egyike K\u00f6z\u00e9p-Dalm\u00e1ci\u00e1ban, amely teljes k\u00f6r\u0171 infrastrukt\u00far\u00e1t k\u00edn\u00e1l amat\u0151r \u00e9s profi ker\u00e9kp\u00e1rosok sz\u00e1m\u00e1ra egyar\u00e1nt.<br\/>Nincs t\u00f6bb\u00e9 piszkos ker\u00e9kp\u00e1r, nem kell megv\u00e1rni a jav\u00edt\u00e1st vagy bizonytalannak lenni a helyi ker\u00e9kp\u00e1ros lehet\u0151s\u00e9gekben! A Villa Dvor Hotel teljes k\u00f6r\u0171 infrastrukt\u00far\u00e1t biztos\u00edt, hogy mindenki sz\u00e1m\u00e1ra egyszer\u0171 \u00e9s t\u00f6k\u00e9letes ker\u00e9kp\u00e1ros pihen\u00e9st garant\u00e1ljon.<br\/><br\/>  <strong>A Villa Dvor Hotel \u00e1ltal ny\u00fajtott szolg\u00e1ltat\u00e1sok:<\/strong><\/p>\n\n<ul class=\"wp-block-list\">\n<li>Z\u00e1rt, vide\u00f3megfigyel\u00e9ssel ell\u00e1tott ker\u00e9kp\u00e1r t\u00e1rol\u00f3<\/li>\n\n\n\n<li>Szersz\u00e1mk\u00e9szlet egyszer\u0171 jav\u00edt\u00e1sokhoz (ker\u00e9kp\u00e1r m\u0171hely)<\/li>\n\n\n\n<li>Ker\u00e9kp\u00e1rmos\u00e1s \u00f6n\u00e1ll\u00f3an haszn\u00e1lhat\u00f3 lehet\u0151s\u00e9g<\/li>\n\n\n\n<li>Ker\u00e9kp\u00e1rb\u00e9rl\u00e9s \u2013 a r\u00e9gi\u00f3 legjobb k\u00f6lcs\u00f6nz\u0151i aj\u00e1nl\u00e1s\u00e1val<br\/><\/li>\n\n\n\n<li>Bike service card (fontos telefonsz\u00e1mok list\u00e1ja)<\/li>\n\n\n\n<li>Ker\u00e9kp\u00e1ros eb\u00e9dcsomag<\/li>\n\n\n\n<li>Elektromos ker\u00e9kp\u00e1r akkumul\u00e1tor t\u00f6lt\u00e9si lehet\u0151s\u00e9g<\/li>\n\n\n\n<li>Biztos\u00edtott hely a csomagok \u00e9s felszerel\u00e9sek t\u00e1rol\u00e1s\u00e1ra<\/li>\n\n\n\n<li>Szem\u00e9ly- \u00e9s csomagsz\u00e1ll\u00edt\u00e1s<\/li>\n\n\n\n<li>Jacuzzi haszn\u00e1lata d\u00edjmentesen<\/li>\n\n\n\n<li>Massz\u00e1zs (fel\u00e1r ellen\u00e9ben)<\/li>\n\n\n\n<li>Ingyenes Wi-Fi internet<\/li>\n\n\n\n<li>Id\u0151j\u00e1r\u00e1s-el\u0151rejelz\u00e9s (napi t\u00e1j\u00e9koztat\u00e1s az id\u0151j\u00e1r\u00e1sr\u00f3l)<\/li>\n\n\n\n<li>Tov\u00e1bbi sportlehet\u0151s\u00e9gek (egy\u00e9b sportprogramok k\u00edn\u00e1lata)<\/li>\n\n\n\n<li>Inform\u00e1ci\u00f3k a ker\u00e9kp\u00e1ros \u00fatvonalakr\u00f3l helyi t\u00e9rk\u00e9ppel<\/li>\n\n\n\n<li>Vezetett t\u00far\u00e1k helyi idegenvezet\u0151kkel (fel\u00e1r ellen\u00e9ben)<\/li>\n<\/ul>\n\n<figure class=\"wp-block-gallery has-nested-images columns-4 is-cropped wp-block-gallery-2 is-layout-flex wp-block-gallery-is-layout-flex\">\n<figure class=\"wp-block-image size-medium\"><img loading=\"lazy\" decoding=\"async\" width=\"300\" height=\"200\" data-id=\"4101\" src=\"https:\/\/hotel-villadvor.hr\/wp-content\/uploads\/10-3-300x200.jpg\" alt=\"\" class=\"wp-image-4101\" srcset=\"https:\/\/hotel-villadvor.hr\/wp-content\/uploads\/10-3-300x200.jpg 300w, https:\/\/hotel-villadvor.hr\/wp-content\/uploads\/10-3-1024x683.jpg 1024w, https:\/\/hotel-villadvor.hr\/wp-content\/uploads\/10-3-768x512.jpg 768w, https:\/\/hotel-villadvor.hr\/wp-content\/uploads\/10-3-80x53.jpg 80w, https:\/\/hotel-villadvor.hr\/wp-content\/uploads\/10-3-600x400.jpg 600w, https:\/\/hotel-villadvor.hr\/wp-content\/uploads\/10-3.jpg 1200w\" sizes=\"(max-width: 300px) 100vw, 300px\" \/><\/figure>\n\n\n\n<figure class=\"wp-block-image size-medium\"><img loading=\"lazy\" decoding=\"async\" width=\"300\" height=\"200\" data-id=\"4100\" src=\"https:\/\/hotel-villadvor.hr\/wp-content\/uploads\/3-4-300x200.jpg\" alt=\"\" class=\"wp-image-4100\" srcset=\"https:\/\/hotel-villadvor.hr\/wp-content\/uploads\/3-4-300x200.jpg 300w, https:\/\/hotel-villadvor.hr\/wp-content\/uploads\/3-4-1024x683.jpg 1024w, https:\/\/hotel-villadvor.hr\/wp-content\/uploads\/3-4-768x512.jpg 768w, https:\/\/hotel-villadvor.hr\/wp-content\/uploads\/3-4-80x53.jpg 80w, https:\/\/hotel-villadvor.hr\/wp-content\/uploads\/3-4-600x400.jpg 600w, https:\/\/hotel-villadvor.hr\/wp-content\/uploads\/3-4.jpg 1200w\" sizes=\"(max-width: 300px) 100vw, 300px\" \/><\/figure>\n\n\n\n<figure class=\"wp-block-image size-medium\"><img loading=\"lazy\" decoding=\"async\" width=\"300\" height=\"200\" data-id=\"4098\" src=\"https:\/\/hotel-villadvor.hr\/wp-content\/uploads\/1-4-300x200.jpg\" alt=\"\" class=\"wp-image-4098\" srcset=\"https:\/\/hotel-villadvor.hr\/wp-content\/uploads\/1-4-300x200.jpg 300w, https:\/\/hotel-villadvor.hr\/wp-content\/uploads\/1-4-1024x683.jpg 1024w, https:\/\/hotel-villadvor.hr\/wp-content\/uploads\/1-4-768x512.jpg 768w, https:\/\/hotel-villadvor.hr\/wp-content\/uploads\/1-4-80x53.jpg 80w, https:\/\/hotel-villadvor.hr\/wp-content\/uploads\/1-4-600x400.jpg 600w, https:\/\/hotel-villadvor.hr\/wp-content\/uploads\/1-4.jpg 1200w\" sizes=\"(max-width: 300px) 100vw, 300px\" \/><\/figure>\n\n\n\n<figure class=\"wp-block-image size-medium\"><img loading=\"lazy\" decoding=\"async\" width=\"300\" height=\"200\" data-id=\"4099\" src=\"https:\/\/hotel-villadvor.hr\/wp-content\/uploads\/2-4-300x200.jpg\" alt=\"\" class=\"wp-image-4099\" srcset=\"https:\/\/hotel-villadvor.hr\/wp-content\/uploads\/2-4-300x200.jpg 300w, https:\/\/hotel-villadvor.hr\/wp-content\/uploads\/2-4-1024x683.jpg 1024w, https:\/\/hotel-villadvor.hr\/wp-content\/uploads\/2-4-768x512.jpg 768w, https:\/\/hotel-villadvor.hr\/wp-content\/uploads\/2-4-80x53.jpg 80w, https:\/\/hotel-villadvor.hr\/wp-content\/uploads\/2-4-600x400.jpg 600w, https:\/\/hotel-villadvor.hr\/wp-content\/uploads\/2-4.jpg 1200w\" sizes=\"(max-width: 300px) 100vw, 300px\" \/><\/figure>\n<\/figure>\n\n<p><\/p>\n","protected":false},"excerpt":{"rendered":"<p>HIKE HOTEL Fedezze fel a leny\u0171g\u00f6z\u0151 hegyi t\u00e1jat k\u00f6zvetlen\u00fcl a Villa Dvor hotel k\u00f6zel\u00e9ben! Omi\u0161 \u00e9s k\u00f6rny\u00e9ke kiv\u00e1l\u00f3 c\u00e9lpont az akt\u00edv pihen\u00e9st \u00e9s t\u00far\u00e1z\u00e1st kedvel\u0151k sz\u00e1m\u00e1ra, gazdag \u00e9s j\u00f3l el\u00e9rhet\u0151 t\u00fara\u00fatvonal-h\u00e1l\u00f3zattal. \u00c9lvezze a v\u00e1ltozatos \u00e9s leny\u0171g\u00f6z\u0151 term\u00e9szeti vil\u00e1got, amely a szikl\u00e1t \u00e9s a vizet, valamint a tengert, foly\u00f3t \u00e9s hegyet egyed\u00fcl\u00e1ll\u00f3 m\u00f3don egyes\u00edti.Tekintse meg a [&hellip;]<\/p>\n","protected":false},"author":1,"featured_media":0,"parent":0,"menu_order":0,"comment_status":"closed","ping_status":"closed","template":"","meta":{"footnotes":""},"class_list":["post-5528","page","type-page","status-publish","hentry"],"yoast_head":"<!-- This site is optimized with the Yoast SEO plugin v27.4 - https:\/\/yoast.com\/product\/yoast-seo-wordpress\/ -->\n<title>\u00dcdv\u00f6z\u00f6lj\u00fck a Hotel Villa Dvor Bike &amp; Hike-ben - Hotel Villa Dvor - Omis - Croatia<\/title>\n<meta name=\"description\" content=\"A Hotel Villa Dvor min\u0151s\u00edtett ker\u00e9kp\u00e1ros sz\u00e1lloda, \u00e9s remek hely Omis sz\u00e1mos hegyi \u00f6sv\u00e9ny\u00e9nek felfedez\u00e9s\u00e9hez. Foglalja le akt\u00edv nyaral\u00e1s\u00e1t!\" \/>\n<meta name=\"robots\" content=\"index, follow, max-snippet:-1, max-image-preview:large, max-video-preview:-1\" \/>\n<link rel=\"canonical\" href=\"https:\/\/hotel-villadvor.hr\/hu\/udvozoljuk-a-hotel-villa-dvor-bike-hike-ben\/\" \/>\n<meta property=\"og:locale\" content=\"hu_HU\" \/>\n<meta property=\"og:type\" content=\"article\" \/>\n<meta property=\"og:title\" content=\"\u00dcdv\u00f6z\u00f6lj\u00fck a Hotel Villa Dvor Bike &amp; Hike-ben - Hotel Villa Dvor - Omis - Croatia\" \/>\n<meta property=\"og:description\" content=\"A Hotel Villa Dvor min\u0151s\u00edtett ker\u00e9kp\u00e1ros sz\u00e1lloda, \u00e9s remek hely Omis sz\u00e1mos hegyi \u00f6sv\u00e9ny\u00e9nek felfedez\u00e9s\u00e9hez. Foglalja le akt\u00edv nyaral\u00e1s\u00e1t!\" \/>\n<meta property=\"og:url\" content=\"https:\/\/hotel-villadvor.hr\/hu\/udvozoljuk-a-hotel-villa-dvor-bike-hike-ben\/\" \/>\n<meta property=\"og:site_name\" content=\"Hotel Villa Dvor - Omis - Croatia\" \/>\n<meta property=\"article:publisher\" content=\"https:\/\/www.facebook.com\/hotelvilladvor\" \/>\n<meta property=\"article:modified_time\" content=\"2026-01-09T10:47:25+00:00\" \/>\n<meta property=\"og:image\" content=\"https:\/\/hotel-villadvor.hr\/wp-content\/uploads\/1-5.jpg\" \/>\n\t<meta property=\"og:image:width\" content=\"1200\" \/>\n\t<meta property=\"og:image:height\" content=\"800\" \/>\n\t<meta property=\"og:image:type\" content=\"image\/jpeg\" \/>\n<meta name=\"twitter:card\" content=\"summary_large_image\" \/>\n<meta name=\"twitter:label1\" content=\"Becs\u00fclt olvas\u00e1si id\u0151\" \/>\n\t<meta name=\"twitter:data1\" content=\"3 perc\" \/>\n<script type=\"application\/ld+json\" class=\"yoast-schema-graph\">{\"@context\":\"https:\\\/\\\/schema.org\",\"@graph\":[{\"@type\":\"WebPage\",\"@id\":\"https:\\\/\\\/hotel-villadvor.hr\\\/hu\\\/udvozoljuk-a-hotel-villa-dvor-bike-hike-ben\\\/\",\"url\":\"https:\\\/\\\/hotel-villadvor.hr\\\/hu\\\/udvozoljuk-a-hotel-villa-dvor-bike-hike-ben\\\/\",\"name\":\"\u00dcdv\u00f6z\u00f6lj\u00fck a Hotel Villa Dvor Bike &amp; Hike-ben - Hotel Villa Dvor - Omis - Croatia\",\"isPartOf\":{\"@id\":\"https:\\\/\\\/hotel-villadvor.hr\\\/hu\\\/#website\"},\"primaryImageOfPage\":{\"@id\":\"https:\\\/\\\/hotel-villadvor.hr\\\/hu\\\/udvozoljuk-a-hotel-villa-dvor-bike-hike-ben\\\/#primaryimage\"},\"image\":{\"@id\":\"https:\\\/\\\/hotel-villadvor.hr\\\/hu\\\/udvozoljuk-a-hotel-villa-dvor-bike-hike-ben\\\/#primaryimage\"},\"thumbnailUrl\":\"https:\\\/\\\/hotel-villadvor.hr\\\/wp-content\\\/uploads\\\/1-5-300x200.jpg\",\"datePublished\":\"2025-12-15T10:43:05+00:00\",\"dateModified\":\"2026-01-09T10:47:25+00:00\",\"description\":\"A Hotel Villa Dvor min\u0151s\u00edtett ker\u00e9kp\u00e1ros sz\u00e1lloda, \u00e9s remek hely Omis sz\u00e1mos hegyi \u00f6sv\u00e9ny\u00e9nek felfedez\u00e9s\u00e9hez. Foglalja le akt\u00edv nyaral\u00e1s\u00e1t!\",\"breadcrumb\":{\"@id\":\"https:\\\/\\\/hotel-villadvor.hr\\\/hu\\\/udvozoljuk-a-hotel-villa-dvor-bike-hike-ben\\\/#breadcrumb\"},\"inLanguage\":\"hu\",\"potentialAction\":[{\"@type\":\"ReadAction\",\"target\":[\"https:\\\/\\\/hotel-villadvor.hr\\\/hu\\\/udvozoljuk-a-hotel-villa-dvor-bike-hike-ben\\\/\"]}]},{\"@type\":\"ImageObject\",\"inLanguage\":\"hu\",\"@id\":\"https:\\\/\\\/hotel-villadvor.hr\\\/hu\\\/udvozoljuk-a-hotel-villa-dvor-bike-hike-ben\\\/#primaryimage\",\"url\":\"https:\\\/\\\/hotel-villadvor.hr\\\/wp-content\\\/uploads\\\/1-5-300x200.jpg\",\"contentUrl\":\"https:\\\/\\\/hotel-villadvor.hr\\\/wp-content\\\/uploads\\\/1-5-300x200.jpg\"},{\"@type\":\"BreadcrumbList\",\"@id\":\"https:\\\/\\\/hotel-villadvor.hr\\\/hu\\\/udvozoljuk-a-hotel-villa-dvor-bike-hike-ben\\\/#breadcrumb\",\"itemListElement\":[{\"@type\":\"ListItem\",\"position\":1,\"name\":\"Home\",\"item\":\"https:\\\/\\\/hotel-villadvor.hr\\\/hu\\\/\"},{\"@type\":\"ListItem\",\"position\":2,\"name\":\"\u00dcdv\u00f6z\u00f6lj\u00fck a Hotel Villa Dvor Bike &amp; Hike-ben\"}]},{\"@type\":\"WebSite\",\"@id\":\"https:\\\/\\\/hotel-villadvor.hr\\\/hu\\\/#website\",\"url\":\"https:\\\/\\\/hotel-villadvor.hr\\\/hu\\\/\",\"name\":\"Hotel Villa Dvor - Omis - Croatia\",\"description\":\"\",\"potentialAction\":[{\"@type\":\"SearchAction\",\"target\":{\"@type\":\"EntryPoint\",\"urlTemplate\":\"https:\\\/\\\/hotel-villadvor.hr\\\/hu\\\/?s={search_term_string}\"},\"query-input\":{\"@type\":\"PropertyValueSpecification\",\"valueRequired\":true,\"valueName\":\"search_term_string\"}}],\"inLanguage\":\"hu\"}]}<\/script>\n<!-- \/ Yoast SEO plugin. -->","yoast_head_json":{"title":"\u00dcdv\u00f6z\u00f6lj\u00fck a Hotel Villa Dvor Bike &amp; Hike-ben - Hotel Villa Dvor - Omis - Croatia","description":"A Hotel Villa Dvor min\u0151s\u00edtett ker\u00e9kp\u00e1ros sz\u00e1lloda, \u00e9s remek hely Omis sz\u00e1mos hegyi \u00f6sv\u00e9ny\u00e9nek felfedez\u00e9s\u00e9hez. Foglalja le akt\u00edv nyaral\u00e1s\u00e1t!","robots":{"index":"index","follow":"follow","max-snippet":"max-snippet:-1","max-image-preview":"max-image-preview:large","max-video-preview":"max-video-preview:-1"},"canonical":"https:\/\/hotel-villadvor.hr\/hu\/udvozoljuk-a-hotel-villa-dvor-bike-hike-ben\/","og_locale":"hu_HU","og_type":"article","og_title":"\u00dcdv\u00f6z\u00f6lj\u00fck a Hotel Villa Dvor Bike &amp; Hike-ben - Hotel Villa Dvor - Omis - Croatia","og_description":"A Hotel Villa Dvor min\u0151s\u00edtett ker\u00e9kp\u00e1ros sz\u00e1lloda, \u00e9s remek hely Omis sz\u00e1mos hegyi \u00f6sv\u00e9ny\u00e9nek felfedez\u00e9s\u00e9hez. Foglalja le akt\u00edv nyaral\u00e1s\u00e1t!","og_url":"https:\/\/hotel-villadvor.hr\/hu\/udvozoljuk-a-hotel-villa-dvor-bike-hike-ben\/","og_site_name":"Hotel Villa Dvor - Omis - Croatia","article_publisher":"https:\/\/www.facebook.com\/hotelvilladvor","article_modified_time":"2026-01-09T10:47:25+00:00","og_image":[{"width":1200,"height":800,"url":"https:\/\/hotel-villadvor.hr\/wp-content\/uploads\/1-5.jpg","type":"image\/jpeg"}],"twitter_card":"summary_large_image","twitter_misc":{"Becs\u00fclt olvas\u00e1si id\u0151":"3 perc"},"schema":{"@context":"https:\/\/schema.org","@graph":[{"@type":"WebPage","@id":"https:\/\/hotel-villadvor.hr\/hu\/udvozoljuk-a-hotel-villa-dvor-bike-hike-ben\/","url":"https:\/\/hotel-villadvor.hr\/hu\/udvozoljuk-a-hotel-villa-dvor-bike-hike-ben\/","name":"\u00dcdv\u00f6z\u00f6lj\u00fck a Hotel Villa Dvor Bike &amp; Hike-ben - Hotel Villa Dvor - Omis - Croatia","isPartOf":{"@id":"https:\/\/hotel-villadvor.hr\/hu\/#website"},"primaryImageOfPage":{"@id":"https:\/\/hotel-villadvor.hr\/hu\/udvozoljuk-a-hotel-villa-dvor-bike-hike-ben\/#primaryimage"},"image":{"@id":"https:\/\/hotel-villadvor.hr\/hu\/udvozoljuk-a-hotel-villa-dvor-bike-hike-ben\/#primaryimage"},"thumbnailUrl":"https:\/\/hotel-villadvor.hr\/wp-content\/uploads\/1-5-300x200.jpg","datePublished":"2025-12-15T10:43:05+00:00","dateModified":"2026-01-09T10:47:25+00:00","description":"A Hotel Villa Dvor min\u0151s\u00edtett ker\u00e9kp\u00e1ros sz\u00e1lloda, \u00e9s remek hely Omis sz\u00e1mos hegyi \u00f6sv\u00e9ny\u00e9nek felfedez\u00e9s\u00e9hez. Foglalja le akt\u00edv nyaral\u00e1s\u00e1t!","breadcrumb":{"@id":"https:\/\/hotel-villadvor.hr\/hu\/udvozoljuk-a-hotel-villa-dvor-bike-hike-ben\/#breadcrumb"},"inLanguage":"hu","potentialAction":[{"@type":"ReadAction","target":["https:\/\/hotel-villadvor.hr\/hu\/udvozoljuk-a-hotel-villa-dvor-bike-hike-ben\/"]}]},{"@type":"ImageObject","inLanguage":"hu","@id":"https:\/\/hotel-villadvor.hr\/hu\/udvozoljuk-a-hotel-villa-dvor-bike-hike-ben\/#primaryimage","url":"https:\/\/hotel-villadvor.hr\/wp-content\/uploads\/1-5-300x200.jpg","contentUrl":"https:\/\/hotel-villadvor.hr\/wp-content\/uploads\/1-5-300x200.jpg"},{"@type":"BreadcrumbList","@id":"https:\/\/hotel-villadvor.hr\/hu\/udvozoljuk-a-hotel-villa-dvor-bike-hike-ben\/#breadcrumb","itemListElement":[{"@type":"ListItem","position":1,"name":"Home","item":"https:\/\/hotel-villadvor.hr\/hu\/"},{"@type":"ListItem","position":2,"name":"\u00dcdv\u00f6z\u00f6lj\u00fck a Hotel Villa Dvor Bike &amp; Hike-ben"}]},{"@type":"WebSite","@id":"https:\/\/hotel-villadvor.hr\/hu\/#website","url":"https:\/\/hotel-villadvor.hr\/hu\/","name":"Hotel Villa Dvor - Omis - Croatia","description":"","potentialAction":[{"@type":"SearchAction","target":{"@type":"EntryPoint","urlTemplate":"https:\/\/hotel-villadvor.hr\/hu\/?s={search_term_string}"},"query-input":{"@type":"PropertyValueSpecification","valueRequired":true,"valueName":"search_term_string"}}],"inLanguage":"hu"}]}},"_links":{"self":[{"href":"https:\/\/hotel-villadvor.hr\/hu\/wp-json\/wp\/v2\/pages\/5528","targetHints":{"allow":["GET"]}}],"collection":[{"href":"https:\/\/hotel-villadvor.hr\/hu\/wp-json\/wp\/v2\/pages"}],"about":[{"href":"https:\/\/hotel-villadvor.hr\/hu\/wp-json\/wp\/v2\/types\/page"}],"author":[{"embeddable":true,"href":"https:\/\/hotel-villadvor.hr\/hu\/wp-json\/wp\/v2\/users\/1"}],"replies":[{"embeddable":true,"href":"https:\/\/hotel-villadvor.hr\/hu\/wp-json\/wp\/v2\/comments?post=5528"}],"version-history":[{"count":0,"href":"https:\/\/hotel-villadvor.hr\/hu\/wp-json\/wp\/v2\/pages\/5528\/revisions"}],"wp:attachment":[{"href":"https:\/\/hotel-villadvor.hr\/hu\/wp-json\/wp\/v2\/media?parent=5528"}],"curies":[{"name":"wp","href":"https:\/\/api.w.org\/{rel}","templated":true}]}}