{"id":5577,"date":"2025-12-05T16:45:11","date_gmt":"2025-12-05T16:45:11","guid":{"rendered":"https:\/\/hotel-villadvor.hr\/legjobb-ar-garancia-es-husegprogram\/"},"modified":"2026-01-09T10:24:22","modified_gmt":"2026-01-09T10:24:22","slug":"legjobb-ar-garancia-es-husegprogram","status":"publish","type":"page","link":"https:\/\/hotel-villadvor.hr\/hu\/legjobb-ar-garancia-es-husegprogram\/","title":{"rendered":"Legjobb \u00c1r Garancia \u00e9s H\u0171s\u00e9gprogram"},"content":{"rendered":"\n<h4 class=\"wp-block-heading\">Hotel Villa Dvor &#8211; Legjobb \u00e1r garancia<\/h4>\n\n<p>A Villa Dvorban azt szeretn\u00e9nk, hogy teljes bizalommal foglaljon, ez\u00e9rt garant\u00e1ljuk a legalacsonyabb online el\u00e9rhet\u0151 \u00e1rat. Ha a foglal\u00e1s el\u0151tt vagy a sz\u00e1lloda k\u00f6zvetlen csatorn\u00e1j\u00e1n kereszt\u00fcli foglal\u00e1s meger\u0151s\u00edt\u00e9s\u00e9t\u0151l sz\u00e1m\u00edtott 24 \u00f3r\u00e1n bel\u00fcl alacsonyabb \u00e1rat tal\u00e1l, mint amit k\u00f6zvetlen\u00fcl a sz\u00e1lloda vagy a sz\u00e1lloda online foglal\u00e1si szolg\u00e1ltat\u00e1sa k\u00edn\u00e1l (bele\u00e9rtve a h\u0171s\u00e9gkedvezm\u00e9nyt is), k\u00fcldj\u00f6n nek\u00fcnk egy igazol\u00e1st (a jobb aj\u00e1nlat k\u00e9p\u00e9t a weboldal linkj\u00e9vel, ahol ezt az aj\u00e1nlatot tal\u00e1lta) az info@hotel-villadvor.hr e-mail c\u00edm\u00fcnkre, a k\u00f6vetkez\u0151 c\u00edmmel: \u201eGarancia a legjobb \u00e1rakra\u201d. Ellen\u0151rizz\u00fck k\u00e9r\u00e9s\u00e9t, \u00e9s 24 \u00f3r\u00e1n bel\u00fcl felvessz\u00fck \u00d6nnel a kapcsolatot. Ha ig\u00e9nye helyt\u00e1ll\u00f3, a sz\u00e1lloda kiegyenl\u00edti az \u00e1rat, \u00e9s tov\u00e1bbi 5% kedvezm\u00e9nyt biztos\u00edt \u00d6nnek ugyanarra az \u00e1rra.   <\/p>\n\n<p>Felt\u00e9tel: A bek\u00fcld\u00f6tt legalacsonyabb \u00e1rnak ugyanarra a sz\u00e1llod\u00e1ra, ugyanarra a d\u00e1tumra, ugyanarra a szobat\u00edpusra, ugyanarra az \u00e9rt\u00e9kes\u00edt\u00e9si felt\u00e9telekre \u00e9s ugyanarra a szolg\u00e1ltat\u00e1sra kell \u00e9rv\u00e9nyesnek lennie.<\/p>\n\n<p>A k\u00f6vetkez\u0151 \u00e1rak nem tartoznak a legjobb \u00e1r garancia hat\u00e1lya al\u00e1:<br\/>&#8211; csoportok szerz\u0151d\u00e9ses \u00e1rai<br\/>&#8211; aukci\u00f3kon vagy hasonl\u00f3 elj\u00e1r\u00e1sokon kereszt\u00fcl szerzett \u00e1rak<br\/>&#8211; rekl\u00e1mkamp\u00e1nyok<br\/>&#8211; k\u00fcl\u00f6nleges aj\u00e1nlatok<br\/>&#8211; nem nyilv\u00e1nos \u00e1rak<\/p>\n\n<h4 class=\"wp-block-heading\" id=\"loaylty\">H\u0171s\u00e9gprogram<\/h4>\n\n<p>Csatlakozzon h\u0171s\u00e9gprogramunkhoz, \u00e9s \u00e9lvezze a Villa Dvor sz\u00e1llod\u00e1ban foglalt szolg\u00e1ltat\u00e1sok el\u0151nyeit!<\/p>\n\n<p>Hogyan v\u00e1lhat h\u0171s\u00e9gprogramunk tagj\u00e1v\u00e1:<br\/>1. Ha m\u00e1r legal\u00e1bb egy \u00e9jszak\u00e1t elt\u00f6lt\u00f6tt n\u00e1lunk, ak\u00e1r k\u00f6zvetlen foglal\u00e1ssal, szem\u00e9lyes \u00e1tv\u00e9tellel vagy b\u00e1rmely \u00fcgyn\u00f6ks\u00e9gen kereszt\u00fcl, k\u00e9rj\u00fck, vegye fel vel\u00fcnk a kapcsolatot az info@hotel-villadvor.hr c\u00edmen, hogy felvehess\u00fck \u00d6nt a taglist\u00e1nkra, \u00e9s azonnal \u00e9lvezhesse h\u0171s\u00e9gprogramunk el\u0151nyeit.  <\/p>\n\n<p>  2. 2. Ha els\u0151 alkalommal foglal sz\u00e1ll\u00e1st sz\u00e1llod\u00e1nkban, a tart\u00f3zkod\u00e1s \u00e9s a kijelentkez\u00e9s ut\u00e1n automatikusan felker\u00fcl t\u00f6rzsv\u00e1s\u00e1rl\u00f3ink \u200b\u200blist\u00e1j\u00e1ra, \u00e9s minden sz\u00fcks\u00e9ges inform\u00e1ci\u00f3t megkap arr\u00f3l, hogyan foglalhat a j\u00f6v\u0151ben t\u00f6rzsv\u00e1s\u00e1rl\u00f3i juttat\u00e1saival \u00e9s kedvezm\u00e9nyeivel.<\/p>\n\n<p>A h\u0171s\u00e9gprogram tagjai csak a saj\u00e1t nev\u00fck\u00f6n v\u00e9grehajtott foglal\u00e1sok ut\u00e1n vehetnek ig\u00e9nybe kedvezm\u00e9nyeket. A h\u0171s\u00e9gprogram el\u0151nyei nem \u00e1truh\u00e1zhat\u00f3k m\u00e1s szem\u00e9lyekre. Ha b\u00e1rmilyen k\u00e9rd\u00e9se van, vagy foglal\u00e1si rendszer\u00fcnk nem k\u00edn\u00e1l \u00d6nnek kedvezm\u00e9nyes \u00e1rakat, \u00e9s \u00d6n h\u0171s\u00e9gprogram-tag, k\u00e9rj\u00fck, vegye fel vel\u00fcnk a kapcsolatot az info@hotel-villadvor.hr c\u00edmen.  <\/p>\n\n<p><strong>H\u0170S\u00c9GPROGRAM HOTEL VILLA DVOR<\/strong><\/p>\n\n<figure class=\"wp-block-table\"><table class=\"has-fixed-layout\"><tbody><tr><td><strong>K\u00f6r\u00fclm\u00e9nyek<\/strong><\/td><td><strong>Els\u0151 tart\u00f3zkod\u00e1s<\/strong><\/td><td><strong>M\u00e1sodik \u00e9s minden m\u00e1sodik tart\u00f3zkod\u00e1s<\/strong><\/td><\/tr><tr><td>8% kedvezm\u00e9ny a foglal\u00e1sod \u00e1r\u00e1b\u00f3l*<\/td><td><\/td><td>IGEN<\/td><\/tr><tr><td>5% kedvezm\u00e9ny a sz\u00e1llodai csomagokra*<\/td><td><\/td><td>IGEN<\/td><\/tr><tr><td>Ingyenes lemond\u00e1si felt\u00e9telek hat\u00e1rideje<\/td><td>5 nappal az \u00e9rkez\u00e9s el\u0151tt<\/td><td>5 nappal az \u00e9rkez\u00e9s el\u0151tt<\/td><\/tr><tr><td>Lemond\u00e1si \u00f6sszeg az ingyenes hat\u00e1rid\u0151 lej\u00e1rta ut\u00e1n<\/td><td>A foglal\u00e1s teljes \u00f6sszeg\u00e9nek 70%-a<\/td><td>A foglal\u00e1s teljes \u00f6sszeg\u00e9nek 70%-a<\/td><\/tr><tr><td>V\u00e1r\u00f3lista priorit\u00e1sa<\/td><td><\/td><td>IGEN<\/td><\/tr><tr><td>Exkluz\u00edv \u201ecsak tagoknak\u201d sz\u00f3l\u00f3 aj\u00e1nlatok<\/td><td><\/td><td>IGEN<\/td><\/tr><tr><td>Lehet\u0151s\u00e9g a kedvenc szob\u00e1d lefoglal\u00e1s\u00e1ra**<\/td><td><\/td><td>IGEN<\/td><\/tr><\/tbody><\/table><\/figure>\n\n<p>* Sz\u00e1ll\u00e1s reggelivel \u00e1rakon<br\/>** El\u00e9rhet\u0151s\u00e9g f\u00fcggv\u00e9ny\u00e9ben<\/p>\n\n<p>K\u00f6sz\u00f6n\u00f6m!<br\/>\u0106urlin csal\u00e1d<\/p>\n","protected":false},"excerpt":{"rendered":"<p>Hotel Villa Dvor &#8211; Legjobb \u00e1r garancia A Villa Dvorban azt szeretn\u00e9nk, hogy teljes bizalommal foglaljon, ez\u00e9rt garant\u00e1ljuk a legalacsonyabb online el\u00e9rhet\u0151 \u00e1rat. Ha a foglal\u00e1s el\u0151tt vagy a sz\u00e1lloda k\u00f6zvetlen csatorn\u00e1j\u00e1n kereszt\u00fcli foglal\u00e1s meger\u0151s\u00edt\u00e9s\u00e9t\u0151l sz\u00e1m\u00edtott 24 \u00f3r\u00e1n bel\u00fcl alacsonyabb \u00e1rat tal\u00e1l, mint amit k\u00f6zvetlen\u00fcl a sz\u00e1lloda vagy a sz\u00e1lloda online foglal\u00e1si szolg\u00e1ltat\u00e1sa k\u00edn\u00e1l (bele\u00e9rtve [&hellip;]<\/p>\n","protected":false},"author":1,"featured_media":0,"parent":0,"menu_order":0,"comment_status":"closed","ping_status":"closed","template":"","meta":{"footnotes":""},"class_list":["post-5577","page","type-page","status-publish","hentry"],"yoast_head":"<!-- This site is optimized with the Yoast SEO plugin v27.4 - https:\/\/yoast.com\/product\/yoast-seo-wordpress\/ -->\n<title>Legjobb \u00c1r Garancia \u00e9s H\u0171s\u00e9gprogram - Hotel Villa Dvor - Omis - Croatia<\/title>\n<meta name=\"description\" content=\"Foglaljon k\u00f6zvetlen\u00fcl a Hotel Villa Dvorn\u00e1l a legjobb \u00e1r garanci\u00e1nk\u00e9rt \u00e9s h\u0171s\u00e9gprogramunk jutalmai\u00e9rt. Szerezze meg a legalacsonyabb \u00e1r\u00fa sz\u00e1llodai szob\u00e1t!\" \/>\n<meta name=\"robots\" content=\"index, follow, max-snippet:-1, max-image-preview:large, max-video-preview:-1\" \/>\n<link rel=\"canonical\" href=\"https:\/\/hotel-villadvor.hr\/hu\/legjobb-ar-garancia-es-husegprogram\/\" \/>\n<meta property=\"og:locale\" content=\"hu_HU\" \/>\n<meta property=\"og:type\" content=\"article\" \/>\n<meta property=\"og:title\" content=\"Legjobb \u00c1r Garancia \u00e9s H\u0171s\u00e9gprogram - Hotel Villa Dvor - Omis - Croatia\" \/>\n<meta property=\"og:description\" content=\"Foglaljon k\u00f6zvetlen\u00fcl a Hotel Villa Dvorn\u00e1l a legjobb \u00e1r garanci\u00e1nk\u00e9rt \u00e9s h\u0171s\u00e9gprogramunk jutalmai\u00e9rt. Szerezze meg a legalacsonyabb \u00e1r\u00fa sz\u00e1llodai szob\u00e1t!\" \/>\n<meta property=\"og:url\" content=\"https:\/\/hotel-villadvor.hr\/hu\/legjobb-ar-garancia-es-husegprogram\/\" \/>\n<meta property=\"og:site_name\" content=\"Hotel Villa Dvor - Omis - Croatia\" \/>\n<meta property=\"article:publisher\" content=\"https:\/\/www.facebook.com\/hotelvilladvor\" \/>\n<meta property=\"article:modified_time\" content=\"2026-01-09T10:24:22+00:00\" \/>\n<meta name=\"twitter:card\" content=\"summary_large_image\" \/>\n<meta name=\"twitter:label1\" content=\"Becs\u00fclt olvas\u00e1si id\u0151\" \/>\n\t<meta name=\"twitter:data1\" content=\"2 perc\" \/>\n<script type=\"application\/ld+json\" class=\"yoast-schema-graph\">{\"@context\":\"https:\\\/\\\/schema.org\",\"@graph\":[{\"@type\":\"WebPage\",\"@id\":\"https:\\\/\\\/hotel-villadvor.hr\\\/hu\\\/legjobb-ar-garancia-es-husegprogram\\\/\",\"url\":\"https:\\\/\\\/hotel-villadvor.hr\\\/hu\\\/legjobb-ar-garancia-es-husegprogram\\\/\",\"name\":\"Legjobb \u00c1r Garancia \u00e9s H\u0171s\u00e9gprogram - Hotel Villa Dvor - Omis - Croatia\",\"isPartOf\":{\"@id\":\"https:\\\/\\\/hotel-villadvor.hr\\\/hu\\\/#website\"},\"datePublished\":\"2025-12-05T16:45:11+00:00\",\"dateModified\":\"2026-01-09T10:24:22+00:00\",\"description\":\"Foglaljon k\u00f6zvetlen\u00fcl a Hotel Villa Dvorn\u00e1l a legjobb \u00e1r garanci\u00e1nk\u00e9rt \u00e9s h\u0171s\u00e9gprogramunk jutalmai\u00e9rt. Szerezze meg a legalacsonyabb \u00e1r\u00fa sz\u00e1llodai szob\u00e1t!\",\"breadcrumb\":{\"@id\":\"https:\\\/\\\/hotel-villadvor.hr\\\/hu\\\/legjobb-ar-garancia-es-husegprogram\\\/#breadcrumb\"},\"inLanguage\":\"hu\",\"potentialAction\":[{\"@type\":\"ReadAction\",\"target\":[\"https:\\\/\\\/hotel-villadvor.hr\\\/hu\\\/legjobb-ar-garancia-es-husegprogram\\\/\"]}]},{\"@type\":\"BreadcrumbList\",\"@id\":\"https:\\\/\\\/hotel-villadvor.hr\\\/hu\\\/legjobb-ar-garancia-es-husegprogram\\\/#breadcrumb\",\"itemListElement\":[{\"@type\":\"ListItem\",\"position\":1,\"name\":\"Home\",\"item\":\"https:\\\/\\\/hotel-villadvor.hr\\\/hu\\\/\"},{\"@type\":\"ListItem\",\"position\":2,\"name\":\"Legjobb \u00c1r Garancia \u00e9s H\u0171s\u00e9gprogram\"}]},{\"@type\":\"WebSite\",\"@id\":\"https:\\\/\\\/hotel-villadvor.hr\\\/hu\\\/#website\",\"url\":\"https:\\\/\\\/hotel-villadvor.hr\\\/hu\\\/\",\"name\":\"Hotel Villa Dvor - Omis - Croatia\",\"description\":\"\",\"potentialAction\":[{\"@type\":\"SearchAction\",\"target\":{\"@type\":\"EntryPoint\",\"urlTemplate\":\"https:\\\/\\\/hotel-villadvor.hr\\\/hu\\\/?s={search_term_string}\"},\"query-input\":{\"@type\":\"PropertyValueSpecification\",\"valueRequired\":true,\"valueName\":\"search_term_string\"}}],\"inLanguage\":\"hu\"}]}<\/script>\n<!-- \/ Yoast SEO plugin. -->","yoast_head_json":{"title":"Legjobb \u00c1r Garancia \u00e9s H\u0171s\u00e9gprogram - Hotel Villa Dvor - Omis - Croatia","description":"Foglaljon k\u00f6zvetlen\u00fcl a Hotel Villa Dvorn\u00e1l a legjobb \u00e1r garanci\u00e1nk\u00e9rt \u00e9s h\u0171s\u00e9gprogramunk jutalmai\u00e9rt. Szerezze meg a legalacsonyabb \u00e1r\u00fa sz\u00e1llodai szob\u00e1t!","robots":{"index":"index","follow":"follow","max-snippet":"max-snippet:-1","max-image-preview":"max-image-preview:large","max-video-preview":"max-video-preview:-1"},"canonical":"https:\/\/hotel-villadvor.hr\/hu\/legjobb-ar-garancia-es-husegprogram\/","og_locale":"hu_HU","og_type":"article","og_title":"Legjobb \u00c1r Garancia \u00e9s H\u0171s\u00e9gprogram - Hotel Villa Dvor - Omis - Croatia","og_description":"Foglaljon k\u00f6zvetlen\u00fcl a Hotel Villa Dvorn\u00e1l a legjobb \u00e1r garanci\u00e1nk\u00e9rt \u00e9s h\u0171s\u00e9gprogramunk jutalmai\u00e9rt. Szerezze meg a legalacsonyabb \u00e1r\u00fa sz\u00e1llodai szob\u00e1t!","og_url":"https:\/\/hotel-villadvor.hr\/hu\/legjobb-ar-garancia-es-husegprogram\/","og_site_name":"Hotel Villa Dvor - Omis - Croatia","article_publisher":"https:\/\/www.facebook.com\/hotelvilladvor","article_modified_time":"2026-01-09T10:24:22+00:00","twitter_card":"summary_large_image","twitter_misc":{"Becs\u00fclt olvas\u00e1si id\u0151":"2 perc"},"schema":{"@context":"https:\/\/schema.org","@graph":[{"@type":"WebPage","@id":"https:\/\/hotel-villadvor.hr\/hu\/legjobb-ar-garancia-es-husegprogram\/","url":"https:\/\/hotel-villadvor.hr\/hu\/legjobb-ar-garancia-es-husegprogram\/","name":"Legjobb \u00c1r Garancia \u00e9s H\u0171s\u00e9gprogram - Hotel Villa Dvor - Omis - Croatia","isPartOf":{"@id":"https:\/\/hotel-villadvor.hr\/hu\/#website"},"datePublished":"2025-12-05T16:45:11+00:00","dateModified":"2026-01-09T10:24:22+00:00","description":"Foglaljon k\u00f6zvetlen\u00fcl a Hotel Villa Dvorn\u00e1l a legjobb \u00e1r garanci\u00e1nk\u00e9rt \u00e9s h\u0171s\u00e9gprogramunk jutalmai\u00e9rt. Szerezze meg a legalacsonyabb \u00e1r\u00fa sz\u00e1llodai szob\u00e1t!","breadcrumb":{"@id":"https:\/\/hotel-villadvor.hr\/hu\/legjobb-ar-garancia-es-husegprogram\/#breadcrumb"},"inLanguage":"hu","potentialAction":[{"@type":"ReadAction","target":["https:\/\/hotel-villadvor.hr\/hu\/legjobb-ar-garancia-es-husegprogram\/"]}]},{"@type":"BreadcrumbList","@id":"https:\/\/hotel-villadvor.hr\/hu\/legjobb-ar-garancia-es-husegprogram\/#breadcrumb","itemListElement":[{"@type":"ListItem","position":1,"name":"Home","item":"https:\/\/hotel-villadvor.hr\/hu\/"},{"@type":"ListItem","position":2,"name":"Legjobb \u00c1r Garancia \u00e9s H\u0171s\u00e9gprogram"}]},{"@type":"WebSite","@id":"https:\/\/hotel-villadvor.hr\/hu\/#website","url":"https:\/\/hotel-villadvor.hr\/hu\/","name":"Hotel Villa Dvor - Omis - Croatia","description":"","potentialAction":[{"@type":"SearchAction","target":{"@type":"EntryPoint","urlTemplate":"https:\/\/hotel-villadvor.hr\/hu\/?s={search_term_string}"},"query-input":{"@type":"PropertyValueSpecification","valueRequired":true,"valueName":"search_term_string"}}],"inLanguage":"hu"}]}},"_links":{"self":[{"href":"https:\/\/hotel-villadvor.hr\/hu\/wp-json\/wp\/v2\/pages\/5577","targetHints":{"allow":["GET"]}}],"collection":[{"href":"https:\/\/hotel-villadvor.hr\/hu\/wp-json\/wp\/v2\/pages"}],"about":[{"href":"https:\/\/hotel-villadvor.hr\/hu\/wp-json\/wp\/v2\/types\/page"}],"author":[{"embeddable":true,"href":"https:\/\/hotel-villadvor.hr\/hu\/wp-json\/wp\/v2\/users\/1"}],"replies":[{"embeddable":true,"href":"https:\/\/hotel-villadvor.hr\/hu\/wp-json\/wp\/v2\/comments?post=5577"}],"version-history":[{"count":0,"href":"https:\/\/hotel-villadvor.hr\/hu\/wp-json\/wp\/v2\/pages\/5577\/revisions"}],"wp:attachment":[{"href":"https:\/\/hotel-villadvor.hr\/hu\/wp-json\/wp\/v2\/media?parent=5577"}],"curies":[{"name":"wp","href":"https:\/\/api.w.org\/{rel}","templated":true}]}}