{"id":5486,"date":"2025-12-15T11:02:37","date_gmt":"2025-12-15T11:02:37","guid":{"rendered":"https:\/\/hotel-villadvor.hr\/hotel-villa-dvor-ekologiczny-hotel\/"},"modified":"2026-01-09T10:38:55","modified_gmt":"2026-01-09T10:38:55","slug":"hotel-villa-dvor-ekologiczny-hotel","status":"publish","type":"page","link":"https:\/\/hotel-villadvor.hr\/pl\/hotel-villa-dvor-ekologiczny-hotel\/","title":{"rendered":"Hotel Villa Dvor Ekologiczny hotel"},"content":{"rendered":"\n<h2 class=\"wp-block-heading\">Kompostowanie odpad\u00f3w komunalnych i kuchennych biodegradowalnych oraz produkcja pr\u00f3chnicy<\/h2>\n\n<p>Aby poprawi\u0107 jako\u015b\u0107 \u015brodowiska, a tak\u017ce obni\u017cy\u0107 koszty utylizacji odpad\u00f3w komunalnych i biodegradowalnych (zielone cz\u0119\u015bci ro\u015blin, skoszona trawa, li\u015bcie, ga\u0142\u0105zki, tektura opakowaniowa, papier, odpady kuchenne), Hotel Villa Dvor wybudowa\u0142 w\u0142asn\u0105 jednostk\u0119 kompostuj\u0105c\u0105, do kt\u00f3rej powietrze jest naturalnie doprowadzane przez p\u0142yty gipsowo-kartonowe, a mieszanka jest okresowo mieszana w celu prawid\u0142owej fermentacji. Roczna ilo\u015b\u0107 kompostowanych odpad\u00f3w wynosi oko\u0142o 5000 litr\u00f3w. Wszystkie opakowania szklane i PET, za kt\u00f3re pobierana jest op\u0142ata za zwrot, s\u0105 zwracane dostawcy, a reszta jest poddawana recyklingowi. Dodatkowo, zu\u017cyty olej z kuchni jest poddawany recyklingowi. Mieszanka uzyskana po fermentacji jest przenoszona na grz\u0105dki d\u017cd\u017cownic (Eisenia fetida), gdzie kompost jest przetwarzany na wermikompost \u2013 wierzchni\u0105 pr\u00f3chnic\u0119. W ten spos\u00f3b produkujemy oko\u0142o 2000 litr\u00f3w wysokiej jako\u015bci pr\u00f3chnicy. Pr\u00f3chnica wzbogaca gleb\u0119 i jest wykorzystywana jako po\u017cywienie w naszym w\u0142asnym ogrodzie do produkcji warzyw dla hotelu.      <\/p>\n\n<figure class=\"wp-block-gallery has-nested-images columns-4 is-cropped wp-block-gallery-1 is-layout-flex wp-block-gallery-is-layout-flex\">\n<figure class=\"wp-block-image size-large\"><img fetchpriority=\"high\" decoding=\"async\" width=\"1024\" height=\"683\" data-id=\"4115\" src=\"https:\/\/hotel-villadvor.hr\/wp-content\/uploads\/eco-garden-3-1024x683.jpg\" alt=\"\" class=\"wp-image-4115\" srcset=\"https:\/\/hotel-villadvor.hr\/wp-content\/uploads\/eco-garden-3-1024x683.jpg 1024w, https:\/\/hotel-villadvor.hr\/wp-content\/uploads\/eco-garden-3-300x200.jpg 300w, https:\/\/hotel-villadvor.hr\/wp-content\/uploads\/eco-garden-3-768x512.jpg 768w, https:\/\/hotel-villadvor.hr\/wp-content\/uploads\/eco-garden-3-80x53.jpg 80w, https:\/\/hotel-villadvor.hr\/wp-content\/uploads\/eco-garden-3-600x400.jpg 600w, https:\/\/hotel-villadvor.hr\/wp-content\/uploads\/eco-garden-3.jpg 1200w\" sizes=\"(max-width: 1024px) 100vw, 1024px\" \/><\/figure>\n\n\n\n<figure class=\"wp-block-image size-medium\"><img decoding=\"async\" width=\"300\" height=\"200\" data-id=\"4113\" src=\"https:\/\/hotel-villadvor.hr\/wp-content\/uploads\/eco-garden-1-300x200.jpg\" alt=\"\" class=\"wp-image-4113\" srcset=\"https:\/\/hotel-villadvor.hr\/wp-content\/uploads\/eco-garden-1-300x200.jpg 300w, https:\/\/hotel-villadvor.hr\/wp-content\/uploads\/eco-garden-1-1024x683.jpg 1024w, https:\/\/hotel-villadvor.hr\/wp-content\/uploads\/eco-garden-1-768x512.jpg 768w, https:\/\/hotel-villadvor.hr\/wp-content\/uploads\/eco-garden-1-80x53.jpg 80w, https:\/\/hotel-villadvor.hr\/wp-content\/uploads\/eco-garden-1-600x400.jpg 600w, https:\/\/hotel-villadvor.hr\/wp-content\/uploads\/eco-garden-1.jpg 1200w\" sizes=\"(max-width: 300px) 100vw, 300px\" \/><\/figure>\n\n\n\n<figure class=\"wp-block-image size-large\"><img decoding=\"async\" width=\"1024\" height=\"683\" data-id=\"4114\" src=\"https:\/\/hotel-villadvor.hr\/wp-content\/uploads\/eco-garden-2-1024x683.jpg\" alt=\"\" class=\"wp-image-4114\" srcset=\"https:\/\/hotel-villadvor.hr\/wp-content\/uploads\/eco-garden-2-1024x683.jpg 1024w, https:\/\/hotel-villadvor.hr\/wp-content\/uploads\/eco-garden-2-300x200.jpg 300w, https:\/\/hotel-villadvor.hr\/wp-content\/uploads\/eco-garden-2-768x512.jpg 768w, https:\/\/hotel-villadvor.hr\/wp-content\/uploads\/eco-garden-2-80x53.jpg 80w, https:\/\/hotel-villadvor.hr\/wp-content\/uploads\/eco-garden-2-600x400.jpg 600w, https:\/\/hotel-villadvor.hr\/wp-content\/uploads\/eco-garden-2.jpg 1200w\" sizes=\"(max-width: 1024px) 100vw, 1024px\" \/><\/figure>\n\n\n\n<figure class=\"wp-block-image size-large\"><img loading=\"lazy\" decoding=\"async\" width=\"1024\" height=\"683\" data-id=\"4116\" src=\"https:\/\/hotel-villadvor.hr\/wp-content\/uploads\/eco-garden-4-1024x683.jpg\" alt=\"\" class=\"wp-image-4116\" srcset=\"https:\/\/hotel-villadvor.hr\/wp-content\/uploads\/eco-garden-4-1024x683.jpg 1024w, https:\/\/hotel-villadvor.hr\/wp-content\/uploads\/eco-garden-4-300x200.jpg 300w, https:\/\/hotel-villadvor.hr\/wp-content\/uploads\/eco-garden-4-768x512.jpg 768w, https:\/\/hotel-villadvor.hr\/wp-content\/uploads\/eco-garden-4-80x53.jpg 80w, https:\/\/hotel-villadvor.hr\/wp-content\/uploads\/eco-garden-4-600x400.jpg 600w, https:\/\/hotel-villadvor.hr\/wp-content\/uploads\/eco-garden-4.jpg 1200w\" sizes=\"(max-width: 1024px) 100vw, 1024px\" \/><\/figure>\n<\/figure>\n\n<div style=\"height:39px\" aria-hidden=\"true\" class=\"wp-block-spacer\"><\/div>\n\n<h2 class=\"wp-block-heading\">Czerpanie ciep\u0142a z rzeki Cetina<\/h2>\n\n<p>We wsp\u00f3\u0142pracy z Wydzia\u0142em Mechanicznym Uniwersytetu w Splicie zaprojektowali\u015bmy i wyprodukowali\u015bmy pomp\u0119 ciep\u0142a do ogrzewania i ch\u0142odzenia hotelu, a tak\u017ce do produkcji ciep\u0142ej wody u\u017cytkowej. Uzyskali\u015bmy licencj\u0119\/koncesj\u0119 na eksploatacj\u0119 wody na rzece Cetina. Pompa ciep\u0142a sk\u0142ada si\u0119 z dw\u00f3ch niezale\u017cnych obieg\u00f3w. Jeden s\u0142u\u017cy do podgrzewania wody u\u017cytkowej, gdy system ch\u0142odzenia nie dzia\u0142a. Drugi obieg s\u0142u\u017cy do ogrzewania i ch\u0142odzenia hotelu. Gdy system ch\u0142odzenia dzia\u0142a, ciep\u0142o odpadowe jest wykorzystywane do podgrzewania ciep\u0142ej wody u\u017cytkowej. System ten autonomicznie wytwarza ca\u0142e niezb\u0119dne ciep\u0142o na potrzeby hotelu. Wsp\u00f3\u0142czynnik zu\u017cycia i produkcji energii wynosi oko\u0142o 1:5. Wszystkie pokoje w hotelu, w tym korytarze, posiadaj\u0105 autonomiczn\u0105 regulacj\u0119 temperatury, co dodatkowo oszcz\u0119dza zu\u017cycie ciep\u0142a, a klimakonwektory zatrzymuj\u0105 si\u0119 automatycznie po otwarciu okna w pokoju. Wszystkie okna zosta\u0142y wykonane ze szk\u0142a termoizolacyjnego, a fasada i taras na dachu hotelu s\u0105 ocieplone styrodurem o grubo\u015bci 8 cm, co dodatkowo zmniejsza straty energii. Opr\u00f3cz korzy\u015bci finansowych dla hotelu, inwestycja ta znacz\u0105co przyczynia si\u0119 do ochrony \u015brodowiska. Zmniejsza ona koszty gospodarki odpadami na poziomie lokalnym i emisj\u0119 dwutlenku w\u0119gla.            <\/p>\n\n<div style=\"height:39px\" aria-hidden=\"true\" class=\"wp-block-spacer\"><\/div>\n\n<h2 class=\"wp-block-heading\">Spo\u017cycie wody pitnej<\/h2>\n\n<p>Aby racjonalnie gospodarowa\u0107 wod\u0105 pitn\u0105, zainstalowali\u015bmy sp\u0142uczki toaletowe z dwustrefowym sp\u0142ukiwaniem, zu\u017cywaj\u0105cym 3 lub 6 litr\u00f3w wody na sp\u0142ukanie. W toaletach publicznych zainstalowali\u015bmy baterie z czujnikiem ruchu, a we wszystkich \u0142azienkach zamontowali\u015bmy termostatyczne baterie wannowe z mieszaczem, kt\u00f3re reguluj\u0105 temperatur\u0119 wody w wannie. Ponadto wszystkie baterie posiadaj\u0105 system Perlati e., kt\u00f3ry miesza wod\u0119 z powietrzem, co pozwala na zu\u017cycie do 50% mniej wody pitnej, a odczucie k\u0105pieli pod prysznicem jest znacznie przyjemniejsze, poniewa\u017c strumie\u0144 wody jest mi\u0119kki i obfity. Szampony i myd\u0142a w pokojach i toaletach publicznych maj\u0105 neutralne pH i posiadaj\u0105 certyfikat Eco, a detergenty u\u017cywane w pralkach i zmywarkach s\u0105 biodegradowalne. Oszcz\u0119dno\u015b\u0107 wody pitnej jest realizowana poprzez dba\u0142o\u015b\u0107 o \u015brodowisko naturalne hotelu. Wszystkie ro\u015bliny w otoczeniu hotelu to gatunki rodzime (sza\u0142wia, lawenda, rozmaryn, \u017carnowiec, oliwki, r\u00f3\u017cne gatunki bylin), kt\u00f3re s\u0105 o wiele bardziej odporne na lokalne warunki klimatyczne (obszar krasowy, brak wody latem, burze zim\u0105), a to powoduje zmniejszenie zu\u017cycia wody do podlewania i od\u017cywiania pr\u00f3chnicy, dzi\u0119ki czemu s\u0105 trwalsze i bardziej odporne.      <\/p>\n\n<div style=\"height:39px\" aria-hidden=\"true\" class=\"wp-block-spacer\"><\/div>\n\n<h2 class=\"wp-block-heading\">Oszcz\u0119dno\u015b\u0107 energii<\/h2>\n\n<p>Oszcz\u0119dno\u015b\u0107 energii jest generowana zar\u00f3wno na ogrzewaniu, jak i na o\u015bwietleniu. W hotelu zainstalowali\u015bmy oprawy o\u015bwietleniowe wykorzystuj\u0105ce energooszcz\u0119dne \u017ar\u00f3d\u0142a \u015bwiat\u0142a. Od 2011 roku zacz\u0119li\u015bmy wymienia\u0107 ka\u017cd\u0105 dodatkow\u0105, przepalon\u0105 \u017car\u00f3wk\u0119 energooszcz\u0119dn\u0105 na \u017car\u00f3wki LED, kt\u00f3re zu\u017cywaj\u0105 do 7 razy mniej energii ni\u017c \u015bwietl\u00f3wki fluorescencyjne. Aby zmniejszy\u0107 emisj\u0119 CO2 i korzysta\u0107 z odnawialnych \u017ar\u00f3de\u0142 energii, stworzyli\u015bmy projekt elektrowni fotowoltaicznej o mocy 24 kW, kt\u00f3ra zosta\u0142a oddana do u\u017cytku w kwietniu 2014 roku. Opr\u00f3cz elektrowni fotowoltaicznej o mocy 24 kW zainstalowali\u015bmy trzy kolektory s\u0142oneczne o \u0142\u0105cznej mocy 5 kW do dodatkowego podgrzewania ciep\u0142ej wody u\u017cytkowej. Hotel zbudowa\u0142 prototypow\u0105 wind\u0119, kt\u00f3ra przy r\u00f3\u017cnicy masy mi\u0119dzy kabin\u0105 a wag\u0105 przekraczaj\u0105cej 130 kg, w zale\u017cno\u015bci od tego, czy winda jedzie w g\u00f3r\u0119, czy w d\u00f3\u0142, generuje 3,9 kW.     <\/p>\n\n<figure class=\"wp-block-gallery has-nested-images columns-4 is-cropped wp-block-gallery-2 is-layout-flex wp-block-gallery-is-layout-flex\">\n<figure class=\"wp-block-image size-medium\"><img loading=\"lazy\" decoding=\"async\" width=\"300\" height=\"200\" data-id=\"4117\" src=\"https:\/\/hotel-villadvor.hr\/wp-content\/uploads\/eco-ev-carger-2-300x200.jpg\" alt=\"\" class=\"wp-image-4117\" srcset=\"https:\/\/hotel-villadvor.hr\/wp-content\/uploads\/eco-ev-carger-2-300x200.jpg 300w, https:\/\/hotel-villadvor.hr\/wp-content\/uploads\/eco-ev-carger-2-1024x683.jpg 1024w, https:\/\/hotel-villadvor.hr\/wp-content\/uploads\/eco-ev-carger-2-768x512.jpg 768w, https:\/\/hotel-villadvor.hr\/wp-content\/uploads\/eco-ev-carger-2-80x53.jpg 80w, https:\/\/hotel-villadvor.hr\/wp-content\/uploads\/eco-ev-carger-2-600x400.jpg 600w, https:\/\/hotel-villadvor.hr\/wp-content\/uploads\/eco-ev-carger-2.jpg 1200w\" sizes=\"(max-width: 300px) 100vw, 300px\" \/><\/figure>\n\n\n\n<figure class=\"wp-block-image size-medium\"><img loading=\"lazy\" decoding=\"async\" width=\"300\" height=\"200\" data-id=\"4120\" src=\"https:\/\/hotel-villadvor.hr\/wp-content\/uploads\/eco-solar-3-300x200.jpg\" alt=\"\" class=\"wp-image-4120\" srcset=\"https:\/\/hotel-villadvor.hr\/wp-content\/uploads\/eco-solar-3-300x200.jpg 300w, https:\/\/hotel-villadvor.hr\/wp-content\/uploads\/eco-solar-3-1024x683.jpg 1024w, https:\/\/hotel-villadvor.hr\/wp-content\/uploads\/eco-solar-3-768x512.jpg 768w, https:\/\/hotel-villadvor.hr\/wp-content\/uploads\/eco-solar-3-80x53.jpg 80w, https:\/\/hotel-villadvor.hr\/wp-content\/uploads\/eco-solar-3-600x400.jpg 600w, https:\/\/hotel-villadvor.hr\/wp-content\/uploads\/eco-solar-3.jpg 1200w\" sizes=\"(max-width: 300px) 100vw, 300px\" \/><\/figure>\n\n\n\n<figure class=\"wp-block-image size-medium\"><img loading=\"lazy\" decoding=\"async\" width=\"300\" height=\"200\" data-id=\"4118\" src=\"https:\/\/hotel-villadvor.hr\/wp-content\/uploads\/eco-solar-1-300x200.jpg\" alt=\"\" class=\"wp-image-4118\" srcset=\"https:\/\/hotel-villadvor.hr\/wp-content\/uploads\/eco-solar-1-300x200.jpg 300w, https:\/\/hotel-villadvor.hr\/wp-content\/uploads\/eco-solar-1-1024x683.jpg 1024w, https:\/\/hotel-villadvor.hr\/wp-content\/uploads\/eco-solar-1-768x512.jpg 768w, https:\/\/hotel-villadvor.hr\/wp-content\/uploads\/eco-solar-1-80x53.jpg 80w, https:\/\/hotel-villadvor.hr\/wp-content\/uploads\/eco-solar-1-600x400.jpg 600w, https:\/\/hotel-villadvor.hr\/wp-content\/uploads\/eco-solar-1.jpg 1200w\" sizes=\"(max-width: 300px) 100vw, 300px\" \/><\/figure>\n\n\n\n<figure class=\"wp-block-image size-medium\"><img loading=\"lazy\" decoding=\"async\" width=\"300\" height=\"200\" data-id=\"4119\" src=\"https:\/\/hotel-villadvor.hr\/wp-content\/uploads\/eco-solar-2-300x200.jpg\" alt=\"\" class=\"wp-image-4119\" srcset=\"https:\/\/hotel-villadvor.hr\/wp-content\/uploads\/eco-solar-2-300x200.jpg 300w, https:\/\/hotel-villadvor.hr\/wp-content\/uploads\/eco-solar-2-1024x683.jpg 1024w, https:\/\/hotel-villadvor.hr\/wp-content\/uploads\/eco-solar-2-768x512.jpg 768w, https:\/\/hotel-villadvor.hr\/wp-content\/uploads\/eco-solar-2-80x53.jpg 80w, https:\/\/hotel-villadvor.hr\/wp-content\/uploads\/eco-solar-2-600x400.jpg 600w, https:\/\/hotel-villadvor.hr\/wp-content\/uploads\/eco-solar-2.jpg 1200w\" sizes=\"(max-width: 300px) 100vw, 300px\" \/><\/figure>\n<\/figure>\n","protected":false},"excerpt":{"rendered":"<p>Kompostowanie odpad\u00f3w komunalnych i kuchennych biodegradowalnych oraz produkcja pr\u00f3chnicy Aby poprawi\u0107 jako\u015b\u0107 \u015brodowiska, a tak\u017ce obni\u017cy\u0107 koszty utylizacji odpad\u00f3w komunalnych i biodegradowalnych (zielone cz\u0119\u015bci ro\u015blin, skoszona trawa, li\u015bcie, ga\u0142\u0105zki, tektura opakowaniowa, papier, odpady kuchenne), Hotel Villa Dvor wybudowa\u0142 w\u0142asn\u0105 jednostk\u0119 kompostuj\u0105c\u0105, do kt\u00f3rej powietrze jest naturalnie doprowadzane przez p\u0142yty gipsowo-kartonowe, a mieszanka jest okresowo mieszana [&hellip;]<\/p>\n","protected":false},"author":1,"featured_media":0,"parent":0,"menu_order":0,"comment_status":"closed","ping_status":"closed","template":"","meta":{"footnotes":""},"class_list":["post-5486","page","type-page","status-publish","hentry"],"yoast_head":"<!-- This site is optimized with the Yoast SEO plugin v27.4 - https:\/\/yoast.com\/product\/yoast-seo-wordpress\/ -->\n<title>Hotel Villa Dvor Ekologiczny hotel - Hotel Villa Dvor - Omis - Croatia<\/title>\n<meta name=\"description\" content=\"Zatrzymaj si\u0119 w naszym certyfikowanym ekologicznym hotelu w Omi\u0161u w Chorwacji. Odkryj nasze zaanga\u017cowanie w zr\u00f3wnowa\u017cony rozw\u00f3j...\" \/>\n<meta name=\"robots\" content=\"index, follow, max-snippet:-1, max-image-preview:large, max-video-preview:-1\" \/>\n<link rel=\"canonical\" href=\"https:\/\/hotel-villadvor.hr\/pl\/hotel-villa-dvor-ekologiczny-hotel\/\" \/>\n<meta property=\"og:locale\" content=\"pl_PL\" \/>\n<meta property=\"og:type\" content=\"article\" \/>\n<meta property=\"og:title\" content=\"Hotel Villa Dvor Ekologiczny hotel - Hotel Villa Dvor - Omis - Croatia\" \/>\n<meta property=\"og:description\" content=\"Zatrzymaj si\u0119 w naszym certyfikowanym ekologicznym hotelu w Omi\u0161u w Chorwacji. Odkryj nasze zaanga\u017cowanie w zr\u00f3wnowa\u017cony rozw\u00f3j...\" \/>\n<meta property=\"og:url\" content=\"https:\/\/hotel-villadvor.hr\/pl\/hotel-villa-dvor-ekologiczny-hotel\/\" \/>\n<meta property=\"og:site_name\" content=\"Hotel Villa Dvor - Omis - Croatia\" \/>\n<meta property=\"article:publisher\" content=\"https:\/\/www.facebook.com\/hotelvilladvor\" \/>\n<meta property=\"article:modified_time\" content=\"2026-01-09T10:38:55+00:00\" \/>\n<meta property=\"og:image\" content=\"https:\/\/hotel-villadvor.hr\/wp-content\/uploads\/eco-garden-1-300x200.jpg\" \/>\n<meta name=\"twitter:card\" content=\"summary_large_image\" \/>\n<meta name=\"twitter:label1\" content=\"Szacowany czas czytania\" \/>\n\t<meta name=\"twitter:data1\" content=\"5 minut\" \/>\n<script type=\"application\/ld+json\" class=\"yoast-schema-graph\">{\"@context\":\"https:\\\/\\\/schema.org\",\"@graph\":[{\"@type\":\"WebPage\",\"@id\":\"https:\\\/\\\/hotel-villadvor.hr\\\/pl\\\/hotel-villa-dvor-ekologiczny-hotel\\\/\",\"url\":\"https:\\\/\\\/hotel-villadvor.hr\\\/pl\\\/hotel-villa-dvor-ekologiczny-hotel\\\/\",\"name\":\"Hotel Villa Dvor Ekologiczny hotel - Hotel Villa Dvor - Omis - Croatia\",\"isPartOf\":{\"@id\":\"https:\\\/\\\/hotel-villadvor.hr\\\/pl\\\/#website\"},\"primaryImageOfPage\":{\"@id\":\"https:\\\/\\\/hotel-villadvor.hr\\\/pl\\\/hotel-villa-dvor-ekologiczny-hotel\\\/#primaryimage\"},\"image\":{\"@id\":\"https:\\\/\\\/hotel-villadvor.hr\\\/pl\\\/hotel-villa-dvor-ekologiczny-hotel\\\/#primaryimage\"},\"thumbnailUrl\":\"https:\\\/\\\/hotel-villadvor.hr\\\/wp-content\\\/uploads\\\/eco-garden-1-300x200.jpg\",\"datePublished\":\"2025-12-15T11:02:37+00:00\",\"dateModified\":\"2026-01-09T10:38:55+00:00\",\"description\":\"Zatrzymaj si\u0119 w naszym certyfikowanym ekologicznym hotelu w Omi\u0161u w Chorwacji. Odkryj nasze zaanga\u017cowanie w zr\u00f3wnowa\u017cony rozw\u00f3j...\",\"breadcrumb\":{\"@id\":\"https:\\\/\\\/hotel-villadvor.hr\\\/pl\\\/hotel-villa-dvor-ekologiczny-hotel\\\/#breadcrumb\"},\"inLanguage\":\"pl-PL\",\"potentialAction\":[{\"@type\":\"ReadAction\",\"target\":[\"https:\\\/\\\/hotel-villadvor.hr\\\/pl\\\/hotel-villa-dvor-ekologiczny-hotel\\\/\"]}]},{\"@type\":\"ImageObject\",\"inLanguage\":\"pl-PL\",\"@id\":\"https:\\\/\\\/hotel-villadvor.hr\\\/pl\\\/hotel-villa-dvor-ekologiczny-hotel\\\/#primaryimage\",\"url\":\"https:\\\/\\\/hotel-villadvor.hr\\\/wp-content\\\/uploads\\\/eco-garden-1-300x200.jpg\",\"contentUrl\":\"https:\\\/\\\/hotel-villadvor.hr\\\/wp-content\\\/uploads\\\/eco-garden-1-300x200.jpg\"},{\"@type\":\"BreadcrumbList\",\"@id\":\"https:\\\/\\\/hotel-villadvor.hr\\\/pl\\\/hotel-villa-dvor-ekologiczny-hotel\\\/#breadcrumb\",\"itemListElement\":[{\"@type\":\"ListItem\",\"position\":1,\"name\":\"Home\",\"item\":\"https:\\\/\\\/hotel-villadvor.hr\\\/pl\\\/\"},{\"@type\":\"ListItem\",\"position\":2,\"name\":\"Hotel Villa Dvor Ekologiczny hotel\"}]},{\"@type\":\"WebSite\",\"@id\":\"https:\\\/\\\/hotel-villadvor.hr\\\/pl\\\/#website\",\"url\":\"https:\\\/\\\/hotel-villadvor.hr\\\/pl\\\/\",\"name\":\"Hotel Villa Dvor - Omis - Croatia\",\"description\":\"\",\"potentialAction\":[{\"@type\":\"SearchAction\",\"target\":{\"@type\":\"EntryPoint\",\"urlTemplate\":\"https:\\\/\\\/hotel-villadvor.hr\\\/pl\\\/?s={search_term_string}\"},\"query-input\":{\"@type\":\"PropertyValueSpecification\",\"valueRequired\":true,\"valueName\":\"search_term_string\"}}],\"inLanguage\":\"pl-PL\"}]}<\/script>\n<!-- \/ Yoast SEO plugin. -->","yoast_head_json":{"title":"Hotel Villa Dvor Ekologiczny hotel - Hotel Villa Dvor - Omis - Croatia","description":"Zatrzymaj si\u0119 w naszym certyfikowanym ekologicznym hotelu w Omi\u0161u w Chorwacji. Odkryj nasze zaanga\u017cowanie w zr\u00f3wnowa\u017cony rozw\u00f3j...","robots":{"index":"index","follow":"follow","max-snippet":"max-snippet:-1","max-image-preview":"max-image-preview:large","max-video-preview":"max-video-preview:-1"},"canonical":"https:\/\/hotel-villadvor.hr\/pl\/hotel-villa-dvor-ekologiczny-hotel\/","og_locale":"pl_PL","og_type":"article","og_title":"Hotel Villa Dvor Ekologiczny hotel - Hotel Villa Dvor - Omis - Croatia","og_description":"Zatrzymaj si\u0119 w naszym certyfikowanym ekologicznym hotelu w Omi\u0161u w Chorwacji. Odkryj nasze zaanga\u017cowanie w zr\u00f3wnowa\u017cony rozw\u00f3j...","og_url":"https:\/\/hotel-villadvor.hr\/pl\/hotel-villa-dvor-ekologiczny-hotel\/","og_site_name":"Hotel Villa Dvor - Omis - Croatia","article_publisher":"https:\/\/www.facebook.com\/hotelvilladvor","article_modified_time":"2026-01-09T10:38:55+00:00","og_image":[{"url":"https:\/\/hotel-villadvor.hr\/wp-content\/uploads\/eco-garden-1-300x200.jpg","type":"","width":"","height":""}],"twitter_card":"summary_large_image","twitter_misc":{"Szacowany czas czytania":"5 minut"},"schema":{"@context":"https:\/\/schema.org","@graph":[{"@type":"WebPage","@id":"https:\/\/hotel-villadvor.hr\/pl\/hotel-villa-dvor-ekologiczny-hotel\/","url":"https:\/\/hotel-villadvor.hr\/pl\/hotel-villa-dvor-ekologiczny-hotel\/","name":"Hotel Villa Dvor Ekologiczny hotel - Hotel Villa Dvor - Omis - Croatia","isPartOf":{"@id":"https:\/\/hotel-villadvor.hr\/pl\/#website"},"primaryImageOfPage":{"@id":"https:\/\/hotel-villadvor.hr\/pl\/hotel-villa-dvor-ekologiczny-hotel\/#primaryimage"},"image":{"@id":"https:\/\/hotel-villadvor.hr\/pl\/hotel-villa-dvor-ekologiczny-hotel\/#primaryimage"},"thumbnailUrl":"https:\/\/hotel-villadvor.hr\/wp-content\/uploads\/eco-garden-1-300x200.jpg","datePublished":"2025-12-15T11:02:37+00:00","dateModified":"2026-01-09T10:38:55+00:00","description":"Zatrzymaj si\u0119 w naszym certyfikowanym ekologicznym hotelu w Omi\u0161u w Chorwacji. Odkryj nasze zaanga\u017cowanie w zr\u00f3wnowa\u017cony rozw\u00f3j...","breadcrumb":{"@id":"https:\/\/hotel-villadvor.hr\/pl\/hotel-villa-dvor-ekologiczny-hotel\/#breadcrumb"},"inLanguage":"pl-PL","potentialAction":[{"@type":"ReadAction","target":["https:\/\/hotel-villadvor.hr\/pl\/hotel-villa-dvor-ekologiczny-hotel\/"]}]},{"@type":"ImageObject","inLanguage":"pl-PL","@id":"https:\/\/hotel-villadvor.hr\/pl\/hotel-villa-dvor-ekologiczny-hotel\/#primaryimage","url":"https:\/\/hotel-villadvor.hr\/wp-content\/uploads\/eco-garden-1-300x200.jpg","contentUrl":"https:\/\/hotel-villadvor.hr\/wp-content\/uploads\/eco-garden-1-300x200.jpg"},{"@type":"BreadcrumbList","@id":"https:\/\/hotel-villadvor.hr\/pl\/hotel-villa-dvor-ekologiczny-hotel\/#breadcrumb","itemListElement":[{"@type":"ListItem","position":1,"name":"Home","item":"https:\/\/hotel-villadvor.hr\/pl\/"},{"@type":"ListItem","position":2,"name":"Hotel Villa Dvor Ekologiczny hotel"}]},{"@type":"WebSite","@id":"https:\/\/hotel-villadvor.hr\/pl\/#website","url":"https:\/\/hotel-villadvor.hr\/pl\/","name":"Hotel Villa Dvor - Omis - Croatia","description":"","potentialAction":[{"@type":"SearchAction","target":{"@type":"EntryPoint","urlTemplate":"https:\/\/hotel-villadvor.hr\/pl\/?s={search_term_string}"},"query-input":{"@type":"PropertyValueSpecification","valueRequired":true,"valueName":"search_term_string"}}],"inLanguage":"pl-PL"}]}},"_links":{"self":[{"href":"https:\/\/hotel-villadvor.hr\/pl\/wp-json\/wp\/v2\/pages\/5486","targetHints":{"allow":["GET"]}}],"collection":[{"href":"https:\/\/hotel-villadvor.hr\/pl\/wp-json\/wp\/v2\/pages"}],"about":[{"href":"https:\/\/hotel-villadvor.hr\/pl\/wp-json\/wp\/v2\/types\/page"}],"author":[{"embeddable":true,"href":"https:\/\/hotel-villadvor.hr\/pl\/wp-json\/wp\/v2\/users\/1"}],"replies":[{"embeddable":true,"href":"https:\/\/hotel-villadvor.hr\/pl\/wp-json\/wp\/v2\/comments?post=5486"}],"version-history":[{"count":0,"href":"https:\/\/hotel-villadvor.hr\/pl\/wp-json\/wp\/v2\/pages\/5486\/revisions"}],"wp:attachment":[{"href":"https:\/\/hotel-villadvor.hr\/pl\/wp-json\/wp\/v2\/media?parent=5486"}],"curies":[{"name":"wp","href":"https:\/\/api.w.org\/{rel}","templated":true}]}}