{"id":5538,"date":"2025-12-15T10:43:05","date_gmt":"2025-12-15T10:43:05","guid":{"rendered":"https:\/\/hotel-villadvor.hr\/witamy-w-hotelu-villa-dvor-bike-hike\/"},"modified":"2026-01-09T10:49:00","modified_gmt":"2026-01-09T10:49:00","slug":"witamy-w-hotelu-villa-dvor-bike-hike","status":"publish","type":"page","link":"https:\/\/hotel-villadvor.hr\/pl\/witamy-w-hotelu-villa-dvor-bike-hike\/","title":{"rendered":"Witamy w Hotelu Villa Dvor Bike &amp; Hike"},"content":{"rendered":"\n<h2 class=\"wp-block-heading\">SZLAKI W\u0118DROWNE PROSTO Z HOTELU<\/h2>\n\n<p>Dosta\u0144 si\u0119 do wspania\u0142ych, g\u00f3rskich krajobraz\u00f3w tu\u017c przed hotelem Villa Dvor. Omis i jego okolice to doskona\u0142e miejsce dla os\u00f3b, kt\u00f3re lubi\u0105 aktywny wypoczynek i w\u0119dr\u00f3wki \u2014 oferujemy cudownie dost\u0119pn\u0105 sie\u0107 szlak\u00f3w i \u015bcie\u017cek. Ciesz si\u0119 urozmaiconym i fascynuj\u0105cym \u015bwiatem \u017cywio\u0142\u00f3w, \u0142\u0105cz\u0105cym ska\u0142y i wod\u0119 \u2014 to wyj\u0105tkowe miejsce, w kt\u00f3rym spotykaj\u0105 si\u0119 morze, rzeka i g\u00f3ry. Poznaj malowniczy kanion rzeki Cetina i wspania\u0142\u0105 r\u00f3\u017cnorodno\u015b\u0107 g\u00f3r Imber, Mosor i Dinara. Wzd\u0142u\u017c ukrytych szlak\u00f3w, kamiennych schod\u00f3w i \u015bcie\u017cek spacerowych mo\u017cna przemierzy\u0107 krain\u0119 pe\u0142n\u0105 bogatej historii \u2014 tutaj w\u015br\u00f3d nieznanych krajobraz\u00f3w mo\u017cna us\u0142ysze\u0107 tajemnicze opowie\u015bci. Podczas odkrywania pi\u0119knych miejsc mo\u017cesz wdycha\u0107 wo\u0144 natury i oczy\u015bci\u0107 p\u0142uca \u015bwie\u017cym powietrzem. Niezale\u017cnie od tego, jak\u0105 tras\u0119 wybierzesz, na szczycie zawsze czeka na Ciebie fantastyczna nagroda \u2014 niesamowity widok i czyste, g\u00f3rskie powietrze.      <br\/>Spacer dla przyjemno\u015bci to kolejna cz\u0119\u015b\u0107 pobytu w hotelu Villa Dvor&#8230;<\/p>\n\n<p>Popro\u015b w recepcji o map\u0119 pieszych w\u0119dr\u00f3wek z zaznaczonymi szlakami. Nasi pracownicy ch\u0119tnie udziel\u0105 Ci dodatkowych informacji i porad na temat szlak\u00f3w w\u0119drownych. <\/p>\n\n<p>Je\u015bli chcesz, mo\u017cesz wynaj\u0105\u0107 prywatnego przewodnika g\u00f3rskiego. Aby uzyska\u0107 wi\u0119cej informacji, skontaktuj si\u0119 z pracownikiem recepcji. <\/p>\n\n<figure class=\"wp-block-gallery has-nested-images columns-4 is-cropped wp-block-gallery-1 is-layout-flex wp-block-gallery-is-layout-flex\">\n<figure class=\"wp-block-image size-medium\"><img fetchpriority=\"high\" decoding=\"async\" width=\"300\" height=\"200\" data-id=\"4105\" src=\"https:\/\/hotel-villadvor.hr\/wp-content\/uploads\/2-5-300x200.jpg\" alt=\"\" class=\"wp-image-4105\" srcset=\"https:\/\/hotel-villadvor.hr\/wp-content\/uploads\/2-5-300x200.jpg 300w, https:\/\/hotel-villadvor.hr\/wp-content\/uploads\/2-5-1024x683.jpg 1024w, https:\/\/hotel-villadvor.hr\/wp-content\/uploads\/2-5-768x512.jpg 768w, https:\/\/hotel-villadvor.hr\/wp-content\/uploads\/2-5-80x53.jpg 80w, https:\/\/hotel-villadvor.hr\/wp-content\/uploads\/2-5-600x400.jpg 600w, https:\/\/hotel-villadvor.hr\/wp-content\/uploads\/2-5.jpg 1200w\" sizes=\"(max-width: 300px) 100vw, 300px\" \/><\/figure>\n\n\n\n<figure class=\"wp-block-image size-medium\"><img decoding=\"async\" width=\"300\" height=\"200\" data-id=\"4106\" src=\"https:\/\/hotel-villadvor.hr\/wp-content\/uploads\/3-5-300x200.jpg\" alt=\"\" class=\"wp-image-4106\" srcset=\"https:\/\/hotel-villadvor.hr\/wp-content\/uploads\/3-5-300x200.jpg 300w, https:\/\/hotel-villadvor.hr\/wp-content\/uploads\/3-5-1024x683.jpg 1024w, https:\/\/hotel-villadvor.hr\/wp-content\/uploads\/3-5-768x512.jpg 768w, https:\/\/hotel-villadvor.hr\/wp-content\/uploads\/3-5-80x53.jpg 80w, https:\/\/hotel-villadvor.hr\/wp-content\/uploads\/3-5-600x400.jpg 600w, https:\/\/hotel-villadvor.hr\/wp-content\/uploads\/3-5.jpg 1200w\" sizes=\"(max-width: 300px) 100vw, 300px\" \/><\/figure>\n\n\n\n<figure class=\"wp-block-image size-medium\"><img decoding=\"async\" width=\"300\" height=\"200\" data-id=\"4104\" src=\"https:\/\/hotel-villadvor.hr\/wp-content\/uploads\/1-5-300x200.jpg\" alt=\"\" class=\"wp-image-4104\" srcset=\"https:\/\/hotel-villadvor.hr\/wp-content\/uploads\/1-5-300x200.jpg 300w, https:\/\/hotel-villadvor.hr\/wp-content\/uploads\/1-5-1024x683.jpg 1024w, https:\/\/hotel-villadvor.hr\/wp-content\/uploads\/1-5-768x512.jpg 768w, https:\/\/hotel-villadvor.hr\/wp-content\/uploads\/1-5-80x53.jpg 80w, https:\/\/hotel-villadvor.hr\/wp-content\/uploads\/1-5-600x400.jpg 600w, https:\/\/hotel-villadvor.hr\/wp-content\/uploads\/1-5.jpg 1200w\" sizes=\"(max-width: 300px) 100vw, 300px\" \/><\/figure>\n\n\n\n<figure class=\"wp-block-image size-medium\"><img loading=\"lazy\" decoding=\"async\" width=\"300\" height=\"200\" data-id=\"4107\" src=\"https:\/\/hotel-villadvor.hr\/wp-content\/uploads\/8-3-300x200.jpg\" alt=\"\" class=\"wp-image-4107\" srcset=\"https:\/\/hotel-villadvor.hr\/wp-content\/uploads\/8-3-300x200.jpg 300w, https:\/\/hotel-villadvor.hr\/wp-content\/uploads\/8-3-1024x683.jpg 1024w, https:\/\/hotel-villadvor.hr\/wp-content\/uploads\/8-3-768x512.jpg 768w, https:\/\/hotel-villadvor.hr\/wp-content\/uploads\/8-3-80x53.jpg 80w, https:\/\/hotel-villadvor.hr\/wp-content\/uploads\/8-3-600x400.jpg 600w, https:\/\/hotel-villadvor.hr\/wp-content\/uploads\/8-3.jpg 1200w\" sizes=\"(max-width: 300px) 100vw, 300px\" \/><\/figure>\n<\/figure>\n\n<div style=\"height:61px\" aria-hidden=\"true\" class=\"wp-block-spacer\"><\/div>\n\n<h2 class=\"wp-block-heading\">HOTEL ROWEROWY<\/h2>\n\n<p>Hotel Villa Dvor jest jednym z pierwszych hoteli ROWEROWYCH w \u015brodkowej Dalmacji, oferuj\u0105cym pe\u0142n\u0105 infrastruktur\u0119 zar\u00f3wno dla rowerzyst\u00f3w rekreacyjnych, jak i zawodowych.<br\/>Koniec z brudnymi rowerami, wakacjami przerwanymi z powodu problem\u00f3w technicznych lub braku informacji o mo\u017cliwo\u015bciach jazdy na rowerze w Omis! Hotel Villa Dvor zapewnia pe\u0142n\u0105 infrastruktur\u0119, aby u\u0142atwi\u0107 pobyt ka\u017cdemu, kto chce prze\u017cy\u0107 idealne wakacje na dw\u00f3ch ko\u0142ach.<br\/>  <strong>Us\u0142ugi \u015bwiadczone przez hotel Villa Dvor:<\/strong><\/p>\n\n<ul class=\"wp-block-list\">\n<li>Zamkni\u0119te pomieszczenie do przechowywania rower\u00f3w z monitoringiem<\/li>\n\n\n\n<li>Zestaw narz\u0119dzi do napraw (warsztat do prostych napraw rower\u00f3w)<\/li>\n\n\n\n<li>Mycie rower\u00f3w (myjnia samoobs\u0142ugowa)<\/li>\n\n\n\n<li>Wypo\u017cyczalnia rower\u00f3w \u2014 polecane wypo\u017cyczalnie w okolicy<\/li>\n\n\n\n<li>Karta serwisowa roweru (lista wa\u017cnych numer\u00f3w telefon\u00f3w)<\/li>\n\n\n\n<li>Pakiet \u015bniadaniowy dla rowerzyst\u00f3w<\/li>\n\n\n\n<li>Mo\u017cliwo\u015b\u0107 \u0142adowania akumulator\u00f3w do rower\u00f3w elektrycznych<\/li>\n\n\n\n<li>Bezpieczna przestrze\u0144 do przechowywania baga\u017cu i sprz\u0119tu<\/li>\n\n\n\n<li>Transfer do hotelu dla go\u015bci i baga\u017cu<\/li>\n\n\n\n<li>Korzystanie z jacuzzi (bezp\u0142atnie)<\/li>\n\n\n\n<li>Masa\u017c (za dodatkow\u0105 op\u0142at\u0105)<\/li>\n\n\n\n<li>Bezp\u0142atne Wi-Fi<\/li>\n\n\n\n<li>Prognoza pogody (codzienne aktualizacje prognozy pogody)<\/li>\n\n\n\n<li>Dodatkowa oferta sportowa (inne obiekty i zaj\u0119cia sportowe)<\/li>\n\n\n\n<li>Informacje o mo\u017cliwych trasach rowerowych z map\u0105 okolicy<\/li>\n\n\n\n<li>Zwiedzanie z lokalnym przewodnikiem (za dodatkow\u0105 op\u0142at\u0105)<\/li>\n<\/ul>\n\n<figure class=\"wp-block-gallery has-nested-images columns-4 is-cropped wp-block-gallery-2 is-layout-flex wp-block-gallery-is-layout-flex\">\n<figure class=\"wp-block-image size-medium\"><img loading=\"lazy\" decoding=\"async\" width=\"300\" height=\"200\" data-id=\"4098\" src=\"https:\/\/hotel-villadvor.hr\/wp-content\/uploads\/1-4-300x200.jpg\" alt=\"\" class=\"wp-image-4098\" srcset=\"https:\/\/hotel-villadvor.hr\/wp-content\/uploads\/1-4-300x200.jpg 300w, https:\/\/hotel-villadvor.hr\/wp-content\/uploads\/1-4-1024x683.jpg 1024w, https:\/\/hotel-villadvor.hr\/wp-content\/uploads\/1-4-768x512.jpg 768w, https:\/\/hotel-villadvor.hr\/wp-content\/uploads\/1-4-80x53.jpg 80w, https:\/\/hotel-villadvor.hr\/wp-content\/uploads\/1-4-600x400.jpg 600w, https:\/\/hotel-villadvor.hr\/wp-content\/uploads\/1-4.jpg 1200w\" sizes=\"(max-width: 300px) 100vw, 300px\" \/><\/figure>\n\n\n\n<figure class=\"wp-block-image size-medium\"><img loading=\"lazy\" decoding=\"async\" width=\"300\" height=\"200\" data-id=\"4099\" src=\"https:\/\/hotel-villadvor.hr\/wp-content\/uploads\/2-4-300x200.jpg\" alt=\"\" class=\"wp-image-4099\" srcset=\"https:\/\/hotel-villadvor.hr\/wp-content\/uploads\/2-4-300x200.jpg 300w, https:\/\/hotel-villadvor.hr\/wp-content\/uploads\/2-4-1024x683.jpg 1024w, https:\/\/hotel-villadvor.hr\/wp-content\/uploads\/2-4-768x512.jpg 768w, https:\/\/hotel-villadvor.hr\/wp-content\/uploads\/2-4-80x53.jpg 80w, https:\/\/hotel-villadvor.hr\/wp-content\/uploads\/2-4-600x400.jpg 600w, https:\/\/hotel-villadvor.hr\/wp-content\/uploads\/2-4.jpg 1200w\" sizes=\"(max-width: 300px) 100vw, 300px\" \/><\/figure>\n\n\n\n<figure class=\"wp-block-image size-medium\"><img loading=\"lazy\" decoding=\"async\" width=\"300\" height=\"200\" data-id=\"4100\" src=\"https:\/\/hotel-villadvor.hr\/wp-content\/uploads\/3-4-300x200.jpg\" alt=\"\" class=\"wp-image-4100\" srcset=\"https:\/\/hotel-villadvor.hr\/wp-content\/uploads\/3-4-300x200.jpg 300w, https:\/\/hotel-villadvor.hr\/wp-content\/uploads\/3-4-1024x683.jpg 1024w, https:\/\/hotel-villadvor.hr\/wp-content\/uploads\/3-4-768x512.jpg 768w, https:\/\/hotel-villadvor.hr\/wp-content\/uploads\/3-4-80x53.jpg 80w, https:\/\/hotel-villadvor.hr\/wp-content\/uploads\/3-4-600x400.jpg 600w, https:\/\/hotel-villadvor.hr\/wp-content\/uploads\/3-4.jpg 1200w\" sizes=\"(max-width: 300px) 100vw, 300px\" \/><\/figure>\n\n\n\n<figure class=\"wp-block-image size-medium\"><img loading=\"lazy\" decoding=\"async\" width=\"300\" height=\"200\" data-id=\"4101\" src=\"https:\/\/hotel-villadvor.hr\/wp-content\/uploads\/10-3-300x200.jpg\" alt=\"\" class=\"wp-image-4101\" srcset=\"https:\/\/hotel-villadvor.hr\/wp-content\/uploads\/10-3-300x200.jpg 300w, https:\/\/hotel-villadvor.hr\/wp-content\/uploads\/10-3-1024x683.jpg 1024w, https:\/\/hotel-villadvor.hr\/wp-content\/uploads\/10-3-768x512.jpg 768w, https:\/\/hotel-villadvor.hr\/wp-content\/uploads\/10-3-80x53.jpg 80w, https:\/\/hotel-villadvor.hr\/wp-content\/uploads\/10-3-600x400.jpg 600w, https:\/\/hotel-villadvor.hr\/wp-content\/uploads\/10-3.jpg 1200w\" sizes=\"(max-width: 300px) 100vw, 300px\" \/><\/figure>\n<\/figure>\n\n<p><\/p>\n","protected":false},"excerpt":{"rendered":"<p>SZLAKI W\u0118DROWNE PROSTO Z HOTELU Dosta\u0144 si\u0119 do wspania\u0142ych, g\u00f3rskich krajobraz\u00f3w tu\u017c przed hotelem Villa Dvor. Omis i jego okolice to doskona\u0142e miejsce dla os\u00f3b, kt\u00f3re lubi\u0105 aktywny wypoczynek i w\u0119dr\u00f3wki \u2014 oferujemy cudownie dost\u0119pn\u0105 sie\u0107 szlak\u00f3w i \u015bcie\u017cek. Ciesz si\u0119 urozmaiconym i fascynuj\u0105cym \u015bwiatem \u017cywio\u0142\u00f3w, \u0142\u0105cz\u0105cym ska\u0142y i wod\u0119 \u2014 to wyj\u0105tkowe miejsce, w [&hellip;]<\/p>\n","protected":false},"author":1,"featured_media":0,"parent":0,"menu_order":0,"comment_status":"closed","ping_status":"closed","template":"","meta":{"footnotes":""},"class_list":["post-5538","page","type-page","status-publish","hentry"],"yoast_head":"<!-- This site is optimized with the Yoast SEO plugin v27.4 - https:\/\/yoast.com\/product\/yoast-seo-wordpress\/ -->\n<title>Witamy w Hotelu Villa Dvor Bike &amp; Hike - Hotel Villa Dvor - Omis - Croatia<\/title>\n<meta name=\"description\" content=\"Hotel Villa Dvor to certyfikowany Bike Hotel i doskona\u0142e miejsce do odkrywania licznych g\u00f3rskich szlak\u00f3w w Omis. Zarezerwuj aktywny wypoczynek!\" \/>\n<meta name=\"robots\" content=\"index, follow, max-snippet:-1, max-image-preview:large, max-video-preview:-1\" \/>\n<link rel=\"canonical\" href=\"https:\/\/hotel-villadvor.hr\/pl\/witamy-w-hotelu-villa-dvor-bike-hike\/\" \/>\n<meta property=\"og:locale\" content=\"pl_PL\" \/>\n<meta property=\"og:type\" content=\"article\" \/>\n<meta property=\"og:title\" content=\"Witamy w Hotelu Villa Dvor Bike &amp; Hike - Hotel Villa Dvor - Omis - Croatia\" \/>\n<meta property=\"og:description\" content=\"Hotel Villa Dvor to certyfikowany Bike Hotel i doskona\u0142e miejsce do odkrywania licznych g\u00f3rskich szlak\u00f3w w Omis. Zarezerwuj aktywny wypoczynek!\" \/>\n<meta property=\"og:url\" content=\"https:\/\/hotel-villadvor.hr\/pl\/witamy-w-hotelu-villa-dvor-bike-hike\/\" \/>\n<meta property=\"og:site_name\" content=\"Hotel Villa Dvor - Omis - Croatia\" \/>\n<meta property=\"article:publisher\" content=\"https:\/\/www.facebook.com\/hotelvilladvor\" \/>\n<meta property=\"article:modified_time\" content=\"2026-01-09T10:49:00+00:00\" \/>\n<meta property=\"og:image\" content=\"https:\/\/hotel-villadvor.hr\/wp-content\/uploads\/1-5-300x200.jpg\" \/>\n<meta name=\"twitter:card\" content=\"summary_large_image\" \/>\n<meta name=\"twitter:label1\" content=\"Szacowany czas czytania\" \/>\n\t<meta name=\"twitter:data1\" content=\"4 minuty\" \/>\n<script type=\"application\/ld+json\" class=\"yoast-schema-graph\">{\"@context\":\"https:\\\/\\\/schema.org\",\"@graph\":[{\"@type\":\"WebPage\",\"@id\":\"https:\\\/\\\/hotel-villadvor.hr\\\/pl\\\/witamy-w-hotelu-villa-dvor-bike-hike\\\/\",\"url\":\"https:\\\/\\\/hotel-villadvor.hr\\\/pl\\\/witamy-w-hotelu-villa-dvor-bike-hike\\\/\",\"name\":\"Witamy w Hotelu Villa Dvor Bike &amp; Hike - Hotel Villa Dvor - Omis - Croatia\",\"isPartOf\":{\"@id\":\"https:\\\/\\\/hotel-villadvor.hr\\\/pl\\\/#website\"},\"primaryImageOfPage\":{\"@id\":\"https:\\\/\\\/hotel-villadvor.hr\\\/pl\\\/witamy-w-hotelu-villa-dvor-bike-hike\\\/#primaryimage\"},\"image\":{\"@id\":\"https:\\\/\\\/hotel-villadvor.hr\\\/pl\\\/witamy-w-hotelu-villa-dvor-bike-hike\\\/#primaryimage\"},\"thumbnailUrl\":\"https:\\\/\\\/hotel-villadvor.hr\\\/wp-content\\\/uploads\\\/1-5-300x200.jpg\",\"datePublished\":\"2025-12-15T10:43:05+00:00\",\"dateModified\":\"2026-01-09T10:49:00+00:00\",\"description\":\"Hotel Villa Dvor to certyfikowany Bike Hotel i doskona\u0142e miejsce do odkrywania licznych g\u00f3rskich szlak\u00f3w w Omis. Zarezerwuj aktywny wypoczynek!\",\"breadcrumb\":{\"@id\":\"https:\\\/\\\/hotel-villadvor.hr\\\/pl\\\/witamy-w-hotelu-villa-dvor-bike-hike\\\/#breadcrumb\"},\"inLanguage\":\"pl-PL\",\"potentialAction\":[{\"@type\":\"ReadAction\",\"target\":[\"https:\\\/\\\/hotel-villadvor.hr\\\/pl\\\/witamy-w-hotelu-villa-dvor-bike-hike\\\/\"]}]},{\"@type\":\"ImageObject\",\"inLanguage\":\"pl-PL\",\"@id\":\"https:\\\/\\\/hotel-villadvor.hr\\\/pl\\\/witamy-w-hotelu-villa-dvor-bike-hike\\\/#primaryimage\",\"url\":\"https:\\\/\\\/hotel-villadvor.hr\\\/wp-content\\\/uploads\\\/1-5-300x200.jpg\",\"contentUrl\":\"https:\\\/\\\/hotel-villadvor.hr\\\/wp-content\\\/uploads\\\/1-5-300x200.jpg\"},{\"@type\":\"BreadcrumbList\",\"@id\":\"https:\\\/\\\/hotel-villadvor.hr\\\/pl\\\/witamy-w-hotelu-villa-dvor-bike-hike\\\/#breadcrumb\",\"itemListElement\":[{\"@type\":\"ListItem\",\"position\":1,\"name\":\"Home\",\"item\":\"https:\\\/\\\/hotel-villadvor.hr\\\/pl\\\/\"},{\"@type\":\"ListItem\",\"position\":2,\"name\":\"Witamy w Hotelu Villa Dvor Bike &amp; Hike\"}]},{\"@type\":\"WebSite\",\"@id\":\"https:\\\/\\\/hotel-villadvor.hr\\\/pl\\\/#website\",\"url\":\"https:\\\/\\\/hotel-villadvor.hr\\\/pl\\\/\",\"name\":\"Hotel Villa Dvor - Omis - Croatia\",\"description\":\"\",\"potentialAction\":[{\"@type\":\"SearchAction\",\"target\":{\"@type\":\"EntryPoint\",\"urlTemplate\":\"https:\\\/\\\/hotel-villadvor.hr\\\/pl\\\/?s={search_term_string}\"},\"query-input\":{\"@type\":\"PropertyValueSpecification\",\"valueRequired\":true,\"valueName\":\"search_term_string\"}}],\"inLanguage\":\"pl-PL\"}]}<\/script>\n<!-- \/ Yoast SEO plugin. -->","yoast_head_json":{"title":"Witamy w Hotelu Villa Dvor Bike &amp; Hike - Hotel Villa Dvor - Omis - Croatia","description":"Hotel Villa Dvor to certyfikowany Bike Hotel i doskona\u0142e miejsce do odkrywania licznych g\u00f3rskich szlak\u00f3w w Omis. Zarezerwuj aktywny wypoczynek!","robots":{"index":"index","follow":"follow","max-snippet":"max-snippet:-1","max-image-preview":"max-image-preview:large","max-video-preview":"max-video-preview:-1"},"canonical":"https:\/\/hotel-villadvor.hr\/pl\/witamy-w-hotelu-villa-dvor-bike-hike\/","og_locale":"pl_PL","og_type":"article","og_title":"Witamy w Hotelu Villa Dvor Bike &amp; Hike - Hotel Villa Dvor - Omis - Croatia","og_description":"Hotel Villa Dvor to certyfikowany Bike Hotel i doskona\u0142e miejsce do odkrywania licznych g\u00f3rskich szlak\u00f3w w Omis. Zarezerwuj aktywny wypoczynek!","og_url":"https:\/\/hotel-villadvor.hr\/pl\/witamy-w-hotelu-villa-dvor-bike-hike\/","og_site_name":"Hotel Villa Dvor - Omis - Croatia","article_publisher":"https:\/\/www.facebook.com\/hotelvilladvor","article_modified_time":"2026-01-09T10:49:00+00:00","og_image":[{"url":"https:\/\/hotel-villadvor.hr\/wp-content\/uploads\/1-5-300x200.jpg","type":"","width":"","height":""}],"twitter_card":"summary_large_image","twitter_misc":{"Szacowany czas czytania":"4 minuty"},"schema":{"@context":"https:\/\/schema.org","@graph":[{"@type":"WebPage","@id":"https:\/\/hotel-villadvor.hr\/pl\/witamy-w-hotelu-villa-dvor-bike-hike\/","url":"https:\/\/hotel-villadvor.hr\/pl\/witamy-w-hotelu-villa-dvor-bike-hike\/","name":"Witamy w Hotelu Villa Dvor Bike &amp; Hike - Hotel Villa Dvor - Omis - Croatia","isPartOf":{"@id":"https:\/\/hotel-villadvor.hr\/pl\/#website"},"primaryImageOfPage":{"@id":"https:\/\/hotel-villadvor.hr\/pl\/witamy-w-hotelu-villa-dvor-bike-hike\/#primaryimage"},"image":{"@id":"https:\/\/hotel-villadvor.hr\/pl\/witamy-w-hotelu-villa-dvor-bike-hike\/#primaryimage"},"thumbnailUrl":"https:\/\/hotel-villadvor.hr\/wp-content\/uploads\/1-5-300x200.jpg","datePublished":"2025-12-15T10:43:05+00:00","dateModified":"2026-01-09T10:49:00+00:00","description":"Hotel Villa Dvor to certyfikowany Bike Hotel i doskona\u0142e miejsce do odkrywania licznych g\u00f3rskich szlak\u00f3w w Omis. Zarezerwuj aktywny wypoczynek!","breadcrumb":{"@id":"https:\/\/hotel-villadvor.hr\/pl\/witamy-w-hotelu-villa-dvor-bike-hike\/#breadcrumb"},"inLanguage":"pl-PL","potentialAction":[{"@type":"ReadAction","target":["https:\/\/hotel-villadvor.hr\/pl\/witamy-w-hotelu-villa-dvor-bike-hike\/"]}]},{"@type":"ImageObject","inLanguage":"pl-PL","@id":"https:\/\/hotel-villadvor.hr\/pl\/witamy-w-hotelu-villa-dvor-bike-hike\/#primaryimage","url":"https:\/\/hotel-villadvor.hr\/wp-content\/uploads\/1-5-300x200.jpg","contentUrl":"https:\/\/hotel-villadvor.hr\/wp-content\/uploads\/1-5-300x200.jpg"},{"@type":"BreadcrumbList","@id":"https:\/\/hotel-villadvor.hr\/pl\/witamy-w-hotelu-villa-dvor-bike-hike\/#breadcrumb","itemListElement":[{"@type":"ListItem","position":1,"name":"Home","item":"https:\/\/hotel-villadvor.hr\/pl\/"},{"@type":"ListItem","position":2,"name":"Witamy w Hotelu Villa Dvor Bike &amp; Hike"}]},{"@type":"WebSite","@id":"https:\/\/hotel-villadvor.hr\/pl\/#website","url":"https:\/\/hotel-villadvor.hr\/pl\/","name":"Hotel Villa Dvor - Omis - Croatia","description":"","potentialAction":[{"@type":"SearchAction","target":{"@type":"EntryPoint","urlTemplate":"https:\/\/hotel-villadvor.hr\/pl\/?s={search_term_string}"},"query-input":{"@type":"PropertyValueSpecification","valueRequired":true,"valueName":"search_term_string"}}],"inLanguage":"pl-PL"}]}},"_links":{"self":[{"href":"https:\/\/hotel-villadvor.hr\/pl\/wp-json\/wp\/v2\/pages\/5538","targetHints":{"allow":["GET"]}}],"collection":[{"href":"https:\/\/hotel-villadvor.hr\/pl\/wp-json\/wp\/v2\/pages"}],"about":[{"href":"https:\/\/hotel-villadvor.hr\/pl\/wp-json\/wp\/v2\/types\/page"}],"author":[{"embeddable":true,"href":"https:\/\/hotel-villadvor.hr\/pl\/wp-json\/wp\/v2\/users\/1"}],"replies":[{"embeddable":true,"href":"https:\/\/hotel-villadvor.hr\/pl\/wp-json\/wp\/v2\/comments?post=5538"}],"version-history":[{"count":0,"href":"https:\/\/hotel-villadvor.hr\/pl\/wp-json\/wp\/v2\/pages\/5538\/revisions"}],"wp:attachment":[{"href":"https:\/\/hotel-villadvor.hr\/pl\/wp-json\/wp\/v2\/media?parent=5538"}],"curies":[{"name":"wp","href":"https:\/\/api.w.org\/{rel}","templated":true}]}}