{"id":5581,"date":"2025-12-05T16:45:11","date_gmt":"2025-12-05T16:45:11","guid":{"rendered":"https:\/\/hotel-villadvor.hr\/gwarancja-najlepszej-ceny-i-program-lojalnosciowy\/"},"modified":"2026-01-09T10:25:16","modified_gmt":"2026-01-09T10:25:16","slug":"gwarancja-najlepszej-ceny-i-program-lojalnosciowy","status":"publish","type":"page","link":"https:\/\/hotel-villadvor.hr\/pl\/gwarancja-najlepszej-ceny-i-program-lojalnosciowy\/","title":{"rendered":"Gwarancja najlepszej ceny i program lojalno\u015bciowy"},"content":{"rendered":"\n<h4 class=\"wp-block-heading\">Hotel Villa Dvor &#8211; Gwarancja najlepszej ceny<\/h4>\n\n<p>W Villa Dvor zale\u017cy nam na tym, aby rezerwacje by\u0142y dla Pa\u0144stwa ca\u0142kowicie bezpieczne, dlatego gwarantujemy najni\u017csz\u0105 dost\u0119pn\u0105 cen\u0119 online. Je\u015bli znajd\u0105 Pa\u0144stwo ni\u017csz\u0105 cen\u0119 ni\u017c ta oferowana bezpo\u015brednio przez hotel lub hotelowy system rezerwacji online (w tym zni\u017ck\u0119 lojalno\u015bciow\u0105), w jednym z zewn\u0119trznych kana\u0142\u00f3w rezerwacji przed dokonaniem rezerwacji lub w ci\u0105gu 24 godzin od potwierdzenia rezerwacji za po\u015brednictwem bezpo\u015bredniego kana\u0142u hotelu, prosimy o przes\u0142anie nam dowodu (zdj\u0119cia lepszej oferty z linkiem do strony internetowej, na kt\u00f3rej j\u0105 Pa\u0144stwo znale\u017ali) na nasz adres e-mail: info@hotel-villadvor.hr, wpisuj\u0105c w tytule wiadomo\u015bci: Gwarancja Najlepszych Cen. Sprawdzimy Pa\u0144stwa zapytanie i skontaktujemy si\u0119 z Pa\u0144stwem w ci\u0105gu 24 godzin. Je\u015bli Pa\u0144stwa roszczenie oka\u017ce si\u0119 zasadne, hotel obni\u017cy cen\u0119 o t\u0119 sam\u0105 kwot\u0119 i udzieli Pa\u0144stwu dodatkowego rabatu w wysoko\u015bci 5%.   <\/p>\n\n<p>Warunek: Najni\u017csza wys\u0142ana cena musi obowi\u0105zywa\u0107 dla tego samego hotelu, tych samych dat, tego samego rodzaju pokoju, tych samych warunk\u00f3w sprzeda\u017cy i tej samej us\u0142ugi<\/p>\n\n<p>Nast\u0119puj\u0105ce ceny nie podlegaj\u0105 gwarancji najni\u017cszej ceny:<br\/>&#8211; ceny umowne dla grup<br\/>&#8211; ceny uzyskane w drodze aukcji lub podobnych procedur<br\/>&#8211; kampanie reklamowe<br\/>&#8211; oferty specjalne<br\/>&#8211; ceny niepubliczne<\/p>\n\n<h4 class=\"wp-block-heading\" id=\"loaylty\">Program lojalno\u015bciowy<\/h4>\n\n<p>Zosta\u0144 cz\u0142onkiem naszego programu lojalno\u015bciowego i uzyskaj korzy\u015bci z zarezerwowanych us\u0142ug w hotelu Villa Dvor<\/p>\n\n<p>Jak zosta\u0107 cz\u0142onkiem naszego programu lojalno\u015bciowego:<br\/>1. Je\u015bli sp\u0119dzi\u0142e\u015b\/a\u015b ju\u017c u nas co najmniej jedn\u0105 noc, dokonuj\u0105c rezerwacji bezpo\u015brednio, osobi\u015bcie lub za po\u015brednictwem agencji, skontaktuj si\u0119 z nami pod adresem info@hotel-villadvor.hr, aby\u015bmy mogli doda\u0107 Ci\u0119 do naszej listy cz\u0142onk\u00f3w i umo\u017cliwi\u0107 Ci natychmiastowe korzystanie z korzy\u015bci naszego programu lojalno\u015bciowego.  <\/p>\n\n<p>  2. 2. Je\u015bli dokonujesz pierwszej rezerwacji w naszym hotelu, po pobycie i wymeldowaniu automatycznie zostaniesz wpisany na list\u0119 naszych cz\u0142onk\u00f3w programu lojalno\u015bciowego i otrzymasz wszystkie niezb\u0119dne informacje o tym, jak dokonywa\u0107 przysz\u0142ych rezerwacji z wykorzystaniem korzy\u015bci i zni\u017cek lojalno\u015bciowych.<\/p>\n\n<p>Members of loyality club can get benefits only for reservations made in their name. Loyalty benefits can not be transferd on other people. If you have any questions or our reservation system hasn&#8217;t offered you discounted rates and you are loyality member, please contact us at info@hotel-villadvor.hr  <\/p>\n\n<p><strong>PROGRAM LOJALNO\u015aCIOWY HOTEL VILLA DVOR<\/strong><\/p>\n\n<figure class=\"wp-block-table\"><table class=\"has-fixed-layout\"><tbody><tr><td><strong>Warunki<\/strong><\/td><td><strong>Pierwszy pobyt<\/strong><\/td><td><strong>Drugi i ka\u017cdy kolejny pobyt<\/strong><\/td><\/tr><tr><td>8% zni\u017cki na rezerwacj\u0119*<\/td><td><\/td><td>TAK<\/td><\/tr><tr><td>5% zni\u017cki na pakiety hotelowe*<\/td><td><\/td><td>TAK<\/td><\/tr><tr><td>Termin obowi\u0105zywania zasad bezp\u0142atnego anulowania<\/td><td>5 dni przed przyjazdem<\/td><td>5 dni przed przyjazdem<\/td><\/tr><tr><td>Kwota anulowania po up\u0142ywie bezp\u0142atnego terminu<\/td><td>70% ca\u0142kowitej kwoty rezerwacji<\/td><td>70% ca\u0142kowitej kwoty rezerwacji<\/td><\/tr><tr><td>Priorytet listy oczekuj\u0105cych<\/td><td><\/td><td>TAK<\/td><\/tr><tr><td>Ekskluzywne oferty \u201etylko dla cz\u0142onk\u00f3w\u201d<\/td><td><\/td><td>TAK<\/td><\/tr><tr><td>Mo\u017cliwo\u015b\u0107 rezerwacji ulubionego pokoju**<\/td><td><\/td><td>TAK<\/td><\/tr><\/tbody><\/table><\/figure>\n\n<p>* W przypadku nocleg\u00f3w ze \u015bniadaniem<br\/>** W zale\u017cno\u015bci od dost\u0119pno\u015bci<\/p>\n\n<p>Dzi\u0119kuj\u0119!<br\/>Rodzina \u0106urlin<\/p>\n","protected":false},"excerpt":{"rendered":"<p>Hotel Villa Dvor &#8211; Gwarancja najlepszej ceny W Villa Dvor zale\u017cy nam na tym, aby rezerwacje by\u0142y dla Pa\u0144stwa ca\u0142kowicie bezpieczne, dlatego gwarantujemy najni\u017csz\u0105 dost\u0119pn\u0105 cen\u0119 online. Je\u015bli znajd\u0105 Pa\u0144stwo ni\u017csz\u0105 cen\u0119 ni\u017c ta oferowana bezpo\u015brednio przez hotel lub hotelowy system rezerwacji online (w tym zni\u017ck\u0119 lojalno\u015bciow\u0105), w jednym z zewn\u0119trznych kana\u0142\u00f3w rezerwacji przed dokonaniem [&hellip;]<\/p>\n","protected":false},"author":1,"featured_media":0,"parent":0,"menu_order":0,"comment_status":"closed","ping_status":"closed","template":"","meta":{"footnotes":""},"class_list":["post-5581","page","type-page","status-publish","hentry"],"yoast_head":"<!-- This site is optimized with the Yoast SEO plugin v27.4 - https:\/\/yoast.com\/product\/yoast-seo-wordpress\/ -->\n<title>Gwarancja najlepszej ceny i program lojalno\u015bciowy - Hotel Villa Dvor - Omis - Croatia<\/title>\n<meta name=\"description\" content=\"Rezerwuj bezpo\u015brednio w Hotelu Villa Dvor, aby skorzysta\u0107 z Gwarancji Najlepszej Ceny i uzyska\u0107 dost\u0119p do nagr\u00f3d Programu Lojalno\u015bciowego. Zdob\u0105d\u017a pok\u00f3j hotelowy w najni\u017cszej cenie!\" \/>\n<meta name=\"robots\" content=\"index, follow, max-snippet:-1, max-image-preview:large, max-video-preview:-1\" \/>\n<link rel=\"canonical\" href=\"https:\/\/hotel-villadvor.hr\/pl\/gwarancja-najlepszej-ceny-i-program-lojalnosciowy\/\" \/>\n<meta property=\"og:locale\" content=\"pl_PL\" \/>\n<meta property=\"og:type\" content=\"article\" \/>\n<meta property=\"og:title\" content=\"Gwarancja najlepszej ceny i program lojalno\u015bciowy - Hotel Villa Dvor - Omis - Croatia\" \/>\n<meta property=\"og:description\" content=\"Rezerwuj bezpo\u015brednio w Hotelu Villa Dvor, aby skorzysta\u0107 z Gwarancji Najlepszej Ceny i uzyska\u0107 dost\u0119p do nagr\u00f3d Programu Lojalno\u015bciowego. Zdob\u0105d\u017a pok\u00f3j hotelowy w najni\u017cszej cenie!\" \/>\n<meta property=\"og:url\" content=\"https:\/\/hotel-villadvor.hr\/pl\/gwarancja-najlepszej-ceny-i-program-lojalnosciowy\/\" \/>\n<meta property=\"og:site_name\" content=\"Hotel Villa Dvor - Omis - Croatia\" \/>\n<meta property=\"article:publisher\" content=\"https:\/\/www.facebook.com\/hotelvilladvor\" \/>\n<meta property=\"article:modified_time\" content=\"2026-01-09T10:25:16+00:00\" \/>\n<meta name=\"twitter:card\" content=\"summary_large_image\" \/>\n<meta name=\"twitter:label1\" content=\"Szacowany czas czytania\" \/>\n\t<meta name=\"twitter:data1\" content=\"2 minuty\" \/>\n<script type=\"application\/ld+json\" class=\"yoast-schema-graph\">{\"@context\":\"https:\\\/\\\/schema.org\",\"@graph\":[{\"@type\":\"WebPage\",\"@id\":\"https:\\\/\\\/hotel-villadvor.hr\\\/pl\\\/gwarancja-najlepszej-ceny-i-program-lojalnosciowy\\\/\",\"url\":\"https:\\\/\\\/hotel-villadvor.hr\\\/pl\\\/gwarancja-najlepszej-ceny-i-program-lojalnosciowy\\\/\",\"name\":\"Gwarancja najlepszej ceny i program lojalno\u015bciowy - Hotel Villa Dvor - Omis - Croatia\",\"isPartOf\":{\"@id\":\"https:\\\/\\\/hotel-villadvor.hr\\\/pl\\\/#website\"},\"datePublished\":\"2025-12-05T16:45:11+00:00\",\"dateModified\":\"2026-01-09T10:25:16+00:00\",\"description\":\"Rezerwuj bezpo\u015brednio w Hotelu Villa Dvor, aby skorzysta\u0107 z Gwarancji Najlepszej Ceny i uzyska\u0107 dost\u0119p do nagr\u00f3d Programu Lojalno\u015bciowego. Zdob\u0105d\u017a pok\u00f3j hotelowy w najni\u017cszej cenie!\",\"breadcrumb\":{\"@id\":\"https:\\\/\\\/hotel-villadvor.hr\\\/pl\\\/gwarancja-najlepszej-ceny-i-program-lojalnosciowy\\\/#breadcrumb\"},\"inLanguage\":\"pl-PL\",\"potentialAction\":[{\"@type\":\"ReadAction\",\"target\":[\"https:\\\/\\\/hotel-villadvor.hr\\\/pl\\\/gwarancja-najlepszej-ceny-i-program-lojalnosciowy\\\/\"]}]},{\"@type\":\"BreadcrumbList\",\"@id\":\"https:\\\/\\\/hotel-villadvor.hr\\\/pl\\\/gwarancja-najlepszej-ceny-i-program-lojalnosciowy\\\/#breadcrumb\",\"itemListElement\":[{\"@type\":\"ListItem\",\"position\":1,\"name\":\"Home\",\"item\":\"https:\\\/\\\/hotel-villadvor.hr\\\/pl\\\/\"},{\"@type\":\"ListItem\",\"position\":2,\"name\":\"Gwarancja najlepszej ceny i program lojalno\u015bciowy\"}]},{\"@type\":\"WebSite\",\"@id\":\"https:\\\/\\\/hotel-villadvor.hr\\\/pl\\\/#website\",\"url\":\"https:\\\/\\\/hotel-villadvor.hr\\\/pl\\\/\",\"name\":\"Hotel Villa Dvor - Omis - Croatia\",\"description\":\"\",\"potentialAction\":[{\"@type\":\"SearchAction\",\"target\":{\"@type\":\"EntryPoint\",\"urlTemplate\":\"https:\\\/\\\/hotel-villadvor.hr\\\/pl\\\/?s={search_term_string}\"},\"query-input\":{\"@type\":\"PropertyValueSpecification\",\"valueRequired\":true,\"valueName\":\"search_term_string\"}}],\"inLanguage\":\"pl-PL\"}]}<\/script>\n<!-- \/ Yoast SEO plugin. -->","yoast_head_json":{"title":"Gwarancja najlepszej ceny i program lojalno\u015bciowy - Hotel Villa Dvor - Omis - Croatia","description":"Rezerwuj bezpo\u015brednio w Hotelu Villa Dvor, aby skorzysta\u0107 z Gwarancji Najlepszej Ceny i uzyska\u0107 dost\u0119p do nagr\u00f3d Programu Lojalno\u015bciowego. Zdob\u0105d\u017a pok\u00f3j hotelowy w najni\u017cszej cenie!","robots":{"index":"index","follow":"follow","max-snippet":"max-snippet:-1","max-image-preview":"max-image-preview:large","max-video-preview":"max-video-preview:-1"},"canonical":"https:\/\/hotel-villadvor.hr\/pl\/gwarancja-najlepszej-ceny-i-program-lojalnosciowy\/","og_locale":"pl_PL","og_type":"article","og_title":"Gwarancja najlepszej ceny i program lojalno\u015bciowy - Hotel Villa Dvor - Omis - Croatia","og_description":"Rezerwuj bezpo\u015brednio w Hotelu Villa Dvor, aby skorzysta\u0107 z Gwarancji Najlepszej Ceny i uzyska\u0107 dost\u0119p do nagr\u00f3d Programu Lojalno\u015bciowego. Zdob\u0105d\u017a pok\u00f3j hotelowy w najni\u017cszej cenie!","og_url":"https:\/\/hotel-villadvor.hr\/pl\/gwarancja-najlepszej-ceny-i-program-lojalnosciowy\/","og_site_name":"Hotel Villa Dvor - Omis - Croatia","article_publisher":"https:\/\/www.facebook.com\/hotelvilladvor","article_modified_time":"2026-01-09T10:25:16+00:00","twitter_card":"summary_large_image","twitter_misc":{"Szacowany czas czytania":"2 minuty"},"schema":{"@context":"https:\/\/schema.org","@graph":[{"@type":"WebPage","@id":"https:\/\/hotel-villadvor.hr\/pl\/gwarancja-najlepszej-ceny-i-program-lojalnosciowy\/","url":"https:\/\/hotel-villadvor.hr\/pl\/gwarancja-najlepszej-ceny-i-program-lojalnosciowy\/","name":"Gwarancja najlepszej ceny i program lojalno\u015bciowy - Hotel Villa Dvor - Omis - Croatia","isPartOf":{"@id":"https:\/\/hotel-villadvor.hr\/pl\/#website"},"datePublished":"2025-12-05T16:45:11+00:00","dateModified":"2026-01-09T10:25:16+00:00","description":"Rezerwuj bezpo\u015brednio w Hotelu Villa Dvor, aby skorzysta\u0107 z Gwarancji Najlepszej Ceny i uzyska\u0107 dost\u0119p do nagr\u00f3d Programu Lojalno\u015bciowego. Zdob\u0105d\u017a pok\u00f3j hotelowy w najni\u017cszej cenie!","breadcrumb":{"@id":"https:\/\/hotel-villadvor.hr\/pl\/gwarancja-najlepszej-ceny-i-program-lojalnosciowy\/#breadcrumb"},"inLanguage":"pl-PL","potentialAction":[{"@type":"ReadAction","target":["https:\/\/hotel-villadvor.hr\/pl\/gwarancja-najlepszej-ceny-i-program-lojalnosciowy\/"]}]},{"@type":"BreadcrumbList","@id":"https:\/\/hotel-villadvor.hr\/pl\/gwarancja-najlepszej-ceny-i-program-lojalnosciowy\/#breadcrumb","itemListElement":[{"@type":"ListItem","position":1,"name":"Home","item":"https:\/\/hotel-villadvor.hr\/pl\/"},{"@type":"ListItem","position":2,"name":"Gwarancja najlepszej ceny i program lojalno\u015bciowy"}]},{"@type":"WebSite","@id":"https:\/\/hotel-villadvor.hr\/pl\/#website","url":"https:\/\/hotel-villadvor.hr\/pl\/","name":"Hotel Villa Dvor - Omis - Croatia","description":"","potentialAction":[{"@type":"SearchAction","target":{"@type":"EntryPoint","urlTemplate":"https:\/\/hotel-villadvor.hr\/pl\/?s={search_term_string}"},"query-input":{"@type":"PropertyValueSpecification","valueRequired":true,"valueName":"search_term_string"}}],"inLanguage":"pl-PL"}]}},"_links":{"self":[{"href":"https:\/\/hotel-villadvor.hr\/pl\/wp-json\/wp\/v2\/pages\/5581","targetHints":{"allow":["GET"]}}],"collection":[{"href":"https:\/\/hotel-villadvor.hr\/pl\/wp-json\/wp\/v2\/pages"}],"about":[{"href":"https:\/\/hotel-villadvor.hr\/pl\/wp-json\/wp\/v2\/types\/page"}],"author":[{"embeddable":true,"href":"https:\/\/hotel-villadvor.hr\/pl\/wp-json\/wp\/v2\/users\/1"}],"replies":[{"embeddable":true,"href":"https:\/\/hotel-villadvor.hr\/pl\/wp-json\/wp\/v2\/comments?post=5581"}],"version-history":[{"count":0,"href":"https:\/\/hotel-villadvor.hr\/pl\/wp-json\/wp\/v2\/pages\/5581\/revisions"}],"wp:attachment":[{"href":"https:\/\/hotel-villadvor.hr\/pl\/wp-json\/wp\/v2\/media?parent=5581"}],"curies":[{"name":"wp","href":"https:\/\/api.w.org\/{rel}","templated":true}]}}